{"id":11873,"date":"2025-11-10T15:50:53","date_gmt":"2025-11-10T15:50:53","guid":{"rendered":"https:\/\/marantz-electronics.com\/?page_id=11873"},"modified":"2025-11-11T11:44:43","modified_gmt":"2025-11-11T11:44:43","slug":"inline-3d-tht-aoi","status":"publish","type":"page","link":"https:\/\/marantz-electronics.com\/de\/inline-3d-tht-aoi\/","title":{"rendered":"Inline-3D-THT-AOI (ISO-Spector X1)"},"content":{"rendered":"<div class=\"wpb-content-wrapper\"><p>[vc_row full_width=&#8220;stretch_row&#8220; equal_height=&#8220;yes&#8220; content_placement=&#8220;middle&#8220; el_class=&#8220;mek-page-banner border-mblue&#8220; css=&#8220;.vc_custom_1762861476763{background-image: url(https:\/\/marantz-electronics.com\/wp-content\/uploads\/Full-3D-AOI-background.jpg?id=7560) !important;background-position: center !important;background-repeat: no-repeat !important;background-size: cover !important;}&#8220;][vc_column width=&#8220;1\/2&#8243;][vc_column_text css=&#8220;&#8220;]<\/p>\n<h1>MEK ISO-Spector X1<\/h1>\n<h4>Bottom-Up-3D-AOI-System f\u00fcr THT-L\u00f6tstellen und -Pins<\/h4>\n<p>[\/vc_column_text][\/vc_column][vc_column width=&#8220;1\/2&#8243;][vc_single_image image=&#8220;11886&#8243; img_size=&#8220;full&#8220; alignment=&#8220;center&#8220; css=&#8220;&#8220; el_class=&#8220;banner-img&#8220;][\/vc_column][\/vc_row][vc_row][vc_column width=&#8220;3\/4&#8243; css=&#8220;.vc_custom_1660926096111{padding-right: 30px !important;}&#8220;][vc_column_text css=&#8220;&#8220;]<\/p>\n<h6>Der ISO-Spector X1 ist das neueste vollautomatische optische Inspektionssystem (AOI) von Mek, das speziell f\u00fcr THT-L\u00f6tstellen und die Pin-Inspektion entwickelt wurde. Der X1 wurde f\u00fcr Nachwellen- und Selektivl\u00f6tprozesse konzipiert und bietet beispiellose Genauigkeit und Zuverl\u00e4ssigkeit bei gleichbleibender Benutzerfreundlichkeit und Geschwindigkeit der KI-gest\u00fctzten Programmierl\u00f6sungen von Mek.<\/h6>\n<p><strong>Vollst\u00e4ndige 3D-Messung, optimiert f\u00fcr THT-L\u00f6tstellen<\/strong><\/p>\n<p>Mit dem ISO-Spector X1 werden volumetrische Daten f\u00fcr jede L\u00f6tstelle und jeden Pin erfasst, wodurch folgende Fehler pr\u00e4zise erkannt werden k\u00f6nnen:<\/p>\n<ul>\n<li>L\u00f6tfehler<\/li>\n<li>Abweichungen in der Pin-H\u00f6he<\/li>\n<li>Ringf\u00f6rmige Abdeckung<\/li>\n<li>\u201eBlowholes\u201c und andere Anomalien<\/li>\n<\/ul>\n<p>Der ISO-Spector X1 3D THT AOI stellt sicher, dass jede THT-Verbindung mit maximaler Genauigkeit gepr\u00fcft wird, wodurch Fehlalarme reduziert werden und Ergebnisse mit hohem Durchsatz erzielt werden.<\/p>\n<p><strong>Gro\u00dfe Leiterplattenkapazit\u00e4t f\u00fcr flexible Produktion<\/strong><\/p>\n<p>Der ISO-Spector X1 unterst\u00fctzt Leiterplattengr\u00f6\u00dfen bis zu 550 mm x 550 mm (21,7\u201d x 21,7\u201d), einschlie\u00dflich Paletten. Sein fortschrittliches optisches System bewegt sich in X-, Y- und Z-Richtung, um den gesamten Inspektionsbereich abzudecken, und gew\u00e4hrleistet so eine vollst\u00e4ndige Messabdeckung selbst f\u00fcr die gr\u00f6\u00dften Baugruppen.<br \/>\nEin Abstand von 100 mm (3,9&#8243;) zur THT-L\u00f6tseite erm\u00f6glicht es dem AOI, alle Durchsteckkomponenten ohne Ausnahme zu pr\u00fcfen, was vollst\u00e4ndige Sicherheit hinsichtlich der Qualit\u00e4t des Nachwellen- und Selektivl\u00f6tens bietet.<\/p>\n<p><strong>Reflexionsfreie Hochgeschwindigkeitsmessung<\/strong><\/p>\n<p>Der ISO-Spector X1 AOI eliminiert unerw\u00fcnschte Reflexionen von gl\u00e4nzenden Bauteiloberfl\u00e4chen und liefert blendfreie und farboptimierte Messungen. Die Hochgeschwindigkeitsmessung wird durch den Einsatz moderner Prozessoren und Speicher erreicht, die eine parallele Bildgebung, Berechnung und Daten\u00fcbertragung erm\u00f6glichen.<\/p>\n<p><strong>Fortschrittliche Hardware- und Software-Integration<\/strong><\/p>\n<ul>\n<li>Gro\u00dfes Sichtfeld (FoV): 60 mm x 60 mm (2,4\u201d x 2,4\u201d) erfasst gr\u00f6\u00dfere Objekte bei gleichbleibend hoher Aufl\u00f6sung.<\/li>\n<li>Bewegliche optische Einheit der Z-Achse: Automatische Fokussierung und Anpassung an Verformungen der Leiterplatte oder unterschiedliche H\u00f6hen der Bauteile.<\/li>\n<li>Motorisierter automatischer F\u00f6rderer: Passt die Breite automatisch an das Inspektionsprogramm an und maximiert so die Effizienz.<\/li>\n<li>Windows\u00ae 11-basierte Software: Hochsicherer Datenschutz gem\u00e4\u00df modernen IT-Standards.<\/li>\n<\/ul>\n<p><strong>Nahtlose KI-Programmierung mit Mek EZPro<\/strong><\/p>\n<p>Der ISO-Spector X1 nutzt EZPro, die KI-gest\u00fctzte automatische Programmiersoftware von Mek. Die Inspektionsrezepte sind programmiererunabh\u00e4ngig und gew\u00e4hrleisten konsistente Ergebnisse, unabh\u00e4ngig davon, ob sie von einem Anf\u00e4nger oder einem Experten konfiguriert wurden. Die k\u00fcnstliche Intelligenz lernt kontinuierlich aus Prozesstoleranzen, guten und fehlerhaften L\u00f6tstellen sowie Produktionsschwankungen und sorgt so f\u00fcr nahezu keine Fehlalarme und eine optimale Fehlererkennung.[\/vc_column_text][vc_btn title=&#8220;Mehr \u00fcber EZPro&#8220; style=&#8220;flat&#8220; align=&#8220;left&#8220; i_align=&#8220;right&#8220; i_icon_fontawesome=&#8220;fas fa-arrow-alt-circle-right&#8220; add_icon=&#8220;true&#8220; el_class=&#8220;mek-hme-btn&#8220; link=&#8220;url:%2Fde%2Faoi-programmierwerkzeug%2F|title:EZPro|target:_blank&#8220;][vc_column_text css=&#8220;&#8220;]<strong>Vollst\u00e4ndige Integration mit dem Mek Catch System<\/strong><\/p>\n<p>Der ISO-Spector X1 ist vollst\u00e4ndig kompatibel mit dem Mek Catch System und erm\u00f6glicht MES-Gateways, Reparaturen, Echtzeit\u00fcberwachung und SPC. Mit Catch k\u00f6nnen Hersteller Produktionsdaten nahtlos erfassen, anzeigen und analysieren und so eine kontinuierliche Prozessverbesserung vorantreiben.<\/p>\n<p>Der ISO-Spector X1 3D AOI kombiniert Pr\u00e4zision, Anpassungsf\u00e4higkeit und Intelligenz, um die besonderen Herausforderungen von THT-L\u00f6tstellen und Pin-Inspektionen zu bew\u00e4ltigen, und gibt Ingenieuren die Werkzeuge an die Hand, um selbst bei komplexesten Leiterplatten die Qualit\u00e4t sicher aufrechtzuerhalten.<\/p>\n<p><strong>Eine Mek 3D-AOI-L\u00f6sung.<\/strong>[\/vc_column_text][\/vc_column][vc_column width=&#8220;1\/4&#8243; css=&#8220;.vc_custom_1660909564312{border-left-width: 10px !important;border-left-color: #000000 !important;border-radius: 1px !important;}&#8220;][vc_column_text css=&#8220;&#8220; el_class=&#8220;side-head&#8220;]<\/p>\n<h3><img loading=\"lazy\" decoding=\"async\" class=\"alignnone size-full wp-image-11369\" src=\"https:\/\/marantz-electronics.com\/wp-content\/uploads\/roi-3.png\" alt=\"\" width=\"60\" height=\"60\" \/>ROI-Rechner<\/h3>\n<p>[\/vc_column_text][vc_column_text css=&#8220;&#8220;]Berechnen Sie den ROI Ihrer AOI-Investition in Sekunden. Sehen Sie, wie schnell sich die Investition rentiert und ob sie f\u00fcr Ihr Unternehmen geeignet ist.[\/vc_column_text][vc_btn title=&#8220;Jetzt Berechnen&#8220; style=&#8220;flat&#8220; align=&#8220;center&#8220; css=&#8220;&#8220; el_class=&#8220;mek-hme-btn&#8220; link=&#8220;url:%2Faoi-calculator%2F|title:AOI%20ROI%20Calculator|target:_blank&#8220;][vc_separator][vc_column_text el_class=&#8220;side-head&#8220;]<\/p>\n<h3><img loading=\"lazy\" decoding=\"async\" class=\"alignnone wp-image-8145\" src=\"https:\/\/marantz-electronics.com\/wp-content\/uploads\/contact-us.png\" alt=\"contact-us icon\" width=\"60\" height=\"60\" srcset=\"https:\/\/marantz-electronics.com\/wp-content\/uploads\/contact-us.png 256w, https:\/\/marantz-electronics.com\/wp-content\/uploads\/contact-us-150x150.png 150w, https:\/\/marantz-electronics.com\/wp-content\/uploads\/contact-us-230x230.png 230w\" sizes=\"auto, (max-width: 60px) 100vw, 60px\" \/>Erfahren Sie mehr<\/h3>\n<p>[\/vc_column_text][vc_btn title=&#8220;Kontaktieren Sie Mek \u00fcber dieses Produkt&#8220; style=&#8220;flat&#8220; align=&#8220;center&#8220; el_class=&#8220;mek-hme-btn&#8220; link=&#8220;url:mailto%3Ainfo%40mek-europe.com|title:Email%20Mek%20about%20Full%203D%20AOI%20|target:_blank&#8220;][vc_separator][vc_column_text el_class=&#8220;side-head&#8220;]<\/p>\n<h3><img loading=\"lazy\" decoding=\"async\" class=\"alignnone wp-image-3945 size-full\" src=\"https:\/\/marantz-electronics.com\/wp-content\/uploads\/2020\/09\/downloads.png\" alt=\"\" width=\"60\" height=\"60\" \/>Herunterladen<\/h3>\n<p>[\/vc_column_text][vc_column_text css=&#8220;&#8220; el_class=&#8220;side-head&#8220;]<a href=\"https:\/\/marantz-electronics.com\/wp-content\/uploads\/ISO-Spector-X1_Inline-Brochure-V1.pdf\" target=\"_blank\" rel=\"noopener noreferrer\">ISO-Spector X1 Brosch\u00fcre<\/a>[\/vc_column_text][vc_btn title=&#8220;Brosch\u00fcre herunterladen&#8220; style=&#8220;flat&#8220; align=&#8220;center&#8220; css=&#8220;&#8220; el_class=&#8220;mek-hme-btn&#8220; link=&#8220;url:https%3A%2F%2Fmarantz-electronics.com%2Fwp-content%2Fuploads%2FISO-Spector-X1_Inline-Brochure-V1.pdf|title:3D%20THT%20AOI%20brochure|target:_blank&#8220;][vc_separator][vc_column_text el_class=&#8220;side-head&#8220;]<\/p>\n<h3><img loading=\"lazy\" decoding=\"async\" class=\"alignnone wp-image-3948 size-full\" src=\"https:\/\/marantz-electronics.com\/wp-content\/uploads\/2020\/09\/Articles.png\" alt=\"\" width=\"60\" height=\"60\" \/>Related Articles<\/h3>\n<p><a href=\"https:\/\/marantz-electronics.com\/de\/inspektionsqualitaet\/\">3D AOI Connectivity is Exceptionally Important, BUT what about inspection quality?<\/a>[\/vc_column_text][vc_separator][vc_column_text css=&#8220;&#8220; el_class=&#8220;side-head&#8220;]<\/p>\n<h3><img loading=\"lazy\" decoding=\"async\" class=\"alignnone size-full wp-image-11525\" src=\"https:\/\/marantz-electronics.com\/wp-content\/uploads\/blogger.png\" alt=\"\" width=\"60\" height=\"60\" \/>Aktuelles<\/h3>\n<p>Lesen Sie die neuesten Nachrichten in unserem Blog: Inspection Matters[\/vc_column_text][vc_btn title=&#8220;Blog lesen&#8220; style=&#8220;flat&#8220; align=&#8220;center&#8220; css=&#8220;&#8220; el_class=&#8220;mek-hme-btn&#8220; link=&#8220;url:%2Fde%2Fblog%2F|title:Mek%20blog|target:_blank&#8220;][\/vc_column][\/vc_row][vc_row][vc_column][vc_empty_space][vc_separator][vc_column_text el_class=&#8220;center big-heading&#8220;]<\/p>\n<h4 style=\"text-align: center;\">Wenn Sie Hilfe bei der Entscheidung f\u00fcr die richtige AOI-L\u00f6sung ben\u00f6tigen<\/h4>\n<p>[\/vc_column_text][vc_btn title=&#8220;Kontaktieren Sie uns&#8220; style=&#8220;flat&#8220; align=&#8220;center&#8220; el_class=&#8220;mek-hme-btn&#8220; link=&#8220;url:https%3A%2F%2Fmarantz-electronics.com%2Fde%2Fkontakt%2F|title:Kontaktieren%20Sie%20uns&#8220;][\/vc_column][\/vc_row]<\/p>\n<\/div>","protected":false},"excerpt":{"rendered":"<p>[vc_row full_width=&#8220;stretch_row&#8220; equal_height=&#8220;yes&#8220; content_placement=&#8220;middle&#8220; el_class=&#8220;mek-page-banner border-mblue&#8220; css=&#8220;.vc_custom_1762861476763{background-image: url(https:\/\/marantz-electronics.com\/wp-content\/uploads\/Full-3D-AOI-background.jpg?id=7560) !important;background-position: center !important;background-repeat: no-repeat !important;background-size: cover !important;}&#8220;][vc_column width=&#8220;1\/2&#8243;][vc_column_text css=&#8220;&#8220;] MEK ISO-Spector X1 Bottom-Up-3D-AOI-System f\u00fcr THT-L\u00f6tstellen und -Pins [\/vc_column_text][\/vc_column][vc_column width=&#8220;1\/2&#8243;][vc_single_image image=&#8220;11886&#8243; img_size=&#8220;full&#8220; alignment=&#8220;center&#8220; css=&#8220;&#8220; el_class=&#8220;banner-img&#8220;][\/vc_column][\/vc_row][vc_row][vc_column width=&#8220;3\/4&#8243; css=&#8220;.vc_custom_1660926096111{padding-right: 30px !important;}&#8220;][vc_column_text css=&#8220;&#8220;] Der ISO-Spector X1 ist das neueste vollautomatische optische Inspektionssystem (AOI) von Mek, das speziell f\u00fcr THT-L\u00f6tstellen und die Pin-Inspektion entwickelt wurde. Der X1 wurde f\u00fcr Nachwellen- und Selektivl\u00f6tprozesse konzipiert und bietet beispiellose Genauigkeit und Zuverl\u00e4ssigkeit bei gleichbleibender Benutzerfreundlichkeit&#8230; <\/br><a class=\"moretag\" href=\"https:\/\/marantz-electronics.com\/de\/inline-3d-tht-aoi\/\"> Read the full article&#8230;<\/a><\/p>\n","protected":false},"author":1,"featured_media":0,"parent":0,"menu_order":0,"comment_status":"closed","ping_status":"closed","template":"page-templates\/mek-fullwidth-v2.php","meta":{"footnotes":""},"class_list":["post-11873","page","type-page","status-publish","hentry"],"yoast_head":"<!-- This site is optimized with the Yoast SEO Premium plugin v21.6 (Yoast SEO v27.3) - https:\/\/yoast.com\/product\/yoast-seo-premium-wordpress\/ -->\n<title>Inline-3D-AOI f\u00fcr THT-L\u00f6tstellen und Pins | Marantz Electronics<\/title>\n<meta name=\"description\" content=\"ISO-Spector X1. 3D-AOI (automatisches optisches Inspektionssystem), entwickelt f\u00fcr die Inspektion von THT-L\u00f6tstellen und -Stiften.\" \/>\n<meta name=\"robots\" content=\"index, follow, max-snippet:-1, max-image-preview:large, max-video-preview:-1\" \/>\n<link rel=\"canonical\" href=\"https:\/\/marantz-electronics.com\/de\/inline-3d-tht-aoi\/\" \/>\n<meta property=\"og:locale\" content=\"de_DE\" \/>\n<meta property=\"og:type\" content=\"article\" \/>\n<meta property=\"og:title\" content=\"Inline-3D-THT-AOI (ISO-Spector X1)\" \/>\n<meta property=\"og:description\" content=\"ISO-Spector X1. 3D-AOI (automatisches optisches Inspektionssystem), entwickelt f\u00fcr die Inspektion von THT-L\u00f6tstellen und -Stiften.\" \/>\n<meta property=\"og:url\" content=\"https:\/\/marantz-electronics.com\/de\/inline-3d-tht-aoi\/\" \/>\n<meta property=\"og:site_name\" content=\"Mek, Automated Optical Inspection (AOI) and Solder Paste Inspection (SPI) systems specialist\" \/>\n<meta property=\"article:modified_time\" content=\"2025-11-11T11:44:43+00:00\" \/>\n<meta property=\"og:image\" content=\"https:\/\/marantz-electronics.com\/wp-content\/uploads\/roi-3.png\" \/>\n<meta name=\"twitter:card\" content=\"summary_large_image\" \/>\n<meta name=\"twitter:label1\" content=\"Gesch\u00e4tzte Lesezeit\" \/>\n\t<meta name=\"twitter:data1\" content=\"4\u00a0Minuten\" \/>\n<script type=\"application\/ld+json\" class=\"yoast-schema-graph\">{\"@context\":\"https:\\\/\\\/schema.org\",\"@graph\":[{\"@type\":\"WebPage\",\"@id\":\"https:\\\/\\\/marantz-electronics.com\\\/de\\\/inline-3d-tht-aoi\\\/\",\"url\":\"https:\\\/\\\/marantz-electronics.com\\\/de\\\/inline-3d-tht-aoi\\\/\",\"name\":\"Inline-3D-AOI f\u00fcr THT-L\u00f6tstellen und Pins | Marantz Electronics\",\"isPartOf\":{\"@id\":\"https:\\\/\\\/marantz-electronics.com\\\/de\\\/#website\"},\"primaryImageOfPage\":{\"@id\":\"https:\\\/\\\/marantz-electronics.com\\\/de\\\/inline-3d-tht-aoi\\\/#primaryimage\"},\"image\":{\"@id\":\"https:\\\/\\\/marantz-electronics.com\\\/de\\\/inline-3d-tht-aoi\\\/#primaryimage\"},\"thumbnailUrl\":\"https:\\\/\\\/marantz-electronics.com\\\/wp-content\\\/uploads\\\/roi-3.png\",\"datePublished\":\"2025-11-10T15:50:53+00:00\",\"dateModified\":\"2025-11-11T11:44:43+00:00\",\"description\":\"ISO-Spector X1. 3D-AOI (automatisches optisches Inspektionssystem), entwickelt f\u00fcr die Inspektion von THT-L\u00f6tstellen und -Stiften.\",\"breadcrumb\":{\"@id\":\"https:\\\/\\\/marantz-electronics.com\\\/de\\\/inline-3d-tht-aoi\\\/#breadcrumb\"},\"inLanguage\":\"de\",\"potentialAction\":[{\"@type\":\"ReadAction\",\"target\":[\"https:\\\/\\\/marantz-electronics.com\\\/de\\\/inline-3d-tht-aoi\\\/\"]}]},{\"@type\":\"ImageObject\",\"inLanguage\":\"de\",\"@id\":\"https:\\\/\\\/marantz-electronics.com\\\/de\\\/inline-3d-tht-aoi\\\/#primaryimage\",\"url\":\"https:\\\/\\\/marantz-electronics.com\\\/wp-content\\\/uploads\\\/roi-3.png\",\"contentUrl\":\"https:\\\/\\\/marantz-electronics.com\\\/wp-content\\\/uploads\\\/roi-3.png\"},{\"@type\":\"BreadcrumbList\",\"@id\":\"https:\\\/\\\/marantz-electronics.com\\\/de\\\/inline-3d-tht-aoi\\\/#breadcrumb\",\"itemListElement\":[{\"@type\":\"ListItem\",\"position\":1,\"name\":\"Home\",\"item\":\"https:\\\/\\\/marantz-electronics.com\\\/de\\\/\"},{\"@type\":\"ListItem\",\"position\":2,\"name\":\"Inline-3D-THT-AOI (ISO-Spector X1)\"}]},{\"@type\":\"WebSite\",\"@id\":\"https:\\\/\\\/marantz-electronics.com\\\/de\\\/#website\",\"url\":\"https:\\\/\\\/marantz-electronics.com\\\/de\\\/\",\"name\":\"Mek, Automated Optical Inspection (AOI) and Solder Paste Inspection (SPI) systems specialist\",\"description\":\"\",\"publisher\":{\"@id\":\"https:\\\/\\\/marantz-electronics.com\\\/de\\\/#organization\"},\"potentialAction\":[{\"@type\":\"SearchAction\",\"target\":{\"@type\":\"EntryPoint\",\"urlTemplate\":\"https:\\\/\\\/marantz-electronics.com\\\/de\\\/?s={search_term_string}\"},\"query-input\":{\"@type\":\"PropertyValueSpecification\",\"valueRequired\":true,\"valueName\":\"search_term_string\"}}],\"inLanguage\":\"de\"},{\"@type\":\"Organization\",\"@id\":\"https:\\\/\\\/marantz-electronics.com\\\/de\\\/#organization\",\"name\":\"Mek, Automated Optical Inspection (AOI) and Solder Paste Inspection (SPI) systems specialist\",\"url\":\"https:\\\/\\\/marantz-electronics.com\\\/de\\\/\",\"logo\":{\"@type\":\"ImageObject\",\"inLanguage\":\"de\",\"@id\":\"https:\\\/\\\/marantz-electronics.com\\\/de\\\/#\\\/schema\\\/logo\\\/image\\\/\",\"url\":\"https:\\\/\\\/marantz-electronics.com\\\/wp-content\\\/uploads\\\/2015\\\/06\\\/mek-logo.png\",\"contentUrl\":\"https:\\\/\\\/marantz-electronics.com\\\/wp-content\\\/uploads\\\/2015\\\/06\\\/mek-logo.png\",\"width\":263,\"height\":60,\"caption\":\"Mek, Automated Optical Inspection (AOI) and Solder Paste Inspection (SPI) systems specialist\"},\"image\":{\"@id\":\"https:\\\/\\\/marantz-electronics.com\\\/de\\\/#\\\/schema\\\/logo\\\/image\\\/\"}}]}<\/script>\n<!-- \/ Yoast SEO Premium plugin. -->","yoast_head_json":{"title":"Inline-3D-AOI f\u00fcr THT-L\u00f6tstellen und Pins | Marantz Electronics","description":"ISO-Spector X1. 3D-AOI (automatisches optisches Inspektionssystem), entwickelt f\u00fcr die Inspektion von THT-L\u00f6tstellen und -Stiften.","robots":{"index":"index","follow":"follow","max-snippet":"max-snippet:-1","max-image-preview":"max-image-preview:large","max-video-preview":"max-video-preview:-1"},"canonical":"https:\/\/marantz-electronics.com\/de\/inline-3d-tht-aoi\/","og_locale":"de_DE","og_type":"article","og_title":"Inline-3D-THT-AOI (ISO-Spector X1)","og_description":"ISO-Spector X1. 3D-AOI (automatisches optisches Inspektionssystem), entwickelt f\u00fcr die Inspektion von THT-L\u00f6tstellen und -Stiften.","og_url":"https:\/\/marantz-electronics.com\/de\/inline-3d-tht-aoi\/","og_site_name":"Mek, Automated Optical Inspection (AOI) and Solder Paste Inspection (SPI) systems specialist","article_modified_time":"2025-11-11T11:44:43+00:00","og_image":[{"url":"https:\/\/marantz-electronics.com\/wp-content\/uploads\/roi-3.png","type":"","width":"","height":""}],"twitter_card":"summary_large_image","twitter_misc":{"Gesch\u00e4tzte Lesezeit":"4\u00a0Minuten"},"schema":{"@context":"https:\/\/schema.org","@graph":[{"@type":"WebPage","@id":"https:\/\/marantz-electronics.com\/de\/inline-3d-tht-aoi\/","url":"https:\/\/marantz-electronics.com\/de\/inline-3d-tht-aoi\/","name":"Inline-3D-AOI f\u00fcr THT-L\u00f6tstellen und Pins | Marantz Electronics","isPartOf":{"@id":"https:\/\/marantz-electronics.com\/de\/#website"},"primaryImageOfPage":{"@id":"https:\/\/marantz-electronics.com\/de\/inline-3d-tht-aoi\/#primaryimage"},"image":{"@id":"https:\/\/marantz-electronics.com\/de\/inline-3d-tht-aoi\/#primaryimage"},"thumbnailUrl":"https:\/\/marantz-electronics.com\/wp-content\/uploads\/roi-3.png","datePublished":"2025-11-10T15:50:53+00:00","dateModified":"2025-11-11T11:44:43+00:00","description":"ISO-Spector X1. 3D-AOI (automatisches optisches Inspektionssystem), entwickelt f\u00fcr die Inspektion von THT-L\u00f6tstellen und -Stiften.","breadcrumb":{"@id":"https:\/\/marantz-electronics.com\/de\/inline-3d-tht-aoi\/#breadcrumb"},"inLanguage":"de","potentialAction":[{"@type":"ReadAction","target":["https:\/\/marantz-electronics.com\/de\/inline-3d-tht-aoi\/"]}]},{"@type":"ImageObject","inLanguage":"de","@id":"https:\/\/marantz-electronics.com\/de\/inline-3d-tht-aoi\/#primaryimage","url":"https:\/\/marantz-electronics.com\/wp-content\/uploads\/roi-3.png","contentUrl":"https:\/\/marantz-electronics.com\/wp-content\/uploads\/roi-3.png"},{"@type":"BreadcrumbList","@id":"https:\/\/marantz-electronics.com\/de\/inline-3d-tht-aoi\/#breadcrumb","itemListElement":[{"@type":"ListItem","position":1,"name":"Home","item":"https:\/\/marantz-electronics.com\/de\/"},{"@type":"ListItem","position":2,"name":"Inline-3D-THT-AOI (ISO-Spector X1)"}]},{"@type":"WebSite","@id":"https:\/\/marantz-electronics.com\/de\/#website","url":"https:\/\/marantz-electronics.com\/de\/","name":"Mek, Automated Optical Inspection (AOI) and Solder Paste Inspection (SPI) systems specialist","description":"","publisher":{"@id":"https:\/\/marantz-electronics.com\/de\/#organization"},"potentialAction":[{"@type":"SearchAction","target":{"@type":"EntryPoint","urlTemplate":"https:\/\/marantz-electronics.com\/de\/?s={search_term_string}"},"query-input":{"@type":"PropertyValueSpecification","valueRequired":true,"valueName":"search_term_string"}}],"inLanguage":"de"},{"@type":"Organization","@id":"https:\/\/marantz-electronics.com\/de\/#organization","name":"Mek, Automated Optical Inspection (AOI) and Solder Paste Inspection (SPI) systems specialist","url":"https:\/\/marantz-electronics.com\/de\/","logo":{"@type":"ImageObject","inLanguage":"de","@id":"https:\/\/marantz-electronics.com\/de\/#\/schema\/logo\/image\/","url":"https:\/\/marantz-electronics.com\/wp-content\/uploads\/2015\/06\/mek-logo.png","contentUrl":"https:\/\/marantz-electronics.com\/wp-content\/uploads\/2015\/06\/mek-logo.png","width":263,"height":60,"caption":"Mek, Automated Optical Inspection (AOI) and Solder Paste Inspection (SPI) systems specialist"},"image":{"@id":"https:\/\/marantz-electronics.com\/de\/#\/schema\/logo\/image\/"}}]}},"_links":{"self":[{"href":"https:\/\/marantz-electronics.com\/de\/wp-json\/wp\/v2\/pages\/11873","targetHints":{"allow":["GET"]}}],"collection":[{"href":"https:\/\/marantz-electronics.com\/de\/wp-json\/wp\/v2\/pages"}],"about":[{"href":"https:\/\/marantz-electronics.com\/de\/wp-json\/wp\/v2\/types\/page"}],"author":[{"embeddable":true,"href":"https:\/\/marantz-electronics.com\/de\/wp-json\/wp\/v2\/users\/1"}],"replies":[{"embeddable":true,"href":"https:\/\/marantz-electronics.com\/de\/wp-json\/wp\/v2\/comments?post=11873"}],"version-history":[{"count":7,"href":"https:\/\/marantz-electronics.com\/de\/wp-json\/wp\/v2\/pages\/11873\/revisions"}],"predecessor-version":[{"id":11934,"href":"https:\/\/marantz-electronics.com\/de\/wp-json\/wp\/v2\/pages\/11873\/revisions\/11934"}],"wp:attachment":[{"href":"https:\/\/marantz-electronics.com\/de\/wp-json\/wp\/v2\/media?parent=11873"}],"curies":[{"name":"wp","href":"https:\/\/api.w.org\/{rel}","templated":true}]}}