{"id":2690,"date":"2019-10-21T03:56:06","date_gmt":"2019-10-21T03:56:06","guid":{"rendered":"http:\/\/protean.mekaoi.com\/mek-spidereye-machine-vision-technology\/"},"modified":"2019-11-07T15:07:21","modified_gmt":"2019-11-07T15:07:21","slug":"spidereye","status":"publish","type":"page","link":"https:\/\/marantz-electronics.com\/de\/spidereye\/","title":{"rendered":"SpiderEye Machine Vision System"},"content":{"rendered":"<h6><strong>Das Mek SpiderEye Machine Vision System ist ein statisches AOI-System zur automatisierten Inspektion und Identifizierung bewegter Objekte.<\/strong><\/h6>\n<p>SpiderEye ist ideal f\u00fcr den Einsatz in unz\u00e4hligen Branchen, um Fehler zu erkennen und Teile f\u00fcr die Produktmontage zu verifizieren. SpiderEye ist vollst\u00e4ndig tragbar und kann praktisch \u00fcberall in der Produktionslinie schnell montiert werden. Diese Flexibilit\u00e4t er\u00fcbrigt Investitionen in mehrere statische Maschinen.<\/p>\n<p>Nach der Befestigung durch die integrierten Magnetf\u00fc\u00dfe ist das System einfach zu installieren und besonders schnell und einfach zu programmieren, direkt nach dem Auspacken, ohne dass ein technischer Support vor Ort erforderlich ist. Das Mek Online-Schulungstool iMentor bietet umfangreiche, aktuelle Online-Schulungen mit Schritt-f\u00fcr-Schritt-Bildern und -Videos.<\/p>\n<p>Es kann mit Leichtigkeit und ohne neue werkseitig gelieferte Software auf ganz andere Inspektionsaufgaben umgestellt werden. Kurze, erste Chargen k\u00f6nnen von der gleichen Pr\u00fcfung profitieren wie l\u00e4ngerfristige Serienfertigungslinien.<\/p>\n<p>SpiderEye Machine Vision Systeme basieren auf der fortschrittlichen AOI-Technologie von Mek, die f\u00fcr die Inspektion von Mikrominiaturbauteilen in der oberfl\u00e4chenmontierten Elektronikfertigung entwickelt wurde. Ein signifikant hoher Anteil an Fehlern und Defekten in anderen Fertigungsindustrien ist weitaus gr\u00f6\u00dfer &#8211; und damit absolut problemlos zu erkennen.<\/p>\n<p>SpiderEye verf\u00fcgt \u00fcber acht hochaufl\u00f6sende, schnelle USB3 Vision Interface-Kameras, die gleichzeitig arbeiten, jede mit einer eigenen kontrollierten LED-Lichtquelle. Alle Bilderfassungsger\u00e4te werden durch eine propriet\u00e4re, hochmoderne Elektronik gesteuert und von einem einzigen Computer und einer einzigen Steuerung mit der gleichen leistungsstarken 22X-Software-Engine wie die Mek AOI-Maschinen programmiert. Mek SpiderEye verwendet nur eine einzige Softwareschnittstelle, um alle acht Kameras zu steuern und zu programmieren &#8211; keine Notwendigkeit f\u00fcr mehrere Pr\u00fcfprogramme.<\/p>\n<p>Die Mek Vision-Software bietet alle Algorithmen, um allen Inspektionsanforderungen gerecht zu werden. Dazu geh\u00f6ren vollfarbige, komplexe Musterabgleiche und tiefgreifende zustandsbasierte Entscheidungsalgorithmen, die M\u00f6glichkeit, alle Arten von 1D- und 2D-Barcodes zu dekodieren, erweiterte Suchfunktionen f\u00fcr die Inspektion instabiler Punkte und Textdekodierung per OCR oder Verifizierung per OCV.<\/p>\n<p>Inspektionen k\u00f6nnen w\u00e4hrend der Bewegung des Objekts durchgef\u00fchrt werden, entweder auf einem F\u00f6rderband oder h\u00e4ufiger auf einem Roboterarm, wobei der Zeitpunkt der Inspektion durch einen Sensor ausgel\u00f6st wird.<\/p>\n<p>Bibliotheken k\u00f6nnen erstellt werden, um die zuk\u00fcnftige Programmierzeit weiter zu minimieren.<\/p>\n<p>SpiderEye ist voll kompatibel mit dem <a href=\"\/de\/catch-system\/\">Mek Catch System<\/a> f\u00fcr die Inspektionsdatenerfassung, Reparatur und SPC.<\/p>\n","protected":false},"excerpt":{"rendered":"<p>Das Mek SpiderEye Machine Vision System ist ein statisches AOI-System zur automatisierten Inspektion und Identifizierung bewegter Objekte. SpiderEye ist ideal f\u00fcr den Einsatz in unz\u00e4hligen Branchen, um Fehler zu erkennen und Teile f\u00fcr die Produktmontage zu verifizieren. SpiderEye ist vollst\u00e4ndig tragbar und kann praktisch \u00fcberall in der Produktionslinie schnell montiert werden. Diese Flexibilit\u00e4t er\u00fcbrigt Investitionen in mehrere statische Maschinen. Nach der Befestigung durch die integrierten Magnetf\u00fc\u00dfe ist das System einfach zu installieren und besonders schnell&#8230; <\/br><a class=\"moretag\" href=\"https:\/\/marantz-electronics.com\/de\/spidereye\/\"> Read the full article&#8230;<\/a><\/p>\n","protected":false},"author":1,"featured_media":0,"parent":0,"menu_order":0,"comment_status":"closed","ping_status":"closed","template":"","meta":{"footnotes":""},"class_list":["post-2690","page","type-page","status-publish","hentry"],"yoast_head":"<!-- This site is optimized with the Yoast SEO Premium plugin v21.6 (Yoast SEO v27.3) - https:\/\/yoast.com\/product\/yoast-seo-premium-wordpress\/ -->\n<title>SpiderEye Machine Vision System | Mek (Marantz Electronics)<\/title>\n<meta name=\"description\" content=\"Mek SpiderEye Bildverarbeitungssystem - statisches AOI-System zur automatisierten Inspektion bewegter Objekte.\" \/>\n<meta name=\"robots\" content=\"index, follow, max-snippet:-1, max-image-preview:large, max-video-preview:-1\" \/>\n<link rel=\"canonical\" href=\"https:\/\/marantz-electronics.com\/de\/spidereye\/\" \/>\n<meta property=\"og:locale\" content=\"de_DE\" \/>\n<meta property=\"og:type\" content=\"article\" \/>\n<meta property=\"og:title\" content=\"SpiderEye Machine Vision System\" \/>\n<meta property=\"og:description\" content=\"Mek SpiderEye Bildverarbeitungssystem - statisches AOI-System zur automatisierten Inspektion bewegter Objekte.\" \/>\n<meta property=\"og:url\" content=\"https:\/\/marantz-electronics.com\/de\/spidereye\/\" \/>\n<meta property=\"og:site_name\" content=\"Mek, Automated Optical Inspection (AOI) and Solder Paste Inspection (SPI) systems specialist\" \/>\n<meta property=\"article:modified_time\" content=\"2019-11-07T15:07:21+00:00\" \/>\n<meta name=\"twitter:card\" content=\"summary_large_image\" \/>\n<meta name=\"twitter:label1\" content=\"Gesch\u00e4tzte Lesezeit\" \/>\n\t<meta name=\"twitter:data1\" content=\"2\u00a0Minuten\" \/>\n<script type=\"application\/ld+json\" class=\"yoast-schema-graph\">{\"@context\":\"https:\\\/\\\/schema.org\",\"@graph\":[{\"@type\":\"WebPage\",\"@id\":\"https:\\\/\\\/marantz-electronics.com\\\/de\\\/spidereye\\\/\",\"url\":\"https:\\\/\\\/marantz-electronics.com\\\/de\\\/spidereye\\\/\",\"name\":\"SpiderEye Machine Vision System | Mek (Marantz Electronics)\",\"isPartOf\":{\"@id\":\"https:\\\/\\\/marantz-electronics.com\\\/de\\\/#website\"},\"datePublished\":\"2019-10-21T03:56:06+00:00\",\"dateModified\":\"2019-11-07T15:07:21+00:00\",\"description\":\"Mek SpiderEye Bildverarbeitungssystem - statisches AOI-System zur automatisierten Inspektion bewegter Objekte.\",\"breadcrumb\":{\"@id\":\"https:\\\/\\\/marantz-electronics.com\\\/de\\\/spidereye\\\/#breadcrumb\"},\"inLanguage\":\"de\",\"potentialAction\":[{\"@type\":\"ReadAction\",\"target\":[\"https:\\\/\\\/marantz-electronics.com\\\/de\\\/spidereye\\\/\"]}]},{\"@type\":\"BreadcrumbList\",\"@id\":\"https:\\\/\\\/marantz-electronics.com\\\/de\\\/spidereye\\\/#breadcrumb\",\"itemListElement\":[{\"@type\":\"ListItem\",\"position\":1,\"name\":\"Home\",\"item\":\"https:\\\/\\\/marantz-electronics.com\\\/de\\\/\"},{\"@type\":\"ListItem\",\"position\":2,\"name\":\"SpiderEye Machine Vision System\"}]},{\"@type\":\"WebSite\",\"@id\":\"https:\\\/\\\/marantz-electronics.com\\\/de\\\/#website\",\"url\":\"https:\\\/\\\/marantz-electronics.com\\\/de\\\/\",\"name\":\"Mek, Automated Optical Inspection (AOI) and Solder Paste Inspection (SPI) systems specialist\",\"description\":\"\",\"publisher\":{\"@id\":\"https:\\\/\\\/marantz-electronics.com\\\/de\\\/#organization\"},\"potentialAction\":[{\"@type\":\"SearchAction\",\"target\":{\"@type\":\"EntryPoint\",\"urlTemplate\":\"https:\\\/\\\/marantz-electronics.com\\\/de\\\/?s={search_term_string}\"},\"query-input\":{\"@type\":\"PropertyValueSpecification\",\"valueRequired\":true,\"valueName\":\"search_term_string\"}}],\"inLanguage\":\"de\"},{\"@type\":\"Organization\",\"@id\":\"https:\\\/\\\/marantz-electronics.com\\\/de\\\/#organization\",\"name\":\"Mek, Automated Optical Inspection (AOI) and Solder Paste Inspection (SPI) systems specialist\",\"url\":\"https:\\\/\\\/marantz-electronics.com\\\/de\\\/\",\"logo\":{\"@type\":\"ImageObject\",\"inLanguage\":\"de\",\"@id\":\"https:\\\/\\\/marantz-electronics.com\\\/de\\\/#\\\/schema\\\/logo\\\/image\\\/\",\"url\":\"https:\\\/\\\/marantz-electronics.com\\\/wp-content\\\/uploads\\\/2015\\\/06\\\/mek-logo.png\",\"contentUrl\":\"https:\\\/\\\/marantz-electronics.com\\\/wp-content\\\/uploads\\\/2015\\\/06\\\/mek-logo.png\",\"width\":263,\"height\":60,\"caption\":\"Mek, Automated Optical Inspection (AOI) and Solder Paste Inspection (SPI) systems specialist\"},\"image\":{\"@id\":\"https:\\\/\\\/marantz-electronics.com\\\/de\\\/#\\\/schema\\\/logo\\\/image\\\/\"}}]}<\/script>\n<!-- \/ Yoast SEO Premium plugin. -->","yoast_head_json":{"title":"SpiderEye Machine Vision System | Mek (Marantz Electronics)","description":"Mek SpiderEye Bildverarbeitungssystem - statisches AOI-System zur automatisierten Inspektion bewegter Objekte.","robots":{"index":"index","follow":"follow","max-snippet":"max-snippet:-1","max-image-preview":"max-image-preview:large","max-video-preview":"max-video-preview:-1"},"canonical":"https:\/\/marantz-electronics.com\/de\/spidereye\/","og_locale":"de_DE","og_type":"article","og_title":"SpiderEye Machine Vision System","og_description":"Mek SpiderEye Bildverarbeitungssystem - statisches AOI-System zur automatisierten Inspektion bewegter Objekte.","og_url":"https:\/\/marantz-electronics.com\/de\/spidereye\/","og_site_name":"Mek, Automated Optical Inspection (AOI) and Solder Paste Inspection (SPI) systems specialist","article_modified_time":"2019-11-07T15:07:21+00:00","twitter_card":"summary_large_image","twitter_misc":{"Gesch\u00e4tzte Lesezeit":"2\u00a0Minuten"},"schema":{"@context":"https:\/\/schema.org","@graph":[{"@type":"WebPage","@id":"https:\/\/marantz-electronics.com\/de\/spidereye\/","url":"https:\/\/marantz-electronics.com\/de\/spidereye\/","name":"SpiderEye Machine Vision System | Mek (Marantz Electronics)","isPartOf":{"@id":"https:\/\/marantz-electronics.com\/de\/#website"},"datePublished":"2019-10-21T03:56:06+00:00","dateModified":"2019-11-07T15:07:21+00:00","description":"Mek SpiderEye Bildverarbeitungssystem - statisches AOI-System zur automatisierten Inspektion bewegter Objekte.","breadcrumb":{"@id":"https:\/\/marantz-electronics.com\/de\/spidereye\/#breadcrumb"},"inLanguage":"de","potentialAction":[{"@type":"ReadAction","target":["https:\/\/marantz-electronics.com\/de\/spidereye\/"]}]},{"@type":"BreadcrumbList","@id":"https:\/\/marantz-electronics.com\/de\/spidereye\/#breadcrumb","itemListElement":[{"@type":"ListItem","position":1,"name":"Home","item":"https:\/\/marantz-electronics.com\/de\/"},{"@type":"ListItem","position":2,"name":"SpiderEye Machine Vision System"}]},{"@type":"WebSite","@id":"https:\/\/marantz-electronics.com\/de\/#website","url":"https:\/\/marantz-electronics.com\/de\/","name":"Mek, Automated Optical Inspection (AOI) and Solder Paste Inspection (SPI) systems specialist","description":"","publisher":{"@id":"https:\/\/marantz-electronics.com\/de\/#organization"},"potentialAction":[{"@type":"SearchAction","target":{"@type":"EntryPoint","urlTemplate":"https:\/\/marantz-electronics.com\/de\/?s={search_term_string}"},"query-input":{"@type":"PropertyValueSpecification","valueRequired":true,"valueName":"search_term_string"}}],"inLanguage":"de"},{"@type":"Organization","@id":"https:\/\/marantz-electronics.com\/de\/#organization","name":"Mek, Automated Optical Inspection (AOI) and Solder Paste Inspection (SPI) systems specialist","url":"https:\/\/marantz-electronics.com\/de\/","logo":{"@type":"ImageObject","inLanguage":"de","@id":"https:\/\/marantz-electronics.com\/de\/#\/schema\/logo\/image\/","url":"https:\/\/marantz-electronics.com\/wp-content\/uploads\/2015\/06\/mek-logo.png","contentUrl":"https:\/\/marantz-electronics.com\/wp-content\/uploads\/2015\/06\/mek-logo.png","width":263,"height":60,"caption":"Mek, Automated Optical Inspection (AOI) and Solder Paste Inspection (SPI) systems specialist"},"image":{"@id":"https:\/\/marantz-electronics.com\/de\/#\/schema\/logo\/image\/"}}]}},"_links":{"self":[{"href":"https:\/\/marantz-electronics.com\/de\/wp-json\/wp\/v2\/pages\/2690","targetHints":{"allow":["GET"]}}],"collection":[{"href":"https:\/\/marantz-electronics.com\/de\/wp-json\/wp\/v2\/pages"}],"about":[{"href":"https:\/\/marantz-electronics.com\/de\/wp-json\/wp\/v2\/types\/page"}],"author":[{"embeddable":true,"href":"https:\/\/marantz-electronics.com\/de\/wp-json\/wp\/v2\/users\/1"}],"replies":[{"embeddable":true,"href":"https:\/\/marantz-electronics.com\/de\/wp-json\/wp\/v2\/comments?post=2690"}],"version-history":[{"count":3,"href":"https:\/\/marantz-electronics.com\/de\/wp-json\/wp\/v2\/pages\/2690\/revisions"}],"predecessor-version":[{"id":2928,"href":"https:\/\/marantz-electronics.com\/de\/wp-json\/wp\/v2\/pages\/2690\/revisions\/2928"}],"wp:attachment":[{"href":"https:\/\/marantz-electronics.com\/de\/wp-json\/wp\/v2\/media?parent=2690"}],"curies":[{"name":"wp","href":"https:\/\/api.w.org\/{rel}","templated":true}]}}