{"id":2703,"date":"2019-10-22T06:39:31","date_gmt":"2019-10-22T06:39:31","guid":{"rendered":"http:\/\/protean.mekaoi.com\/bottom-and-top-inline-aoi-2\/"},"modified":"2025-04-04T14:00:19","modified_gmt":"2025-04-04T13:00:19","slug":"bottom-und-top-inline-aoi","status":"publish","type":"page","link":"https:\/\/marantz-electronics.com\/de\/bottom-und-top-inline-aoi\/","title":{"rendered":"Bottom und Top Inline AOI"},"content":{"rendered":"<div class=\"wpb-content-wrapper\"><p>[vc_row full_width=&#8220;stretch_row&#8220; equal_height=&#8220;yes&#8220; content_placement=&#8220;middle&#8220; el_class=&#8220;mek-page-banner border-pink&#8220; css=&#8220;.vc_custom_1663673283676{background-image: url(https:\/\/marantz-electronics.com\/wp-content\/uploads\/Selective-3D-AOI-background.jpg?id=7571) !important;background-position: center !important;background-repeat: no-repeat !important;background-size: cover !important;}&#8220;][vc_column width=&#8220;1\/2&#8243;][vc_column_text]<\/p>\n<h1>PowerSpector BTL<br \/>\nDoppelseitige AOI<\/h1>\n<h4>Gleichzeitige AOI Inspektion von Platineober- und Unterseite<\/h4>\n<p>[\/vc_column_text][\/vc_column][vc_column width=&#8220;1\/2&#8243;][vc_single_image image=&#8220;10152&#8243; img_size=&#8220;full&#8220; alignment=&#8220;center&#8220; el_class=&#8220;banner-img&#8220;][\/vc_column][\/vc_row][vc_row gap=&#8220;20&#8243;][vc_column width=&#8220;3\/4&#8243; css=&#8220;.vc_custom_1660926096111{padding-right: 30px !important;}&#8220;][vc_column_text]<strong>Das doppelseitige AOI-System, Mek PowerSpector BTL, erm\u00f6glicht die Inspektion der Unter- und Oberseite von Leiterplatten nach dem Reflow-, Wellen- oder Selektivl\u00f6ten und der Platzierung von THT- und SMT-Bauteilen.<\/strong><\/p>\n<p>Mit bis zu 9 Kameras pro Seite (insgesamt 18) ist es f\u00fcr die Inspektion von Leiterplatten innerhalb von L\u00f6trahmen aus dem Schwerlastf\u00f6rdersystem ausgelegt, das f\u00fcr Baugruppen bis zu 5 kg mit einer maximalen Abmessung von bis zu 550&#215;550 mm (21.6&#8243;) geeignet ist. Auch die Inspektion von Leiterplatten ohne L\u00f6trahmen ist m\u00f6glich. Der PowerSpector 350BTL ist f\u00fcr mittelgro\u00dfe Leiterplatten bis 350x250mm (13.8\u2033x9.8\u2033) ausgelegt.<\/p>\n<h4>Bodeninspektion mit 9 Kameras<\/h4>\n<p>Der JTAz-basierte untere Seitenpr\u00fcfkopf hat einen Abstand von 30 mm zur Leiterplattenoberfl\u00e4che. Eine zus\u00e4tzliche Z-Achse erm\u00f6glicht eine Verstellung des Kopfes um 30 mm, was eine optimale Flexibilit\u00e4t bei der Inspektion innerhalb von L\u00f6trahmen und der korrekten Einstellung von Seitenkameras erm\u00f6glicht. Die 18,75u Aufl\u00f6sung der Hauptoptik und die 13u Aufl\u00f6sung der Seitenkameras bieten auch die M\u00f6glichkeit der 01005&#8243; (0402mm) SMD-Inspektion einschlie\u00dflich der H\u00f6henverifikation von Objekten wie Stiften und Geh\u00e4usen sowie der 3D-Chiph\u00f6henmessung.<\/p>\n<h4>Top-Inspektion mit 9 Kameras, 60mm Abstand und 30mm Z-Achse<\/h4>\n<p>Der JDAz-basierte Oberseiten-Inspektionskopf wurde speziell entwickelt, um einen massiven 60 mm oberen Abstand mit einer vollst\u00e4ndigen L\u00f6tstelleninspektion \u00fcber den 3D-Meniskus-Profiler zu kombinieren. Eine zus\u00e4tzliche 30 mm Z-Achse mit Autofokus-Option erm\u00f6glicht es Ihnen, sich auf die Oberseite gr\u00f6\u00dferer Komponenten zu konzentrieren. Die Seitenkameras mit einer Aufl\u00f6sung von 20u k\u00f6nnen zur Inspektion von Seitenmarkierungen an Bauteilen sowie zur \u00dcberpr\u00fcfung der genauen Best\u00fcckung mittels H\u00f6henverifizierung verwendet werden.[\/vc_column_text][vc_row_inner][vc_column_inner width=&#8220;1\/2&#8243;][vc_single_image image=&#8220;2385&#8243; img_size=&#8220;large&#8220;][\/vc_column_inner][vc_column_inner width=&#8220;1\/2&#8243;][vc_single_image image=&#8220;2386&#8243; img_size=&#8220;large&#8220;][\/vc_column_inner][\/vc_row_inner][vc_column_text]Der Mek PowerSpector BTL AOI ist vollst\u00e4ndig kompatibel mit der <a href=\"https:\/\/marantz-electronics.com\/de\/aoi-programmierwerkzeug\/\" target=\"_blank\" rel=\"noopener\"><b>Mek EZPro Software<\/b><\/a>, die die Programmierung von AOI-Maschinen automatisiert und damit benutzerunabh\u00e4ngig und einfach macht.[\/vc_column_text][vc_btn title=&#8220;Mehr \u00fcber EZPro&#8220; style=&#8220;flat&#8220; align=&#8220;left&#8220; i_align=&#8220;right&#8220; i_icon_fontawesome=&#8220;fas fa-arrow-alt-circle-right&#8220; add_icon=&#8220;true&#8220; el_class=&#8220;mek-hme-btn&#8220; link=&#8220;url:https%3A%2F%2Fmarantz-electronics.com%2Fde%2Faoi-programmierwerkzeug%2F|title:EZPro|target:_blank&#8220;][vc_column_text]<\/p>\n<h4>Ber\u00fchrungslose Fehlerklassifizierung mit echten 3D 9-fachen mikroskopischen Ansichten<\/h4>\n<p>Fehleinsch\u00e4tzungen von gefundenen Defekten werden durch die True Image Defektanzeige von 9-Winkel simultanen mikroskopischen Ansichten jedes gefundenen Defekts minimiert.<br \/>\nTypischerweise sind die vorhandenen Defekte von 3D AOI in einem &#8222;synthetisierten 2D&#8220;-Bild mit synthetisierten H\u00f6heninformationen. Nur das Bild der Oberseite des Bauteils ist ein reales Bild und f\u00fcr ein genaues Urteil muss der Bediener die Leiterplatten manuell unter einem Mikroskop zur Klassifizierung\/Reparatur pr\u00fcfen.<br \/>\nMek minimiert das Risiko von Sch\u00e4den durch manuelle Prozesse, da die Fehlerbeurteilung aus der Ferne unter den 9 mikroskopischen Ansichten in der Klassifizierungs-\/Reparaturstation erfolgt, ohne dass die Leiterplatte physisch bearbeitet wird. Die konsistenten 9-Bild-Ergebnisse reduzieren die Bewertungsunterschiede zwischen den Anwendern im Vergleich zur manuellen Beurteilung mit Mikroskopen weiter.<\/p>\n<p>Diese mikroskopische Darstellung von Defekten gilt sowohl f\u00fcr die Ober- als auch f\u00fcr die Unterseite. Jeder Defekt wird mit einer Vergr\u00f6\u00dferung von bis zu 50x (bottom up) oder 30x (top down) angezeigt.\u00a0 Dies minimiert das Bedienpersonal und reduziert den Zeitaufwand f\u00fcr die Nachklassifizierung von Defekten mit station\u00e4ren Mikroskopen. Da alle Bilder in der Mek&#8217;s Catch SQL-Datenbank gespeichert werden k\u00f6nnen, kann eine \u00dcberpr\u00fcfung oder Klassifizierung jederzeit nach der eigentlichen Inspektion durchgef\u00fchrt werden. F\u00fcr ein vollst\u00e4ndiges Tracking und Tracing mit Ihrem eigenen MES-System bietet das Catch-System Schnittstellen \u00fcber seine offene SQL-Datenbank oder XML-Ausgaben.<\/p>\n<p>Das Prozessleitsystem von Mek, <a href=\"https:\/\/marantz-electronics.com\/de\/catch-system\/\">das Catch System<\/a>, kann mehrere Mek AOI-Maschinen zu einem vollst\u00e4ndig geschlossenen Prozess\u00fcberwachungs- und Qualit\u00e4tssicherungssystem vernetzen, das speziell f\u00fcr den Workflow und die interne Organisation jedes Benutzers optimiert ist.<\/p>\n<h4>Patentiertes Synchronisationssystem f\u00fcr Boden und Decke<\/h4>\n<p>F\u00fcr die gleichzeitige Inspektion von unten und oben erm\u00f6glicht ein patentiertes Lichtsynchronisationsverfahren, dass beide K\u00f6pfe die Leiterplatte gleichzeitig pr\u00fcfen k\u00f6nnen, um schnellste Inspektionszeiten zu erreichen, ohne dass das Hochleistungsbeleuchtungssystem jedes Kopfes die andere Inspektion beeintr\u00e4chtigt.[\/vc_column_text][\/vc_column][vc_column width=&#8220;1\/4&#8243; css=&#8220;.vc_custom_1660909564312{border-left-width: 10px !important;border-left-color: #000000 !important;border-radius: 1px !important;}&#8220;][vc_column_text css=&#8220;&#8220; el_class=&#8220;side-head&#8220;]<\/p>\n<h3><img loading=\"lazy\" decoding=\"async\" class=\"alignnone size-full wp-image-11369\" src=\"https:\/\/marantz-electronics.com\/wp-content\/uploads\/roi-3.png\" alt=\"\" width=\"60\" height=\"60\" \/>ROI-Rechner<\/h3>\n<p>[\/vc_column_text][vc_column_text css=&#8220;&#8220;]Berechnen Sie den ROI Ihrer AOI-Investition in Sekunden. Sehen Sie, wie schnell sich die Investition rentiert und ob sie f\u00fcr Ihr Unternehmen geeignet ist.[\/vc_column_text][vc_btn title=&#8220;Jetzt Berechnen&#8220; style=&#8220;flat&#8220; align=&#8220;center&#8220; css=&#8220;&#8220; el_class=&#8220;mek-hme-btn&#8220; link=&#8220;url:%2Faoi-calculator%2F|title:AOI%20ROI%20Calculator|target:_blank&#8220;][vc_separator][vc_column_text el_class=&#8220;side-head&#8220;]<\/p>\n<h3><img loading=\"lazy\" decoding=\"async\" class=\"alignnone wp-image-3945 size-full\" src=\"https:\/\/marantz-electronics.com\/wp-content\/uploads\/2020\/09\/downloads.png\" alt=\"\" width=\"60\" height=\"60\" \/>Herunterladen<\/h3>\n<p>[\/vc_column_text][vc_column_text css=&#8220;&#8220; el_class=&#8220;side-head&#8220;]<a href=\"\/wp-content\/uploads\/PowerSpector-Inline-BTL-Brochure.pdf\" target=\"_blank\" rel=\"noopener\">Doppelseitige AOI &#8211; PowerSpector BTL Brosch\u00fcre<\/a>[\/vc_column_text][vc_btn title=&#8220;Brosch\u00fcre herunterladen&#8220; style=&#8220;flat&#8220; align=&#8220;center&#8220; css=&#8220;&#8220; el_class=&#8220;mek-hme-btn&#8220; link=&#8220;url:%2Fwp-content%2Fuploads%2FPowerSpector-Inline-BTL-Brochure.pdf|title:Inline%20Bottom%20%26%20Top%20AOI%20brochure|target:_blank&#8220;][vc_separator][vc_column_text css=&#8220;&#8220; el_class=&#8220;side-head&#8220;]<\/p>\n<h3><img loading=\"lazy\" decoding=\"async\" class=\"alignnone size-full wp-image-11525\" src=\"https:\/\/marantz-electronics.com\/wp-content\/uploads\/blogger.png\" alt=\"\" width=\"60\" height=\"60\" \/>Aktuelles<\/h3>\n<p>Lesen Sie die neuesten Nachrichten in unserem Blog: Inspection Matters[\/vc_column_text][vc_btn title=&#8220;Blog lesen&#8220; style=&#8220;flat&#8220; align=&#8220;center&#8220; css=&#8220;&#8220; el_class=&#8220;mek-hme-btn&#8220; link=&#8220;url:%2Fde%2Fblog%2F|title:Mek%20blog|target:_blank&#8220;][\/vc_column][\/vc_row][vc_row][vc_column][vc_empty_space][vc_separator][vc_column_text el_class=&#8220;center big-heading&#8220;]<\/p>\n<h4 style=\"text-align: center;\">Wenn Sie Hilfe bei der Entscheidung f\u00fcr die richtige AOI-L\u00f6sung ben\u00f6tigen<\/h4>\n<p>[\/vc_column_text][vc_btn title=&#8220;Kontaktieren Sie uns&#8220; style=&#8220;flat&#8220; align=&#8220;center&#8220; i_align=&#8220;right&#8220; i_icon_fontawesome=&#8220;fas fa-arrow-alt-circle-right&#8220; add_icon=&#8220;true&#8220; el_class=&#8220;mek-hme-btn&#8220; link=&#8220;url:https%3A%2F%2Fmarantz-electronics.com%2Fde%2Fkontakt%2F|title:Kontaktieren%20Sie%20uns&#8220;][\/vc_column][\/vc_row]<\/p>\n<\/div>","protected":false},"excerpt":{"rendered":"<p>[vc_row full_width=&#8220;stretch_row&#8220; equal_height=&#8220;yes&#8220; content_placement=&#8220;middle&#8220; el_class=&#8220;mek-page-banner border-pink&#8220; css=&#8220;.vc_custom_1663673283676{background-image: url(https:\/\/marantz-electronics.com\/wp-content\/uploads\/Selective-3D-AOI-background.jpg?id=7571) !important;background-position: center !important;background-repeat: no-repeat !important;background-size: cover !important;}&#8220;][vc_column width=&#8220;1\/2&#8243;][vc_column_text] PowerSpector BTL Doppelseitige AOI Gleichzeitige AOI Inspektion von Platineober- und Unterseite [\/vc_column_text][\/vc_column][vc_column width=&#8220;1\/2&#8243;][vc_single_image image=&#8220;10152&#8243; img_size=&#8220;full&#8220; alignment=&#8220;center&#8220; el_class=&#8220;banner-img&#8220;][\/vc_column][\/vc_row][vc_row gap=&#8220;20&#8243;][vc_column width=&#8220;3\/4&#8243; css=&#8220;.vc_custom_1660926096111{padding-right: 30px !important;}&#8220;][vc_column_text]Das doppelseitige AOI-System, Mek PowerSpector BTL, erm\u00f6glicht die Inspektion der Unter- und Oberseite von Leiterplatten nach dem Reflow-, Wellen- oder Selektivl\u00f6ten und der Platzierung von THT- und SMT-Bauteilen. Mit bis zu 9 Kameras pro Seite (insgesamt 18) ist&#8230; <\/br><a class=\"moretag\" href=\"https:\/\/marantz-electronics.com\/de\/bottom-und-top-inline-aoi\/\"> Read the full article&#8230;<\/a><\/p>\n","protected":false},"author":1,"featured_media":0,"parent":0,"menu_order":0,"comment_status":"closed","ping_status":"closed","template":"page-templates\/mek-fullwidth-v2.php","meta":{"footnotes":""},"class_list":["post-2703","page","type-page","status-publish","hentry"],"yoast_head":"<!-- This site is optimized with the Yoast SEO Premium plugin v21.6 (Yoast SEO v27.3) - https:\/\/yoast.com\/product\/yoast-seo-premium-wordpress\/ -->\n<title>THT bottom und top Inline AOI | Mek (Marantz Electronics)<\/title>\n<meta name=\"description\" content=\"Mek PowerSpector inline bottom &amp; top AOI pr\u00fcft beide Seiten von Leiterplatten nach Reflow-, Wellen- oder Selektivl\u00f6ten &amp; Platzieren von THT- &amp; SMT-Bauteilen.\" \/>\n<meta name=\"robots\" content=\"index, follow, max-snippet:-1, max-image-preview:large, max-video-preview:-1\" \/>\n<link rel=\"canonical\" href=\"https:\/\/marantz-electronics.com\/de\/bottom-und-top-inline-aoi\/\" \/>\n<meta property=\"og:locale\" content=\"de_DE\" \/>\n<meta property=\"og:type\" content=\"article\" \/>\n<meta property=\"og:title\" content=\"Bottom und Top Inline AOI\" \/>\n<meta property=\"og:description\" content=\"Mek PowerSpector inline bottom &amp; top AOI pr\u00fcft beide Seiten von Leiterplatten nach Reflow-, Wellen- oder Selektivl\u00f6ten &amp; Platzieren von THT- &amp; SMT-Bauteilen.\" \/>\n<meta property=\"og:url\" content=\"https:\/\/marantz-electronics.com\/de\/bottom-und-top-inline-aoi\/\" \/>\n<meta property=\"og:site_name\" content=\"Mek, Automated Optical Inspection (AOI) and Solder Paste Inspection (SPI) systems specialist\" \/>\n<meta property=\"article:modified_time\" content=\"2025-04-04T13:00:19+00:00\" \/>\n<meta property=\"og:image\" content=\"https:\/\/marantz-electronics.com\/wp-content\/uploads\/roi-3.png\" \/>\n<meta name=\"twitter:card\" content=\"summary_large_image\" \/>\n<meta name=\"twitter:label1\" content=\"Gesch\u00e4tzte Lesezeit\" \/>\n\t<meta name=\"twitter:data1\" content=\"5\u00a0Minuten\" \/>\n<script type=\"application\/ld+json\" class=\"yoast-schema-graph\">{\"@context\":\"https:\\\/\\\/schema.org\",\"@graph\":[{\"@type\":\"WebPage\",\"@id\":\"https:\\\/\\\/marantz-electronics.com\\\/de\\\/bottom-und-top-inline-aoi\\\/\",\"url\":\"https:\\\/\\\/marantz-electronics.com\\\/de\\\/bottom-und-top-inline-aoi\\\/\",\"name\":\"THT bottom und top Inline AOI | Mek (Marantz Electronics)\",\"isPartOf\":{\"@id\":\"https:\\\/\\\/marantz-electronics.com\\\/de\\\/#website\"},\"primaryImageOfPage\":{\"@id\":\"https:\\\/\\\/marantz-electronics.com\\\/de\\\/bottom-und-top-inline-aoi\\\/#primaryimage\"},\"image\":{\"@id\":\"https:\\\/\\\/marantz-electronics.com\\\/de\\\/bottom-und-top-inline-aoi\\\/#primaryimage\"},\"thumbnailUrl\":\"https:\\\/\\\/marantz-electronics.com\\\/wp-content\\\/uploads\\\/roi-3.png\",\"datePublished\":\"2019-10-22T06:39:31+00:00\",\"dateModified\":\"2025-04-04T13:00:19+00:00\",\"description\":\"Mek PowerSpector inline bottom & top AOI pr\u00fcft beide Seiten von Leiterplatten nach Reflow-, Wellen- oder Selektivl\u00f6ten & Platzieren von THT- & SMT-Bauteilen.\",\"breadcrumb\":{\"@id\":\"https:\\\/\\\/marantz-electronics.com\\\/de\\\/bottom-und-top-inline-aoi\\\/#breadcrumb\"},\"inLanguage\":\"de\",\"potentialAction\":[{\"@type\":\"ReadAction\",\"target\":[\"https:\\\/\\\/marantz-electronics.com\\\/de\\\/bottom-und-top-inline-aoi\\\/\"]}]},{\"@type\":\"ImageObject\",\"inLanguage\":\"de\",\"@id\":\"https:\\\/\\\/marantz-electronics.com\\\/de\\\/bottom-und-top-inline-aoi\\\/#primaryimage\",\"url\":\"https:\\\/\\\/marantz-electronics.com\\\/wp-content\\\/uploads\\\/roi-3.png\",\"contentUrl\":\"https:\\\/\\\/marantz-electronics.com\\\/wp-content\\\/uploads\\\/roi-3.png\"},{\"@type\":\"BreadcrumbList\",\"@id\":\"https:\\\/\\\/marantz-electronics.com\\\/de\\\/bottom-und-top-inline-aoi\\\/#breadcrumb\",\"itemListElement\":[{\"@type\":\"ListItem\",\"position\":1,\"name\":\"Home\",\"item\":\"https:\\\/\\\/marantz-electronics.com\\\/de\\\/\"},{\"@type\":\"ListItem\",\"position\":2,\"name\":\"Bottom und Top Inline AOI\"}]},{\"@type\":\"WebSite\",\"@id\":\"https:\\\/\\\/marantz-electronics.com\\\/de\\\/#website\",\"url\":\"https:\\\/\\\/marantz-electronics.com\\\/de\\\/\",\"name\":\"Mek, Automated Optical Inspection (AOI) and Solder Paste Inspection (SPI) systems specialist\",\"description\":\"\",\"publisher\":{\"@id\":\"https:\\\/\\\/marantz-electronics.com\\\/de\\\/#organization\"},\"potentialAction\":[{\"@type\":\"SearchAction\",\"target\":{\"@type\":\"EntryPoint\",\"urlTemplate\":\"https:\\\/\\\/marantz-electronics.com\\\/de\\\/?s={search_term_string}\"},\"query-input\":{\"@type\":\"PropertyValueSpecification\",\"valueRequired\":true,\"valueName\":\"search_term_string\"}}],\"inLanguage\":\"de\"},{\"@type\":\"Organization\",\"@id\":\"https:\\\/\\\/marantz-electronics.com\\\/de\\\/#organization\",\"name\":\"Mek, Automated Optical Inspection (AOI) and Solder Paste Inspection (SPI) systems specialist\",\"url\":\"https:\\\/\\\/marantz-electronics.com\\\/de\\\/\",\"logo\":{\"@type\":\"ImageObject\",\"inLanguage\":\"de\",\"@id\":\"https:\\\/\\\/marantz-electronics.com\\\/de\\\/#\\\/schema\\\/logo\\\/image\\\/\",\"url\":\"https:\\\/\\\/marantz-electronics.com\\\/wp-content\\\/uploads\\\/2015\\\/06\\\/mek-logo.png\",\"contentUrl\":\"https:\\\/\\\/marantz-electronics.com\\\/wp-content\\\/uploads\\\/2015\\\/06\\\/mek-logo.png\",\"width\":263,\"height\":60,\"caption\":\"Mek, Automated Optical Inspection (AOI) and Solder Paste Inspection (SPI) systems specialist\"},\"image\":{\"@id\":\"https:\\\/\\\/marantz-electronics.com\\\/de\\\/#\\\/schema\\\/logo\\\/image\\\/\"}}]}<\/script>\n<!-- \/ Yoast SEO Premium plugin. -->","yoast_head_json":{"title":"THT bottom und top Inline AOI | Mek (Marantz Electronics)","description":"Mek PowerSpector inline bottom & top AOI pr\u00fcft beide Seiten von Leiterplatten nach Reflow-, Wellen- oder Selektivl\u00f6ten & Platzieren von THT- & SMT-Bauteilen.","robots":{"index":"index","follow":"follow","max-snippet":"max-snippet:-1","max-image-preview":"max-image-preview:large","max-video-preview":"max-video-preview:-1"},"canonical":"https:\/\/marantz-electronics.com\/de\/bottom-und-top-inline-aoi\/","og_locale":"de_DE","og_type":"article","og_title":"Bottom und Top Inline AOI","og_description":"Mek PowerSpector inline bottom & top AOI pr\u00fcft beide Seiten von Leiterplatten nach Reflow-, Wellen- oder Selektivl\u00f6ten & Platzieren von THT- & SMT-Bauteilen.","og_url":"https:\/\/marantz-electronics.com\/de\/bottom-und-top-inline-aoi\/","og_site_name":"Mek, Automated Optical Inspection (AOI) and Solder Paste Inspection (SPI) systems specialist","article_modified_time":"2025-04-04T13:00:19+00:00","og_image":[{"url":"https:\/\/marantz-electronics.com\/wp-content\/uploads\/roi-3.png","type":"","width":"","height":""}],"twitter_card":"summary_large_image","twitter_misc":{"Gesch\u00e4tzte Lesezeit":"5\u00a0Minuten"},"schema":{"@context":"https:\/\/schema.org","@graph":[{"@type":"WebPage","@id":"https:\/\/marantz-electronics.com\/de\/bottom-und-top-inline-aoi\/","url":"https:\/\/marantz-electronics.com\/de\/bottom-und-top-inline-aoi\/","name":"THT bottom und top Inline AOI | Mek (Marantz Electronics)","isPartOf":{"@id":"https:\/\/marantz-electronics.com\/de\/#website"},"primaryImageOfPage":{"@id":"https:\/\/marantz-electronics.com\/de\/bottom-und-top-inline-aoi\/#primaryimage"},"image":{"@id":"https:\/\/marantz-electronics.com\/de\/bottom-und-top-inline-aoi\/#primaryimage"},"thumbnailUrl":"https:\/\/marantz-electronics.com\/wp-content\/uploads\/roi-3.png","datePublished":"2019-10-22T06:39:31+00:00","dateModified":"2025-04-04T13:00:19+00:00","description":"Mek PowerSpector inline bottom & top AOI pr\u00fcft beide Seiten von Leiterplatten nach Reflow-, Wellen- oder Selektivl\u00f6ten & Platzieren von THT- & SMT-Bauteilen.","breadcrumb":{"@id":"https:\/\/marantz-electronics.com\/de\/bottom-und-top-inline-aoi\/#breadcrumb"},"inLanguage":"de","potentialAction":[{"@type":"ReadAction","target":["https:\/\/marantz-electronics.com\/de\/bottom-und-top-inline-aoi\/"]}]},{"@type":"ImageObject","inLanguage":"de","@id":"https:\/\/marantz-electronics.com\/de\/bottom-und-top-inline-aoi\/#primaryimage","url":"https:\/\/marantz-electronics.com\/wp-content\/uploads\/roi-3.png","contentUrl":"https:\/\/marantz-electronics.com\/wp-content\/uploads\/roi-3.png"},{"@type":"BreadcrumbList","@id":"https:\/\/marantz-electronics.com\/de\/bottom-und-top-inline-aoi\/#breadcrumb","itemListElement":[{"@type":"ListItem","position":1,"name":"Home","item":"https:\/\/marantz-electronics.com\/de\/"},{"@type":"ListItem","position":2,"name":"Bottom und Top Inline AOI"}]},{"@type":"WebSite","@id":"https:\/\/marantz-electronics.com\/de\/#website","url":"https:\/\/marantz-electronics.com\/de\/","name":"Mek, Automated Optical Inspection (AOI) and Solder Paste Inspection (SPI) systems specialist","description":"","publisher":{"@id":"https:\/\/marantz-electronics.com\/de\/#organization"},"potentialAction":[{"@type":"SearchAction","target":{"@type":"EntryPoint","urlTemplate":"https:\/\/marantz-electronics.com\/de\/?s={search_term_string}"},"query-input":{"@type":"PropertyValueSpecification","valueRequired":true,"valueName":"search_term_string"}}],"inLanguage":"de"},{"@type":"Organization","@id":"https:\/\/marantz-electronics.com\/de\/#organization","name":"Mek, Automated Optical Inspection (AOI) and Solder Paste Inspection (SPI) systems specialist","url":"https:\/\/marantz-electronics.com\/de\/","logo":{"@type":"ImageObject","inLanguage":"de","@id":"https:\/\/marantz-electronics.com\/de\/#\/schema\/logo\/image\/","url":"https:\/\/marantz-electronics.com\/wp-content\/uploads\/2015\/06\/mek-logo.png","contentUrl":"https:\/\/marantz-electronics.com\/wp-content\/uploads\/2015\/06\/mek-logo.png","width":263,"height":60,"caption":"Mek, Automated Optical Inspection (AOI) and Solder Paste Inspection (SPI) systems specialist"},"image":{"@id":"https:\/\/marantz-electronics.com\/de\/#\/schema\/logo\/image\/"}}]}},"_links":{"self":[{"href":"https:\/\/marantz-electronics.com\/de\/wp-json\/wp\/v2\/pages\/2703","targetHints":{"allow":["GET"]}}],"collection":[{"href":"https:\/\/marantz-electronics.com\/de\/wp-json\/wp\/v2\/pages"}],"about":[{"href":"https:\/\/marantz-electronics.com\/de\/wp-json\/wp\/v2\/types\/page"}],"author":[{"embeddable":true,"href":"https:\/\/marantz-electronics.com\/de\/wp-json\/wp\/v2\/users\/1"}],"replies":[{"embeddable":true,"href":"https:\/\/marantz-electronics.com\/de\/wp-json\/wp\/v2\/comments?post=2703"}],"version-history":[{"count":9,"href":"https:\/\/marantz-electronics.com\/de\/wp-json\/wp\/v2\/pages\/2703\/revisions"}],"predecessor-version":[{"id":11648,"href":"https:\/\/marantz-electronics.com\/de\/wp-json\/wp\/v2\/pages\/2703\/revisions\/11648"}],"wp:attachment":[{"href":"https:\/\/marantz-electronics.com\/de\/wp-json\/wp\/v2\/media?parent=2703"}],"curies":[{"name":"wp","href":"https:\/\/api.w.org\/{rel}","templated":true}]}}