{"id":11874,"date":"2025-11-10T15:51:24","date_gmt":"2025-11-10T15:51:24","guid":{"rendered":"https:\/\/marantz-electronics.com\/?page_id=11874"},"modified":"2025-11-11T11:46:23","modified_gmt":"2025-11-11T11:46:23","slug":"aoi-3d-tht-en-linea","status":"publish","type":"page","link":"https:\/\/marantz-electronics.com\/es\/aoi-3d-tht-en-linea\/","title":{"rendered":"AOI 3D THT en l\u00ednea (ISO-Spector X1)"},"content":{"rendered":"<div class=\"wpb-content-wrapper\"><p>[vc_row full_width=\u00bbstretch_row\u00bb equal_height=\u00bbyes\u00bb content_placement=\u00bbmiddle\u00bb el_class=\u00bbmek-page-banner border-mblue\u00bb css=\u00bb.vc_custom_1762861574736{background-image: url(https:\/\/marantz-electronics.com\/wp-content\/uploads\/Full-3D-AOI-background.jpg?id=7560) !important;background-position: center !important;background-repeat: no-repeat !important;background-size: cover !important;}\u00bb][vc_column width=\u00bb1\/2&#8243;][vc_column_text css=\u00bb\u00bb]<\/p>\n<h1>MEK ISO-Spector X1<\/h1>\n<h4>Sistema AOI 3D completo ascendente para juntas de soldadura y pines THT<\/h4>\n<p>[\/vc_column_text][\/vc_column][vc_column width=\u00bb1\/2&#8243;][vc_single_image image=\u00bb11887&#8243; img_size=\u00bbfull\u00bb alignment=\u00bbcenter\u00bb css=\u00bb\u00bb el_class=\u00bbbanner-img\u00bb][\/vc_column][\/vc_row][vc_row][vc_column width=\u00bb3\/4&#8243; css=\u00bb.vc_custom_1660926096111{padding-right: 30px !important;}\u00bb][vc_column_text css=\u00bb\u00bb]<\/p>\n<h6>El ISO-Spector X1 es el \u00faltimo sistema de inspecci\u00f3n \u00f3ptica autom\u00e1tica (AOI) totalmente tridimensional de Mek, dise\u00f1ado espec\u00edficamente para la inspecci\u00f3n de juntas de soldadura THT y pines. Dise\u00f1ado para procesos de soldadura selectiva y posterior a la ola, el X1 ofrece una precisi\u00f3n y fiabilidad sin igual, al tiempo que mantiene la comodidad y la velocidad de las soluciones de programaci\u00f3n basadas en inteligencia artificial de Mek.<\/h6>\n<p><strong>Medici\u00f3n 3D completa optimizada para juntas de soldadura THT<\/strong><\/p>\n<p>Con el ISO-Spector X1, se capturan datos volum\u00e9tricos de cada junta de soldadura y cada pin, lo que permite detectar con precisi\u00f3n:<\/p>\n<ul>\n<li>Defectos de soldadura.<\/li>\n<li>Variaciones en la altura de los pines.<\/li>\n<li>Cobertura del anillo anular.<\/li>\n<li>Agujeros \u00abde soplado\u00bb y otras anomal\u00edas.<\/li>\n<\/ul>\n<p>El ISO-Spector X1 3D THT AOI garantiza que cada uni\u00f3n THT se inspeccione con la m\u00e1xima precisi\u00f3n, lo que reduce las falsas alarmas y proporciona resultados con un alto rendimiento.<\/p>\n<p><strong>Gran capacidad de PCB para una producci\u00f3n flexible<\/strong><\/p>\n<p>El ISO-Spector X1 admite tama\u00f1os de PCB de hasta 550 mm x 550 mm (21,7\u201d x 21,7\u201d), incluyendo pal\u00e9s. Su avanzado sistema \u00f3ptico se mueve en las direcciones X, Y y Z para cubrir toda el \u00e1rea de inspecci\u00f3n, lo que garantiza una cobertura de medici\u00f3n completa incluso para los ensamblajes m\u00e1s grandes.<br \/>\nUn espacio libre de 100 mm (3,9&#8243;) en el lado de la soldadura THT permite al AOI inspeccionar todos los componentes de orificio pasante sin excepciones, lo que proporciona una confianza total en la calidad de la soldadura selectiva y posterior a la ola.<\/p>\n<p><strong>Medici\u00f3n de alta velocidad sin reflejos<\/strong><\/p>\n<p>El AOI ISO-Spector X1 elimina los reflejos no deseados de las superficies brillantes de los componentes, lo que proporciona mediciones optimizadas en cuanto a reflejos y color. La medici\u00f3n de alta velocidad se consigue mediante procesadores y almacenamiento modernos, lo que permite la obtenci\u00f3n de im\u00e1genes, el c\u00e1lculo y la transmisi\u00f3n de datos en paralelo.<\/p>\n<p><strong>Integraci\u00f3n avanzada de hardware y software<\/strong><\/p>\n<ul>\n<li>Amplio campo de visi\u00f3n (FoV): 60 mm x 60 mm (2,4\u00ab x 2,4\u00bb) captura objetos m\u00e1s grandes mientras mantiene mediciones de alta resoluci\u00f3n.<\/li>\n<li>Unidad \u00f3ptica m\u00f3vil del eje Z: enfoca y se ajusta autom\u00e1ticamente para compensar la deformaci\u00f3n de la PCB o las diferentes alturas de los componentes.<\/li>\n<li>Transportador autom\u00e1tico motorizado: ajusta autom\u00e1ticamente el ancho al programa de inspecci\u00f3n, maximizando la eficiencia.<\/li>\n<li>Software basado en Windows\u00ae 11: protecci\u00f3n de datos de alta seguridad que cumple con los est\u00e1ndares inform\u00e1ticos modernos.<\/li>\n<\/ul>\n<p><strong>Programaci\u00f3n de IA sin fisuras con Mek EZPro<\/strong><\/p>\n<p>El ISO-Spector X1 aprovecha EZPro, el software de programaci\u00f3n autom\u00e1tica basado en IA de Mek. Las recetas de inspecci\u00f3n son independientes del programador, lo que garantiza resultados consistentes tanto si las configura un principiante como un experto. La inteligencia artificial aprende continuamente de las tolerancias del proceso, las uniones de soldadura buenas y defectuosas y las variaciones de producci\u00f3n, lo que proporciona un n\u00famero casi nulo de falsas alarmas y una detecci\u00f3n \u00f3ptima de defectos.[\/vc_column_text][vc_btn title=\u00bbM\u00e1s sobre EZPro\u00bb style=\u00bbflat\u00bb align=\u00bbleft\u00bb i_align=\u00bbright\u00bb i_icon_fontawesome=\u00bbfas fa-arrow-alt-circle-right\u00bb add_icon=\u00bbtrue\u00bb el_class=\u00bbmek-hme-btn\u00bb link=\u00bburl:%2Fes%2Fherramienta-de-programacion-aoi%2F|title:EZPro|target:_blank\u00bb][vc_column_text css=\u00bb\u00bb]<strong>Integraci\u00f3n total con el sistema Mek Catch<\/strong><\/p>\n<p>El ISO-Spector X1 es totalmente compatible con el sistema Mek Catch, lo que permite pasarelas MES, reparaci\u00f3n, supervisi\u00f3n en tiempo real y SPC. Con Catch, los fabricantes pueden recopilar, mostrar y analizar datos de producci\u00f3n sin problemas, lo que impulsa la mejora continua de los procesos.<\/p>\n<p>El ISO-Spector X1 3D AOI combina precisi\u00f3n, adaptabilidad e inteligencia para abordar los retos \u00fanicos de las juntas de soldadura THT y la inspecci\u00f3n de pines, proporcionando a los ingenieros las herramientas necesarias para mantener con confianza la calidad incluso en las placas m\u00e1s complejas.<\/p>\n<p><strong>Una soluci\u00f3n AOI 3D de Mek.<\/strong>[\/vc_column_text][\/vc_column][vc_column width=\u00bb1\/4&#8243; css=\u00bb.vc_custom_1660909564312{border-left-width: 10px !important;border-left-color: #000000 !important;border-radius: 1px !important;}\u00bb][vc_column_text css=\u00bb\u00bb el_class=\u00bbside-head\u00bb]<\/p>\n<h3><img loading=\"lazy\" decoding=\"async\" class=\"alignnone size-full wp-image-11369\" src=\"https:\/\/marantz-electronics.com\/wp-content\/uploads\/roi-3.png\" alt=\"\" width=\"60\" height=\"60\" \/>ROI Calculator<\/h3>\n<p>[\/vc_column_text][vc_column_text css=\u00bb\u00bb]Calcule el ROI de su inversi\u00f3n en AOI en segundos. Compruebe con qu\u00e9 rapidez obtendr\u00e1 beneficios y si es adecuado para su negocio.[\/vc_column_text][vc_btn title=\u00bbCalcular ahora\u00bb style=\u00bbflat\u00bb align=\u00bbcenter\u00bb css=\u00bb\u00bb el_class=\u00bbmek-hme-btn\u00bb link=\u00bburl:%2Faoi-calculator%2F|title:AOI%20ROI%20Calculator|target:_blank\u00bb][vc_separator][vc_column_text el_class=\u00bbside-head\u00bb]<\/p>\n<h3><img loading=\"lazy\" decoding=\"async\" class=\"alignnone wp-image-8145\" src=\"https:\/\/marantz-electronics.com\/wp-content\/uploads\/contact-us.png\" alt=\"contact-us icon\" width=\"60\" height=\"60\" srcset=\"https:\/\/marantz-electronics.com\/wp-content\/uploads\/contact-us.png 256w, https:\/\/marantz-electronics.com\/wp-content\/uploads\/contact-us-150x150.png 150w, https:\/\/marantz-electronics.com\/wp-content\/uploads\/contact-us-230x230.png 230w\" sizes=\"auto, (max-width: 60px) 100vw, 60px\" \/>M\u00e1s informaci\u00f3n<\/h3>\n<p>[\/vc_column_text][vc_btn title=\u00bbP\u00f3ngase en contacto con Mek acerca de este producto\u00bb style=\u00bbflat\u00bb align=\u00bbcenter\u00bb el_class=\u00bbmek-hme-btn\u00bb link=\u00bburl:mailto%3Ainfo%40mek-europe.com|title:Email%20Mek%20about%20Full%203D%20AOI%20|target:_blank\u00bb][vc_separator][vc_column_text el_class=\u00bbside-head\u00bb]<\/p>\n<h3><img loading=\"lazy\" decoding=\"async\" class=\"alignnone wp-image-3945 size-full\" src=\"https:\/\/marantz-electronics.com\/wp-content\/uploads\/2020\/09\/downloads.png\" alt=\"\" width=\"60\" height=\"60\" \/>Descargas<\/h3>\n<p>[\/vc_column_text][vc_column_text css=\u00bb\u00bb el_class=\u00bbside-head\u00bb]<a href=\"https:\/\/marantz-electronics.com\/wp-content\/uploads\/ISO-Spector-X1_Inline-Brochure-V1.pdf\">Folleto de ISO-Spector X1 3D AOI<\/a>[\/vc_column_text][vc_btn title=\u00bbDescargar folleto\u00bb style=\u00bbflat\u00bb align=\u00bbcenter\u00bb css=\u00bb\u00bb el_class=\u00bbmek-hme-btn\u00bb link=\u00bburl:https%3A%2F%2Fmarantz-electronics.com%2Fwp-content%2Fuploads%2FISO-Spector-X1_Inline-Brochure-V1.pdf|title:3D%20THT%20AOI%20brochure|target:_blank\u00bb][vc_separator][vc_column_text el_class=\u00bbside-head\u00bb]<\/p>\n<h3><img loading=\"lazy\" decoding=\"async\" class=\"alignnone wp-image-3948 size-full\" src=\"https:\/\/marantz-electronics.com\/wp-content\/uploads\/2020\/09\/Articles.png\" alt=\"\" width=\"60\" height=\"60\" \/>Related Articles<\/h3>\n<p><a href=\"https:\/\/marantz-electronics.com\/what-about-inspection-quality\/\">3D AOI Connectivity is Exceptionally Important, BUT what about inspection quality?<\/a>[\/vc_column_text][vc_separator][vc_column_text css=\u00bb\u00bb el_class=\u00bbside-head\u00bb]<\/p>\n<h3><img loading=\"lazy\" decoding=\"async\" class=\"alignnone size-full wp-image-11527\" src=\"https:\/\/marantz-electronics.com\/wp-content\/uploads\/blogger.png\" alt=\"\" width=\"60\" height=\"60\" \/>\u00daltimas Noticias<\/h3>\n<p>Lea las \u00faltimas noticias en nuestro blog: Inspection Matters[\/vc_column_text][vc_btn title=\u00bbIr al Blog\u00bb style=\u00bbflat\u00bb align=\u00bbcenter\u00bb css=\u00bb\u00bb el_class=\u00bbmek-hme-btn\u00bb link=\u00bburl:%2Fes%2Fblog%2F|title:Mek%20blog|target:_blank\u00bb][vc_separator][\/vc_column][\/vc_row][vc_row][vc_column][vc_empty_space][vc_separator][vc_column_text el_class=\u00bbcenter big-heading\u00bb]<\/p>\n<h4 style=\"text-align: center;\">Si Necesita Ayuda Para Decidir La Soluci\u00f3n AOI Adecuada<\/h4>\n<p>[\/vc_column_text][vc_btn title=\u00bbCont\u00e1ctenos\u00bb style=\u00bbflat\u00bb align=\u00bbcenter\u00bb el_class=\u00bbmek-hme-btn\u00bb link=\u00bburl:https%3A%2F%2Fmarantz-electronics.com%2Fes%2Fcontacto-mek%2F|title:Cont%C3%A1ctenos\u00bb][\/vc_column][\/vc_row]<\/p>\n<\/div>","protected":false},"excerpt":{"rendered":"<p>[vc_row full_width=\u00bbstretch_row\u00bb equal_height=\u00bbyes\u00bb content_placement=\u00bbmiddle\u00bb el_class=\u00bbmek-page-banner border-mblue\u00bb css=\u00bb.vc_custom_1762861574736{background-image: url(https:\/\/marantz-electronics.com\/wp-content\/uploads\/Full-3D-AOI-background.jpg?id=7560) !important;background-position: center !important;background-repeat: no-repeat !important;background-size: cover !important;}\u00bb][vc_column width=\u00bb1\/2&#8243;][vc_column_text css=\u00bb\u00bb] MEK ISO-Spector X1 Sistema AOI 3D completo ascendente para juntas de soldadura y pines THT [\/vc_column_text][\/vc_column][vc_column width=\u00bb1\/2&#8243;][vc_single_image image=\u00bb11887&#8243; img_size=\u00bbfull\u00bb alignment=\u00bbcenter\u00bb css=\u00bb\u00bb el_class=\u00bbbanner-img\u00bb][\/vc_column][\/vc_row][vc_row][vc_column width=\u00bb3\/4&#8243; css=\u00bb.vc_custom_1660926096111{padding-right: 30px !important;}\u00bb][vc_column_text css=\u00bb\u00bb] El ISO-Spector X1 es el \u00faltimo sistema de inspecci\u00f3n \u00f3ptica autom\u00e1tica (AOI) totalmente tridimensional de Mek, dise\u00f1ado espec\u00edficamente para la inspecci\u00f3n de juntas de soldadura THT y pines. Dise\u00f1ado para procesos&#8230; <\/br><a class=\"moretag\" href=\"https:\/\/marantz-electronics.com\/es\/aoi-3d-tht-en-linea\/\"> Read the full article&#8230;<\/a><\/p>\n","protected":false},"author":1,"featured_media":0,"parent":0,"menu_order":0,"comment_status":"closed","ping_status":"closed","template":"page-templates\/mek-fullwidth-v2.php","meta":{"footnotes":""},"class_list":["post-11874","page","type-page","status-publish","hentry"],"yoast_head":"<!-- This site is optimized with the Yoast SEO Premium plugin v21.6 (Yoast SEO v27.3) - https:\/\/yoast.com\/product\/yoast-seo-premium-wordpress\/ -->\n<title>AOI 3D THT en l\u00ednea | Marantz Electronics<\/title>\n<meta name=\"description\" content=\"ISO-Spector X1. Sistema de inspecci\u00f3n \u00f3ptica autom\u00e1tica (AOI) 3D, dise\u00f1ado para la inspecci\u00f3n de juntas de soldadura y pines THT.\" \/>\n<meta name=\"robots\" content=\"index, follow, max-snippet:-1, max-image-preview:large, max-video-preview:-1\" \/>\n<link rel=\"canonical\" href=\"https:\/\/marantz-electronics.com\/es\/aoi-3d-tht-en-linea\/\" \/>\n<meta property=\"og:locale\" content=\"es_ES\" \/>\n<meta property=\"og:type\" content=\"article\" \/>\n<meta property=\"og:title\" content=\"AOI 3D THT en l\u00ednea (ISO-Spector X1)\" \/>\n<meta property=\"og:description\" content=\"ISO-Spector X1. Sistema de inspecci\u00f3n \u00f3ptica autom\u00e1tica (AOI) 3D, dise\u00f1ado para la inspecci\u00f3n de juntas de soldadura y pines THT.\" \/>\n<meta property=\"og:url\" content=\"https:\/\/marantz-electronics.com\/es\/aoi-3d-tht-en-linea\/\" \/>\n<meta property=\"og:site_name\" content=\"Mek, Automated Optical Inspection (AOI) and Solder Paste Inspection (SPI) systems specialist\" \/>\n<meta property=\"article:modified_time\" content=\"2025-11-11T11:46:23+00:00\" \/>\n<meta property=\"og:image\" content=\"https:\/\/marantz-electronics.com\/wp-content\/uploads\/roi-3.png\" \/>\n<meta name=\"twitter:card\" content=\"summary_large_image\" \/>\n<meta name=\"twitter:label1\" content=\"Tiempo de lectura\" \/>\n\t<meta name=\"twitter:data1\" content=\"5 minutos\" \/>\n<script type=\"application\/ld+json\" class=\"yoast-schema-graph\">{\"@context\":\"https:\\\/\\\/schema.org\",\"@graph\":[{\"@type\":\"WebPage\",\"@id\":\"https:\\\/\\\/marantz-electronics.com\\\/es\\\/aoi-3d-tht-en-linea\\\/\",\"url\":\"https:\\\/\\\/marantz-electronics.com\\\/es\\\/aoi-3d-tht-en-linea\\\/\",\"name\":\"AOI 3D THT en l\u00ednea | Marantz Electronics\",\"isPartOf\":{\"@id\":\"https:\\\/\\\/marantz-electronics.com\\\/es\\\/#website\"},\"primaryImageOfPage\":{\"@id\":\"https:\\\/\\\/marantz-electronics.com\\\/es\\\/aoi-3d-tht-en-linea\\\/#primaryimage\"},\"image\":{\"@id\":\"https:\\\/\\\/marantz-electronics.com\\\/es\\\/aoi-3d-tht-en-linea\\\/#primaryimage\"},\"thumbnailUrl\":\"https:\\\/\\\/marantz-electronics.com\\\/wp-content\\\/uploads\\\/roi-3.png\",\"datePublished\":\"2025-11-10T15:51:24+00:00\",\"dateModified\":\"2025-11-11T11:46:23+00:00\",\"description\":\"ISO-Spector X1. Sistema de inspecci\u00f3n \u00f3ptica autom\u00e1tica (AOI) 3D, dise\u00f1ado para la inspecci\u00f3n de juntas de soldadura y pines THT.\",\"breadcrumb\":{\"@id\":\"https:\\\/\\\/marantz-electronics.com\\\/es\\\/aoi-3d-tht-en-linea\\\/#breadcrumb\"},\"inLanguage\":\"es\",\"potentialAction\":[{\"@type\":\"ReadAction\",\"target\":[\"https:\\\/\\\/marantz-electronics.com\\\/es\\\/aoi-3d-tht-en-linea\\\/\"]}]},{\"@type\":\"ImageObject\",\"inLanguage\":\"es\",\"@id\":\"https:\\\/\\\/marantz-electronics.com\\\/es\\\/aoi-3d-tht-en-linea\\\/#primaryimage\",\"url\":\"https:\\\/\\\/marantz-electronics.com\\\/wp-content\\\/uploads\\\/roi-3.png\",\"contentUrl\":\"https:\\\/\\\/marantz-electronics.com\\\/wp-content\\\/uploads\\\/roi-3.png\"},{\"@type\":\"BreadcrumbList\",\"@id\":\"https:\\\/\\\/marantz-electronics.com\\\/es\\\/aoi-3d-tht-en-linea\\\/#breadcrumb\",\"itemListElement\":[{\"@type\":\"ListItem\",\"position\":1,\"name\":\"Home\",\"item\":\"https:\\\/\\\/marantz-electronics.com\\\/es\\\/\"},{\"@type\":\"ListItem\",\"position\":2,\"name\":\"AOI 3D THT en l\u00ednea (ISO-Spector X1)\"}]},{\"@type\":\"WebSite\",\"@id\":\"https:\\\/\\\/marantz-electronics.com\\\/es\\\/#website\",\"url\":\"https:\\\/\\\/marantz-electronics.com\\\/es\\\/\",\"name\":\"Mek, Automated Optical Inspection (AOI) and Solder Paste Inspection (SPI) systems specialist\",\"description\":\"\",\"publisher\":{\"@id\":\"https:\\\/\\\/marantz-electronics.com\\\/es\\\/#organization\"},\"potentialAction\":[{\"@type\":\"SearchAction\",\"target\":{\"@type\":\"EntryPoint\",\"urlTemplate\":\"https:\\\/\\\/marantz-electronics.com\\\/es\\\/?s={search_term_string}\"},\"query-input\":{\"@type\":\"PropertyValueSpecification\",\"valueRequired\":true,\"valueName\":\"search_term_string\"}}],\"inLanguage\":\"es\"},{\"@type\":\"Organization\",\"@id\":\"https:\\\/\\\/marantz-electronics.com\\\/es\\\/#organization\",\"name\":\"Mek, Automated Optical Inspection (AOI) and Solder Paste Inspection (SPI) systems specialist\",\"url\":\"https:\\\/\\\/marantz-electronics.com\\\/es\\\/\",\"logo\":{\"@type\":\"ImageObject\",\"inLanguage\":\"es\",\"@id\":\"https:\\\/\\\/marantz-electronics.com\\\/es\\\/#\\\/schema\\\/logo\\\/image\\\/\",\"url\":\"https:\\\/\\\/marantz-electronics.com\\\/wp-content\\\/uploads\\\/2015\\\/06\\\/mek-logo.png\",\"contentUrl\":\"https:\\\/\\\/marantz-electronics.com\\\/wp-content\\\/uploads\\\/2015\\\/06\\\/mek-logo.png\",\"width\":263,\"height\":60,\"caption\":\"Mek, Automated Optical Inspection (AOI) and Solder Paste Inspection (SPI) systems specialist\"},\"image\":{\"@id\":\"https:\\\/\\\/marantz-electronics.com\\\/es\\\/#\\\/schema\\\/logo\\\/image\\\/\"}}]}<\/script>\n<!-- \/ Yoast SEO Premium plugin. -->","yoast_head_json":{"title":"AOI 3D THT en l\u00ednea | Marantz Electronics","description":"ISO-Spector X1. Sistema de inspecci\u00f3n \u00f3ptica autom\u00e1tica (AOI) 3D, dise\u00f1ado para la inspecci\u00f3n de juntas de soldadura y pines THT.","robots":{"index":"index","follow":"follow","max-snippet":"max-snippet:-1","max-image-preview":"max-image-preview:large","max-video-preview":"max-video-preview:-1"},"canonical":"https:\/\/marantz-electronics.com\/es\/aoi-3d-tht-en-linea\/","og_locale":"es_ES","og_type":"article","og_title":"AOI 3D THT en l\u00ednea (ISO-Spector X1)","og_description":"ISO-Spector X1. Sistema de inspecci\u00f3n \u00f3ptica autom\u00e1tica (AOI) 3D, dise\u00f1ado para la inspecci\u00f3n de juntas de soldadura y pines THT.","og_url":"https:\/\/marantz-electronics.com\/es\/aoi-3d-tht-en-linea\/","og_site_name":"Mek, Automated Optical Inspection (AOI) and Solder Paste Inspection (SPI) systems specialist","article_modified_time":"2025-11-11T11:46:23+00:00","og_image":[{"url":"https:\/\/marantz-electronics.com\/wp-content\/uploads\/roi-3.png","type":"","width":"","height":""}],"twitter_card":"summary_large_image","twitter_misc":{"Tiempo de lectura":"5 minutos"},"schema":{"@context":"https:\/\/schema.org","@graph":[{"@type":"WebPage","@id":"https:\/\/marantz-electronics.com\/es\/aoi-3d-tht-en-linea\/","url":"https:\/\/marantz-electronics.com\/es\/aoi-3d-tht-en-linea\/","name":"AOI 3D THT en l\u00ednea | Marantz Electronics","isPartOf":{"@id":"https:\/\/marantz-electronics.com\/es\/#website"},"primaryImageOfPage":{"@id":"https:\/\/marantz-electronics.com\/es\/aoi-3d-tht-en-linea\/#primaryimage"},"image":{"@id":"https:\/\/marantz-electronics.com\/es\/aoi-3d-tht-en-linea\/#primaryimage"},"thumbnailUrl":"https:\/\/marantz-electronics.com\/wp-content\/uploads\/roi-3.png","datePublished":"2025-11-10T15:51:24+00:00","dateModified":"2025-11-11T11:46:23+00:00","description":"ISO-Spector X1. Sistema de inspecci\u00f3n \u00f3ptica autom\u00e1tica (AOI) 3D, dise\u00f1ado para la inspecci\u00f3n de juntas de soldadura y pines THT.","breadcrumb":{"@id":"https:\/\/marantz-electronics.com\/es\/aoi-3d-tht-en-linea\/#breadcrumb"},"inLanguage":"es","potentialAction":[{"@type":"ReadAction","target":["https:\/\/marantz-electronics.com\/es\/aoi-3d-tht-en-linea\/"]}]},{"@type":"ImageObject","inLanguage":"es","@id":"https:\/\/marantz-electronics.com\/es\/aoi-3d-tht-en-linea\/#primaryimage","url":"https:\/\/marantz-electronics.com\/wp-content\/uploads\/roi-3.png","contentUrl":"https:\/\/marantz-electronics.com\/wp-content\/uploads\/roi-3.png"},{"@type":"BreadcrumbList","@id":"https:\/\/marantz-electronics.com\/es\/aoi-3d-tht-en-linea\/#breadcrumb","itemListElement":[{"@type":"ListItem","position":1,"name":"Home","item":"https:\/\/marantz-electronics.com\/es\/"},{"@type":"ListItem","position":2,"name":"AOI 3D THT en l\u00ednea (ISO-Spector X1)"}]},{"@type":"WebSite","@id":"https:\/\/marantz-electronics.com\/es\/#website","url":"https:\/\/marantz-electronics.com\/es\/","name":"Mek, Automated Optical Inspection (AOI) and Solder Paste Inspection (SPI) systems specialist","description":"","publisher":{"@id":"https:\/\/marantz-electronics.com\/es\/#organization"},"potentialAction":[{"@type":"SearchAction","target":{"@type":"EntryPoint","urlTemplate":"https:\/\/marantz-electronics.com\/es\/?s={search_term_string}"},"query-input":{"@type":"PropertyValueSpecification","valueRequired":true,"valueName":"search_term_string"}}],"inLanguage":"es"},{"@type":"Organization","@id":"https:\/\/marantz-electronics.com\/es\/#organization","name":"Mek, Automated Optical Inspection (AOI) and Solder Paste Inspection (SPI) systems specialist","url":"https:\/\/marantz-electronics.com\/es\/","logo":{"@type":"ImageObject","inLanguage":"es","@id":"https:\/\/marantz-electronics.com\/es\/#\/schema\/logo\/image\/","url":"https:\/\/marantz-electronics.com\/wp-content\/uploads\/2015\/06\/mek-logo.png","contentUrl":"https:\/\/marantz-electronics.com\/wp-content\/uploads\/2015\/06\/mek-logo.png","width":263,"height":60,"caption":"Mek, Automated Optical Inspection (AOI) and Solder Paste Inspection (SPI) systems specialist"},"image":{"@id":"https:\/\/marantz-electronics.com\/es\/#\/schema\/logo\/image\/"}}]}},"_links":{"self":[{"href":"https:\/\/marantz-electronics.com\/es\/wp-json\/wp\/v2\/pages\/11874","targetHints":{"allow":["GET"]}}],"collection":[{"href":"https:\/\/marantz-electronics.com\/es\/wp-json\/wp\/v2\/pages"}],"about":[{"href":"https:\/\/marantz-electronics.com\/es\/wp-json\/wp\/v2\/types\/page"}],"author":[{"embeddable":true,"href":"https:\/\/marantz-electronics.com\/es\/wp-json\/wp\/v2\/users\/1"}],"replies":[{"embeddable":true,"href":"https:\/\/marantz-electronics.com\/es\/wp-json\/wp\/v2\/comments?post=11874"}],"version-history":[{"count":5,"href":"https:\/\/marantz-electronics.com\/es\/wp-json\/wp\/v2\/pages\/11874\/revisions"}],"predecessor-version":[{"id":11936,"href":"https:\/\/marantz-electronics.com\/es\/wp-json\/wp\/v2\/pages\/11874\/revisions\/11936"}],"wp:attachment":[{"href":"https:\/\/marantz-electronics.com\/es\/wp-json\/wp\/v2\/media?parent=11874"}],"curies":[{"name":"wp","href":"https:\/\/api.w.org\/{rel}","templated":true}]}}