{"id":3414,"date":"2020-03-03T12:46:54","date_gmt":"2020-03-03T12:46:54","guid":{"rendered":"http:\/\/marantz-electronics.com\/sistemas-aoi-en-linea\/"},"modified":"2025-04-04T12:35:27","modified_gmt":"2025-04-04T11:35:27","slug":"sistemas-aoi-en-linea","status":"publish","type":"page","link":"https:\/\/marantz-electronics.com\/es\/sistemas-aoi-en-linea\/","title":{"rendered":"Sistemas AOI en l\u00ednea"},"content":{"rendered":"<div class=\"wpb-content-wrapper\"><p>[vc_row full_width=\u00bbstretch_row\u00bb equal_height=\u00bbyes\u00bb content_placement=\u00bbmiddle\u00bb el_class=\u00bbmek-page-banner border-pink\u00bb css=\u00bb.vc_custom_1663673283676{background-image: url(https:\/\/marantz-electronics.com\/wp-content\/uploads\/Selective-3D-AOI-background.jpg?id=7571) !important;background-position: center !important;background-repeat: no-repeat !important;background-size: cover !important;}\u00bb][vc_column width=\u00bb1\/2&#8243;][vc_column_text]<\/p>\n<h1>MEK AOI En L\u00ednea<\/h1>\n<h4>Mejora Del Rendimiento En Tiempo Real<\/h4>\n<p>[\/vc_column_text][\/vc_column][vc_column width=\u00bb1\/2&#8243;][vc_empty_space height=\u00bb20px\u00bb][vc_single_image image=\u00bb10162&#8243; img_size=\u00bbfull\u00bb alignment=\u00bbcenter\u00bb el_class=\u00bbbanner-img\u00bb][\/vc_column][\/vc_row][vc_row gap=\u00bb20&#8243;][vc_column width=\u00bb3\/4&#8243; css=\u00bb.vc_custom_1660926096111{padding-right: 30px !important;}\u00bb][vc_column_text css=\u00bb\u00bb]<\/p>\n<h6>Los sistemas AOI en l\u00ednea Mek pueden colocarse f\u00e1cilmente para integrarse completamente con su l\u00ednea de montaje.<br \/>\nUna parte valiosa de su proceso de flujo de trabajo, los sistemas AOI en l\u00ednea Mek identificar\u00e1n directamente los errores y las tendencias emergentes del proceso. Refinando incluso el proceso m\u00e1s complejo, proporcionan una productividad \u00f3ptima para cada entorno de fabricaci\u00f3n de electr\u00f3nica.<\/h6>\n<h6><img loading=\"lazy\" decoding=\"async\" class=\"wp-image-107 size-full alignnone\" src=\"http:\/\/marantz-electronics.com\/wp-content\/uploads\/2015\/06\/powerspector-title.jpg\" alt=\"PowrSpector desktop AOI\" width=\"200\" height=\"23\" srcset=\"https:\/\/marantz-electronics.com\/wp-content\/uploads\/2015\/06\/powerspector-title.jpg 200w, https:\/\/marantz-electronics.com\/wp-content\/uploads\/2015\/06\/powerspector-title-24x3.jpg 24w, https:\/\/marantz-electronics.com\/wp-content\/uploads\/2015\/06\/powerspector-title-36x4.jpg 36w, https:\/\/marantz-electronics.com\/wp-content\/uploads\/2015\/06\/powerspector-title-48x6.jpg 48w\" sizes=\"auto, (max-width: 200px) 100vw, 200px\" \/><\/h6>\n<p>Los sistemas AOI en l\u00ednea PowerSpector de Mek, con el cabezal de inspecci\u00f3n de la serie J, est\u00e1n dise\u00f1ados para la m\u00e1xima cobertura de defectos manteniendo tiempos de programaci\u00f3n cortos. Pueden equiparse con 9 c\u00e1maras: 1 superior y 8 laterales. Para lograr la m\u00e1xima flexibilidad, la unidad \u00f3ptica se puede configurar para adaptarse a sus necesidades actuales, al tiempo que ofrece posibilidades de actualizaci\u00f3n para el futuro.<\/p>\n<p>La revolucionaria tecnolog\u00eda de medici\u00f3n l\u00e1ser 3D selectiva permite a los usuarios realizar mediciones de altura selectivas de cualquier objeto con una precisi\u00f3n sin precedentes. Mediante la asignaci\u00f3n de dos puntos -una referencia y un objetivo- esta tecnolog\u00eda garantiza mediciones precisas y fiables, estableciendo un nuevo est\u00e1ndar para la medici\u00f3n AOI.[\/vc_column_text][vc_single_image image=\u00bb10523&#8243; img_size=\u00bblarge\u00bb alignment=\u00bbcenter\u00bb css=\u00bb\u00bb][vc_empty_space height=\u00bb20px\u00bb][vc_column_text css=\u00bb\u00bb]<\/p>\n<h6><b><strong>Inspecci\u00f3n de calidad<\/strong><\/b><\/h6>\n<p>La serie PowerSpector JSAz AOI est\u00e1 dise\u00f1ada para clientes para los que la calidad de producci\u00f3n es prioritaria.<\/p>\n<p>La serie JSAz permite la inspecci\u00f3n de componentes m\u00e1s altos con un <strong>espacio libre superior\u00a0de\u00a060 mm<\/strong> y c\u00e1maras laterales con un mayor campo de visi\u00f3n y una resoluci\u00f3n de 20 \u00b5m. Un mayor sistema de iluminaci\u00f3n de 3 \u00e1ngulos asegura un perfilado \u00f3ptimo del menisco en combinaci\u00f3n con una mayor holgura superior. En la mayor\u00eda de los chasis, esto no sacrifica el \u00e1rea de inspecci\u00f3n m\u00e1xima.<\/p>\n<h6><b>Los cabezales de inspecci\u00f3n<\/b><\/h6>\n<p>Los sistemas AOI JSAz son los motores de inspecci\u00f3n m\u00e1s vers\u00e1tiles de Mek, inspeccionando de forma fiable cuerpos de componentes SMT y THT para presencia\/ausencia, tipo, polaridad, desplazamiento, texto, colores, etc. y filetes de soldadura de componentes para soldadura excesiva, insuficiente, sin soldadura, cortocircuitos, cables levantados, etc. Adecuados para su uso en soldadura pre-reflujo, post-reflujo, post-wave y post-selectiva, tambi\u00e9n pueden utilizarse para la inspecci\u00f3n de pasta de soldadura 2D y la inspecci\u00f3n del primer art\u00edculo.<\/p>\n<p>Con una revolucionaria t\u00e9cnica de captura 3D pasiva que utiliza las c\u00e1maras laterales, se crean im\u00e1genes de componentes en 3D utilizando las 9 c\u00e1maras. La adici\u00f3n de un 4\u00ba \u00e1ngulo de luz blanca en el cabezal JSAz permite obtener im\u00e1genes laterales con luz real de estos componentes 3D.<\/p>\n<p>Combinando su c\u00e1mara superior de alta resoluci\u00f3n con lente telec\u00e9ntrica y la nueva y exclusiva tecnolog\u00eda de c\u00e1mara lateral multiplexada 8x \u2018USB 3 Vision\u2019, con lentes Tilt-Shift en orientaci\u00f3n 45\/45, los defectos encontrados se presentan a las estaciones de clasificaci\u00f3n y reparaci\u00f3n como un microscopio autom\u00e1tico de 9 pliegues. Para la c\u00e1mara ortogonal puede seleccionarse una resoluci\u00f3n de lente de entre 10\u00b5 y 15\u00b5 por p\u00edxel, para adaptarse al componente m\u00e1s peque\u00f1o colocado en las placas de circuito impreso ensambladas.[\/vc_column_text][vc_row_inner][vc_column_inner width=\u00bb1\/2&#8243;][vc_single_image image=\u00bb10490&#8243; img_size=\u00bblarge\u00bb alignment=\u00bbcenter\u00bb onclick=\u00bblink_image\u00bb css=\u00bb\u00bb][vc_column_text css=\u00bb\u00bb]<em>La combinaci\u00f3n del CCD de gran tama\u00f1o de la c\u00e1mara y los objetivos de alta calidad da como resultado im\u00e1genes n\u00edtidas y de alta definici\u00f3n.<\/em>[\/vc_column_text][\/vc_column_inner][vc_column_inner width=\u00bb1\/2&#8243;][vc_single_image image=\u00bb10494&#8243; img_size=\u00bblarge\u00bb alignment=\u00bbcenter\u00bb onclick=\u00bblink_image\u00bb css=\u00bb\u00bb][vc_column_text css=\u00bb\u00bb]<em>C\u00e1maras angulares 8x. Triple uso de las c\u00e1maras angulares: Inspecci\u00f3n autom\u00e1tica, clasificaci\u00f3n de defectos y reparaci\u00f3n posterior a la inspecci\u00f3n.<\/em>[\/vc_column_text][\/vc_column_inner][\/vc_row_inner][vc_column_text css=\u00bb\u00bb]Las 4 fuentes de luz con 2 colores diferentes procedentes de distintos \u00e1ngulos crean un perfil detallado de los meniscos de soldadura, mientras que la luz principal blanca da como resultado una representaci\u00f3n real del color de los componentes. Con la luz DOAL (Diffused On Axis Light) que proyecta exactamente 90\u2070 sobre los componentes objetivo, la calidad de la soldadura puede inspeccionarse siempre, incluso en presencia de componentes altos.<\/p>\n<p>El eje Z de 30 mm permite compensar el alabeo y enfocar la parte superior de componentes altos y placas de circuito impreso montadas por encima del plano normal de la placa de circuito impreso.<\/p>\n<p>El p\u00f3rtico de accionamiento XY con mec\u00e1nica de husillo de bolas permite la inspecci\u00f3n a alta velocidad manteniendo una gran exactitud y precisi\u00f3n. Los ejes con revestimiento especial ofrecen un funcionamiento silencioso y un desgaste m\u00ednimo para reducir al m\u00ednimo los requisitos de mantenimiento y calibraci\u00f3n.<\/p>\n<p>El sistema de control de procesos de Mek, el\u00a0<a href=\"https:\/\/marantz-electronics.com\/es\/sistema-mek-catch\/\"><b>Catch System<\/b><\/a>\u00a0puede conectar en red m\u00faltiples\u00a0<a href=\"https:\/\/marantz-electronics.com\/es\/sistemas-aoi-3d-selectivos\/\"><b>m\u00e1quinas Mek AOI<\/b><\/a>\u00a0en un sistema de control de calidad y monitorizaci\u00f3n de procesos de bucle completamente cerrado optimizado de forma \u00fanica para el flujo de trabajo y la organizaci\u00f3n interna de cada usuario.<\/p>\n<p>Los sistemas AOI en l\u00ednea de la plataforma PowerSpector est\u00e1n disponibles en dos tama\u00f1os, el 350 y el 650, con \u00e1reas de inspecci\u00f3n de 350 x 250 mm y 550 x 650 mm respectivamente.[\/vc_column_text][vc_single_image image=\u00bb11086&#8243; img_size=\u00bb500&#8243; alignment=\u00bbcenter\u00bb css=\u00bb\u00bb][\/vc_column][vc_column width=\u00bb1\/4&#8243; css=\u00bb.vc_custom_1660909564312{border-left-width: 10px !important;border-left-color: #000000 !important;border-radius: 1px !important;}\u00bb][vc_column_text css=\u00bb\u00bb el_class=\u00bbside-head\u00bb]<\/p>\n<h3><img loading=\"lazy\" decoding=\"async\" class=\"alignnone size-full wp-image-11369\" src=\"https:\/\/marantz-electronics.com\/wp-content\/uploads\/roi-3.png\" alt=\"\" width=\"60\" height=\"60\" \/>ROI Calculator<\/h3>\n<p>[\/vc_column_text][vc_column_text css=\u00bb\u00bb]Calcule el ROI de su inversi\u00f3n en AOI en segundos. Compruebe con qu\u00e9 rapidez obtendr\u00e1 beneficios y si es adecuado para su negocio.[\/vc_column_text][vc_btn title=\u00bbCalcular ahora\u00bb style=\u00bbflat\u00bb align=\u00bbcenter\u00bb css=\u00bb\u00bb el_class=\u00bbmek-hme-btn\u00bb link=\u00bburl:%2Faoi-calculator%2F|title:AOI%20ROI%20Calculator|target:_blank\u00bb][vc_separator][vc_column_text el_class=\u00bbside-head\u00bb]<\/p>\n<h3><img loading=\"lazy\" decoding=\"async\" class=\"alignnone wp-image-3951 size-full\" src=\"https:\/\/marantz-electronics.com\/wp-content\/uploads\/2015\/06\/download-icon.jpg\" alt=\"\" width=\"60\" height=\"60\" \/>Descargas<\/h3>\n<p>[\/vc_column_text][vc_column_text css=\u00bb\u00bb el_class=\u00bbside-head\u00bb]<a href=\"\/wp-content\/uploads\/PowerSpector-Inline-AOI-Brochure-2025-V2.pdf\" target=\"_blank\" rel=\"noopener\">Folleto de AOI en l\u00ednea<\/a>[\/vc_column_text][vc_btn title=\u00bbDescargar folleto\u00bb style=\u00bbflat\u00bb align=\u00bbcenter\u00bb css=\u00bb\u00bb el_class=\u00bbmek-hme-btn\u00bb link=\u00bburl:%2Fwp-content%2Fuploads%2FPowerSpector-Inline-AOI-Brochure-2025-V2.pdf|title:Inline%20AOI%20brochure|target:_blank\u00bb][vc_separator][vc_column_text css=\u00bb\u00bb el_class=\u00bbside-head\u00bb]<\/p>\n<h3><img loading=\"lazy\" decoding=\"async\" class=\"alignnone size-full wp-image-11527\" src=\"https:\/\/marantz-electronics.com\/wp-content\/uploads\/blogger.png\" alt=\"\" width=\"60\" height=\"60\" \/>\u00daltimas Noticias<\/h3>\n<p>Lea las \u00faltimas noticias en nuestro blog: Inspection Matters[\/vc_column_text][vc_btn title=\u00bbIr al Blog\u00bb style=\u00bbflat\u00bb align=\u00bbcenter\u00bb css=\u00bb\u00bb el_class=\u00bbmek-hme-btn\u00bb link=\u00bburl:%2Fes%2Fblog%2F|title:Mek%20blog|target:_blank\u00bb][\/vc_column][\/vc_row][vc_row][vc_column][vc_empty_space][vc_separator][vc_column_text el_class=\u00bbcenter big-heading\u00bb]<\/p>\n<h4 style=\"text-align: center;\">Si Necesita Ayuda Para Decidir La Soluci\u00f3n AOI Adecuada<\/h4>\n<p>[\/vc_column_text][vc_btn title=\u00bbCont\u00e1ctenos\u00bb style=\u00bbflat\u00bb align=\u00bbcenter\u00bb i_align=\u00bbright\u00bb i_icon_fontawesome=\u00bbfas fa-arrow-alt-circle-right\u00bb add_icon=\u00bbtrue\u00bb el_class=\u00bbmek-hme-btn\u00bb link=\u00bburl:https%3A%2F%2Fmarantz-electronics.com%2Fes%2Fcontacto-mek%2F|title:Cont%C3%A1ctenos\u00bb][\/vc_column][\/vc_row]<\/p>\n<\/div>","protected":false},"excerpt":{"rendered":"<p>[vc_row full_width=\u00bbstretch_row\u00bb equal_height=\u00bbyes\u00bb content_placement=\u00bbmiddle\u00bb el_class=\u00bbmek-page-banner border-pink\u00bb css=\u00bb.vc_custom_1663673283676{background-image: url(https:\/\/marantz-electronics.com\/wp-content\/uploads\/Selective-3D-AOI-background.jpg?id=7571) !important;background-position: center !important;background-repeat: no-repeat !important;background-size: cover !important;}\u00bb][vc_column width=\u00bb1\/2&#8243;][vc_column_text] MEK AOI En L\u00ednea Mejora Del Rendimiento En Tiempo Real [\/vc_column_text][\/vc_column][vc_column width=\u00bb1\/2&#8243;][vc_empty_space height=\u00bb20px\u00bb][vc_single_image image=\u00bb10162&#8243; img_size=\u00bbfull\u00bb alignment=\u00bbcenter\u00bb el_class=\u00bbbanner-img\u00bb][\/vc_column][\/vc_row][vc_row gap=\u00bb20&#8243;][vc_column width=\u00bb3\/4&#8243; css=\u00bb.vc_custom_1660926096111{padding-right: 30px !important;}\u00bb][vc_column_text css=\u00bb\u00bb] Los sistemas AOI en l\u00ednea Mek pueden colocarse f\u00e1cilmente para integrarse completamente con su l\u00ednea de montaje. Una parte valiosa de su proceso de flujo de trabajo, los sistemas AOI en l\u00ednea Mek identificar\u00e1n directamente los&#8230; <\/br><a class=\"moretag\" href=\"https:\/\/marantz-electronics.com\/es\/sistemas-aoi-en-linea\/\"> Read the full article&#8230;<\/a><\/p>\n","protected":false},"author":1,"featured_media":0,"parent":0,"menu_order":0,"comment_status":"closed","ping_status":"open","template":"page-templates\/mek-fullwidth-v2.php","meta":{"footnotes":""},"class_list":["post-3414","page","type-page","status-publish","hentry"],"yoast_head":"<!-- This site is optimized with the Yoast SEO Premium plugin v21.6 (Yoast SEO v27.3) - https:\/\/yoast.com\/product\/yoast-seo-premium-wordpress\/ -->\n<title>Mek (Marantz Electronics) Sistemas AOI en l\u00ednea<\/title>\n<meta name=\"description\" content=\"Los sistemas AOI en l\u00ednea PowerSpector Mek (Marantz Electronics) ofrecen una m\u00e1xima cobertura de defectos con cortos tiempos de programaci\u00f3n. Puede ser equipado con 9 c\u00e1maras.\" \/>\n<meta name=\"robots\" content=\"index, follow, max-snippet:-1, max-image-preview:large, max-video-preview:-1\" \/>\n<link rel=\"canonical\" href=\"https:\/\/marantz-electronics.com\/es\/sistemas-aoi-en-linea\/\" \/>\n<meta property=\"og:locale\" content=\"es_ES\" \/>\n<meta property=\"og:type\" content=\"article\" \/>\n<meta property=\"og:title\" content=\"Sistemas AOI en l\u00ednea\" \/>\n<meta property=\"og:description\" content=\"Los sistemas AOI en l\u00ednea PowerSpector Mek (Marantz Electronics) ofrecen una m\u00e1xima cobertura de defectos con cortos tiempos de programaci\u00f3n. Puede ser equipado con 9 c\u00e1maras.\" \/>\n<meta property=\"og:url\" content=\"https:\/\/marantz-electronics.com\/es\/sistemas-aoi-en-linea\/\" \/>\n<meta property=\"og:site_name\" content=\"Mek, Automated Optical Inspection (AOI) and Solder Paste Inspection (SPI) systems specialist\" \/>\n<meta property=\"article:modified_time\" content=\"2025-04-04T11:35:27+00:00\" \/>\n<meta property=\"og:image\" content=\"http:\/\/marantz-electronics.com\/wp-content\/uploads\/2015\/06\/powerspector-title.jpg\" \/>\n<meta name=\"twitter:card\" content=\"summary_large_image\" \/>\n<meta name=\"twitter:label1\" content=\"Tiempo de lectura\" \/>\n\t<meta name=\"twitter:data1\" content=\"6 minutos\" \/>\n<script type=\"application\/ld+json\" class=\"yoast-schema-graph\">{\"@context\":\"https:\\\/\\\/schema.org\",\"@graph\":[{\"@type\":\"WebPage\",\"@id\":\"https:\\\/\\\/marantz-electronics.com\\\/es\\\/sistemas-aoi-en-linea\\\/\",\"url\":\"https:\\\/\\\/marantz-electronics.com\\\/es\\\/sistemas-aoi-en-linea\\\/\",\"name\":\"Mek (Marantz Electronics) Sistemas AOI en l\u00ednea\",\"isPartOf\":{\"@id\":\"https:\\\/\\\/marantz-electronics.com\\\/es\\\/#website\"},\"primaryImageOfPage\":{\"@id\":\"https:\\\/\\\/marantz-electronics.com\\\/es\\\/sistemas-aoi-en-linea\\\/#primaryimage\"},\"image\":{\"@id\":\"https:\\\/\\\/marantz-electronics.com\\\/es\\\/sistemas-aoi-en-linea\\\/#primaryimage\"},\"thumbnailUrl\":\"http:\\\/\\\/marantz-electronics.com\\\/wp-content\\\/uploads\\\/2015\\\/06\\\/powerspector-title.jpg\",\"datePublished\":\"2020-03-03T12:46:54+00:00\",\"dateModified\":\"2025-04-04T11:35:27+00:00\",\"description\":\"Los sistemas AOI en l\u00ednea PowerSpector Mek (Marantz Electronics) ofrecen una m\u00e1xima cobertura de defectos con cortos tiempos de programaci\u00f3n. Puede ser equipado con 9 c\u00e1maras.\",\"breadcrumb\":{\"@id\":\"https:\\\/\\\/marantz-electronics.com\\\/es\\\/sistemas-aoi-en-linea\\\/#breadcrumb\"},\"inLanguage\":\"es\",\"potentialAction\":[{\"@type\":\"ReadAction\",\"target\":[\"https:\\\/\\\/marantz-electronics.com\\\/es\\\/sistemas-aoi-en-linea\\\/\"]}]},{\"@type\":\"ImageObject\",\"inLanguage\":\"es\",\"@id\":\"https:\\\/\\\/marantz-electronics.com\\\/es\\\/sistemas-aoi-en-linea\\\/#primaryimage\",\"url\":\"http:\\\/\\\/marantz-electronics.com\\\/wp-content\\\/uploads\\\/2015\\\/06\\\/powerspector-title.jpg\",\"contentUrl\":\"http:\\\/\\\/marantz-electronics.com\\\/wp-content\\\/uploads\\\/2015\\\/06\\\/powerspector-title.jpg\"},{\"@type\":\"BreadcrumbList\",\"@id\":\"https:\\\/\\\/marantz-electronics.com\\\/es\\\/sistemas-aoi-en-linea\\\/#breadcrumb\",\"itemListElement\":[{\"@type\":\"ListItem\",\"position\":1,\"name\":\"Home\",\"item\":\"https:\\\/\\\/marantz-electronics.com\\\/es\\\/\"},{\"@type\":\"ListItem\",\"position\":2,\"name\":\"Sistemas AOI en l\u00ednea\"}]},{\"@type\":\"WebSite\",\"@id\":\"https:\\\/\\\/marantz-electronics.com\\\/es\\\/#website\",\"url\":\"https:\\\/\\\/marantz-electronics.com\\\/es\\\/\",\"name\":\"Mek, Automated Optical Inspection (AOI) and Solder Paste Inspection (SPI) systems specialist\",\"description\":\"\",\"publisher\":{\"@id\":\"https:\\\/\\\/marantz-electronics.com\\\/es\\\/#organization\"},\"potentialAction\":[{\"@type\":\"SearchAction\",\"target\":{\"@type\":\"EntryPoint\",\"urlTemplate\":\"https:\\\/\\\/marantz-electronics.com\\\/es\\\/?s={search_term_string}\"},\"query-input\":{\"@type\":\"PropertyValueSpecification\",\"valueRequired\":true,\"valueName\":\"search_term_string\"}}],\"inLanguage\":\"es\"},{\"@type\":\"Organization\",\"@id\":\"https:\\\/\\\/marantz-electronics.com\\\/es\\\/#organization\",\"name\":\"Mek, Automated Optical Inspection (AOI) and Solder Paste Inspection (SPI) systems specialist\",\"url\":\"https:\\\/\\\/marantz-electronics.com\\\/es\\\/\",\"logo\":{\"@type\":\"ImageObject\",\"inLanguage\":\"es\",\"@id\":\"https:\\\/\\\/marantz-electronics.com\\\/es\\\/#\\\/schema\\\/logo\\\/image\\\/\",\"url\":\"https:\\\/\\\/marantz-electronics.com\\\/wp-content\\\/uploads\\\/2015\\\/06\\\/mek-logo.png\",\"contentUrl\":\"https:\\\/\\\/marantz-electronics.com\\\/wp-content\\\/uploads\\\/2015\\\/06\\\/mek-logo.png\",\"width\":263,\"height\":60,\"caption\":\"Mek, Automated Optical Inspection (AOI) and Solder Paste Inspection (SPI) systems specialist\"},\"image\":{\"@id\":\"https:\\\/\\\/marantz-electronics.com\\\/es\\\/#\\\/schema\\\/logo\\\/image\\\/\"}}]}<\/script>\n<!-- \/ Yoast SEO Premium plugin. -->","yoast_head_json":{"title":"Mek (Marantz Electronics) Sistemas AOI en l\u00ednea","description":"Los sistemas AOI en l\u00ednea PowerSpector Mek (Marantz Electronics) ofrecen una m\u00e1xima cobertura de defectos con cortos tiempos de programaci\u00f3n. Puede ser equipado con 9 c\u00e1maras.","robots":{"index":"index","follow":"follow","max-snippet":"max-snippet:-1","max-image-preview":"max-image-preview:large","max-video-preview":"max-video-preview:-1"},"canonical":"https:\/\/marantz-electronics.com\/es\/sistemas-aoi-en-linea\/","og_locale":"es_ES","og_type":"article","og_title":"Sistemas AOI en l\u00ednea","og_description":"Los sistemas AOI en l\u00ednea PowerSpector Mek (Marantz Electronics) ofrecen una m\u00e1xima cobertura de defectos con cortos tiempos de programaci\u00f3n. Puede ser equipado con 9 c\u00e1maras.","og_url":"https:\/\/marantz-electronics.com\/es\/sistemas-aoi-en-linea\/","og_site_name":"Mek, Automated Optical Inspection (AOI) and Solder Paste Inspection (SPI) systems specialist","article_modified_time":"2025-04-04T11:35:27+00:00","og_image":[{"url":"http:\/\/marantz-electronics.com\/wp-content\/uploads\/2015\/06\/powerspector-title.jpg","type":"","width":"","height":""}],"twitter_card":"summary_large_image","twitter_misc":{"Tiempo de lectura":"6 minutos"},"schema":{"@context":"https:\/\/schema.org","@graph":[{"@type":"WebPage","@id":"https:\/\/marantz-electronics.com\/es\/sistemas-aoi-en-linea\/","url":"https:\/\/marantz-electronics.com\/es\/sistemas-aoi-en-linea\/","name":"Mek (Marantz Electronics) Sistemas AOI en l\u00ednea","isPartOf":{"@id":"https:\/\/marantz-electronics.com\/es\/#website"},"primaryImageOfPage":{"@id":"https:\/\/marantz-electronics.com\/es\/sistemas-aoi-en-linea\/#primaryimage"},"image":{"@id":"https:\/\/marantz-electronics.com\/es\/sistemas-aoi-en-linea\/#primaryimage"},"thumbnailUrl":"http:\/\/marantz-electronics.com\/wp-content\/uploads\/2015\/06\/powerspector-title.jpg","datePublished":"2020-03-03T12:46:54+00:00","dateModified":"2025-04-04T11:35:27+00:00","description":"Los sistemas AOI en l\u00ednea PowerSpector Mek (Marantz Electronics) ofrecen una m\u00e1xima cobertura de defectos con cortos tiempos de programaci\u00f3n. Puede ser equipado con 9 c\u00e1maras.","breadcrumb":{"@id":"https:\/\/marantz-electronics.com\/es\/sistemas-aoi-en-linea\/#breadcrumb"},"inLanguage":"es","potentialAction":[{"@type":"ReadAction","target":["https:\/\/marantz-electronics.com\/es\/sistemas-aoi-en-linea\/"]}]},{"@type":"ImageObject","inLanguage":"es","@id":"https:\/\/marantz-electronics.com\/es\/sistemas-aoi-en-linea\/#primaryimage","url":"http:\/\/marantz-electronics.com\/wp-content\/uploads\/2015\/06\/powerspector-title.jpg","contentUrl":"http:\/\/marantz-electronics.com\/wp-content\/uploads\/2015\/06\/powerspector-title.jpg"},{"@type":"BreadcrumbList","@id":"https:\/\/marantz-electronics.com\/es\/sistemas-aoi-en-linea\/#breadcrumb","itemListElement":[{"@type":"ListItem","position":1,"name":"Home","item":"https:\/\/marantz-electronics.com\/es\/"},{"@type":"ListItem","position":2,"name":"Sistemas AOI en l\u00ednea"}]},{"@type":"WebSite","@id":"https:\/\/marantz-electronics.com\/es\/#website","url":"https:\/\/marantz-electronics.com\/es\/","name":"Mek, Automated Optical Inspection (AOI) and Solder Paste Inspection (SPI) systems specialist","description":"","publisher":{"@id":"https:\/\/marantz-electronics.com\/es\/#organization"},"potentialAction":[{"@type":"SearchAction","target":{"@type":"EntryPoint","urlTemplate":"https:\/\/marantz-electronics.com\/es\/?s={search_term_string}"},"query-input":{"@type":"PropertyValueSpecification","valueRequired":true,"valueName":"search_term_string"}}],"inLanguage":"es"},{"@type":"Organization","@id":"https:\/\/marantz-electronics.com\/es\/#organization","name":"Mek, Automated Optical Inspection (AOI) and Solder Paste Inspection (SPI) systems specialist","url":"https:\/\/marantz-electronics.com\/es\/","logo":{"@type":"ImageObject","inLanguage":"es","@id":"https:\/\/marantz-electronics.com\/es\/#\/schema\/logo\/image\/","url":"https:\/\/marantz-electronics.com\/wp-content\/uploads\/2015\/06\/mek-logo.png","contentUrl":"https:\/\/marantz-electronics.com\/wp-content\/uploads\/2015\/06\/mek-logo.png","width":263,"height":60,"caption":"Mek, Automated Optical Inspection (AOI) and Solder Paste Inspection (SPI) systems specialist"},"image":{"@id":"https:\/\/marantz-electronics.com\/es\/#\/schema\/logo\/image\/"}}]}},"_links":{"self":[{"href":"https:\/\/marantz-electronics.com\/es\/wp-json\/wp\/v2\/pages\/3414","targetHints":{"allow":["GET"]}}],"collection":[{"href":"https:\/\/marantz-electronics.com\/es\/wp-json\/wp\/v2\/pages"}],"about":[{"href":"https:\/\/marantz-electronics.com\/es\/wp-json\/wp\/v2\/types\/page"}],"author":[{"embeddable":true,"href":"https:\/\/marantz-electronics.com\/es\/wp-json\/wp\/v2\/users\/1"}],"replies":[{"embeddable":true,"href":"https:\/\/marantz-electronics.com\/es\/wp-json\/wp\/v2\/comments?post=3414"}],"version-history":[{"count":9,"href":"https:\/\/marantz-electronics.com\/es\/wp-json\/wp\/v2\/pages\/3414\/revisions"}],"predecessor-version":[{"id":11611,"href":"https:\/\/marantz-electronics.com\/es\/wp-json\/wp\/v2\/pages\/3414\/revisions\/11611"}],"wp:attachment":[{"href":"https:\/\/marantz-electronics.com\/es\/wp-json\/wp\/v2\/media?parent=3414"}],"curies":[{"name":"wp","href":"https:\/\/api.w.org\/{rel}","templated":true}]}}