{"id":3542,"date":"2020-03-11T09:57:31","date_gmt":"2020-03-11T09:57:31","guid":{"rendered":"http:\/\/marantz-electronics.com\/tecnologia-de-vision-artificial-mek-spidereye\/"},"modified":"2020-11-03T17:26:19","modified_gmt":"2020-11-03T17:26:19","slug":"spidereye","status":"publish","type":"page","link":"https:\/\/marantz-electronics.com\/es\/spidereye\/","title":{"rendered":"Tecnolog\u00eda de visi\u00f3n artificial Mek SpiderEye"},"content":{"rendered":"<h6>El sistema de visi\u00f3n artificial Mek SpiderEye es un sistema est\u00e1tico AOI para la inspecci\u00f3n e identificaci\u00f3n automatizada de objetos en movimiento.<\/h6>\n<p>Ideal para su uso en innumerables industrias para detectar defectos y verificar las piezas para el ensamblaje de productos, SpiderEye es totalmente port\u00e1til y puede montarse r\u00e1pidamente pr\u00e1cticamente en cualquier lugar de la l\u00ednea de producci\u00f3n. Esta flexibilidad elimina la necesidad de invertir en m\u00faltiples m\u00e1quinas est\u00e1ticas.<\/p>\n<p>Una vez fijado en su posici\u00f3n por sus pies magn\u00e9ticos integrados, el sistema es sencillo de instalar y excepcionalmente r\u00e1pido y f\u00e1cil de programar, directamente desde la caja, sin necesidad de ning\u00fan tipo de soporte de ingenier\u00eda in situ. La herramienta de formaci\u00f3n en l\u00ednea del Mek, iMentor, proporciona una formaci\u00f3n en l\u00ednea extensa y actualizada con im\u00e1genes y v\u00eddeos paso a paso.<\/p>\n<p>Se puede trasladar a tareas de inspecci\u00f3n totalmente diferentes con facilidad y sin necesidad de un nuevo software suministrado por la f\u00e1brica. Los primeros lotes cortos pueden beneficiarse de la misma inspecci\u00f3n que las l\u00edneas de producci\u00f3n en masa a largo plazo.<\/p>\n<p>Los sistemas de visi\u00f3n artificial SpiderEye se derivan de la avanzada tecnolog\u00eda AOI de Mek, que fue desarrollada para la inspecci\u00f3n de componentes micro-miniatura en el ensamblaje electr\u00f3nico de montaje superficial. Una proporci\u00f3n significativamente grande de los fallos y defectos en otras industrias manufactureras son mucho mayores &#8211; y por lo tanto se detectan con absoluta facilidad.<\/p>\n<p>SpiderEye cuenta con ocho c\u00e1maras de interfaz de visi\u00f3n USB3 de alta resoluci\u00f3n y velocidad que funcionan simult\u00e1neamente, cada una con su propia fuente de luz LED controlada. Todos los dispositivos de captura de im\u00e1genes est\u00e1n controlados por una electr\u00f3nica patentada de \u00faltima generaci\u00f3n y programados por un \u00fanico ordenador y controlador con el mismo potente motor de software 22X que las m\u00e1quinas Mek AOI. El Mek SpiderEye utiliza una sola interfaz de software para controlar y programar las ocho c\u00e1maras, sin necesidad de m\u00faltiples programas de inspecci\u00f3n.<\/p>\n<p>El software de visi\u00f3n del Mek proporciona todos los algoritmos para hacer frente a cualquier requisito de inspecci\u00f3n. Esto incluye im\u00e1genes a todo color, de coincidencia de patrones complejos y algoritmos de decisi\u00f3n basados en condiciones profundas, la capacidad de decodificar todo tipo de c\u00f3digos de barras 1D y 2D, capacidad de b\u00fasqueda avanzada para la inspecci\u00f3n de puntos inestables y decodificaci\u00f3n de texto mediante OCR o verificaci\u00f3n mediante OCV.<\/p>\n<p>Las inspecciones pueden realizarse mientras el objeto est\u00e1 en movimiento, ya sea en un transportador o m\u00e1s com\u00fanmente en un brazo rob\u00f3tico, con el momento de la inspecci\u00f3n disparado por un sensor.<\/p>\n<p>Se pueden crear bibliotecas para minimizar a\u00fan m\u00e1s el tiempo de programaci\u00f3n en el futuro.<\/p>\n<p>SpiderEye es totalmente compatible con el Sistema de Captura Mek para la recolecci\u00f3n de datos de inspecci\u00f3n, reparaci\u00f3n y SPC.<\/p>\n","protected":false},"excerpt":{"rendered":"<p>El sistema de visi\u00f3n artificial Mek SpiderEye es un sistema est\u00e1tico AOI para la inspecci\u00f3n e identificaci\u00f3n automatizada de objetos en movimiento. Ideal para su uso en innumerables industrias para detectar defectos y verificar las piezas para el ensamblaje de productos, SpiderEye es totalmente port\u00e1til y puede montarse r\u00e1pidamente pr\u00e1cticamente en cualquier lugar de la l\u00ednea de producci\u00f3n. Esta flexibilidad elimina la necesidad de invertir en m\u00faltiples m\u00e1quinas est\u00e1ticas. Una vez fijado en su posici\u00f3n&#8230; <\/br><a class=\"moretag\" href=\"https:\/\/marantz-electronics.com\/es\/spidereye\/\"> Read the full article&#8230;<\/a><\/p>\n","protected":false},"author":1,"featured_media":0,"parent":0,"menu_order":0,"comment_status":"closed","ping_status":"closed","template":"","meta":{"footnotes":""},"class_list":["post-3542","page","type-page","status-publish","hentry"],"yoast_head":"<!-- This site is optimized with the Yoast SEO Premium plugin v21.6 (Yoast SEO v27.3) - https:\/\/yoast.com\/product\/yoast-seo-premium-wordpress\/ -->\n<title>Sistema de visi\u00f3n artificial SpiderEye<\/title>\n<meta name=\"description\" content=\"El sistema de visi\u00f3n artificial Mek SpiderEye es un sistema AOI est\u00e1tico para la inspecci\u00f3n automatizada de objetos en movimiento.\" \/>\n<meta name=\"robots\" content=\"index, follow, max-snippet:-1, max-image-preview:large, max-video-preview:-1\" \/>\n<link rel=\"canonical\" href=\"https:\/\/marantz-electronics.com\/es\/spidereye\/\" \/>\n<meta property=\"og:locale\" content=\"es_ES\" \/>\n<meta property=\"og:type\" content=\"article\" \/>\n<meta property=\"og:title\" content=\"Tecnolog\u00eda de visi\u00f3n artificial Mek SpiderEye\" \/>\n<meta property=\"og:description\" content=\"El sistema de visi\u00f3n artificial Mek SpiderEye es un sistema AOI est\u00e1tico para la inspecci\u00f3n automatizada de objetos en movimiento.\" \/>\n<meta property=\"og:url\" content=\"https:\/\/marantz-electronics.com\/es\/spidereye\/\" \/>\n<meta property=\"og:site_name\" content=\"Mek, Automated Optical Inspection (AOI) and Solder Paste Inspection (SPI) systems specialist\" \/>\n<meta property=\"article:modified_time\" content=\"2020-11-03T17:26:19+00:00\" \/>\n<meta name=\"twitter:card\" content=\"summary_large_image\" \/>\n<meta name=\"twitter:label1\" content=\"Tiempo de lectura\" \/>\n\t<meta name=\"twitter:data1\" content=\"3 minutos\" \/>\n<script type=\"application\/ld+json\" class=\"yoast-schema-graph\">{\"@context\":\"https:\\\/\\\/schema.org\",\"@graph\":[{\"@type\":\"WebPage\",\"@id\":\"https:\\\/\\\/marantz-electronics.com\\\/es\\\/spidereye\\\/\",\"url\":\"https:\\\/\\\/marantz-electronics.com\\\/es\\\/spidereye\\\/\",\"name\":\"Sistema de visi\u00f3n artificial SpiderEye\",\"isPartOf\":{\"@id\":\"https:\\\/\\\/marantz-electronics.com\\\/es\\\/#website\"},\"datePublished\":\"2020-03-11T09:57:31+00:00\",\"dateModified\":\"2020-11-03T17:26:19+00:00\",\"description\":\"El sistema de visi\u00f3n artificial Mek SpiderEye es un sistema AOI est\u00e1tico para la inspecci\u00f3n automatizada de objetos en movimiento.\",\"breadcrumb\":{\"@id\":\"https:\\\/\\\/marantz-electronics.com\\\/es\\\/spidereye\\\/#breadcrumb\"},\"inLanguage\":\"es\",\"potentialAction\":[{\"@type\":\"ReadAction\",\"target\":[\"https:\\\/\\\/marantz-electronics.com\\\/es\\\/spidereye\\\/\"]}]},{\"@type\":\"BreadcrumbList\",\"@id\":\"https:\\\/\\\/marantz-electronics.com\\\/es\\\/spidereye\\\/#breadcrumb\",\"itemListElement\":[{\"@type\":\"ListItem\",\"position\":1,\"name\":\"Home\",\"item\":\"https:\\\/\\\/marantz-electronics.com\\\/es\\\/\"},{\"@type\":\"ListItem\",\"position\":2,\"name\":\"Tecnolog\u00eda de visi\u00f3n artificial Mek SpiderEye\"}]},{\"@type\":\"WebSite\",\"@id\":\"https:\\\/\\\/marantz-electronics.com\\\/es\\\/#website\",\"url\":\"https:\\\/\\\/marantz-electronics.com\\\/es\\\/\",\"name\":\"Mek, Automated Optical Inspection (AOI) and Solder Paste Inspection (SPI) systems specialist\",\"description\":\"\",\"publisher\":{\"@id\":\"https:\\\/\\\/marantz-electronics.com\\\/es\\\/#organization\"},\"potentialAction\":[{\"@type\":\"SearchAction\",\"target\":{\"@type\":\"EntryPoint\",\"urlTemplate\":\"https:\\\/\\\/marantz-electronics.com\\\/es\\\/?s={search_term_string}\"},\"query-input\":{\"@type\":\"PropertyValueSpecification\",\"valueRequired\":true,\"valueName\":\"search_term_string\"}}],\"inLanguage\":\"es\"},{\"@type\":\"Organization\",\"@id\":\"https:\\\/\\\/marantz-electronics.com\\\/es\\\/#organization\",\"name\":\"Mek, Automated Optical Inspection (AOI) and Solder Paste Inspection (SPI) systems specialist\",\"url\":\"https:\\\/\\\/marantz-electronics.com\\\/es\\\/\",\"logo\":{\"@type\":\"ImageObject\",\"inLanguage\":\"es\",\"@id\":\"https:\\\/\\\/marantz-electronics.com\\\/es\\\/#\\\/schema\\\/logo\\\/image\\\/\",\"url\":\"https:\\\/\\\/marantz-electronics.com\\\/wp-content\\\/uploads\\\/2015\\\/06\\\/mek-logo.png\",\"contentUrl\":\"https:\\\/\\\/marantz-electronics.com\\\/wp-content\\\/uploads\\\/2015\\\/06\\\/mek-logo.png\",\"width\":263,\"height\":60,\"caption\":\"Mek, Automated Optical Inspection (AOI) and Solder Paste Inspection (SPI) systems specialist\"},\"image\":{\"@id\":\"https:\\\/\\\/marantz-electronics.com\\\/es\\\/#\\\/schema\\\/logo\\\/image\\\/\"}}]}<\/script>\n<!-- \/ Yoast SEO Premium plugin. -->","yoast_head_json":{"title":"Sistema de visi\u00f3n artificial SpiderEye","description":"El sistema de visi\u00f3n artificial Mek SpiderEye es un sistema AOI est\u00e1tico para la inspecci\u00f3n automatizada de objetos en movimiento.","robots":{"index":"index","follow":"follow","max-snippet":"max-snippet:-1","max-image-preview":"max-image-preview:large","max-video-preview":"max-video-preview:-1"},"canonical":"https:\/\/marantz-electronics.com\/es\/spidereye\/","og_locale":"es_ES","og_type":"article","og_title":"Tecnolog\u00eda de visi\u00f3n artificial Mek SpiderEye","og_description":"El sistema de visi\u00f3n artificial Mek SpiderEye es un sistema AOI est\u00e1tico para la inspecci\u00f3n automatizada de objetos en movimiento.","og_url":"https:\/\/marantz-electronics.com\/es\/spidereye\/","og_site_name":"Mek, Automated Optical Inspection (AOI) and Solder Paste Inspection (SPI) systems specialist","article_modified_time":"2020-11-03T17:26:19+00:00","twitter_card":"summary_large_image","twitter_misc":{"Tiempo de lectura":"3 minutos"},"schema":{"@context":"https:\/\/schema.org","@graph":[{"@type":"WebPage","@id":"https:\/\/marantz-electronics.com\/es\/spidereye\/","url":"https:\/\/marantz-electronics.com\/es\/spidereye\/","name":"Sistema de visi\u00f3n artificial SpiderEye","isPartOf":{"@id":"https:\/\/marantz-electronics.com\/es\/#website"},"datePublished":"2020-03-11T09:57:31+00:00","dateModified":"2020-11-03T17:26:19+00:00","description":"El sistema de visi\u00f3n artificial Mek SpiderEye es un sistema AOI est\u00e1tico para la inspecci\u00f3n automatizada de objetos en movimiento.","breadcrumb":{"@id":"https:\/\/marantz-electronics.com\/es\/spidereye\/#breadcrumb"},"inLanguage":"es","potentialAction":[{"@type":"ReadAction","target":["https:\/\/marantz-electronics.com\/es\/spidereye\/"]}]},{"@type":"BreadcrumbList","@id":"https:\/\/marantz-electronics.com\/es\/spidereye\/#breadcrumb","itemListElement":[{"@type":"ListItem","position":1,"name":"Home","item":"https:\/\/marantz-electronics.com\/es\/"},{"@type":"ListItem","position":2,"name":"Tecnolog\u00eda de visi\u00f3n artificial Mek SpiderEye"}]},{"@type":"WebSite","@id":"https:\/\/marantz-electronics.com\/es\/#website","url":"https:\/\/marantz-electronics.com\/es\/","name":"Mek, Automated Optical Inspection (AOI) and Solder Paste Inspection (SPI) systems specialist","description":"","publisher":{"@id":"https:\/\/marantz-electronics.com\/es\/#organization"},"potentialAction":[{"@type":"SearchAction","target":{"@type":"EntryPoint","urlTemplate":"https:\/\/marantz-electronics.com\/es\/?s={search_term_string}"},"query-input":{"@type":"PropertyValueSpecification","valueRequired":true,"valueName":"search_term_string"}}],"inLanguage":"es"},{"@type":"Organization","@id":"https:\/\/marantz-electronics.com\/es\/#organization","name":"Mek, Automated Optical Inspection (AOI) and Solder Paste Inspection (SPI) systems specialist","url":"https:\/\/marantz-electronics.com\/es\/","logo":{"@type":"ImageObject","inLanguage":"es","@id":"https:\/\/marantz-electronics.com\/es\/#\/schema\/logo\/image\/","url":"https:\/\/marantz-electronics.com\/wp-content\/uploads\/2015\/06\/mek-logo.png","contentUrl":"https:\/\/marantz-electronics.com\/wp-content\/uploads\/2015\/06\/mek-logo.png","width":263,"height":60,"caption":"Mek, Automated Optical Inspection (AOI) and Solder Paste Inspection (SPI) systems specialist"},"image":{"@id":"https:\/\/marantz-electronics.com\/es\/#\/schema\/logo\/image\/"}}]}},"_links":{"self":[{"href":"https:\/\/marantz-electronics.com\/es\/wp-json\/wp\/v2\/pages\/3542","targetHints":{"allow":["GET"]}}],"collection":[{"href":"https:\/\/marantz-electronics.com\/es\/wp-json\/wp\/v2\/pages"}],"about":[{"href":"https:\/\/marantz-electronics.com\/es\/wp-json\/wp\/v2\/types\/page"}],"author":[{"embeddable":true,"href":"https:\/\/marantz-electronics.com\/es\/wp-json\/wp\/v2\/users\/1"}],"replies":[{"embeddable":true,"href":"https:\/\/marantz-electronics.com\/es\/wp-json\/wp\/v2\/comments?post=3542"}],"version-history":[{"count":1,"href":"https:\/\/marantz-electronics.com\/es\/wp-json\/wp\/v2\/pages\/3542\/revisions"}],"predecessor-version":[{"id":3628,"href":"https:\/\/marantz-electronics.com\/es\/wp-json\/wp\/v2\/pages\/3542\/revisions\/3628"}],"wp:attachment":[{"href":"https:\/\/marantz-electronics.com\/es\/wp-json\/wp\/v2\/media?parent=3542"}],"curies":[{"name":"wp","href":"https:\/\/api.w.org\/{rel}","templated":true}]}}