{"id":3605,"date":"2020-03-16T15:05:45","date_gmt":"2020-03-16T15:05:45","guid":{"rendered":"http:\/\/marantz-electronics.com\/aoi-en-linea-de-abajo-y-arriba\/"},"modified":"2025-04-04T12:51:40","modified_gmt":"2025-04-04T11:51:40","slug":"aoi-en-linea-de-abajo-y-arriba","status":"publish","type":"page","link":"https:\/\/marantz-electronics.com\/es\/aoi-en-linea-de-abajo-y-arriba\/","title":{"rendered":"AOI en l\u00ednea de abajo y arriba"},"content":{"rendered":"<div class=\"wpb-content-wrapper\"><p>[vc_row full_width=\u00bbstretch_row\u00bb equal_height=\u00bbyes\u00bb content_placement=\u00bbmiddle\u00bb el_class=\u00bbmek-page-banner border-pink\u00bb css=\u00bb.vc_custom_1663673283676{background-image: url(https:\/\/marantz-electronics.com\/wp-content\/uploads\/Selective-3D-AOI-background.jpg?id=7571) !important;background-position: center !important;background-repeat: no-repeat !important;background-size: cover !important;}\u00bb][vc_column width=\u00bb1\/2&#8243;][vc_column_text]<\/p>\n<h1>PowerSpector BTL<br \/>\nAOI de Doble Cara<\/h1>\n<h4>Simult\u00e1neo Arriba Y Abajo Inspecci\u00f3n De Los PCB<\/h4>\n<p>[\/vc_column_text][\/vc_column][vc_column width=\u00bb1\/2&#8243;][vc_single_image image=\u00bb10153&#8243; img_size=\u00bbfull\u00bb alignment=\u00bbcenter\u00bb el_class=\u00bbbanner-img\u00bb][\/vc_column][\/vc_row][vc_row gap=\u00bb20&#8243;][vc_column width=\u00bb3\/4&#8243; css=\u00bb.vc_custom_1660926096111{padding-right: 30px !important;}\u00bb][vc_column_text]<strong>El Mek PowerSpector BTL, AOI de doble cara, ofrece la inspecci\u00f3n de la parte inferior y superior de las placas de circuito impreso despu\u00e9s del reflujo, la soldadura por ola o selectiva y la colocaci\u00f3n de componentes THT y SMT.<\/strong><\/p>\n<p>Con hasta 9 c\u00e1maras por lado (18 en total), est\u00e1 dise\u00f1ado para inspeccionar los PCB&#8217;s dentro de los marcos de soldadura del sistema transportador de alta resistencia adecuado para montajes de hasta 5 kg.\u00a0La inspecci\u00f3n de PCBs sin marcos de soldadura tambi\u00e9n es posible. El PowerSpector 550BTL maneja PCBs con una dimensi\u00f3n m\u00e1xima de hasta 550x550mm (21.6&#8243;).\u00a0 El PowerSpector 350BTL est\u00e1 dise\u00f1ado para PCBs de tama\u00f1o medio de hasta 350x250mm (13,8 \u00abx9,8\u00bb).<\/p>\n<h4>Inspecci\u00f3n de fondo con 9 c\u00e1maras<\/h4>\n<p>El cabezal de inspecci\u00f3n de la parte inferior del JTAz tiene una distancia de 30 mm de la superficie del PCB.<\/p>\n<p>Un eje Z adicional permite que el cabezal se ajuste en 30mm para permitir una flexibilidad \u00f3ptima para la inspecci\u00f3n dentro de los marcos de soldadura y el ajuste correcto de las c\u00e1maras laterales.<\/p>\n<p>La resoluci\u00f3n de 18,75u de la \u00f3ptica principal y la resoluci\u00f3n de 13u de las c\u00e1maras laterales tambi\u00e9n ofrecen la opci\u00f3n de inspecci\u00f3n SMD de 01005&#8243; (0402mm) incluyendo la verificaci\u00f3n de la altura de objetos como pines y paquetes, as\u00ed como la medici\u00f3n de la altura de los chips en 3D.<\/p>\n<h4>Inspecci\u00f3n de arriba con 9 c\u00e1maras<\/h4>\n<p>El cabezal de inspecci\u00f3n de la parte superior basado en la JDAz est\u00e1 especialmente desarrollado para combinar una enorme holgura superior de 60 mm con una inspecci\u00f3n completa de las juntas de soldadura mediante el perfilador de meniscos en 3D.<\/p>\n<p>Un eje Z adicional de 30mm, con opci\u00f3n de autoenfoque, le permite centrarse en la parte superior de los componentes m\u00e1s altos.<\/p>\n<p>Las c\u00e1maras laterales con una resoluci\u00f3n de 20u pueden utilizarse para inspeccionar las marcas laterales de los componentes, as\u00ed como para verificar la precisi\u00f3n de la inserci\u00f3n mediante la verificaci\u00f3n de la altura.[\/vc_column_text][vc_row_inner][vc_column_inner width=\u00bb1\/2&#8243;][vc_single_image image=\u00bb1460&#8243; img_size=\u00bblarge\u00bb][\/vc_column_inner][vc_column_inner width=\u00bb1\/2&#8243;][vc_single_image image=\u00bb1461&#8243; img_size=\u00bblarge\u00bb][\/vc_column_inner][\/vc_row_inner][vc_column_text]El Mek PowerSpector BTL AOI es totalmente compatible con el <a href=\"https:\/\/marantz-electronics.com\/es\/herramienta-de-programacion-aoi\/\"><b>Software Mek EZPro<\/b><\/a> que automatiza la programaci\u00f3n de la m\u00e1quina AOI, haci\u00e9ndola f\u00e1cil e independiente del usuario.[\/vc_column_text][vc_btn title=\u00bbM\u00e1s sobre EZPro\u00bb style=\u00bbflat\u00bb align=\u00bbleft\u00bb i_align=\u00bbright\u00bb i_icon_fontawesome=\u00bbfas fa-arrow-alt-circle-right\u00bb add_icon=\u00bbtrue\u00bb el_class=\u00bbmek-hme-btn\u00bb link=\u00bburl:https%3A%2F%2Fmarantz-electronics.com%2Fes%2Fherramienta-de-programacion-aoi%2F|title:EZPro|target:_blank\u00bb][vc_column_text]<\/p>\n<h4>Clasificaci\u00f3n de defectos sin contacto con verdaderas vistas microsc\u00f3picas en 3D 9 veces<\/h4>\n<p>Los errores de juicio de los operadores sobre los defectos encontrados se minimizan con la visualizaci\u00f3n de los defectos en la imagen real de 9 \u00e1ngulos simult\u00e1neos de vistas microsc\u00f3picas de cada defecto encontrado.<\/p>\n<p>T\u00edpicamente, el AOI 3D presenta los defectos en una imagen \u00ab2D sintetizada\u00bb con informaci\u00f3n de altura sintetizada. S\u00f3lo la imagen de la parte superior del componente es una imagen real y para un veredicto exacto, los operadores deben inspeccionar manualmente los PCBs bajo un microscopio para su clasificaci\u00f3n\/reparaci\u00f3n.<\/p>\n<p>El Mek minimiza los riesgos de da\u00f1o de los procesos manuales porque el juicio de los defectos tiene lugar a distancia bajo las 9 vistas microsc\u00f3picas en la estaci\u00f3n de clasificaci\u00f3n\/reparaci\u00f3n, sin ninguna manipulaci\u00f3n f\u00edsica de los PCB. Los resultados consistentes de las 9 im\u00e1genes reducen a\u00fan m\u00e1s las discrepancias de juicio entre los operadores cuando se comparan con el juicio manual con los microscopios.<\/p>\n<p>Esta presentaci\u00f3n microsc\u00f3pica de los defectos se aplica tanto a la parte superior como a la inferior. Cada defecto se muestra con un aumento de hasta 50x (abajo arriba) o 30x (arriba abajo).\u00a0 Esto minimiza la manipulaci\u00f3n por parte del operador y reduce el tiempo empleado en la post-clasificaci\u00f3n de los defectos utilizando microscopios estacionarios. Debido a que todas las im\u00e1genes pueden ser almacenadas en la base de datos Catch SQL del Mek, la revisi\u00f3n o la post-clasificaci\u00f3n puede hacerse en cualquier momento despu\u00e9s de la inspecci\u00f3n real. Para un seguimiento y rastreo completo utilizando su propio sistema MES, el sistema de captura se interconecta a trav\u00e9s de su base de datos SQL abierta o de salidas XML.<\/p>\n<p>El sistema de control de procesos de Mek, <a href=\"https:\/\/marantz-electronics.com\/es\/sistema-mek-catch\/\">el sistema CATCH<\/a> puede conectar en red m\u00faltiples m\u00e1quinas AOI de Mek en un sistema de control de procesos y de calidad de bucle completamente cerrado, optimizado de forma \u00fanica para el flujo de trabajo y la organizaci\u00f3n interna de cada usuario.<\/p>\n<h4>Sistema patentado de sincronizaci\u00f3n inferior y superior<\/h4>\n<p>Para la inspecci\u00f3n simult\u00e1nea inferior y superior, un m\u00e9todo patentado de sincronizaci\u00f3n de la iluminaci\u00f3n permite que ambos cabezales inspeccionen el PCB al mismo tiempo para lograr tiempos de inspecci\u00f3n m\u00e1s r\u00e1pidos, pero sin que el sistema de iluminaci\u00f3n de alta potencia de cada cabezal afecte a la otra inspecci\u00f3n que se est\u00e9 realizando.[\/vc_column_text][\/vc_column][vc_column width=\u00bb1\/4&#8243; css=\u00bb.vc_custom_1660909564312{border-left-width: 10px !important;border-left-color: #000000 !important;border-radius: 1px !important;}\u00bb][vc_column_text css=\u00bb\u00bb el_class=\u00bbside-head\u00bb]<\/p>\n<h3><img loading=\"lazy\" decoding=\"async\" class=\"alignnone size-full wp-image-11369\" src=\"https:\/\/marantz-electronics.com\/wp-content\/uploads\/roi-3.png\" alt=\"\" width=\"60\" height=\"60\" \/>ROI Calculator<\/h3>\n<p>[\/vc_column_text][vc_column_text css=\u00bb\u00bb]Calcule el ROI de su inversi\u00f3n en AOI en segundos. Compruebe con qu\u00e9 rapidez obtendr\u00e1 beneficios y si es adecuado para su negocio.[\/vc_column_text][vc_btn title=\u00bbCalcular ahora\u00bb style=\u00bbflat\u00bb align=\u00bbcenter\u00bb css=\u00bb\u00bb el_class=\u00bbmek-hme-btn\u00bb link=\u00bburl:%2Faoi-calculator%2F|title:AOI%20ROI%20Calculator|target:_blank\u00bb][vc_separator][vc_column_text el_class=\u00bbside-head\u00bb]<\/p>\n<h3><img loading=\"lazy\" decoding=\"async\" class=\"alignnone wp-image-3951 size-full\" src=\"https:\/\/marantz-electronics.com\/wp-content\/uploads\/2015\/06\/download-icon.jpg\" alt=\"\" width=\"60\" height=\"60\" \/>Descargas<\/h3>\n<p>[\/vc_column_text][vc_column_text css=\u00bb\u00bb el_class=\u00bbside-head\u00bb]<a href=\"\/wp-content\/uploads\/PowerSpector-Inline-BTL-Brochure.pdf\" target=\"_blank\" rel=\"noopener\">Folleto de AOI de abajo y arriba<\/a>[\/vc_column_text][vc_btn title=\u00bbDescargar folleto\u00bb style=\u00bbflat\u00bb align=\u00bbcenter\u00bb css=\u00bb\u00bb el_class=\u00bbmek-hme-btn\u00bb link=\u00bburl:%2Fwp-content%2Fuploads%2FPowerSpector-Inline-BTL-Brochure.pdf|title:Folleto%20de%20AOI%20de%20doble%20cara|target:_blank\u00bb][vc_separator][vc_column_text css=\u00bb\u00bb el_class=\u00bbside-head\u00bb]<\/p>\n<h3><img loading=\"lazy\" decoding=\"async\" class=\"alignnone size-full wp-image-11527\" src=\"https:\/\/marantz-electronics.com\/wp-content\/uploads\/blogger.png\" alt=\"\" width=\"60\" height=\"60\" \/>\u00daltimas Noticias<\/h3>\n<p>Lea las \u00faltimas noticias en nuestro blog: Inspection Matters[\/vc_column_text][vc_btn title=\u00bbIr al Blog\u00bb style=\u00bbflat\u00bb align=\u00bbcenter\u00bb css=\u00bb\u00bb el_class=\u00bbmek-hme-btn\u00bb link=\u00bburl:%2Fes%2Fblog%2F|title:Mek%20blog|target:_blank\u00bb][\/vc_column][\/vc_row][vc_row][vc_column][vc_empty_space][vc_separator][vc_column_text el_class=\u00bbcenter big-heading\u00bb]<\/p>\n<h4 style=\"text-align: center;\">Si Necesita Ayuda Para Decidir La Soluci\u00f3n AOI Adecuada<\/h4>\n<p>[\/vc_column_text][vc_btn title=\u00bbCont\u00e1ctenos\u00bb style=\u00bbflat\u00bb align=\u00bbcenter\u00bb i_align=\u00bbright\u00bb i_icon_fontawesome=\u00bbfas fa-arrow-alt-circle-right\u00bb add_icon=\u00bbtrue\u00bb el_class=\u00bbmek-hme-btn\u00bb link=\u00bburl:https%3A%2F%2Fmarantz-electronics.com%2Fes%2Fcontacto-mek%2F|title:Cont%C3%A1ctenos\u00bb][\/vc_column][\/vc_row]<\/p>\n<\/div>","protected":false},"excerpt":{"rendered":"<p>[vc_row full_width=\u00bbstretch_row\u00bb equal_height=\u00bbyes\u00bb content_placement=\u00bbmiddle\u00bb el_class=\u00bbmek-page-banner border-pink\u00bb css=\u00bb.vc_custom_1663673283676{background-image: url(https:\/\/marantz-electronics.com\/wp-content\/uploads\/Selective-3D-AOI-background.jpg?id=7571) !important;background-position: center !important;background-repeat: no-repeat !important;background-size: cover !important;}\u00bb][vc_column width=\u00bb1\/2&#8243;][vc_column_text] PowerSpector BTL AOI de Doble Cara Simult\u00e1neo Arriba Y Abajo Inspecci\u00f3n De Los PCB [\/vc_column_text][\/vc_column][vc_column width=\u00bb1\/2&#8243;][vc_single_image image=\u00bb10153&#8243; img_size=\u00bbfull\u00bb alignment=\u00bbcenter\u00bb el_class=\u00bbbanner-img\u00bb][\/vc_column][\/vc_row][vc_row gap=\u00bb20&#8243;][vc_column width=\u00bb3\/4&#8243; css=\u00bb.vc_custom_1660926096111{padding-right: 30px !important;}\u00bb][vc_column_text]El Mek PowerSpector BTL, AOI de doble cara, ofrece la inspecci\u00f3n de la parte inferior y superior de las placas de circuito impreso despu\u00e9s del reflujo, la soldadura por ola o selectiva y la colocaci\u00f3n&#8230; <\/br><a class=\"moretag\" href=\"https:\/\/marantz-electronics.com\/es\/aoi-en-linea-de-abajo-y-arriba\/\"> Read the full article&#8230;<\/a><\/p>\n","protected":false},"author":1,"featured_media":0,"parent":0,"menu_order":0,"comment_status":"closed","ping_status":"closed","template":"page-templates\/mek-fullwidth-v2.php","meta":{"footnotes":""},"class_list":["post-3605","page","type-page","status-publish","hentry"],"yoast_head":"<!-- This site is optimized with the Yoast SEO Premium plugin v21.6 (Yoast SEO v27.3) - https:\/\/yoast.com\/product\/yoast-seo-premium-wordpress\/ -->\n<title>Mek (Marantz Electronics) THT arriba y abajo en l\u00ednea AOI<\/title>\n<meta name=\"description\" content=\"El Mek PowerSpector en l\u00ednea inferior y superior AOI inspecciona ambos lados de los PCBs despu\u00e9s de la soldadura por refusi\u00f3n, soldadura por ola o selectiva y la colocaci\u00f3n de los componentes THT y SMT.\" \/>\n<meta name=\"robots\" content=\"index, follow, max-snippet:-1, max-image-preview:large, max-video-preview:-1\" \/>\n<link rel=\"canonical\" href=\"https:\/\/marantz-electronics.com\/es\/aoi-en-linea-de-abajo-y-arriba\/\" \/>\n<meta property=\"og:locale\" content=\"es_ES\" \/>\n<meta property=\"og:type\" content=\"article\" \/>\n<meta property=\"og:title\" content=\"AOI en l\u00ednea de abajo y arriba\" \/>\n<meta property=\"og:description\" content=\"El Mek PowerSpector en l\u00ednea inferior y superior AOI inspecciona ambos lados de los PCBs despu\u00e9s de la soldadura por refusi\u00f3n, soldadura por ola o selectiva y la colocaci\u00f3n de los componentes THT y SMT.\" \/>\n<meta property=\"og:url\" content=\"https:\/\/marantz-electronics.com\/es\/aoi-en-linea-de-abajo-y-arriba\/\" \/>\n<meta property=\"og:site_name\" content=\"Mek, Automated Optical Inspection (AOI) and Solder Paste Inspection (SPI) systems specialist\" \/>\n<meta property=\"article:modified_time\" content=\"2025-04-04T11:51:40+00:00\" \/>\n<meta property=\"og:image\" content=\"https:\/\/marantz-electronics.com\/wp-content\/uploads\/roi-3.png\" \/>\n<meta name=\"twitter:card\" content=\"summary_large_image\" \/>\n<meta name=\"twitter:label1\" content=\"Tiempo de lectura\" \/>\n\t<meta name=\"twitter:data1\" content=\"6 minutos\" \/>\n<script type=\"application\/ld+json\" class=\"yoast-schema-graph\">{\"@context\":\"https:\\\/\\\/schema.org\",\"@graph\":[{\"@type\":\"WebPage\",\"@id\":\"https:\\\/\\\/marantz-electronics.com\\\/es\\\/aoi-en-linea-de-abajo-y-arriba\\\/\",\"url\":\"https:\\\/\\\/marantz-electronics.com\\\/es\\\/aoi-en-linea-de-abajo-y-arriba\\\/\",\"name\":\"Mek (Marantz Electronics) THT arriba y abajo en l\u00ednea AOI\",\"isPartOf\":{\"@id\":\"https:\\\/\\\/marantz-electronics.com\\\/es\\\/#website\"},\"primaryImageOfPage\":{\"@id\":\"https:\\\/\\\/marantz-electronics.com\\\/es\\\/aoi-en-linea-de-abajo-y-arriba\\\/#primaryimage\"},\"image\":{\"@id\":\"https:\\\/\\\/marantz-electronics.com\\\/es\\\/aoi-en-linea-de-abajo-y-arriba\\\/#primaryimage\"},\"thumbnailUrl\":\"https:\\\/\\\/marantz-electronics.com\\\/wp-content\\\/uploads\\\/roi-3.png\",\"datePublished\":\"2020-03-16T15:05:45+00:00\",\"dateModified\":\"2025-04-04T11:51:40+00:00\",\"description\":\"El Mek PowerSpector en l\u00ednea inferior y superior AOI inspecciona ambos lados de los PCBs despu\u00e9s de la soldadura por refusi\u00f3n, soldadura por ola o selectiva y la colocaci\u00f3n de los componentes THT y SMT.\",\"breadcrumb\":{\"@id\":\"https:\\\/\\\/marantz-electronics.com\\\/es\\\/aoi-en-linea-de-abajo-y-arriba\\\/#breadcrumb\"},\"inLanguage\":\"es\",\"potentialAction\":[{\"@type\":\"ReadAction\",\"target\":[\"https:\\\/\\\/marantz-electronics.com\\\/es\\\/aoi-en-linea-de-abajo-y-arriba\\\/\"]}]},{\"@type\":\"ImageObject\",\"inLanguage\":\"es\",\"@id\":\"https:\\\/\\\/marantz-electronics.com\\\/es\\\/aoi-en-linea-de-abajo-y-arriba\\\/#primaryimage\",\"url\":\"https:\\\/\\\/marantz-electronics.com\\\/wp-content\\\/uploads\\\/roi-3.png\",\"contentUrl\":\"https:\\\/\\\/marantz-electronics.com\\\/wp-content\\\/uploads\\\/roi-3.png\"},{\"@type\":\"BreadcrumbList\",\"@id\":\"https:\\\/\\\/marantz-electronics.com\\\/es\\\/aoi-en-linea-de-abajo-y-arriba\\\/#breadcrumb\",\"itemListElement\":[{\"@type\":\"ListItem\",\"position\":1,\"name\":\"Home\",\"item\":\"https:\\\/\\\/marantz-electronics.com\\\/es\\\/\"},{\"@type\":\"ListItem\",\"position\":2,\"name\":\"AOI en l\u00ednea de abajo y arriba\"}]},{\"@type\":\"WebSite\",\"@id\":\"https:\\\/\\\/marantz-electronics.com\\\/es\\\/#website\",\"url\":\"https:\\\/\\\/marantz-electronics.com\\\/es\\\/\",\"name\":\"Mek, Automated Optical Inspection (AOI) and Solder Paste Inspection (SPI) systems specialist\",\"description\":\"\",\"publisher\":{\"@id\":\"https:\\\/\\\/marantz-electronics.com\\\/es\\\/#organization\"},\"potentialAction\":[{\"@type\":\"SearchAction\",\"target\":{\"@type\":\"EntryPoint\",\"urlTemplate\":\"https:\\\/\\\/marantz-electronics.com\\\/es\\\/?s={search_term_string}\"},\"query-input\":{\"@type\":\"PropertyValueSpecification\",\"valueRequired\":true,\"valueName\":\"search_term_string\"}}],\"inLanguage\":\"es\"},{\"@type\":\"Organization\",\"@id\":\"https:\\\/\\\/marantz-electronics.com\\\/es\\\/#organization\",\"name\":\"Mek, Automated Optical Inspection (AOI) and Solder Paste Inspection (SPI) systems specialist\",\"url\":\"https:\\\/\\\/marantz-electronics.com\\\/es\\\/\",\"logo\":{\"@type\":\"ImageObject\",\"inLanguage\":\"es\",\"@id\":\"https:\\\/\\\/marantz-electronics.com\\\/es\\\/#\\\/schema\\\/logo\\\/image\\\/\",\"url\":\"https:\\\/\\\/marantz-electronics.com\\\/wp-content\\\/uploads\\\/2015\\\/06\\\/mek-logo.png\",\"contentUrl\":\"https:\\\/\\\/marantz-electronics.com\\\/wp-content\\\/uploads\\\/2015\\\/06\\\/mek-logo.png\",\"width\":263,\"height\":60,\"caption\":\"Mek, Automated Optical Inspection (AOI) and Solder Paste Inspection (SPI) systems specialist\"},\"image\":{\"@id\":\"https:\\\/\\\/marantz-electronics.com\\\/es\\\/#\\\/schema\\\/logo\\\/image\\\/\"}}]}<\/script>\n<!-- \/ Yoast SEO Premium plugin. -->","yoast_head_json":{"title":"Mek (Marantz Electronics) THT arriba y abajo en l\u00ednea AOI","description":"El Mek PowerSpector en l\u00ednea inferior y superior AOI inspecciona ambos lados de los PCBs despu\u00e9s de la soldadura por refusi\u00f3n, soldadura por ola o selectiva y la colocaci\u00f3n de los componentes THT y SMT.","robots":{"index":"index","follow":"follow","max-snippet":"max-snippet:-1","max-image-preview":"max-image-preview:large","max-video-preview":"max-video-preview:-1"},"canonical":"https:\/\/marantz-electronics.com\/es\/aoi-en-linea-de-abajo-y-arriba\/","og_locale":"es_ES","og_type":"article","og_title":"AOI en l\u00ednea de abajo y arriba","og_description":"El Mek PowerSpector en l\u00ednea inferior y superior AOI inspecciona ambos lados de los PCBs despu\u00e9s de la soldadura por refusi\u00f3n, soldadura por ola o selectiva y la colocaci\u00f3n de los componentes THT y SMT.","og_url":"https:\/\/marantz-electronics.com\/es\/aoi-en-linea-de-abajo-y-arriba\/","og_site_name":"Mek, Automated Optical Inspection (AOI) and Solder Paste Inspection (SPI) systems specialist","article_modified_time":"2025-04-04T11:51:40+00:00","og_image":[{"url":"https:\/\/marantz-electronics.com\/wp-content\/uploads\/roi-3.png","type":"","width":"","height":""}],"twitter_card":"summary_large_image","twitter_misc":{"Tiempo de lectura":"6 minutos"},"schema":{"@context":"https:\/\/schema.org","@graph":[{"@type":"WebPage","@id":"https:\/\/marantz-electronics.com\/es\/aoi-en-linea-de-abajo-y-arriba\/","url":"https:\/\/marantz-electronics.com\/es\/aoi-en-linea-de-abajo-y-arriba\/","name":"Mek (Marantz Electronics) THT arriba y abajo en l\u00ednea AOI","isPartOf":{"@id":"https:\/\/marantz-electronics.com\/es\/#website"},"primaryImageOfPage":{"@id":"https:\/\/marantz-electronics.com\/es\/aoi-en-linea-de-abajo-y-arriba\/#primaryimage"},"image":{"@id":"https:\/\/marantz-electronics.com\/es\/aoi-en-linea-de-abajo-y-arriba\/#primaryimage"},"thumbnailUrl":"https:\/\/marantz-electronics.com\/wp-content\/uploads\/roi-3.png","datePublished":"2020-03-16T15:05:45+00:00","dateModified":"2025-04-04T11:51:40+00:00","description":"El Mek PowerSpector en l\u00ednea inferior y superior AOI inspecciona ambos lados de los PCBs despu\u00e9s de la soldadura por refusi\u00f3n, soldadura por ola o selectiva y la colocaci\u00f3n de los componentes THT y SMT.","breadcrumb":{"@id":"https:\/\/marantz-electronics.com\/es\/aoi-en-linea-de-abajo-y-arriba\/#breadcrumb"},"inLanguage":"es","potentialAction":[{"@type":"ReadAction","target":["https:\/\/marantz-electronics.com\/es\/aoi-en-linea-de-abajo-y-arriba\/"]}]},{"@type":"ImageObject","inLanguage":"es","@id":"https:\/\/marantz-electronics.com\/es\/aoi-en-linea-de-abajo-y-arriba\/#primaryimage","url":"https:\/\/marantz-electronics.com\/wp-content\/uploads\/roi-3.png","contentUrl":"https:\/\/marantz-electronics.com\/wp-content\/uploads\/roi-3.png"},{"@type":"BreadcrumbList","@id":"https:\/\/marantz-electronics.com\/es\/aoi-en-linea-de-abajo-y-arriba\/#breadcrumb","itemListElement":[{"@type":"ListItem","position":1,"name":"Home","item":"https:\/\/marantz-electronics.com\/es\/"},{"@type":"ListItem","position":2,"name":"AOI en l\u00ednea de abajo y arriba"}]},{"@type":"WebSite","@id":"https:\/\/marantz-electronics.com\/es\/#website","url":"https:\/\/marantz-electronics.com\/es\/","name":"Mek, Automated Optical Inspection (AOI) and Solder Paste Inspection (SPI) systems specialist","description":"","publisher":{"@id":"https:\/\/marantz-electronics.com\/es\/#organization"},"potentialAction":[{"@type":"SearchAction","target":{"@type":"EntryPoint","urlTemplate":"https:\/\/marantz-electronics.com\/es\/?s={search_term_string}"},"query-input":{"@type":"PropertyValueSpecification","valueRequired":true,"valueName":"search_term_string"}}],"inLanguage":"es"},{"@type":"Organization","@id":"https:\/\/marantz-electronics.com\/es\/#organization","name":"Mek, Automated Optical Inspection (AOI) and Solder Paste Inspection (SPI) systems specialist","url":"https:\/\/marantz-electronics.com\/es\/","logo":{"@type":"ImageObject","inLanguage":"es","@id":"https:\/\/marantz-electronics.com\/es\/#\/schema\/logo\/image\/","url":"https:\/\/marantz-electronics.com\/wp-content\/uploads\/2015\/06\/mek-logo.png","contentUrl":"https:\/\/marantz-electronics.com\/wp-content\/uploads\/2015\/06\/mek-logo.png","width":263,"height":60,"caption":"Mek, Automated Optical Inspection (AOI) and Solder Paste Inspection (SPI) systems specialist"},"image":{"@id":"https:\/\/marantz-electronics.com\/es\/#\/schema\/logo\/image\/"}}]}},"_links":{"self":[{"href":"https:\/\/marantz-electronics.com\/es\/wp-json\/wp\/v2\/pages\/3605","targetHints":{"allow":["GET"]}}],"collection":[{"href":"https:\/\/marantz-electronics.com\/es\/wp-json\/wp\/v2\/pages"}],"about":[{"href":"https:\/\/marantz-electronics.com\/es\/wp-json\/wp\/v2\/types\/page"}],"author":[{"embeddable":true,"href":"https:\/\/marantz-electronics.com\/es\/wp-json\/wp\/v2\/users\/1"}],"replies":[{"embeddable":true,"href":"https:\/\/marantz-electronics.com\/es\/wp-json\/wp\/v2\/comments?post=3605"}],"version-history":[{"count":8,"href":"https:\/\/marantz-electronics.com\/es\/wp-json\/wp\/v2\/pages\/3605\/revisions"}],"predecessor-version":[{"id":11620,"href":"https:\/\/marantz-electronics.com\/es\/wp-json\/wp\/v2\/pages\/3605\/revisions\/11620"}],"wp:attachment":[{"href":"https:\/\/marantz-electronics.com\/es\/wp-json\/wp\/v2\/media?parent=3605"}],"curies":[{"name":"wp","href":"https:\/\/api.w.org\/{rel}","templated":true}]}}