{"id":3622,"date":"2020-03-17T09:31:24","date_gmt":"2020-03-17T09:31:24","guid":{"rendered":"http:\/\/marantz-electronics.com\/ispector-jdz-sistemas-aoi-de-nivel-basico\/"},"modified":"2025-04-04T12:45:54","modified_gmt":"2025-04-04T11:45:54","slug":"ispector-jdz","status":"publish","type":"page","link":"https:\/\/marantz-electronics.com\/es\/ispector-jdz\/","title":{"rendered":"iSpector JDz Sistemas AOI de nivel b\u00e1sico"},"content":{"rendered":"<div class=\"wpb-content-wrapper\"><p>[vc_row full_width=\u00bbstretch_row\u00bb equal_height=\u00bbyes\u00bb content_placement=\u00bbmiddle\u00bb el_class=\u00bbmek-page-banner border-limegreen\u00bb css=\u00bb.vc_custom_1663674246294{background-image: url(https:\/\/marantz-electronics.com\/wp-content\/uploads\/Entry-level-AOI-background.jpg?id=7567) !important;background-position: center !important;background-repeat: no-repeat !important;background-size: cover !important;}\u00bb][vc_column width=\u00bb1\/2&#8243;][vc_column_text]<\/p>\n<h1>Mek iSpector JDz<\/h1>\n<h4>AOI Con Un Precio Atractivo<\/h4>\n<p>[\/vc_column_text][\/vc_column][vc_column width=\u00bb1\/2&#8243;][vc_single_image image=\u00bb9739&#8243; img_size=\u00bbfull\u00bb alignment=\u00bbcenter\u00bb el_class=\u00bbbanner-img\u00bb][\/vc_column][\/vc_row][vc_row][vc_column width=\u00bb3\/4&#8243; css=\u00bb.vc_custom_1663939114575{padding-right: 50px !important;}\u00bb][vc_column_text]<\/p>\n<h6><\/h6>\n<h6>Mek iSpector JDz<\/h6>\n<p><img loading=\"lazy\" decoding=\"async\" class=\"alignnone wp-image-775\" src=\"https:\/\/marantz-electronics.com\/wp-content\/uploads\/2015\/06\/ispector-desktop-AOI-logo-black.png\" alt=\"Mek iSpector desktop AOI logo\" width=\"206\" height=\"39\" srcset=\"https:\/\/marantz-electronics.com\/wp-content\/uploads\/2015\/06\/ispector-desktop-AOI-logo-black.png 190w, https:\/\/marantz-electronics.com\/wp-content\/uploads\/2015\/06\/ispector-desktop-AOI-logo-black-24x5.png 24w, https:\/\/marantz-electronics.com\/wp-content\/uploads\/2015\/06\/ispector-desktop-AOI-logo-black-36x7.png 36w, https:\/\/marantz-electronics.com\/wp-content\/uploads\/2015\/06\/ispector-desktop-AOI-logo-black-48x9.png 48w\" sizes=\"auto, (max-width: 206px) 100vw, 206px\" \/><\/p>\n<p>El Mek iSpector JDz, un nuevo sistema AOI de nivel b\u00e1sico, ofrece el retorno m\u00e1s r\u00e1pido de la inversi\u00f3n para los clientes de EMS que buscan flexibilidad \u00f3ptica, f\u00e1cil programaci\u00f3n y uso y las mayores garant\u00edas de rendimiento de inspecci\u00f3n.<\/p>\n<p><strong>\u00bfQu\u00e9 hace que la plataforma AOI JDz sea diferente a otros sistemas AOI?<\/strong><\/p>\n<p>El JDz utiliza un eje Z para una m\u00e1xima flexibilidad en la inspecci\u00f3n de THT y SMD. El eje Z permite la inspecci\u00f3n de objetos a diferentes niveles de altura como PCB&#8217;s s s\u00e1ndwich, componentes altos o la medici\u00f3n posicional de pines de conectores altos. El eje Z puede mover la cabeza de inspecci\u00f3n completa equipada con una c\u00e1mara de 5 megap\u00edxeles, incluyendo el sistema de iluminaci\u00f3n coaxial, lo que da como resultado un gran campo de visi\u00f3n de 36,0 mm x 30,0 mm y una resoluci\u00f3n de 15\u00b5.<\/p>\n<p>Esta flexibilidad, combinada con los r\u00e1pidos tiempos de programaci\u00f3n del software, da como resultado el sistema AOI perfecto para los clientes con requerimientos de producci\u00f3n de bajo volumen y alta mezcla que buscan AOI de alta calidad a bajo precio.<\/p>\n<p>El iSpector JDz tiene un alto espacio libre para THT y SMT.<\/p>\n<ul>\n<li>Despeje de altura en el iSpector JDz Desktop System: +60mm y -60mm<\/li>\n<\/ul>\n<p>El sistema JDz AOI tiene una c\u00e1mara de 5 megap\u00edxeles. En combinaci\u00f3n con la iluminaci\u00f3n coaxial y el perfil de menisco 3D, la m\u00e1quina puede inspeccionar si un PCB tiene buena soldadura, no tiene soldadura, falta de soldadura o exceso de soldadura para las uniones de soldadura SMT y THT.<\/p>\n<p>La serie Mek iSpector es totalmente compatible con el Sistema de Catch del Mek para una completa trazabilidad y preparaci\u00f3n para la industria 4.0. No hay ning\u00fan compromiso en el amplio rango de algoritmos de inspecci\u00f3n y librer\u00edas de componentes. <a href=\"https:\/\/marantz-electronics.com\/es\/sistema-mek-catch\/\">El Catch System<\/a> comprende los siguientes m\u00f3dulos: CS Center, CS Repair, CS Analyzer y y CS Watch.\u00a0 Catch es una soluci\u00f3n totalmente escalable desde una sola estaci\u00f3n AOI hasta m\u00faltiples m\u00e1quinas.[\/vc_column_text][\/vc_column][vc_column width=\u00bb1\/4&#8243; css=\u00bb.vc_custom_1660909564312{border-left-width: 10px !important;border-left-color: #000000 !important;border-radius: 1px !important;}\u00bb][vc_column_text css=\u00bb\u00bb el_class=\u00bbside-head\u00bb]<\/p>\n<h3><img loading=\"lazy\" decoding=\"async\" class=\"alignnone size-full wp-image-11369\" src=\"https:\/\/marantz-electronics.com\/wp-content\/uploads\/roi-3.png\" alt=\"\" width=\"60\" height=\"60\" \/>ROI Calculator<\/h3>\n<p>[\/vc_column_text][vc_column_text css=\u00bb\u00bb]Calcule el ROI de su inversi\u00f3n en AOI en segundos. Compruebe con qu\u00e9 rapidez obtendr\u00e1 beneficios y si es adecuado para su negocio.[\/vc_column_text][vc_btn title=\u00bbCalcular ahora\u00bb style=\u00bbflat\u00bb align=\u00bbcenter\u00bb css=\u00bb\u00bb el_class=\u00bbmek-hme-btn\u00bb link=\u00bburl:%2Faoi-calculator%2F|title:AOI%20ROI%20Calculator|target:_blank\u00bb][vc_separator][vc_column_text el_class=\u00bbside-head\u00bb]<\/p>\n<h3><img loading=\"lazy\" decoding=\"async\" class=\"alignnone wp-image-3951 size-full\" src=\"https:\/\/marantz-electronics.com\/wp-content\/uploads\/2015\/06\/download-icon.jpg\" alt=\"\" width=\"60\" height=\"60\" \/>Descargas<\/h3>\n<p>[\/vc_column_text][vc_column_text el_class=\u00bbside-head\u00bb]<a href=\"https:\/\/marantz-electronics.com\/wp-content\/uploads\/2020\/10\/Ispector-JDz-520_r5.pdf\" target=\"_blank\" rel=\"noopener\">iSpector JDz entry-level desktop AOI brochure<\/a>[\/vc_column_text][vc_btn title=\u00bbDescargar folleto\u00bb style=\u00bbflat\u00bb align=\u00bbcenter\u00bb el_class=\u00bbmek-hme-btn\u00bb link=\u00bburl:https%3A%2F%2Fmarantz-electronics.com%2Fwp-content%2Fuploads%2F2020%2F10%2FIspector-JDz-520_r5.pdf|title:iSpector%20JDz%20brochure|target:_blank\u00bb][vc_separator][vc_column_text css=\u00bb\u00bb el_class=\u00bbside-head\u00bb]<\/p>\n<h3><img loading=\"lazy\" decoding=\"async\" class=\"alignnone size-full wp-image-11527\" src=\"https:\/\/marantz-electronics.com\/wp-content\/uploads\/blogger.png\" alt=\"\" width=\"60\" height=\"60\" \/>\u00daltimas Noticias<\/h3>\n<p>Lea las \u00faltimas noticias en nuestro blog: Inspection Matters[\/vc_column_text][vc_btn title=\u00bbIr al Blog\u00bb style=\u00bbflat\u00bb align=\u00bbcenter\u00bb css=\u00bb\u00bb el_class=\u00bbmek-hme-btn\u00bb link=\u00bburl:%2Fes%2Fblog%2F|title:Mek%20blog|target:_blank\u00bb][\/vc_column][\/vc_row][vc_row][vc_column][vc_empty_space][vc_separator][vc_column_text el_class=\u00bbcenter big-heading\u00bb]<\/p>\n<h4 style=\"text-align: center;\">Si Necesita Ayuda Para Decidir La Soluci\u00f3n AOI Adecuada<\/h4>\n<p>[\/vc_column_text][vc_btn title=\u00bbCont\u00e1ctenos\u00bb style=\u00bbflat\u00bb align=\u00bbcenter\u00bb i_align=\u00bbright\u00bb i_icon_fontawesome=\u00bbfas fa-arrow-alt-circle-right\u00bb add_icon=\u00bbtrue\u00bb el_class=\u00bbmek-hme-btn\u00bb link=\u00bburl:https%3A%2F%2Fmarantz-electronics.com%2Fes%2Fcontacto-mek%2F|title:Cont%C3%A1ctenos\u00bb][\/vc_column][\/vc_row]<\/p>\n<\/div>","protected":false},"excerpt":{"rendered":"<p>[vc_row full_width=\u00bbstretch_row\u00bb equal_height=\u00bbyes\u00bb content_placement=\u00bbmiddle\u00bb el_class=\u00bbmek-page-banner border-limegreen\u00bb css=\u00bb.vc_custom_1663674246294{background-image: url(https:\/\/marantz-electronics.com\/wp-content\/uploads\/Entry-level-AOI-background.jpg?id=7567) !important;background-position: center !important;background-repeat: no-repeat !important;background-size: cover !important;}\u00bb][vc_column width=\u00bb1\/2&#8243;][vc_column_text] Mek iSpector JDz AOI Con Un Precio Atractivo [\/vc_column_text][\/vc_column][vc_column width=\u00bb1\/2&#8243;][vc_single_image image=\u00bb9739&#8243; img_size=\u00bbfull\u00bb alignment=\u00bbcenter\u00bb el_class=\u00bbbanner-img\u00bb][\/vc_column][\/vc_row][vc_row][vc_column width=\u00bb3\/4&#8243; css=\u00bb.vc_custom_1663939114575{padding-right: 50px !important;}\u00bb][vc_column_text] Mek iSpector JDz El Mek iSpector JDz, un nuevo sistema AOI de nivel b\u00e1sico, ofrece el retorno m\u00e1s r\u00e1pido de la inversi\u00f3n para los clientes de EMS que buscan flexibilidad \u00f3ptica, f\u00e1cil programaci\u00f3n y uso y las mayores garant\u00edas de rendimiento&#8230; <\/br><a class=\"moretag\" href=\"https:\/\/marantz-electronics.com\/es\/ispector-jdz\/\"> Read the full article&#8230;<\/a><\/p>\n","protected":false},"author":1,"featured_media":0,"parent":0,"menu_order":0,"comment_status":"closed","ping_status":"closed","template":"page-templates\/mek-fullwidth-v2.php","meta":{"footnotes":""},"class_list":["post-3622","page","type-page","status-publish","hentry"],"yoast_head":"<!-- This site is optimized with the Yoast SEO Premium plugin v21.6 (Yoast SEO v27.3) - https:\/\/yoast.com\/product\/yoast-seo-premium-wordpress\/ -->\n<title>iSpector JDz de nivel b\u00e1sico | Mek (Marantz Electronics)<\/title>\n<meta name=\"description\" content=\"Los sistemas Mek iSpector JDz AOI ofrecen un r\u00e1pido retorno de la inversi\u00f3n para los clientes de EMS que buscan flexibilidad \u00f3ptica, f\u00e1cil programaci\u00f3n y uso y el m\u00e1s alto rendimiento de inspecci\u00f3n.\" \/>\n<meta name=\"robots\" content=\"index, follow, max-snippet:-1, max-image-preview:large, max-video-preview:-1\" \/>\n<link rel=\"canonical\" href=\"https:\/\/marantz-electronics.com\/es\/ispector-jdz\/\" \/>\n<meta property=\"og:locale\" content=\"es_ES\" \/>\n<meta property=\"og:type\" content=\"article\" \/>\n<meta property=\"og:title\" content=\"iSpector JDz Sistemas AOI de nivel b\u00e1sico\" \/>\n<meta property=\"og:description\" content=\"Los sistemas Mek iSpector JDz AOI ofrecen un r\u00e1pido retorno de la inversi\u00f3n para los clientes de EMS que buscan flexibilidad \u00f3ptica, f\u00e1cil programaci\u00f3n y uso y el m\u00e1s alto rendimiento de inspecci\u00f3n.\" \/>\n<meta property=\"og:url\" content=\"https:\/\/marantz-electronics.com\/es\/ispector-jdz\/\" \/>\n<meta property=\"og:site_name\" content=\"Mek, Automated Optical Inspection (AOI) and Solder Paste Inspection (SPI) systems specialist\" \/>\n<meta property=\"article:modified_time\" content=\"2025-04-04T11:45:54+00:00\" \/>\n<meta property=\"og:image\" content=\"https:\/\/marantz-electronics.com\/wp-content\/uploads\/2015\/06\/ispector-desktop-AOI-logo-black.png\" \/>\n<meta name=\"twitter:card\" content=\"summary_large_image\" \/>\n<meta name=\"twitter:label1\" content=\"Tiempo de lectura\" \/>\n\t<meta name=\"twitter:data1\" content=\"4 minutos\" \/>\n<script type=\"application\/ld+json\" class=\"yoast-schema-graph\">{\"@context\":\"https:\\\/\\\/schema.org\",\"@graph\":[{\"@type\":\"WebPage\",\"@id\":\"https:\\\/\\\/marantz-electronics.com\\\/es\\\/ispector-jdz\\\/\",\"url\":\"https:\\\/\\\/marantz-electronics.com\\\/es\\\/ispector-jdz\\\/\",\"name\":\"iSpector JDz de nivel b\u00e1sico | Mek (Marantz Electronics)\",\"isPartOf\":{\"@id\":\"https:\\\/\\\/marantz-electronics.com\\\/es\\\/#website\"},\"primaryImageOfPage\":{\"@id\":\"https:\\\/\\\/marantz-electronics.com\\\/es\\\/ispector-jdz\\\/#primaryimage\"},\"image\":{\"@id\":\"https:\\\/\\\/marantz-electronics.com\\\/es\\\/ispector-jdz\\\/#primaryimage\"},\"thumbnailUrl\":\"https:\\\/\\\/marantz-electronics.com\\\/wp-content\\\/uploads\\\/2015\\\/06\\\/ispector-desktop-AOI-logo-black.png\",\"datePublished\":\"2020-03-17T09:31:24+00:00\",\"dateModified\":\"2025-04-04T11:45:54+00:00\",\"description\":\"Los sistemas Mek iSpector JDz AOI ofrecen un r\u00e1pido retorno de la inversi\u00f3n para los clientes de EMS que buscan flexibilidad \u00f3ptica, f\u00e1cil programaci\u00f3n y uso y el m\u00e1s alto rendimiento de inspecci\u00f3n.\",\"breadcrumb\":{\"@id\":\"https:\\\/\\\/marantz-electronics.com\\\/es\\\/ispector-jdz\\\/#breadcrumb\"},\"inLanguage\":\"es\",\"potentialAction\":[{\"@type\":\"ReadAction\",\"target\":[\"https:\\\/\\\/marantz-electronics.com\\\/es\\\/ispector-jdz\\\/\"]}]},{\"@type\":\"ImageObject\",\"inLanguage\":\"es\",\"@id\":\"https:\\\/\\\/marantz-electronics.com\\\/es\\\/ispector-jdz\\\/#primaryimage\",\"url\":\"https:\\\/\\\/marantz-electronics.com\\\/wp-content\\\/uploads\\\/2015\\\/06\\\/ispector-desktop-AOI-logo-black.png\",\"contentUrl\":\"https:\\\/\\\/marantz-electronics.com\\\/wp-content\\\/uploads\\\/2015\\\/06\\\/ispector-desktop-AOI-logo-black.png\"},{\"@type\":\"BreadcrumbList\",\"@id\":\"https:\\\/\\\/marantz-electronics.com\\\/es\\\/ispector-jdz\\\/#breadcrumb\",\"itemListElement\":[{\"@type\":\"ListItem\",\"position\":1,\"name\":\"Home\",\"item\":\"https:\\\/\\\/marantz-electronics.com\\\/es\\\/\"},{\"@type\":\"ListItem\",\"position\":2,\"name\":\"iSpector JDz Sistemas AOI de nivel b\u00e1sico\"}]},{\"@type\":\"WebSite\",\"@id\":\"https:\\\/\\\/marantz-electronics.com\\\/es\\\/#website\",\"url\":\"https:\\\/\\\/marantz-electronics.com\\\/es\\\/\",\"name\":\"Mek, Automated Optical Inspection (AOI) and Solder Paste Inspection (SPI) systems specialist\",\"description\":\"\",\"publisher\":{\"@id\":\"https:\\\/\\\/marantz-electronics.com\\\/es\\\/#organization\"},\"potentialAction\":[{\"@type\":\"SearchAction\",\"target\":{\"@type\":\"EntryPoint\",\"urlTemplate\":\"https:\\\/\\\/marantz-electronics.com\\\/es\\\/?s={search_term_string}\"},\"query-input\":{\"@type\":\"PropertyValueSpecification\",\"valueRequired\":true,\"valueName\":\"search_term_string\"}}],\"inLanguage\":\"es\"},{\"@type\":\"Organization\",\"@id\":\"https:\\\/\\\/marantz-electronics.com\\\/es\\\/#organization\",\"name\":\"Mek, Automated Optical Inspection (AOI) and Solder Paste Inspection (SPI) systems specialist\",\"url\":\"https:\\\/\\\/marantz-electronics.com\\\/es\\\/\",\"logo\":{\"@type\":\"ImageObject\",\"inLanguage\":\"es\",\"@id\":\"https:\\\/\\\/marantz-electronics.com\\\/es\\\/#\\\/schema\\\/logo\\\/image\\\/\",\"url\":\"https:\\\/\\\/marantz-electronics.com\\\/wp-content\\\/uploads\\\/2015\\\/06\\\/mek-logo.png\",\"contentUrl\":\"https:\\\/\\\/marantz-electronics.com\\\/wp-content\\\/uploads\\\/2015\\\/06\\\/mek-logo.png\",\"width\":263,\"height\":60,\"caption\":\"Mek, Automated Optical Inspection (AOI) and Solder Paste Inspection (SPI) systems specialist\"},\"image\":{\"@id\":\"https:\\\/\\\/marantz-electronics.com\\\/es\\\/#\\\/schema\\\/logo\\\/image\\\/\"}}]}<\/script>\n<!-- \/ Yoast SEO Premium plugin. -->","yoast_head_json":{"title":"iSpector JDz de nivel b\u00e1sico | Mek (Marantz Electronics)","description":"Los sistemas Mek iSpector JDz AOI ofrecen un r\u00e1pido retorno de la inversi\u00f3n para los clientes de EMS que buscan flexibilidad \u00f3ptica, f\u00e1cil programaci\u00f3n y uso y el m\u00e1s alto rendimiento de inspecci\u00f3n.","robots":{"index":"index","follow":"follow","max-snippet":"max-snippet:-1","max-image-preview":"max-image-preview:large","max-video-preview":"max-video-preview:-1"},"canonical":"https:\/\/marantz-electronics.com\/es\/ispector-jdz\/","og_locale":"es_ES","og_type":"article","og_title":"iSpector JDz Sistemas AOI de nivel b\u00e1sico","og_description":"Los sistemas Mek iSpector JDz AOI ofrecen un r\u00e1pido retorno de la inversi\u00f3n para los clientes de EMS que buscan flexibilidad \u00f3ptica, f\u00e1cil programaci\u00f3n y uso y el m\u00e1s alto rendimiento de inspecci\u00f3n.","og_url":"https:\/\/marantz-electronics.com\/es\/ispector-jdz\/","og_site_name":"Mek, Automated Optical Inspection (AOI) and Solder Paste Inspection (SPI) systems specialist","article_modified_time":"2025-04-04T11:45:54+00:00","og_image":[{"url":"https:\/\/marantz-electronics.com\/wp-content\/uploads\/2015\/06\/ispector-desktop-AOI-logo-black.png","type":"","width":"","height":""}],"twitter_card":"summary_large_image","twitter_misc":{"Tiempo de lectura":"4 minutos"},"schema":{"@context":"https:\/\/schema.org","@graph":[{"@type":"WebPage","@id":"https:\/\/marantz-electronics.com\/es\/ispector-jdz\/","url":"https:\/\/marantz-electronics.com\/es\/ispector-jdz\/","name":"iSpector JDz de nivel b\u00e1sico | Mek (Marantz Electronics)","isPartOf":{"@id":"https:\/\/marantz-electronics.com\/es\/#website"},"primaryImageOfPage":{"@id":"https:\/\/marantz-electronics.com\/es\/ispector-jdz\/#primaryimage"},"image":{"@id":"https:\/\/marantz-electronics.com\/es\/ispector-jdz\/#primaryimage"},"thumbnailUrl":"https:\/\/marantz-electronics.com\/wp-content\/uploads\/2015\/06\/ispector-desktop-AOI-logo-black.png","datePublished":"2020-03-17T09:31:24+00:00","dateModified":"2025-04-04T11:45:54+00:00","description":"Los sistemas Mek iSpector JDz AOI ofrecen un r\u00e1pido retorno de la inversi\u00f3n para los clientes de EMS que buscan flexibilidad \u00f3ptica, f\u00e1cil programaci\u00f3n y uso y el m\u00e1s alto rendimiento de inspecci\u00f3n.","breadcrumb":{"@id":"https:\/\/marantz-electronics.com\/es\/ispector-jdz\/#breadcrumb"},"inLanguage":"es","potentialAction":[{"@type":"ReadAction","target":["https:\/\/marantz-electronics.com\/es\/ispector-jdz\/"]}]},{"@type":"ImageObject","inLanguage":"es","@id":"https:\/\/marantz-electronics.com\/es\/ispector-jdz\/#primaryimage","url":"https:\/\/marantz-electronics.com\/wp-content\/uploads\/2015\/06\/ispector-desktop-AOI-logo-black.png","contentUrl":"https:\/\/marantz-electronics.com\/wp-content\/uploads\/2015\/06\/ispector-desktop-AOI-logo-black.png"},{"@type":"BreadcrumbList","@id":"https:\/\/marantz-electronics.com\/es\/ispector-jdz\/#breadcrumb","itemListElement":[{"@type":"ListItem","position":1,"name":"Home","item":"https:\/\/marantz-electronics.com\/es\/"},{"@type":"ListItem","position":2,"name":"iSpector JDz Sistemas AOI de nivel b\u00e1sico"}]},{"@type":"WebSite","@id":"https:\/\/marantz-electronics.com\/es\/#website","url":"https:\/\/marantz-electronics.com\/es\/","name":"Mek, Automated Optical Inspection (AOI) and Solder Paste Inspection (SPI) systems specialist","description":"","publisher":{"@id":"https:\/\/marantz-electronics.com\/es\/#organization"},"potentialAction":[{"@type":"SearchAction","target":{"@type":"EntryPoint","urlTemplate":"https:\/\/marantz-electronics.com\/es\/?s={search_term_string}"},"query-input":{"@type":"PropertyValueSpecification","valueRequired":true,"valueName":"search_term_string"}}],"inLanguage":"es"},{"@type":"Organization","@id":"https:\/\/marantz-electronics.com\/es\/#organization","name":"Mek, Automated Optical Inspection (AOI) and Solder Paste Inspection (SPI) systems specialist","url":"https:\/\/marantz-electronics.com\/es\/","logo":{"@type":"ImageObject","inLanguage":"es","@id":"https:\/\/marantz-electronics.com\/es\/#\/schema\/logo\/image\/","url":"https:\/\/marantz-electronics.com\/wp-content\/uploads\/2015\/06\/mek-logo.png","contentUrl":"https:\/\/marantz-electronics.com\/wp-content\/uploads\/2015\/06\/mek-logo.png","width":263,"height":60,"caption":"Mek, Automated Optical Inspection (AOI) and Solder Paste Inspection (SPI) systems specialist"},"image":{"@id":"https:\/\/marantz-electronics.com\/es\/#\/schema\/logo\/image\/"}}]}},"_links":{"self":[{"href":"https:\/\/marantz-electronics.com\/es\/wp-json\/wp\/v2\/pages\/3622","targetHints":{"allow":["GET"]}}],"collection":[{"href":"https:\/\/marantz-electronics.com\/es\/wp-json\/wp\/v2\/pages"}],"about":[{"href":"https:\/\/marantz-electronics.com\/es\/wp-json\/wp\/v2\/types\/page"}],"author":[{"embeddable":true,"href":"https:\/\/marantz-electronics.com\/es\/wp-json\/wp\/v2\/users\/1"}],"replies":[{"embeddable":true,"href":"https:\/\/marantz-electronics.com\/es\/wp-json\/wp\/v2\/comments?post=3622"}],"version-history":[{"count":7,"href":"https:\/\/marantz-electronics.com\/es\/wp-json\/wp\/v2\/pages\/3622\/revisions"}],"predecessor-version":[{"id":11616,"href":"https:\/\/marantz-electronics.com\/es\/wp-json\/wp\/v2\/pages\/3622\/revisions\/11616"}],"wp:attachment":[{"href":"https:\/\/marantz-electronics.com\/es\/wp-json\/wp\/v2\/media?parent=3622"}],"curies":[{"name":"wp","href":"https:\/\/api.w.org\/{rel}","templated":true}]}}