{"id":11875,"date":"2025-11-10T15:02:34","date_gmt":"2025-11-10T15:02:34","guid":{"rendered":"https:\/\/marantz-electronics.com\/?page_id=11875"},"modified":"2025-11-11T11:45:25","modified_gmt":"2025-11-11T11:45:25","slug":"en-ligne-3d-tht-aoi","status":"publish","type":"page","link":"https:\/\/marantz-electronics.com\/fr\/en-ligne-3d-tht-aoi\/","title":{"rendered":"En ligne 3D THT AOI (ISO-Spector X1)"},"content":{"rendered":"<div class=\"wpb-content-wrapper\"><p>[vc_row full_width=\u00a0\u00bbstretch_row\u00a0\u00bb equal_height=\u00a0\u00bbyes\u00a0\u00bb content_placement=\u00a0\u00bbmiddle\u00a0\u00bb el_class=\u00a0\u00bbmek-page-banner border-mblue\u00a0\u00bb css=\u00a0\u00bb.vc_custom_1762861515963{background-image: url(https:\/\/marantz-electronics.com\/wp-content\/uploads\/Full-3D-AOI-background.jpg?id=7560) !important;background-position: center !important;background-repeat: no-repeat !important;background-size: cover !important;}\u00a0\u00bb][vc_column width=\u00a0\u00bb1\/2&Prime;][vc_column_text css=\u00a0\u00bb\u00a0\u00bb]<\/p>\n<h1>MEK ISO-Spector X1<\/h1>\n<h4>Syst\u00e8me AOI 3D complet ascendant pour joints de soudure THT et broches<\/h4>\n<p>[\/vc_column_text][\/vc_column][vc_column width=\u00a0\u00bb1\/2&Prime;][vc_single_image image=\u00a0\u00bb11885&Prime; img_size=\u00a0\u00bbfull\u00a0\u00bb alignment=\u00a0\u00bbcenter\u00a0\u00bb css=\u00a0\u00bb\u00a0\u00bb el_class=\u00a0\u00bbbanner-img\u00a0\u00bb][\/vc_column][\/vc_row][vc_row][vc_column width=\u00a0\u00bb3\/4&Prime; css=\u00a0\u00bb.vc_custom_1660926096111{padding-right: 30px !important;}\u00a0\u00bb][vc_column_text css=\u00a0\u00bb\u00a0\u00bb]<\/p>\n<h6>L&rsquo;ISO-Spector X1 est le tout dernier syst\u00e8me d&rsquo;inspection optique automatique (AOI) 3D complet de Mek, sp\u00e9cialement con\u00e7u pour l&rsquo;inspection des joints de soudure THT et des broches. Con\u00e7u pour les processus de soudage post-onde et s\u00e9lectif, le X1 offre une pr\u00e9cision et une fiabilit\u00e9 in\u00e9gal\u00e9es tout en conservant la commodit\u00e9 et la rapidit\u00e9 des solutions de programmation aliment\u00e9es par l&rsquo;IA de Mek.<\/h6>\n<p><span style=\"color: #000000;\"><strong>Mesure 3D compl\u00e8te optimis\u00e9e pour les joints de soudure THT<\/strong><\/span><\/p>\n<p>Avec l&rsquo;ISO-Spector X1, les donn\u00e9es volum\u00e9triques sont captur\u00e9es pour chaque joint de soudure et chaque broche, ce qui permet une d\u00e9tection pr\u00e9cise des \u00e9l\u00e9ments suivants :<\/p>\n<ul>\n<li>D\u00e9fauts de soudure<\/li>\n<li>Variations de hauteur des broches<\/li>\n<li>Couverture de l&rsquo;anneau annulaire<\/li>\n<li>Trous \u00ab souffl\u00e9s \u00bb et autres anomaliess<\/li>\n<\/ul>\n<p>L&rsquo;AOI 3D THT ISO-Spector X1 garantit que chaque joint THT est inspect\u00e9 avec une pr\u00e9cision maximale, ce qui r\u00e9duit les fausses alertes et fournit des r\u00e9sultats \u00e0 haut d\u00e9bit.<\/p>\n<p><span style=\"color: #000000;\"><strong>Grande capacit\u00e9 de circuits imprim\u00e9s pour une production flexible<\/strong><\/span><\/p>\n<p>L&rsquo;ISO-Spector X1 prend en charge des circuits imprim\u00e9s de dimensions maximales de 550 mm x 550 mm (21,7 pouces x 21,7 pouces), palettes comprises. Son syst\u00e8me optique avanc\u00e9 se d\u00e9place dans les directions X, Y et Z pour couvrir toute la zone d&rsquo;inspection, garantissant une couverture de mesure compl\u00e8te, m\u00eame pour les assemblages les plus grands.<br \/>\nUn d\u00e9gagement de 100 mm (3,9 pouces) c\u00f4t\u00e9 soudure THT permet \u00e0 l&rsquo;AOI d&rsquo;inspecter tous les composants \u00e0 trous traversants sans exception, offrant une confiance totale dans la qualit\u00e9 du soudage post-onde et s\u00e9lectif.<\/p>\n<p><span style=\"color: #000000;\"><strong>Mesure haute vitesse sans r\u00e9flexion<\/strong><\/span><\/p>\n<p>L&rsquo;AOI ISO-Spector X1 \u00e9limine les reflets ind\u00e9sirables provenant des surfaces brillantes des composants, offrant ainsi des mesures optimis\u00e9es en termes d&rsquo;\u00e9blouissement et de couleur. La mesure \u00e0 grande vitesse est obtenue gr\u00e2ce \u00e0 des processeurs et des m\u00e9moires modernes, permettant l&rsquo;imagerie, le calcul et la transmission de donn\u00e9es en parall\u00e8le.<\/p>\n<p><span style=\"color: #000000;\"><strong>Int\u00e9gration mat\u00e9rielle et logicielle avanc\u00e9e<\/strong><\/span><\/p>\n<ul>\n<li>Grand champ de vision (FoV) : 60 mm x 60 mm (2,4 pouces x 2,4 pouces) pour capturer des objets plus grands tout en conservant des mesures haute r\u00e9solution.<\/li>\n<li>Unit\u00e9 optique mobile sur l&rsquo;axe Z : mise au point et ajustement automatiques en fonction du gauchissement des circuits imprim\u00e9s ou des variations de hauteur des composants.<\/li>\n<li>Convoyeur automatique motoris\u00e9 : ajustement automatique de la largeur au programme d&rsquo;inspection, pour une efficacit\u00e9 maximale.<\/li>\n<li>Logiciel bas\u00e9 sur Windows\u00ae 11 : protection des donn\u00e9es hautement s\u00e9curis\u00e9e, conforme aux normes informatiques modernes.<\/li>\n<\/ul>\n<p><span style=\"color: #000000;\"><strong>Programmation IA transparente avec Mek EZPro<\/strong><\/span><\/p>\n<p>L&rsquo;ISO-Spector X1 exploite EZPro, le logiciel de programmation automatique aliment\u00e9 par l&rsquo;IA de Mek. Les recettes d&rsquo;inspection sont ind\u00e9pendantes du programmeur, ce qui garantit des r\u00e9sultats coh\u00e9rents, qu&rsquo;elles soient configur\u00e9es par un d\u00e9butant ou un expert. L&rsquo;intelligence artificielle apprend en permanence \u00e0 partir des tol\u00e9rances de processus, des joints de soudure bons et d\u00e9fectueux et des variations de production, offrant ainsi un taux de faux positifs quasi nul et une d\u00e9tection optimale des d\u00e9fauts.[\/vc_column_text][vc_btn title=\u00a0\u00bbEn Savoir Plus Sur EZPro\u00a0\u00bb style=\u00a0\u00bbflat\u00a0\u00bb align=\u00a0\u00bbleft\u00a0\u00bb i_align=\u00a0\u00bbright\u00a0\u00bb i_icon_fontawesome=\u00a0\u00bb\u00a0\u00bb css=\u00a0\u00bb\u00a0\u00bb add_icon=\u00a0\u00bbtrue\u00a0\u00bb el_class=\u00a0\u00bbmek-hme-btn\u00a0\u00bb link=\u00a0\u00bburl:https%3A%2F%2Fmarantz-electronics.com%2Ffr%2Foutil-de-programmation-aoi%2F|title:EZPro%20AOI%20Machine%20Programming%20With%20Artificial%20Intelligence|target:_blank\u00a0\u00bb][vc_empty_space height=\u00a0\u00bb10px\u00a0\u00bb][vc_column_text css=\u00a0\u00bb\u00a0\u00bb]<span style=\"color: #000000;\"><strong>Int\u00e9gration compl\u00e8te avec le syst\u00e8me Mek Catch<\/strong><\/span><\/p>\n<p>L&rsquo;ISO-Spector X1 est enti\u00e8rement compatible avec le syst\u00e8me Mek Catch, ce qui permet les passerelles MES, la r\u00e9paration, la surveillance en temps r\u00e9el et le SPC. Avec Catch, les fabricants peuvent collecter, afficher et analyser les donn\u00e9es de production de mani\u00e8re transparente, ce qui favorise l&rsquo;am\u00e9lioration continue des processus.<\/p>\n<p>L&rsquo;AOI 3D ISO-Spector X1 combine pr\u00e9cision, adaptabilit\u00e9 et intelligence pour relever les d\u00e9fis uniques li\u00e9s \u00e0 l&rsquo;inspection des joints de soudure THT et des broches, offrant ainsi aux ing\u00e9nieurs les outils n\u00e9cessaires pour maintenir en toute confiance la qualit\u00e9 des circuits imprim\u00e9s, m\u00eame les plus complexes.[\/vc_column_text][vc_column_text css=\u00a0\u00bb\u00a0\u00bb]<\/p>\n<header class=\"entry-header\"><\/header>\n<div class=\"entry-content clearfix\">\n<h6>Une solution AOI 3D de Mek<\/h6>\n<\/div>\n<p>[\/vc_column_text][\/vc_column][vc_column width=\u00a0\u00bb1\/4&Prime; css=\u00a0\u00bb.vc_custom_1660909564312{border-left-width: 10px !important;border-left-color: #000000 !important;border-radius: 1px !important;}\u00a0\u00bb][vc_column_text css=\u00a0\u00bb\u00a0\u00bb el_class=\u00a0\u00bbside-head\u00a0\u00bb]<\/p>\n<h3><img loading=\"lazy\" decoding=\"async\" class=\"alignnone size-full wp-image-11369\" src=\"https:\/\/marantz-electronics.com\/wp-content\/uploads\/roi-3.png\" alt=\"\" width=\"60\" height=\"60\" \/>Calculer le ROI<\/h3>\n<p>[\/vc_column_text][vc_column_text css=\u00a0\u00bb\u00a0\u00bb]Calculez en secondes le retour sur investissement de votre AOI et sa pertinence pour votre entreprise.[\/vc_column_text][vc_btn title=\u00a0\u00bbCalculate Maintenant\u00a0\u00bb style=\u00a0\u00bbflat\u00a0\u00bb align=\u00a0\u00bbcenter\u00a0\u00bb css=\u00a0\u00bb\u00a0\u00bb el_class=\u00a0\u00bbmek-hme-btn\u00a0\u00bb link=\u00a0\u00bburl:%2Froi-calculator%2F|title:AOI%20ROI%20Calculator|target:_blank\u00a0\u00bb][vc_separator][vc_column_text css=\u00a0\u00bb\u00a0\u00bb el_class=\u00a0\u00bbside-head\u00a0\u00bb]<\/p>\n<h3><img loading=\"lazy\" decoding=\"async\" class=\"alignnone wp-image-8145\" src=\"https:\/\/marantz-electronics.com\/wp-content\/uploads\/contact-us.png\" alt=\"contact-us icon\" width=\"60\" height=\"60\" srcset=\"https:\/\/marantz-electronics.com\/wp-content\/uploads\/contact-us.png 256w, https:\/\/marantz-electronics.com\/wp-content\/uploads\/contact-us-150x150.png 150w, https:\/\/marantz-electronics.com\/wp-content\/uploads\/contact-us-230x230.png 230w\" sizes=\"auto, (max-width: 60px) 100vw, 60px\" \/>En Savoir Plus<\/h3>\n<p>[\/vc_column_text][vc_btn title=\u00a0\u00bbContacter Mek \u00e0 propos de ce produit\u00a0\u00bb style=\u00a0\u00bbflat\u00a0\u00bb align=\u00a0\u00bbcenter\u00a0\u00bb css=\u00a0\u00bb\u00a0\u00bb el_class=\u00a0\u00bbmek-hme-btn\u00a0\u00bb link=\u00a0\u00bburl:mailto%3Ainfo%40mek-europe.com|title:Email%20Mek%20about%20Full%203D%20THT%20AOI|target:_blank\u00a0\u00bb][vc_separator][vc_column_text css=\u00a0\u00bb\u00a0\u00bb el_class=\u00a0\u00bbside-head\u00a0\u00bb]<\/p>\n<h3><img loading=\"lazy\" decoding=\"async\" class=\"alignnone wp-image-3945 size-full\" src=\"https:\/\/marantz-electronics.com\/wp-content\/uploads\/2020\/09\/downloads.png\" alt=\"\" width=\"60\" height=\"60\" \/>T\u00e9l\u00e9chargements<\/h3>\n<p>[\/vc_column_text][vc_column_text css=\u00a0\u00bb\u00a0\u00bb el_class=\u00a0\u00bbside-head\u00a0\u00bb]<a href=\"https:\/\/marantz-electronics.com\/wp-content\/uploads\/ISO-Spector-X1_Inline-Brochure-V1.pdf\" target=\"_blank\" rel=\"noopener noreferrer\">Brochure ISO-Spector X1<\/a>[\/vc_column_text][vc_btn title=\u00a0\u00bbT\u00e9l\u00e9charger la brochure THT 3D AOI\u00a0\u00bb style=\u00a0\u00bbflat\u00a0\u00bb align=\u00a0\u00bbcenter\u00a0\u00bb css=\u00a0\u00bb\u00a0\u00bb el_class=\u00a0\u00bbmek-hme-btn\u00a0\u00bb link=\u00a0\u00bburl:https%3A%2F%2Fmarantz-electronics.com%2Fwp-content%2Fuploads%2FISO-Spector-X1_Inline-Brochure-V1.pdf|title:THT%20Full%203D%20AOI%20brochure|target:_blank\u00a0\u00bb][vc_separator][vc_column_text css=\u00a0\u00bb\u00a0\u00bb el_class=\u00a0\u00bbside-head\u00a0\u00bb]<\/p>\n<h3><img loading=\"lazy\" decoding=\"async\" class=\"alignnone wp-image-3948 size-full\" src=\"https:\/\/marantz-electronics.com\/wp-content\/uploads\/2020\/09\/Articles.png\" alt=\"\" width=\"60\" height=\"60\" \/>Articles Associ\u00e9s<\/h3>\n<p><a href=\"https:\/\/marantz-electronics.com\/what-about-inspection-quality\/\">3D AOI Connectivity is Exceptionally Important, BUT what about inspection quality?<\/a>[\/vc_column_text][vc_separator][vc_column_text css=\u00a0\u00bb\u00a0\u00bb el_class=\u00a0\u00bbside-head\u00a0\u00bb]<\/p>\n<h3><img loading=\"lazy\" decoding=\"async\" class=\"alignnone size-full wp-image-11524\" src=\"https:\/\/marantz-electronics.com\/wp-content\/uploads\/blogger.png\" alt=\"\" width=\"60\" height=\"60\" \/>Nouvelles<\/h3>\n<p>[\/vc_column_text][vc_column_text css=\u00a0\u00bb\u00a0\u00bb el_class=\u00a0\u00bbside-head\u00a0\u00bb]Lisez les derni\u00e8res nouvelles sur notre blog : Inspection Matters[\/vc_column_text][vc_btn title=\u00a0\u00bbAller au Blog\u00a0\u00bb style=\u00a0\u00bbflat\u00a0\u00bb align=\u00a0\u00bbcenter\u00a0\u00bb css=\u00a0\u00bb\u00a0\u00bb el_class=\u00a0\u00bbmek-hme-btn\u00a0\u00bb link=\u00a0\u00bburl:%2Ffr%2Fblog%2F|title:Marantz%20Electronics%20blog|target:_blank\u00a0\u00bb][vc_separator][\/vc_column][\/vc_row][vc_row][vc_column][vc_empty_space][vc_column_text css=\u00a0\u00bb\u00a0\u00bb el_class=\u00a0\u00bbcenter big-heading\u00a0\u00bb]<\/p>\n<h4 style=\"text-align: center;\">Si Vous Avez Besoin D&rsquo;Aide Pour D\u00e9cider De La Bonne Solution AOI<\/h4>\n<p>[\/vc_column_text][vc_btn title=\u00a0\u00bbContact Us\u00a0\u00bb style=\u00a0\u00bbflat\u00a0\u00bb align=\u00a0\u00bbcenter\u00a0\u00bb el_class=\u00a0\u00bbmek-hme-btn\u00a0\u00bb link=\u00a0\u00bburl:%2Fcontact-us%2F|title:Contact%20Us\u00a0\u00bb][\/vc_column][\/vc_row]<\/p>\n<\/div>","protected":false},"excerpt":{"rendered":"<p>[vc_row full_width=\u00a0\u00bbstretch_row\u00a0\u00bb equal_height=\u00a0\u00bbyes\u00a0\u00bb content_placement=\u00a0\u00bbmiddle\u00a0\u00bb el_class=\u00a0\u00bbmek-page-banner border-mblue\u00a0\u00bb css=\u00a0\u00bb.vc_custom_1762861515963{background-image: url(https:\/\/marantz-electronics.com\/wp-content\/uploads\/Full-3D-AOI-background.jpg?id=7560) !important;background-position: center !important;background-repeat: no-repeat !important;background-size: cover !important;}\u00a0\u00bb][vc_column width=\u00a0\u00bb1\/2&Prime;][vc_column_text css=\u00a0\u00bb\u00a0\u00bb] MEK ISO-Spector X1 Syst\u00e8me AOI 3D complet ascendant pour joints de soudure THT et broches [\/vc_column_text][\/vc_column][vc_column width=\u00a0\u00bb1\/2&Prime;][vc_single_image image=\u00a0\u00bb11885&Prime; img_size=\u00a0\u00bbfull\u00a0\u00bb alignment=\u00a0\u00bbcenter\u00a0\u00bb css=\u00a0\u00bb\u00a0\u00bb el_class=\u00a0\u00bbbanner-img\u00a0\u00bb][\/vc_column][\/vc_row][vc_row][vc_column width=\u00a0\u00bb3\/4&Prime; css=\u00a0\u00bb.vc_custom_1660926096111{padding-right: 30px !important;}\u00a0\u00bb][vc_column_text css=\u00a0\u00bb\u00a0\u00bb] L&rsquo;ISO-Spector X1 est le tout dernier syst\u00e8me d&rsquo;inspection optique automatique (AOI) 3D complet de Mek, sp\u00e9cialement con\u00e7u pour l&rsquo;inspection des joints de soudure THT et des broches. Con\u00e7u pour les processus&#8230; <\/br><a class=\"moretag\" href=\"https:\/\/marantz-electronics.com\/fr\/en-ligne-3d-tht-aoi\/\"> Read the full article&#8230;<\/a><\/p>\n","protected":false},"author":1,"featured_media":11885,"parent":0,"menu_order":0,"comment_status":"closed","ping_status":"closed","template":"page-templates\/mek-fullwidth-v2.php","meta":{"footnotes":""},"class_list":["post-11875","page","type-page","status-publish","has-post-thumbnail","hentry"],"yoast_head":"<!-- This site is optimized with the Yoast SEO Premium plugin v21.6 (Yoast SEO v27.3) - https:\/\/yoast.com\/product\/yoast-seo-premium-wordpress\/ -->\n<title>3D en ligne pour les joints de soudure et les broches THT | Marantz Electronics<\/title>\n<meta name=\"description\" content=\"ISO-Spector X1. Syst\u00e8me d&#039;inspection optique automatique 3D (AOI), con\u00e7u pour l&#039;inspection des joints de soudure THT et des broches.\" \/>\n<meta name=\"robots\" content=\"index, follow, max-snippet:-1, max-image-preview:large, max-video-preview:-1\" \/>\n<link rel=\"canonical\" href=\"https:\/\/marantz-electronics.com\/fr\/en-ligne-3d-tht-aoi\/\" \/>\n<meta property=\"og:locale\" content=\"fr_FR\" \/>\n<meta property=\"og:type\" content=\"article\" \/>\n<meta property=\"og:title\" content=\"En ligne 3D THT AOI (ISO-Spector X1)\" \/>\n<meta property=\"og:description\" content=\"ISO-Spector X1. Syst\u00e8me d&#039;inspection optique automatique 3D (AOI), con\u00e7u pour l&#039;inspection des joints de soudure THT et des broches.\" \/>\n<meta property=\"og:url\" content=\"https:\/\/marantz-electronics.com\/fr\/en-ligne-3d-tht-aoi\/\" \/>\n<meta property=\"og:site_name\" content=\"Mek, Automated Optical Inspection (AOI) and Solder Paste Inspection (SPI) systems specialist\" \/>\n<meta property=\"article:modified_time\" content=\"2025-11-11T11:45:25+00:00\" \/>\n<meta property=\"og:image\" content=\"https:\/\/marantz-electronics.com\/wp-content\/uploads\/ISO-Spector-X1-3D-THT-bottom-up-inline-AOI-left-facing.png\" \/>\n\t<meta property=\"og:image:width\" content=\"542\" \/>\n\t<meta property=\"og:image:height\" content=\"730\" \/>\n\t<meta property=\"og:image:type\" content=\"image\/png\" \/>\n<meta name=\"twitter:card\" content=\"summary_large_image\" \/>\n<meta name=\"twitter:label1\" content=\"Dur\u00e9e de lecture estim\u00e9e\" \/>\n\t<meta name=\"twitter:data1\" content=\"5 minutes\" \/>\n<script type=\"application\/ld+json\" class=\"yoast-schema-graph\">{\"@context\":\"https:\\\/\\\/schema.org\",\"@graph\":[{\"@type\":\"WebPage\",\"@id\":\"https:\\\/\\\/marantz-electronics.com\\\/fr\\\/en-ligne-3d-tht-aoi\\\/\",\"url\":\"https:\\\/\\\/marantz-electronics.com\\\/fr\\\/en-ligne-3d-tht-aoi\\\/\",\"name\":\"3D en ligne pour les joints de soudure et les broches THT | Marantz Electronics\",\"isPartOf\":{\"@id\":\"https:\\\/\\\/marantz-electronics.com\\\/fr\\\/#website\"},\"primaryImageOfPage\":{\"@id\":\"https:\\\/\\\/marantz-electronics.com\\\/fr\\\/en-ligne-3d-tht-aoi\\\/#primaryimage\"},\"image\":{\"@id\":\"https:\\\/\\\/marantz-electronics.com\\\/fr\\\/en-ligne-3d-tht-aoi\\\/#primaryimage\"},\"thumbnailUrl\":\"https:\\\/\\\/marantz-electronics.com\\\/wp-content\\\/uploads\\\/ISO-Spector-X1-3D-THT-bottom-up-inline-AOI-left-facing.png\",\"datePublished\":\"2025-11-10T15:02:34+00:00\",\"dateModified\":\"2025-11-11T11:45:25+00:00\",\"description\":\"ISO-Spector X1. Syst\u00e8me d'inspection optique automatique 3D (AOI), con\u00e7u pour l'inspection des joints de soudure THT et des broches.\",\"breadcrumb\":{\"@id\":\"https:\\\/\\\/marantz-electronics.com\\\/fr\\\/en-ligne-3d-tht-aoi\\\/#breadcrumb\"},\"inLanguage\":\"fr-FR\",\"potentialAction\":[{\"@type\":\"ReadAction\",\"target\":[\"https:\\\/\\\/marantz-electronics.com\\\/fr\\\/en-ligne-3d-tht-aoi\\\/\"]}]},{\"@type\":\"ImageObject\",\"inLanguage\":\"fr-FR\",\"@id\":\"https:\\\/\\\/marantz-electronics.com\\\/fr\\\/en-ligne-3d-tht-aoi\\\/#primaryimage\",\"url\":\"https:\\\/\\\/marantz-electronics.com\\\/wp-content\\\/uploads\\\/ISO-Spector-X1-3D-THT-bottom-up-inline-AOI-left-facing.png\",\"contentUrl\":\"https:\\\/\\\/marantz-electronics.com\\\/wp-content\\\/uploads\\\/ISO-Spector-X1-3D-THT-bottom-up-inline-AOI-left-facing.png\",\"width\":542,\"height\":730,\"caption\":\"Bottom-Up Full 3D AOI System For THT Solder Joints And Pins\"},{\"@type\":\"BreadcrumbList\",\"@id\":\"https:\\\/\\\/marantz-electronics.com\\\/fr\\\/en-ligne-3d-tht-aoi\\\/#breadcrumb\",\"itemListElement\":[{\"@type\":\"ListItem\",\"position\":1,\"name\":\"Home\",\"item\":\"https:\\\/\\\/marantz-electronics.com\\\/fr\\\/\"},{\"@type\":\"ListItem\",\"position\":2,\"name\":\"En ligne 3D THT AOI (ISO-Spector X1)\"}]},{\"@type\":\"WebSite\",\"@id\":\"https:\\\/\\\/marantz-electronics.com\\\/fr\\\/#website\",\"url\":\"https:\\\/\\\/marantz-electronics.com\\\/fr\\\/\",\"name\":\"Mek, Automated Optical Inspection (AOI) and Solder Paste Inspection (SPI) systems specialist\",\"description\":\"\",\"publisher\":{\"@id\":\"https:\\\/\\\/marantz-electronics.com\\\/fr\\\/#organization\"},\"potentialAction\":[{\"@type\":\"SearchAction\",\"target\":{\"@type\":\"EntryPoint\",\"urlTemplate\":\"https:\\\/\\\/marantz-electronics.com\\\/fr\\\/?s={search_term_string}\"},\"query-input\":{\"@type\":\"PropertyValueSpecification\",\"valueRequired\":true,\"valueName\":\"search_term_string\"}}],\"inLanguage\":\"fr-FR\"},{\"@type\":\"Organization\",\"@id\":\"https:\\\/\\\/marantz-electronics.com\\\/fr\\\/#organization\",\"name\":\"Mek, Automated Optical Inspection (AOI) and Solder Paste Inspection (SPI) systems specialist\",\"url\":\"https:\\\/\\\/marantz-electronics.com\\\/fr\\\/\",\"logo\":{\"@type\":\"ImageObject\",\"inLanguage\":\"fr-FR\",\"@id\":\"https:\\\/\\\/marantz-electronics.com\\\/fr\\\/#\\\/schema\\\/logo\\\/image\\\/\",\"url\":\"https:\\\/\\\/marantz-electronics.com\\\/wp-content\\\/uploads\\\/2015\\\/06\\\/mek-logo.png\",\"contentUrl\":\"https:\\\/\\\/marantz-electronics.com\\\/wp-content\\\/uploads\\\/2015\\\/06\\\/mek-logo.png\",\"width\":263,\"height\":60,\"caption\":\"Mek, Automated Optical Inspection (AOI) and Solder Paste Inspection (SPI) systems specialist\"},\"image\":{\"@id\":\"https:\\\/\\\/marantz-electronics.com\\\/fr\\\/#\\\/schema\\\/logo\\\/image\\\/\"}}]}<\/script>\n<!-- \/ Yoast SEO Premium plugin. -->","yoast_head_json":{"title":"3D en ligne pour les joints de soudure et les broches THT | Marantz Electronics","description":"ISO-Spector X1. Syst\u00e8me d'inspection optique automatique 3D (AOI), con\u00e7u pour l'inspection des joints de soudure THT et des broches.","robots":{"index":"index","follow":"follow","max-snippet":"max-snippet:-1","max-image-preview":"max-image-preview:large","max-video-preview":"max-video-preview:-1"},"canonical":"https:\/\/marantz-electronics.com\/fr\/en-ligne-3d-tht-aoi\/","og_locale":"fr_FR","og_type":"article","og_title":"En ligne 3D THT AOI (ISO-Spector X1)","og_description":"ISO-Spector X1. Syst\u00e8me d'inspection optique automatique 3D (AOI), con\u00e7u pour l'inspection des joints de soudure THT et des broches.","og_url":"https:\/\/marantz-electronics.com\/fr\/en-ligne-3d-tht-aoi\/","og_site_name":"Mek, Automated Optical Inspection (AOI) and Solder Paste Inspection (SPI) systems specialist","article_modified_time":"2025-11-11T11:45:25+00:00","og_image":[{"width":542,"height":730,"url":"https:\/\/marantz-electronics.com\/wp-content\/uploads\/ISO-Spector-X1-3D-THT-bottom-up-inline-AOI-left-facing.png","type":"image\/png"}],"twitter_card":"summary_large_image","twitter_misc":{"Dur\u00e9e de lecture estim\u00e9e":"5 minutes"},"schema":{"@context":"https:\/\/schema.org","@graph":[{"@type":"WebPage","@id":"https:\/\/marantz-electronics.com\/fr\/en-ligne-3d-tht-aoi\/","url":"https:\/\/marantz-electronics.com\/fr\/en-ligne-3d-tht-aoi\/","name":"3D en ligne pour les joints de soudure et les broches THT | Marantz Electronics","isPartOf":{"@id":"https:\/\/marantz-electronics.com\/fr\/#website"},"primaryImageOfPage":{"@id":"https:\/\/marantz-electronics.com\/fr\/en-ligne-3d-tht-aoi\/#primaryimage"},"image":{"@id":"https:\/\/marantz-electronics.com\/fr\/en-ligne-3d-tht-aoi\/#primaryimage"},"thumbnailUrl":"https:\/\/marantz-electronics.com\/wp-content\/uploads\/ISO-Spector-X1-3D-THT-bottom-up-inline-AOI-left-facing.png","datePublished":"2025-11-10T15:02:34+00:00","dateModified":"2025-11-11T11:45:25+00:00","description":"ISO-Spector X1. Syst\u00e8me d'inspection optique automatique 3D (AOI), con\u00e7u pour l'inspection des joints de soudure THT et des broches.","breadcrumb":{"@id":"https:\/\/marantz-electronics.com\/fr\/en-ligne-3d-tht-aoi\/#breadcrumb"},"inLanguage":"fr-FR","potentialAction":[{"@type":"ReadAction","target":["https:\/\/marantz-electronics.com\/fr\/en-ligne-3d-tht-aoi\/"]}]},{"@type":"ImageObject","inLanguage":"fr-FR","@id":"https:\/\/marantz-electronics.com\/fr\/en-ligne-3d-tht-aoi\/#primaryimage","url":"https:\/\/marantz-electronics.com\/wp-content\/uploads\/ISO-Spector-X1-3D-THT-bottom-up-inline-AOI-left-facing.png","contentUrl":"https:\/\/marantz-electronics.com\/wp-content\/uploads\/ISO-Spector-X1-3D-THT-bottom-up-inline-AOI-left-facing.png","width":542,"height":730,"caption":"Bottom-Up Full 3D AOI System For THT Solder Joints And Pins"},{"@type":"BreadcrumbList","@id":"https:\/\/marantz-electronics.com\/fr\/en-ligne-3d-tht-aoi\/#breadcrumb","itemListElement":[{"@type":"ListItem","position":1,"name":"Home","item":"https:\/\/marantz-electronics.com\/fr\/"},{"@type":"ListItem","position":2,"name":"En ligne 3D THT AOI (ISO-Spector X1)"}]},{"@type":"WebSite","@id":"https:\/\/marantz-electronics.com\/fr\/#website","url":"https:\/\/marantz-electronics.com\/fr\/","name":"Mek, Automated Optical Inspection (AOI) and Solder Paste Inspection (SPI) systems specialist","description":"","publisher":{"@id":"https:\/\/marantz-electronics.com\/fr\/#organization"},"potentialAction":[{"@type":"SearchAction","target":{"@type":"EntryPoint","urlTemplate":"https:\/\/marantz-electronics.com\/fr\/?s={search_term_string}"},"query-input":{"@type":"PropertyValueSpecification","valueRequired":true,"valueName":"search_term_string"}}],"inLanguage":"fr-FR"},{"@type":"Organization","@id":"https:\/\/marantz-electronics.com\/fr\/#organization","name":"Mek, Automated Optical Inspection (AOI) and Solder Paste Inspection (SPI) systems specialist","url":"https:\/\/marantz-electronics.com\/fr\/","logo":{"@type":"ImageObject","inLanguage":"fr-FR","@id":"https:\/\/marantz-electronics.com\/fr\/#\/schema\/logo\/image\/","url":"https:\/\/marantz-electronics.com\/wp-content\/uploads\/2015\/06\/mek-logo.png","contentUrl":"https:\/\/marantz-electronics.com\/wp-content\/uploads\/2015\/06\/mek-logo.png","width":263,"height":60,"caption":"Mek, Automated Optical Inspection (AOI) and Solder Paste Inspection (SPI) systems specialist"},"image":{"@id":"https:\/\/marantz-electronics.com\/fr\/#\/schema\/logo\/image\/"}}]}},"_links":{"self":[{"href":"https:\/\/marantz-electronics.com\/fr\/wp-json\/wp\/v2\/pages\/11875","targetHints":{"allow":["GET"]}}],"collection":[{"href":"https:\/\/marantz-electronics.com\/fr\/wp-json\/wp\/v2\/pages"}],"about":[{"href":"https:\/\/marantz-electronics.com\/fr\/wp-json\/wp\/v2\/types\/page"}],"author":[{"embeddable":true,"href":"https:\/\/marantz-electronics.com\/fr\/wp-json\/wp\/v2\/users\/1"}],"replies":[{"embeddable":true,"href":"https:\/\/marantz-electronics.com\/fr\/wp-json\/wp\/v2\/comments?post=11875"}],"version-history":[{"count":7,"href":"https:\/\/marantz-electronics.com\/fr\/wp-json\/wp\/v2\/pages\/11875\/revisions"}],"predecessor-version":[{"id":11935,"href":"https:\/\/marantz-electronics.com\/fr\/wp-json\/wp\/v2\/pages\/11875\/revisions\/11935"}],"wp:featuredmedia":[{"embeddable":true,"href":"https:\/\/marantz-electronics.com\/fr\/wp-json\/wp\/v2\/media\/11885"}],"wp:attachment":[{"href":"https:\/\/marantz-electronics.com\/fr\/wp-json\/wp\/v2\/media?parent=11875"}],"curies":[{"name":"wp","href":"https:\/\/api.w.org\/{rel}","templated":true}]}}