{"id":4734,"date":"2021-03-15T11:53:40","date_gmt":"2021-03-15T11:53:40","guid":{"rendered":"http:\/\/marantz-electronics.com\/a-propos-de-mek-marantz-electronics\/"},"modified":"2023-07-20T13:55:59","modified_gmt":"2023-07-20T12:55:59","slug":"a-propos-de-mek","status":"publish","type":"page","link":"https:\/\/marantz-electronics.com\/fr\/a-propos-de-mek\/","title":{"rendered":"\u00c0 propos de Mek (Marantz Electronics)"},"content":{"rendered":"<div class=\"wpb-content-wrapper\"><p>[vc_row full_width=\u00a0\u00bbstretch_row\u00a0\u00bb equal_height=\u00a0\u00bbyes\u00a0\u00bb content_placement=\u00a0\u00bbmiddle\u00a0\u00bb el_class=\u00a0\u00bbmek-page-banner\u00a0\u00bb css=\u00a0\u00bb.vc_custom_1664795708084{background-image: url(https:\/\/marantz-electronics.com\/wp-content\/uploads\/test-about-us-6.jpg?id=8032) !important;background-position: center !important;background-repeat: no-repeat !important;background-size: cover !important;}\u00a0\u00bb][vc_column][vc_column_text]<\/p>\n<h1>\u00c0 Propos de Mek (Marantz Electronics)<\/h1>\n<h4>Syst\u00e8mes d&rsquo;Inspection Optique Automatis\u00e9s (Syst\u00e8mes AOI)<\/h4>\n<p>[\/vc_column_text][vc_single_image image=\u00a0\u00bb8006&Prime; img_size=\u00a0\u00bbfull\u00a0\u00bb alignment=\u00a0\u00bbcenter\u00a0\u00bb el_class=\u00a0\u00bbbanner-img\u00a0\u00bb][\/vc_column][\/vc_row][vc_row full_width=\u00a0\u00bbstretch_row\u00a0\u00bb css=\u00a0\u00bb.vc_custom_1638381140329{padding-bottom: 50px !important;}\u00a0\u00bb][vc_column width=\u00a0\u00bb2\/3&Prime; css=\u00a0\u00bb.vc_custom_1637935882477{padding-right: 35px !important;padding-left: 35px !important;}\u00a0\u00bb][vc_column_text]<\/p>\n<h6>Mek (Marantz Electronics) est un leader du secteur des solutions d\u2019inspection optique automatique (AOI) et d\u2019inspection de la p\u00e2te \u00e0 braser (SPI). Avec plus de 10,000 machines AOI utilis\u00e9es dans le monde, notre technologie d\u2019imagerie 24 bits permet un contr\u00f4le puissant des processus et un rendement de production maximal pour les clients de Mek sp\u00e9cialis\u00e9s dans l\u2019assemblage \u00e9lectronique et la micro\u00e9lectronique.<\/h6>\n<p>Bien connu pour ses produits audio\/vid\u00e9o de haute qualit\u00e9, Marantz, qui faisait alors partie de Philips, a d\u00e9velopp\u00e9 son premier syst\u00e8me AOI en 1994. D\u00e9velopp\u00e9 pour inspecter les assemblages de PCB afin de v\u00e9rifier le placement correct des composants et leur soudure, le syst\u00e8me AOI a \u00e9t\u00e9 con\u00e7u pour \u00eatre utilis\u00e9 dans les propres usines de Marantz. S\u2019av\u00e9rant \u00eatre une alternative tr\u00e8s r\u00e9ussie et rentable \u00e0 l\u2019inspection humaine traditionnelle, Marantz a lanc\u00e9 sa premi\u00e8re g\u00e9n\u00e9ration de syst\u00e8me commercial en 1996. Depuis lors, la gamme s\u2019est \u00e9largie avec des syst\u00e8mes innovants de <a href=\"\/fr\/systemes-aoi-de-table\/\">table AOI<\/a>, <a href=\"\/fr\/aoi-en-ligne\/\">AOI en ligne<\/a>, <a href=\"\/fr\/tht-aoi\/\">AOI THT<\/a> et <a href=\"\/fr\/systemes-aoi-full-3d\/\">AOI 3D<\/a>.[\/vc_column_text][vc_column_text]D\u00e8s le d\u00e9but, Mek a \u00e9t\u00e9 convaincu que la cl\u00e9 du succ\u00e8s d\u2019un processus \u00e9tait de le contr\u00f4ler avec pr\u00e9cision aux \u00e9tapes cl\u00e9s. Alors que le reste de l\u2019industrie attendait de voir l\u2019impact de l\u2019inspection optique automatis\u00e9e, Mek \u00e9tait \u00e0 l\u2019avant-garde du d\u00e9veloppement de la technologie qui rendait l\u2019inspection sans contact \u00e0 la fois pr\u00e9cise et significative, et l\u2019AOI est donc devenu un outil important pour l\u2019inspection des PCB charg\u00e9s.<\/p>\n<p>Puis, fin 2009, Mek a pr\u00e9sent\u00e9 la premi\u00e8re <a href=\"\/fr\/systemes-spi\/\">technologie d\u2019inspection de la p\u00e2te \u00e0 braser (SPI) 5D<\/a> post-impression du secteur. \u00c9tant donn\u00e9 que de nombreux d\u00e9fauts peuvent \u00eatre attribu\u00e9s \u00e0 des erreurs d\u2019impression de la soudure, l\u2019utilisation d\u2019un syst\u00e8me SPI pour identifier ces erreurs au d\u00e9but du processus peut am\u00e9liorer le rendement et r\u00e9duire les reprises. Avec l\u2019introduction de cette machine, les assembleurs de composants \u00e9lectroniques de Mek peuvent d\u00e9sormais d\u00e9tecter les d\u00e9fauts aux deux \u00e9tapes les plus critiques du processus de production, \u00e0 savoir la post-impression et la post-soudure.[\/vc_column_text][\/vc_column][vc_column width=\u00a0\u00bb1\/3&Prime;][vc_single_image image=\u00a0\u00bb6552&Prime; img_size=\u00a0\u00bbfull\u00a0\u00bb alignment=\u00a0\u00bbcenter\u00a0\u00bb onclick=\u00a0\u00bbcustom_link\u00a0\u00bb img_link_target=\u00a0\u00bb_blank\u00a0\u00bb link=\u00a0\u00bb\/fr\/ligne-de-temps\/\u00a0\u00bb css=\u00a0\u00bb.vc_custom_1689857750734{margin-bottom: 0px !important;}\u00a0\u00bb][vc_empty_space][vc_btn title=\u00a0\u00bbVoir la ligne du temps du Mek\u00a0\u00bb style=\u00a0\u00bbflat\u00a0\u00bb align=\u00a0\u00bbcenter\u00a0\u00bb el_class=\u00a0\u00bbmek-hme-btn\u00a0\u00bb link=\u00a0\u00bburl:%2Ffr%2Fligne-de-temps%2F|title:Chronologie%20Mek|target:_blank\u00a0\u00bb][\/vc_column][\/vc_row][vc_row][vc_column][vc_empty_space][vc_separator][vc_column_text el_class=\u00a0\u00bbcenter big-heading\u00a0\u00bb]<\/p>\n<h4 style=\"text-align: center;\">Si Vous Avez Besoin D&rsquo;Aide Pour D\u00e9cider De La Bonne Solution AOI ou SPI Pour Vous<\/h4>\n<p>[\/vc_column_text][vc_btn title=\u00a0\u00bbContactez nous\u00a0\u00bb style=\u00a0\u00bbflat\u00a0\u00bb align=\u00a0\u00bbcenter\u00a0\u00bb i_align=\u00a0\u00bbright\u00a0\u00bb i_icon_fontawesome=\u00a0\u00bbfas fa-arrow-alt-circle-right\u00a0\u00bb add_icon=\u00a0\u00bbtrue\u00a0\u00bb el_class=\u00a0\u00bbmek-hme-btn\u00a0\u00bb link=\u00a0\u00bburl:https%3A%2F%2Fmarantz-electronics.com%2Ffr%2Fcontact-mek%2F|title:Contactez%20nous\u00a0\u00bb][\/vc_column][\/vc_row]<\/p>\n<\/div>","protected":false},"excerpt":{"rendered":"<p>[vc_row full_width=\u00a0\u00bbstretch_row\u00a0\u00bb equal_height=\u00a0\u00bbyes\u00a0\u00bb content_placement=\u00a0\u00bbmiddle\u00a0\u00bb el_class=\u00a0\u00bbmek-page-banner\u00a0\u00bb css=\u00a0\u00bb.vc_custom_1664795708084{background-image: url(https:\/\/marantz-electronics.com\/wp-content\/uploads\/test-about-us-6.jpg?id=8032) !important;background-position: center !important;background-repeat: no-repeat !important;background-size: cover !important;}\u00a0\u00bb][vc_column][vc_column_text] \u00c0 Propos de Mek (Marantz Electronics) Syst\u00e8mes d&rsquo;Inspection Optique Automatis\u00e9s (Syst\u00e8mes AOI) [\/vc_column_text][vc_single_image image=\u00a0\u00bb8006&Prime; img_size=\u00a0\u00bbfull\u00a0\u00bb alignment=\u00a0\u00bbcenter\u00a0\u00bb el_class=\u00a0\u00bbbanner-img\u00a0\u00bb][\/vc_column][\/vc_row][vc_row full_width=\u00a0\u00bbstretch_row\u00a0\u00bb css=\u00a0\u00bb.vc_custom_1638381140329{padding-bottom: 50px !important;}\u00a0\u00bb][vc_column width=\u00a0\u00bb2\/3&Prime; css=\u00a0\u00bb.vc_custom_1637935882477{padding-right: 35px !important;padding-left: 35px !important;}\u00a0\u00bb][vc_column_text] Mek (Marantz Electronics) est un leader du secteur des solutions d\u2019inspection optique automatique (AOI) et d\u2019inspection de la p\u00e2te \u00e0 braser (SPI). Avec plus de 10,000 machines AOI utilis\u00e9es dans le monde, notre technologie&#8230; <\/br><a class=\"moretag\" href=\"https:\/\/marantz-electronics.com\/fr\/a-propos-de-mek\/\"> Read the full article&#8230;<\/a><\/p>\n","protected":false},"author":1,"featured_media":0,"parent":0,"menu_order":0,"comment_status":"closed","ping_status":"closed","template":"page-templates\/mek-fullwidth-v2.php","meta":{"footnotes":""},"class_list":["post-4734","page","type-page","status-publish","hentry"],"yoast_head":"<!-- This site is optimized with the Yoast SEO Premium plugin v21.6 (Yoast SEO v27.3) - https:\/\/yoast.com\/product\/yoast-seo-premium-wordpress\/ -->\n<title>\u00c0 propos de Mek (Marantz Electronics) | Syst\u00e8mes AOI et SPI<\/title>\n<meta name=\"description\" content=\"Des syst\u00e8mes d&#039;inspection optique automatique 3D (AOI) et des syst\u00e8mes SPI. Comprend un syst\u00e8me AOI unique de bas en haut et de haut en bas.\" \/>\n<meta name=\"robots\" content=\"index, follow, max-snippet:-1, max-image-preview:large, max-video-preview:-1\" \/>\n<link rel=\"canonical\" href=\"https:\/\/marantz-electronics.com\/fr\/a-propos-de-mek\/\" \/>\n<meta property=\"og:locale\" content=\"fr_FR\" \/>\n<meta property=\"og:type\" content=\"article\" \/>\n<meta property=\"og:title\" content=\"\u00c0 propos de Mek (Marantz Electronics)\" \/>\n<meta property=\"og:description\" content=\"Des syst\u00e8mes d&#039;inspection optique automatique 3D (AOI) et des syst\u00e8mes SPI. Comprend un syst\u00e8me AOI unique de bas en haut et de haut en bas.\" \/>\n<meta property=\"og:url\" content=\"https:\/\/marantz-electronics.com\/fr\/a-propos-de-mek\/\" \/>\n<meta property=\"og:site_name\" content=\"Mek, Automated Optical Inspection (AOI) and Solder Paste Inspection (SPI) systems specialist\" \/>\n<meta property=\"article:modified_time\" content=\"2023-07-20T12:55:59+00:00\" \/>\n<meta name=\"twitter:card\" content=\"summary_large_image\" \/>\n<meta name=\"twitter:label1\" content=\"Dur\u00e9e de lecture estim\u00e9e\" \/>\n\t<meta name=\"twitter:data1\" content=\"2 minutes\" \/>\n<script type=\"application\/ld+json\" class=\"yoast-schema-graph\">{\"@context\":\"https:\\\/\\\/schema.org\",\"@graph\":[{\"@type\":\"WebPage\",\"@id\":\"https:\\\/\\\/marantz-electronics.com\\\/fr\\\/a-propos-de-mek\\\/\",\"url\":\"https:\\\/\\\/marantz-electronics.com\\\/fr\\\/a-propos-de-mek\\\/\",\"name\":\"\u00c0 propos de Mek (Marantz Electronics) | Syst\u00e8mes AOI et SPI\",\"isPartOf\":{\"@id\":\"https:\\\/\\\/marantz-electronics.com\\\/fr\\\/#website\"},\"datePublished\":\"2021-03-15T11:53:40+00:00\",\"dateModified\":\"2023-07-20T12:55:59+00:00\",\"description\":\"Des syst\u00e8mes d'inspection optique automatique 3D (AOI) et des syst\u00e8mes SPI. Comprend un syst\u00e8me AOI unique de bas en haut et de haut en bas.\",\"breadcrumb\":{\"@id\":\"https:\\\/\\\/marantz-electronics.com\\\/fr\\\/a-propos-de-mek\\\/#breadcrumb\"},\"inLanguage\":\"fr-FR\",\"potentialAction\":[{\"@type\":\"ReadAction\",\"target\":[\"https:\\\/\\\/marantz-electronics.com\\\/fr\\\/a-propos-de-mek\\\/\"]}]},{\"@type\":\"BreadcrumbList\",\"@id\":\"https:\\\/\\\/marantz-electronics.com\\\/fr\\\/a-propos-de-mek\\\/#breadcrumb\",\"itemListElement\":[{\"@type\":\"ListItem\",\"position\":1,\"name\":\"Home\",\"item\":\"https:\\\/\\\/marantz-electronics.com\\\/fr\\\/\"},{\"@type\":\"ListItem\",\"position\":2,\"name\":\"\u00c0 propos de Mek (Marantz Electronics)\"}]},{\"@type\":\"WebSite\",\"@id\":\"https:\\\/\\\/marantz-electronics.com\\\/fr\\\/#website\",\"url\":\"https:\\\/\\\/marantz-electronics.com\\\/fr\\\/\",\"name\":\"Mek, Automated Optical Inspection (AOI) and Solder Paste Inspection (SPI) systems specialist\",\"description\":\"\",\"publisher\":{\"@id\":\"https:\\\/\\\/marantz-electronics.com\\\/fr\\\/#organization\"},\"potentialAction\":[{\"@type\":\"SearchAction\",\"target\":{\"@type\":\"EntryPoint\",\"urlTemplate\":\"https:\\\/\\\/marantz-electronics.com\\\/fr\\\/?s={search_term_string}\"},\"query-input\":{\"@type\":\"PropertyValueSpecification\",\"valueRequired\":true,\"valueName\":\"search_term_string\"}}],\"inLanguage\":\"fr-FR\"},{\"@type\":\"Organization\",\"@id\":\"https:\\\/\\\/marantz-electronics.com\\\/fr\\\/#organization\",\"name\":\"Mek, Automated Optical Inspection (AOI) and Solder Paste Inspection (SPI) systems specialist\",\"url\":\"https:\\\/\\\/marantz-electronics.com\\\/fr\\\/\",\"logo\":{\"@type\":\"ImageObject\",\"inLanguage\":\"fr-FR\",\"@id\":\"https:\\\/\\\/marantz-electronics.com\\\/fr\\\/#\\\/schema\\\/logo\\\/image\\\/\",\"url\":\"https:\\\/\\\/marantz-electronics.com\\\/wp-content\\\/uploads\\\/2015\\\/06\\\/mek-logo.png\",\"contentUrl\":\"https:\\\/\\\/marantz-electronics.com\\\/wp-content\\\/uploads\\\/2015\\\/06\\\/mek-logo.png\",\"width\":263,\"height\":60,\"caption\":\"Mek, Automated Optical Inspection (AOI) and Solder Paste Inspection (SPI) systems specialist\"},\"image\":{\"@id\":\"https:\\\/\\\/marantz-electronics.com\\\/fr\\\/#\\\/schema\\\/logo\\\/image\\\/\"}}]}<\/script>\n<!-- \/ Yoast SEO Premium plugin. -->","yoast_head_json":{"title":"\u00c0 propos de Mek (Marantz Electronics) | Syst\u00e8mes AOI et SPI","description":"Des syst\u00e8mes d'inspection optique automatique 3D (AOI) et des syst\u00e8mes SPI. Comprend un syst\u00e8me AOI unique de bas en haut et de haut en bas.","robots":{"index":"index","follow":"follow","max-snippet":"max-snippet:-1","max-image-preview":"max-image-preview:large","max-video-preview":"max-video-preview:-1"},"canonical":"https:\/\/marantz-electronics.com\/fr\/a-propos-de-mek\/","og_locale":"fr_FR","og_type":"article","og_title":"\u00c0 propos de Mek (Marantz Electronics)","og_description":"Des syst\u00e8mes d'inspection optique automatique 3D (AOI) et des syst\u00e8mes SPI. Comprend un syst\u00e8me AOI unique de bas en haut et de haut en bas.","og_url":"https:\/\/marantz-electronics.com\/fr\/a-propos-de-mek\/","og_site_name":"Mek, Automated Optical Inspection (AOI) and Solder Paste Inspection (SPI) systems specialist","article_modified_time":"2023-07-20T12:55:59+00:00","twitter_card":"summary_large_image","twitter_misc":{"Dur\u00e9e de lecture estim\u00e9e":"2 minutes"},"schema":{"@context":"https:\/\/schema.org","@graph":[{"@type":"WebPage","@id":"https:\/\/marantz-electronics.com\/fr\/a-propos-de-mek\/","url":"https:\/\/marantz-electronics.com\/fr\/a-propos-de-mek\/","name":"\u00c0 propos de Mek (Marantz Electronics) | Syst\u00e8mes AOI et SPI","isPartOf":{"@id":"https:\/\/marantz-electronics.com\/fr\/#website"},"datePublished":"2021-03-15T11:53:40+00:00","dateModified":"2023-07-20T12:55:59+00:00","description":"Des syst\u00e8mes d'inspection optique automatique 3D (AOI) et des syst\u00e8mes SPI. Comprend un syst\u00e8me AOI unique de bas en haut et de haut en bas.","breadcrumb":{"@id":"https:\/\/marantz-electronics.com\/fr\/a-propos-de-mek\/#breadcrumb"},"inLanguage":"fr-FR","potentialAction":[{"@type":"ReadAction","target":["https:\/\/marantz-electronics.com\/fr\/a-propos-de-mek\/"]}]},{"@type":"BreadcrumbList","@id":"https:\/\/marantz-electronics.com\/fr\/a-propos-de-mek\/#breadcrumb","itemListElement":[{"@type":"ListItem","position":1,"name":"Home","item":"https:\/\/marantz-electronics.com\/fr\/"},{"@type":"ListItem","position":2,"name":"\u00c0 propos de Mek (Marantz Electronics)"}]},{"@type":"WebSite","@id":"https:\/\/marantz-electronics.com\/fr\/#website","url":"https:\/\/marantz-electronics.com\/fr\/","name":"Mek, Automated Optical Inspection (AOI) and Solder Paste Inspection (SPI) systems specialist","description":"","publisher":{"@id":"https:\/\/marantz-electronics.com\/fr\/#organization"},"potentialAction":[{"@type":"SearchAction","target":{"@type":"EntryPoint","urlTemplate":"https:\/\/marantz-electronics.com\/fr\/?s={search_term_string}"},"query-input":{"@type":"PropertyValueSpecification","valueRequired":true,"valueName":"search_term_string"}}],"inLanguage":"fr-FR"},{"@type":"Organization","@id":"https:\/\/marantz-electronics.com\/fr\/#organization","name":"Mek, Automated Optical Inspection (AOI) and Solder Paste Inspection (SPI) systems specialist","url":"https:\/\/marantz-electronics.com\/fr\/","logo":{"@type":"ImageObject","inLanguage":"fr-FR","@id":"https:\/\/marantz-electronics.com\/fr\/#\/schema\/logo\/image\/","url":"https:\/\/marantz-electronics.com\/wp-content\/uploads\/2015\/06\/mek-logo.png","contentUrl":"https:\/\/marantz-electronics.com\/wp-content\/uploads\/2015\/06\/mek-logo.png","width":263,"height":60,"caption":"Mek, Automated Optical Inspection (AOI) and Solder Paste Inspection (SPI) systems specialist"},"image":{"@id":"https:\/\/marantz-electronics.com\/fr\/#\/schema\/logo\/image\/"}}]}},"_links":{"self":[{"href":"https:\/\/marantz-electronics.com\/fr\/wp-json\/wp\/v2\/pages\/4734","targetHints":{"allow":["GET"]}}],"collection":[{"href":"https:\/\/marantz-electronics.com\/fr\/wp-json\/wp\/v2\/pages"}],"about":[{"href":"https:\/\/marantz-electronics.com\/fr\/wp-json\/wp\/v2\/types\/page"}],"author":[{"embeddable":true,"href":"https:\/\/marantz-electronics.com\/fr\/wp-json\/wp\/v2\/users\/1"}],"replies":[{"embeddable":true,"href":"https:\/\/marantz-electronics.com\/fr\/wp-json\/wp\/v2\/comments?post=4734"}],"version-history":[{"count":5,"href":"https:\/\/marantz-electronics.com\/fr\/wp-json\/wp\/v2\/pages\/4734\/revisions"}],"predecessor-version":[{"id":9756,"href":"https:\/\/marantz-electronics.com\/fr\/wp-json\/wp\/v2\/pages\/4734\/revisions\/9756"}],"wp:attachment":[{"href":"https:\/\/marantz-electronics.com\/fr\/wp-json\/wp\/v2\/media?parent=4734"}],"curies":[{"name":"wp","href":"https:\/\/api.w.org\/{rel}","templated":true}]}}