{"id":4798,"date":"2021-03-15T14:08:58","date_gmt":"2021-03-15T14:08:58","guid":{"rendered":"http:\/\/marantz-electronics.com\/aoi-de-haut-en-bas\/"},"modified":"2023-05-15T14:41:44","modified_gmt":"2023-05-15T13:41:44","slug":"aoi-de-haut-en-bas","status":"publish","type":"page","link":"https:\/\/marantz-electronics.com\/fr\/aoi-de-haut-en-bas\/","title":{"rendered":"AOI de haut en bas"},"content":{"rendered":"<div class=\"wpb-content-wrapper\"><p>[vc_row full_width=\u00a0\u00bbstretch_row\u00a0\u00bb equal_height=\u00a0\u00bbyes\u00a0\u00bb content_placement=\u00a0\u00bbmiddle\u00a0\u00bb el_class=\u00a0\u00bbmek-page-banner border-mblue\u00a0\u00bb css=\u00a0\u00bb.vc_custom_1663673957676{background-image: url(https:\/\/marantz-electronics.com\/wp-content\/uploads\/THT-AOI-background.jpg?id=7579) !important;background-position: center !important;background-repeat: no-repeat !important;background-size: cover !important;}\u00a0\u00bb][vc_column width=\u00a0\u00bb1\/2&Prime;][vc_column_text]<\/p>\n<h1>MEK AOI Modulaire De Haut En Bas<\/h1>\n<h4>Inspection Avec 9 Cam\u00e9ras<\/h4>\n<p>[\/vc_column_text][\/vc_column][vc_column width=\u00a0\u00bb1\/2&Prime;][vc_empty_space height=\u00a0\u00bb100px\u00a0\u00bb][vc_single_image image=\u00a0\u00bb7975&Prime; img_size=\u00a0\u00bbfull\u00a0\u00bb alignment=\u00a0\u00bbcenter\u00a0\u00bb el_class=\u00a0\u00bbbanner-img\u00a0\u00bb][\/vc_column][\/vc_row][vc_row][vc_column width=\u00a0\u00bb3\/4&Prime; css=\u00a0\u00bb.vc_custom_1663852070581{padding-right: 50px !important;}\u00a0\u00bb][vc_column_text]<\/p>\n<h6><strong>Le syst\u00e8me AOI haut-bas modulaire Mek SpectorBOX est optimis\u00e9 pour l&rsquo;inspection des assemblages THT et des composants \u00e0 trous traversants ins\u00e9r\u00e9s, con\u00e7u pour d\u00e9tecter tout d\u00e9faut visuel tel que la pr\u00e9sence\/absence de composants, la mauvaise polarit\u00e9, la couleur, le type, les broches pli\u00e9es, etc.\u00a0Cela peut \u00eatre fait avant ou apr\u00e8s le soudage, qu&rsquo;il s&rsquo;agisse de soudage \u00e0 la vague ou s\u00e9lectif.<\/strong><\/h6>\n<p>Aliment\u00e9e par le moteur d&rsquo;inspection GWz ou GWAz pour l&rsquo;inspection de qualit\u00e9 des joints de soudure, la s\u00e9rie SpectorBOX G est X2 plus rapide que la g\u00e9n\u00e9ration pr\u00e9c\u00e9dente de t\u00eate d&rsquo;inspection et est con\u00e7ue pour les clients pour lesquels la qualit\u00e9 de la production est prioritaire.<\/p>\n<p>Gr\u00e2ce \u00e0 sa cam\u00e9ra sup\u00e9rieure haute r\u00e9solution et \u00e0 la nouvelle &amp;amp ; technologie unique de cam\u00e9ra lat\u00e9rale 8x USB 3 Vision multiplex\u00e9e, les d\u00e9fauts deviennent visibles comme jamais auparavant.<\/p>\n<p>Pour l&rsquo;inspection d&rsquo;assemblages plus grands, le module AOI SpectorBOX de haut en bas a un d\u00e9gagement sup\u00e9rieur de 130 mm (5,12&Prime;) en plus d&rsquo;un axe Z r\u00e9glable de 80 mm. Cela permet une profondeur focale allant jusqu&rsquo;\u00e0 40 mm pour les petites caract\u00e9ristiques qui sont positionn\u00e9es plus haut que la surface du PCB.<\/p>\n<p>La t\u00eate GWAz permet de r\u00e9aliser une inspection \u00e0 9 cam\u00e9ras, m\u00eame lorsque les composants les plus hauts sont pr\u00e9sents. Les 8 cam\u00e9ras lat\u00e9rales permettent d&rsquo;inspecter des caract\u00e9ristiques qui sont invisibles par une cam\u00e9ra orthogonale uniquement. Les marques lat\u00e9rales, les caract\u00e9ristiques ombrag\u00e9es et les indicateurs de polarit\u00e9 sont d\u00e9sormais \u00e9galement disponibles pour l&rsquo;inspection.<\/p>\n<p>Le syst\u00e8me AOI SpectorBOX de haut en bas est con\u00e7u pour inspecter les circuits imprim\u00e9s \u00e0 l&rsquo;int\u00e9rieur des cadres de soudure directement \u00e0 partir du syst\u00e8me de convoyage. Il peut \u00eatre \u00e9quip\u00e9 d&rsquo;une seule cam\u00e9ra orthogonale (GWz) et de 8 cam\u00e9ras lat\u00e9rales \u00e0 large champ de vision (GWAz).[\/vc_column_text][vc_row_inner][vc_column_inner width=\u00a0\u00bb1\/6&Prime;][\/vc_column_inner][vc_column_inner width=\u00a0\u00bb2\/3&Prime;][vc_single_image image=\u00a0\u00bb7979&Prime; img_size=\u00a0\u00bblarge\u00a0\u00bb add_caption=\u00a0\u00bbyes\u00a0\u00bb][\/vc_column_inner][vc_column_inner width=\u00a0\u00bb1\/6&Prime;][\/vc_column_inner][\/vc_row_inner][\/vc_column][vc_column width=\u00a0\u00bb1\/4&Prime; css=\u00a0\u00bb.vc_custom_1660909564312{border-left-width: 10px !important;border-left-color: #000000 !important;border-radius: 1px !important;}\u00a0\u00bb][vc_column_text el_class=\u00a0\u00bbside-head\u00a0\u00bb]<\/p>\n<h3><img loading=\"lazy\" decoding=\"async\" class=\"alignnone wp-image-3951 size-full\" src=\"https:\/\/marantz-electronics.com\/wp-content\/uploads\/2015\/06\/download-icon.jpg\" alt=\"\" width=\"60\" height=\"60\" \/>T\u00e9l\u00e9chargements<\/h3>\n<p>[\/vc_column_text][vc_column_text el_class=\u00a0\u00bbside-head\u00a0\u00bb]<a href=\"https:\/\/marantz-electronics.com\/wp-content\/uploads\/SpectorBOX-All-Models-Jseries-R2.pdf\" target=\"_blank\" rel=\"noopener\">Brochure SpectorBOX\u00a0<\/a>[\/vc_column_text][vc_btn title=\u00a0\u00bbT\u00e9l\u00e9charger la brochure\u00a0\u00bb style=\u00a0\u00bbflat\u00a0\u00bb align=\u00a0\u00bbcenter\u00a0\u00bb el_class=\u00a0\u00bbmek-hme-btn\u00a0\u00bb link=\u00a0\u00bburl:https%3A%2F%2Fmarantz-electronics.com%2Fwp-content%2Fuploads%2FSpectorBOX-All-Models-Jseries-R2.pdf|title:Download%20SpectorBOX%20brochure|target:_blank\u00a0\u00bb][vc_column_text el_class=\u00a0\u00bbside-head\u00a0\u00bb]<a href=\"https:\/\/marantz-electronics.com\/wp-content\/uploads\/2015\/09\/SpectorBOX_NUTEK_r5.pdf\" target=\"_blank\" rel=\"noopener\">Brochure Int\u00e9gration de SpectorBOX dans la Ligne <\/a>[\/vc_column_text][vc_btn title=\u00a0\u00bbT\u00e9l\u00e9charger la brochure\u00a0\u00bb style=\u00a0\u00bbflat\u00a0\u00bb align=\u00a0\u00bbcenter\u00a0\u00bb el_class=\u00a0\u00bbmek-hme-btn\u00a0\u00bb link=\u00a0\u00bburl:https%3A%2F%2Fmarantz-electronics.com%2Fwp-content%2Fuploads%2F2015%2F09%2FSpectorBOX_NUTEK_r5.pdf|title:Download%20SpectorBOX%20line%20Integration%20brochure|target:_blank\u00a0\u00bb][vc_separator][\/vc_column][\/vc_row][vc_row][vc_column][vc_empty_space][vc_separator][vc_column_text el_class=\u00a0\u00bbcenter big-heading\u00a0\u00bb]<\/p>\n<h4 style=\"text-align: center;\">Si Vous Avez Besoin D&rsquo;Aide Pour D\u00e9cider De La Bonne Solution AOI<\/h4>\n<p>[\/vc_column_text][vc_btn title=\u00a0\u00bbContactez nous\u00a0\u00bb style=\u00a0\u00bbflat\u00a0\u00bb align=\u00a0\u00bbcenter\u00a0\u00bb i_align=\u00a0\u00bbright\u00a0\u00bb i_icon_fontawesome=\u00a0\u00bbfas fa-arrow-alt-circle-right\u00a0\u00bb add_icon=\u00a0\u00bbtrue\u00a0\u00bb el_class=\u00a0\u00bbmek-hme-btn\u00a0\u00bb link=\u00a0\u00bburl:https%3A%2F%2Fmarantz-electronics.com%2Ffr%2Fcontact-mek%2F|title:Contactez%20nous\u00a0\u00bb][\/vc_column][\/vc_row]<\/p>\n<\/div>","protected":false},"excerpt":{"rendered":"<p>[vc_row full_width=\u00a0\u00bbstretch_row\u00a0\u00bb equal_height=\u00a0\u00bbyes\u00a0\u00bb content_placement=\u00a0\u00bbmiddle\u00a0\u00bb el_class=\u00a0\u00bbmek-page-banner border-mblue\u00a0\u00bb css=\u00a0\u00bb.vc_custom_1663673957676{background-image: url(https:\/\/marantz-electronics.com\/wp-content\/uploads\/THT-AOI-background.jpg?id=7579) !important;background-position: center !important;background-repeat: no-repeat !important;background-size: cover !important;}\u00a0\u00bb][vc_column width=\u00a0\u00bb1\/2&Prime;][vc_column_text] MEK AOI Modulaire De Haut En Bas Inspection Avec 9 Cam\u00e9ras [\/vc_column_text][\/vc_column][vc_column width=\u00a0\u00bb1\/2&Prime;][vc_empty_space height=\u00a0\u00bb100px\u00a0\u00bb][vc_single_image image=\u00a0\u00bb7975&Prime; img_size=\u00a0\u00bbfull\u00a0\u00bb alignment=\u00a0\u00bbcenter\u00a0\u00bb el_class=\u00a0\u00bbbanner-img\u00a0\u00bb][\/vc_column][\/vc_row][vc_row][vc_column width=\u00a0\u00bb3\/4&Prime; css=\u00a0\u00bb.vc_custom_1663852070581{padding-right: 50px !important;}\u00a0\u00bb][vc_column_text] Le syst\u00e8me AOI haut-bas modulaire Mek SpectorBOX est optimis\u00e9 pour l&rsquo;inspection des assemblages THT et des composants \u00e0 trous traversants ins\u00e9r\u00e9s, con\u00e7u pour d\u00e9tecter tout d\u00e9faut visuel tel que la pr\u00e9sence\/absence de composants, la mauvaise polarit\u00e9, la&#8230; <\/br><a class=\"moretag\" href=\"https:\/\/marantz-electronics.com\/fr\/aoi-de-haut-en-bas\/\"> Read the full article&#8230;<\/a><\/p>\n","protected":false},"author":1,"featured_media":0,"parent":0,"menu_order":0,"comment_status":"closed","ping_status":"open","template":"page-templates\/mek-fullwidth-v2.php","meta":{"footnotes":""},"class_list":["post-4798","page","type-page","status-publish","hentry"],"yoast_head":"<!-- This site is optimized with the Yoast SEO Premium plugin v21.6 (Yoast SEO v27.3) - https:\/\/yoast.com\/product\/yoast-seo-premium-wordpress\/ -->\n<title>Mek (Marantz Electronics) THT haut en bas AOI<\/title>\n<meta name=\"description\" content=\"L&#039;AOI modulaire SpectorBOX est optimis\u00e9 pour l&#039;inspection des composants THT et des d\u00e9fauts tels que la pr\u00e9sence\/absence, la polarit\u00e9, la couleur, le type, les broches pli\u00e9es, etc.\" \/>\n<meta name=\"robots\" content=\"index, follow, max-snippet:-1, max-image-preview:large, max-video-preview:-1\" \/>\n<link rel=\"canonical\" href=\"https:\/\/marantz-electronics.com\/fr\/aoi-de-haut-en-bas\/\" \/>\n<meta property=\"og:locale\" content=\"fr_FR\" \/>\n<meta property=\"og:type\" content=\"article\" \/>\n<meta property=\"og:title\" content=\"AOI de haut en bas\" \/>\n<meta property=\"og:description\" content=\"L&#039;AOI modulaire SpectorBOX est optimis\u00e9 pour l&#039;inspection des composants THT et des d\u00e9fauts tels que la pr\u00e9sence\/absence, la polarit\u00e9, la couleur, le type, les broches pli\u00e9es, etc.\" \/>\n<meta property=\"og:url\" content=\"https:\/\/marantz-electronics.com\/fr\/aoi-de-haut-en-bas\/\" \/>\n<meta property=\"og:site_name\" content=\"Mek, Automated Optical Inspection (AOI) and Solder Paste Inspection (SPI) systems specialist\" \/>\n<meta property=\"article:modified_time\" content=\"2023-05-15T13:41:44+00:00\" \/>\n<meta property=\"og:image\" content=\"https:\/\/marantz-electronics.com\/wp-content\/uploads\/2015\/06\/download-icon.jpg\" \/>\n<meta name=\"twitter:card\" content=\"summary_large_image\" \/>\n<meta name=\"twitter:label1\" content=\"Dur\u00e9e de lecture estim\u00e9e\" \/>\n\t<meta name=\"twitter:data1\" content=\"2 minutes\" \/>\n<script type=\"application\/ld+json\" class=\"yoast-schema-graph\">{\"@context\":\"https:\\\/\\\/schema.org\",\"@graph\":[{\"@type\":\"WebPage\",\"@id\":\"https:\\\/\\\/marantz-electronics.com\\\/fr\\\/aoi-de-haut-en-bas\\\/\",\"url\":\"https:\\\/\\\/marantz-electronics.com\\\/fr\\\/aoi-de-haut-en-bas\\\/\",\"name\":\"Mek (Marantz Electronics) THT haut en bas AOI\",\"isPartOf\":{\"@id\":\"https:\\\/\\\/marantz-electronics.com\\\/fr\\\/#website\"},\"primaryImageOfPage\":{\"@id\":\"https:\\\/\\\/marantz-electronics.com\\\/fr\\\/aoi-de-haut-en-bas\\\/#primaryimage\"},\"image\":{\"@id\":\"https:\\\/\\\/marantz-electronics.com\\\/fr\\\/aoi-de-haut-en-bas\\\/#primaryimage\"},\"thumbnailUrl\":\"https:\\\/\\\/marantz-electronics.com\\\/wp-content\\\/uploads\\\/2015\\\/06\\\/download-icon.jpg\",\"datePublished\":\"2021-03-15T14:08:58+00:00\",\"dateModified\":\"2023-05-15T13:41:44+00:00\",\"description\":\"L'AOI modulaire SpectorBOX est optimis\u00e9 pour l'inspection des composants THT et des d\u00e9fauts tels que la pr\u00e9sence\\\/absence, la polarit\u00e9, la couleur, le type, les broches pli\u00e9es, etc.\",\"breadcrumb\":{\"@id\":\"https:\\\/\\\/marantz-electronics.com\\\/fr\\\/aoi-de-haut-en-bas\\\/#breadcrumb\"},\"inLanguage\":\"fr-FR\",\"potentialAction\":[{\"@type\":\"ReadAction\",\"target\":[\"https:\\\/\\\/marantz-electronics.com\\\/fr\\\/aoi-de-haut-en-bas\\\/\"]}]},{\"@type\":\"ImageObject\",\"inLanguage\":\"fr-FR\",\"@id\":\"https:\\\/\\\/marantz-electronics.com\\\/fr\\\/aoi-de-haut-en-bas\\\/#primaryimage\",\"url\":\"https:\\\/\\\/marantz-electronics.com\\\/wp-content\\\/uploads\\\/2015\\\/06\\\/download-icon.jpg\",\"contentUrl\":\"https:\\\/\\\/marantz-electronics.com\\\/wp-content\\\/uploads\\\/2015\\\/06\\\/download-icon.jpg\"},{\"@type\":\"BreadcrumbList\",\"@id\":\"https:\\\/\\\/marantz-electronics.com\\\/fr\\\/aoi-de-haut-en-bas\\\/#breadcrumb\",\"itemListElement\":[{\"@type\":\"ListItem\",\"position\":1,\"name\":\"Home\",\"item\":\"https:\\\/\\\/marantz-electronics.com\\\/fr\\\/\"},{\"@type\":\"ListItem\",\"position\":2,\"name\":\"AOI de haut en bas\"}]},{\"@type\":\"WebSite\",\"@id\":\"https:\\\/\\\/marantz-electronics.com\\\/fr\\\/#website\",\"url\":\"https:\\\/\\\/marantz-electronics.com\\\/fr\\\/\",\"name\":\"Mek, Automated Optical Inspection (AOI) and Solder Paste Inspection (SPI) systems specialist\",\"description\":\"\",\"publisher\":{\"@id\":\"https:\\\/\\\/marantz-electronics.com\\\/fr\\\/#organization\"},\"potentialAction\":[{\"@type\":\"SearchAction\",\"target\":{\"@type\":\"EntryPoint\",\"urlTemplate\":\"https:\\\/\\\/marantz-electronics.com\\\/fr\\\/?s={search_term_string}\"},\"query-input\":{\"@type\":\"PropertyValueSpecification\",\"valueRequired\":true,\"valueName\":\"search_term_string\"}}],\"inLanguage\":\"fr-FR\"},{\"@type\":\"Organization\",\"@id\":\"https:\\\/\\\/marantz-electronics.com\\\/fr\\\/#organization\",\"name\":\"Mek, Automated Optical Inspection (AOI) and Solder Paste Inspection (SPI) systems specialist\",\"url\":\"https:\\\/\\\/marantz-electronics.com\\\/fr\\\/\",\"logo\":{\"@type\":\"ImageObject\",\"inLanguage\":\"fr-FR\",\"@id\":\"https:\\\/\\\/marantz-electronics.com\\\/fr\\\/#\\\/schema\\\/logo\\\/image\\\/\",\"url\":\"https:\\\/\\\/marantz-electronics.com\\\/wp-content\\\/uploads\\\/2015\\\/06\\\/mek-logo.png\",\"contentUrl\":\"https:\\\/\\\/marantz-electronics.com\\\/wp-content\\\/uploads\\\/2015\\\/06\\\/mek-logo.png\",\"width\":263,\"height\":60,\"caption\":\"Mek, Automated Optical Inspection (AOI) and Solder Paste Inspection (SPI) systems specialist\"},\"image\":{\"@id\":\"https:\\\/\\\/marantz-electronics.com\\\/fr\\\/#\\\/schema\\\/logo\\\/image\\\/\"}}]}<\/script>\n<!-- \/ Yoast SEO Premium plugin. -->","yoast_head_json":{"title":"Mek (Marantz Electronics) THT haut en bas AOI","description":"L'AOI modulaire SpectorBOX est optimis\u00e9 pour l'inspection des composants THT et des d\u00e9fauts tels que la pr\u00e9sence\/absence, la polarit\u00e9, la couleur, le type, les broches pli\u00e9es, etc.","robots":{"index":"index","follow":"follow","max-snippet":"max-snippet:-1","max-image-preview":"max-image-preview:large","max-video-preview":"max-video-preview:-1"},"canonical":"https:\/\/marantz-electronics.com\/fr\/aoi-de-haut-en-bas\/","og_locale":"fr_FR","og_type":"article","og_title":"AOI de haut en bas","og_description":"L'AOI modulaire SpectorBOX est optimis\u00e9 pour l'inspection des composants THT et des d\u00e9fauts tels que la pr\u00e9sence\/absence, la polarit\u00e9, la couleur, le type, les broches pli\u00e9es, etc.","og_url":"https:\/\/marantz-electronics.com\/fr\/aoi-de-haut-en-bas\/","og_site_name":"Mek, Automated Optical Inspection (AOI) and Solder Paste Inspection (SPI) systems specialist","article_modified_time":"2023-05-15T13:41:44+00:00","og_image":[{"url":"https:\/\/marantz-electronics.com\/wp-content\/uploads\/2015\/06\/download-icon.jpg","type":"","width":"","height":""}],"twitter_card":"summary_large_image","twitter_misc":{"Dur\u00e9e de lecture estim\u00e9e":"2 minutes"},"schema":{"@context":"https:\/\/schema.org","@graph":[{"@type":"WebPage","@id":"https:\/\/marantz-electronics.com\/fr\/aoi-de-haut-en-bas\/","url":"https:\/\/marantz-electronics.com\/fr\/aoi-de-haut-en-bas\/","name":"Mek (Marantz Electronics) THT haut en bas AOI","isPartOf":{"@id":"https:\/\/marantz-electronics.com\/fr\/#website"},"primaryImageOfPage":{"@id":"https:\/\/marantz-electronics.com\/fr\/aoi-de-haut-en-bas\/#primaryimage"},"image":{"@id":"https:\/\/marantz-electronics.com\/fr\/aoi-de-haut-en-bas\/#primaryimage"},"thumbnailUrl":"https:\/\/marantz-electronics.com\/wp-content\/uploads\/2015\/06\/download-icon.jpg","datePublished":"2021-03-15T14:08:58+00:00","dateModified":"2023-05-15T13:41:44+00:00","description":"L'AOI modulaire SpectorBOX est optimis\u00e9 pour l'inspection des composants THT et des d\u00e9fauts tels que la pr\u00e9sence\/absence, la polarit\u00e9, la couleur, le type, les broches pli\u00e9es, etc.","breadcrumb":{"@id":"https:\/\/marantz-electronics.com\/fr\/aoi-de-haut-en-bas\/#breadcrumb"},"inLanguage":"fr-FR","potentialAction":[{"@type":"ReadAction","target":["https:\/\/marantz-electronics.com\/fr\/aoi-de-haut-en-bas\/"]}]},{"@type":"ImageObject","inLanguage":"fr-FR","@id":"https:\/\/marantz-electronics.com\/fr\/aoi-de-haut-en-bas\/#primaryimage","url":"https:\/\/marantz-electronics.com\/wp-content\/uploads\/2015\/06\/download-icon.jpg","contentUrl":"https:\/\/marantz-electronics.com\/wp-content\/uploads\/2015\/06\/download-icon.jpg"},{"@type":"BreadcrumbList","@id":"https:\/\/marantz-electronics.com\/fr\/aoi-de-haut-en-bas\/#breadcrumb","itemListElement":[{"@type":"ListItem","position":1,"name":"Home","item":"https:\/\/marantz-electronics.com\/fr\/"},{"@type":"ListItem","position":2,"name":"AOI de haut en bas"}]},{"@type":"WebSite","@id":"https:\/\/marantz-electronics.com\/fr\/#website","url":"https:\/\/marantz-electronics.com\/fr\/","name":"Mek, Automated Optical Inspection (AOI) and Solder Paste Inspection (SPI) systems specialist","description":"","publisher":{"@id":"https:\/\/marantz-electronics.com\/fr\/#organization"},"potentialAction":[{"@type":"SearchAction","target":{"@type":"EntryPoint","urlTemplate":"https:\/\/marantz-electronics.com\/fr\/?s={search_term_string}"},"query-input":{"@type":"PropertyValueSpecification","valueRequired":true,"valueName":"search_term_string"}}],"inLanguage":"fr-FR"},{"@type":"Organization","@id":"https:\/\/marantz-electronics.com\/fr\/#organization","name":"Mek, Automated Optical Inspection (AOI) and Solder Paste Inspection (SPI) systems specialist","url":"https:\/\/marantz-electronics.com\/fr\/","logo":{"@type":"ImageObject","inLanguage":"fr-FR","@id":"https:\/\/marantz-electronics.com\/fr\/#\/schema\/logo\/image\/","url":"https:\/\/marantz-electronics.com\/wp-content\/uploads\/2015\/06\/mek-logo.png","contentUrl":"https:\/\/marantz-electronics.com\/wp-content\/uploads\/2015\/06\/mek-logo.png","width":263,"height":60,"caption":"Mek, Automated Optical Inspection (AOI) and Solder Paste Inspection (SPI) systems specialist"},"image":{"@id":"https:\/\/marantz-electronics.com\/fr\/#\/schema\/logo\/image\/"}}]}},"_links":{"self":[{"href":"https:\/\/marantz-electronics.com\/fr\/wp-json\/wp\/v2\/pages\/4798","targetHints":{"allow":["GET"]}}],"collection":[{"href":"https:\/\/marantz-electronics.com\/fr\/wp-json\/wp\/v2\/pages"}],"about":[{"href":"https:\/\/marantz-electronics.com\/fr\/wp-json\/wp\/v2\/types\/page"}],"author":[{"embeddable":true,"href":"https:\/\/marantz-electronics.com\/fr\/wp-json\/wp\/v2\/users\/1"}],"replies":[{"embeddable":true,"href":"https:\/\/marantz-electronics.com\/fr\/wp-json\/wp\/v2\/comments?post=4798"}],"version-history":[{"count":5,"href":"https:\/\/marantz-electronics.com\/fr\/wp-json\/wp\/v2\/pages\/4798\/revisions"}],"predecessor-version":[{"id":9225,"href":"https:\/\/marantz-electronics.com\/fr\/wp-json\/wp\/v2\/pages\/4798\/revisions\/9225"}],"wp:attachment":[{"href":"https:\/\/marantz-electronics.com\/fr\/wp-json\/wp\/v2\/media?parent=4798"}],"curies":[{"name":"wp","href":"https:\/\/api.w.org\/{rel}","templated":true}]}}