{"id":4801,"date":"2021-03-15T14:21:45","date_gmt":"2021-03-15T14:21:45","guid":{"rendered":"http:\/\/marantz-electronics.com\/aoi-niveau-dentree\/"},"modified":"2023-07-18T09:54:31","modified_gmt":"2023-07-18T08:54:31","slug":"aoi-entree-de-gamme","status":"publish","type":"page","link":"https:\/\/marantz-electronics.com\/fr\/aoi-entree-de-gamme\/","title":{"rendered":"AOI d&rsquo;entr\u00e9e de gamme"},"content":{"rendered":"<div class=\"wpb-content-wrapper\"><p>[vc_row full_width=\u00a0\u00bbstretch_row\u00a0\u00bb equal_height=\u00a0\u00bbyes\u00a0\u00bb content_placement=\u00a0\u00bbmiddle\u00a0\u00bb el_class=\u00a0\u00bbmek-page-banner border-limegreen\u00a0\u00bb css=\u00a0\u00bb.vc_custom_1663674246294{background-image: url(https:\/\/marantz-electronics.com\/wp-content\/uploads\/Entry-level-AOI-background.jpg?id=7567) !important;background-position: center !important;background-repeat: no-repeat !important;background-size: cover !important;}\u00a0\u00bb][vc_column width=\u00a0\u00bb1\/2&Prime;][vc_column_text]<\/p>\n<h1>Mek AOI d&rsquo;Entr\u00e9e de Gamme<\/h1>\n<h4>AOI de Haute Qualit\u00e9 \u00e0 Bas Prix<\/h4>\n<p>[\/vc_column_text][\/vc_column][vc_column width=\u00a0\u00bb1\/2&Prime;][vc_single_image image=\u00a0\u00bb8334&Prime; img_size=\u00a0\u00bbfull\u00a0\u00bb alignment=\u00a0\u00bbcenter\u00a0\u00bb el_class=\u00a0\u00bbbanner-img\u00a0\u00bb][\/vc_column][\/vc_row][vc_row][vc_column width=\u00a0\u00bb3\/4&Prime; css=\u00a0\u00bb.vc_custom_1663939114575{padding-right: 50px !important;}\u00a0\u00bb][vc_column_text]<\/p>\n<h6><\/h6>\n<h6>En tant que leader du secteur de l&rsquo;inspection optique automatis\u00e9e (AOI), nous affinons et d\u00e9veloppons constamment notre gamme de produits AOI en fonction des besoins de nos clients.<\/h6>\n<p>La derni\u00e8re g\u00e9n\u00e9ration de syst\u00e8mes AOI d&rsquo;entr\u00e9e de gamme Mek est con\u00e7ue pour les clients ayant un faible volume de production et une grande vari\u00e9t\u00e9 de produits, qui ont besoin d&rsquo;un syst\u00e8me AOI de haute qualit\u00e9 \u00e0 un prix abordable.<\/p>\n<h4>Le co\u00fbt de propri\u00e9t\u00e9 le plus bas pour l&rsquo;AOI<\/h4>\n<p>Fournissant un processus d&rsquo;inspection rapide et reproductible, \u00e0 un co\u00fbt abordable, nos syst\u00e8mes AOI d&rsquo;entr\u00e9e de gamme combinent haute performance et co\u00fbt de possession le plus bas. Ils sont rapides \u00e0 installer gr\u00e2ce \u00e0 la formation en ligne et au guide d&rsquo;installation iMentor et sont exceptionnellement faciles \u00e0 programmer.<\/p>\n<p>&nbsp;<\/p>\n<p><img loading=\"lazy\" decoding=\"async\" class=\"alignnone size-full wp-image-775\" src=\"https:\/\/marantz-electronics.com\/wp-content\/uploads\/2015\/06\/ispector-desktop-AOI-logo-black.png\" alt=\"Mek iSpector desktop AOI logo\" width=\"190\" height=\"36\" srcset=\"https:\/\/marantz-electronics.com\/wp-content\/uploads\/2015\/06\/ispector-desktop-AOI-logo-black.png 190w, https:\/\/marantz-electronics.com\/wp-content\/uploads\/2015\/06\/ispector-desktop-AOI-logo-black-24x5.png 24w, https:\/\/marantz-electronics.com\/wp-content\/uploads\/2015\/06\/ispector-desktop-AOI-logo-black-36x7.png 36w, https:\/\/marantz-electronics.com\/wp-content\/uploads\/2015\/06\/ispector-desktop-AOI-logo-black-48x9.png 48w\" sizes=\"auto, (max-width: 190px) 100vw, 190px\" \/><\/p>\n<p>Le syst\u00e8me AOI de Mek iSpector est capable d&rsquo;inspecter les corps de composants et les joints de soudure \u00e0 l&rsquo;aide de sources lumineuses DOAL, Main et Side LED sous trois angles diff\u00e9rents, cr\u00e9ant un motif lumineux de profilage m\u00e9nisque.<\/p>\n<p>&nbsp;<\/p>\n<p><img loading=\"lazy\" decoding=\"async\" class=\"alignnone size-full wp-image-8330\" src=\"https:\/\/marantz-electronics.com\/wp-content\/uploads\/VeriSpector-AOI-logo.jpg\" alt=\"VeriSpector AOI logo\" width=\"278\" height=\"36\" \/><\/p>\n<p>Le VeriSpector de Mek est une station d&rsquo;assemblage AOI \u00e0 faible co\u00fbt pour une utilisation sur des lignes d&rsquo;assemblage SMD et THT manuelles et semi-automatiques. Bien qu&rsquo;optimis\u00e9 pour les t\u00e2ches d&rsquo;assemblage de PCB, le module AOI de station d&rsquo;assemblage est \u00e9galement id\u00e9al pour une utilisation dans d&rsquo;autres disciplines.<\/p>\n<p>&nbsp;<\/p>\n<p><img loading=\"lazy\" decoding=\"async\" class=\"alignnone size-full wp-image-8359\" src=\"https:\/\/marantz-electronics.com\/wp-content\/uploads\/i22X.png\" alt=\"\" width=\"190\" height=\"36\" \/><\/p>\n<p>Le Mek i22X est un AOI multifonctionnel de paillasse, un outil puissant pour l&rsquo;inspection visuelle et la tra\u00e7abilit\u00e9, en particulier pour les petites pi\u00e8ces de pr\u00e9cision. Il v\u00e9rifie efficacement les joints de soudure, les composants, la polarit\u00e9, les \u00e9tiquettes, le texte, les codes-barres ou les identifiants num\u00e9riques sur les pi\u00e8ces et d\u00e9tecte les diff\u00e9rences de couleur.<\/p>\n<p>&nbsp;<\/p>\n<p>Tous les syst\u00e8mes AOI Mek d&rsquo;entr\u00e9e de gamme sont enti\u00e8rement compatibles avec <a href=\"https:\/\/marantz-electronics.com\/fr\/le-systeme-mek-catch\/\">le syst\u00e8me Catch<\/a> de Mek pour la classification, la r\u00e9paration et le SPC, en utilisant le m\u00eame puissant logiciel 22X qui est utilis\u00e9 dans la premi\u00e8re s\u00e9rie <a href=\"https:\/\/marantz-electronics.com\/fr\/systemes-aoi-3d-selectifs\/\">Mek PowerSpector.<\/a>\u00a0 Il n&rsquo;y a aucun compromis sur la large gamme d&rsquo;algorithmes d&rsquo;inspection et de biblioth\u00e8ques de composants.<\/p>\n<p>La programmation hors ligne et le d\u00e9bogage sont des options suppl\u00e9mentaires. Notre logiciel de programmation hors ligne OLT22X utilise les images captur\u00e9es \u00e0 partir de l&rsquo;AOI pour cr\u00e9er des programmes AOI complets et peut \u00e9galement \u00eatre utilis\u00e9 pour d\u00e9boguer la programmation hors ligne en direct. Le logiciel de programmation hors ligne simule la machine et peut donc ex\u00e9cuter presque toutes les m\u00eames fonctions pendant la programmation qui sont disponibles sur le syst\u00e8me AOI.[\/vc_column_text][\/vc_column][vc_column width=\u00a0\u00bb1\/4&Prime; css=\u00a0\u00bb.vc_custom_1660909564312{border-left-width: 10px !important;border-left-color: #000000 !important;border-radius: 1px !important;}\u00a0\u00bb][vc_column_text el_class=\u00a0\u00bbside-head\u00a0\u00bb]<\/p>\n<h3><img loading=\"lazy\" decoding=\"async\" class=\"alignnone wp-image-3951 size-full\" src=\"https:\/\/marantz-electronics.com\/wp-content\/uploads\/2015\/06\/download-icon.jpg\" alt=\"\" width=\"60\" height=\"60\" \/>T\u00e9l\u00e9chargements<\/h3>\n<p>[\/vc_column_text][vc_column_text el_class=\u00a0\u00bbside-head\u00a0\u00bb]<a href=\"https:\/\/marantz-electronics.com\/wp-content\/uploads\/2020\/10\/Ispector-JDz-520_r5.pdf\">Brochure: l\u2019AOI de table d\u2019entr\u00e9e de gamme iSpector JDz<\/a>[\/vc_column_text][vc_btn title=\u00a0\u00bbT\u00e9l\u00e9charger la brochure\u00a0\u00bb style=\u00a0\u00bbflat\u00a0\u00bb align=\u00a0\u00bbcenter\u00a0\u00bb el_class=\u00a0\u00bbmek-hme-btn\u00a0\u00bb link=\u00a0\u00bburl:https%3A%2F%2Fmarantz-electronics.com%2Fwp-content%2Fuploads%2F2020%2F10%2FIspector-JDz-520_r5.pdf|title:iSpector%20JDz%20brochure|target:_blank\u00a0\u00bb][vc_column_text el_class=\u00a0\u00bbside-head\u00a0\u00bb]<a href=\"\/wp-content\/uploads\/Ispector-JDz-inline-brochure.pdf\">Brochure: l\u2019AOI inline d\u2019entr\u00e9e de gamme iSpector JDz<\/a>[\/vc_column_text][vc_btn title=\u00a0\u00bbT\u00e9l\u00e9charger la brochure\u00a0\u00bb style=\u00a0\u00bbflat\u00a0\u00bb align=\u00a0\u00bbcenter\u00a0\u00bb el_class=\u00a0\u00bbmek-hme-btn\u00a0\u00bb link=\u00a0\u00bburl:%2Fwp-content%2Fuploads%2FIspector-JDz-inline-brochure.pdf|title:iSpector%20JDz%20brochure|target:_blank\u00a0\u00bb][vc_separator][vc_column_text el_class=\u00a0\u00bbside-head\u00a0\u00bb]<a href=\"https:\/\/marantz-electronics.com\/wp-content\/uploads\/VeriSpector-R14-1.pdf\">VeriSpector Assembly Station AOI brochure<\/a>[\/vc_column_text][vc_btn title=\u00a0\u00bbT\u00e9l\u00e9charger la brochure\u00a0\u00bb style=\u00a0\u00bbflat\u00a0\u00bb align=\u00a0\u00bbcenter\u00a0\u00bb el_class=\u00a0\u00bbmek-hme-btn\u00a0\u00bb link=\u00a0\u00bburl:https%3A%2F%2Fmarantz-electronics.com%2Fwp-content%2Fuploads%2FVeriSpector-R14-1.pdf|title:VeriSpector%20brochure|target:_blank\u00a0\u00bb][vc_separator][vc_column_text el_class=\u00a0\u00bbside-head\u00a0\u00bb]<a href=\"https:\/\/marantz-electronics.com\/wp-content\/uploads\/i22x-multi-functional-AOI-brochure.pdf\">i22X AOI brochure<\/a>[\/vc_column_text][vc_btn title=\u00a0\u00bbT\u00e9l\u00e9charger la brochure\u00a0\u00bb style=\u00a0\u00bbflat\u00a0\u00bb align=\u00a0\u00bbcenter\u00a0\u00bb el_class=\u00a0\u00bbmek-hme-btn\u00a0\u00bb link=\u00a0\u00bburl:https%3A%2F%2Fmarantz-electronics.com%2Fwp-content%2Fuploads%2Fi22x-multi-functional-AOI-brochure.pdf|title:i22X%20brochure|target:_blank\u00a0\u00bb][vc_separator][\/vc_column][\/vc_row][vc_row][vc_column][vc_text_separator title=\u00a0\u00bbNotre gamme de syst\u00e8mes AOI de niveau d&rsquo;entr\u00e9e\u00a0\u00bb][vc_empty_space][\/vc_column][\/vc_row][vc_row][vc_column width=\u00a0\u00bb1\/4&Prime;][vc_column_text]<\/p>\n<h6 style=\"text-align: center;\"><a href=\"https:\/\/marantz-electronics.com\/fr\/station-assemblage-aoi\/\">VeriSpector<\/a><\/h6>\n<p style=\"text-align: center;\">Station d&rsquo;assemblage AOI pour utilisation sur des lignes d&rsquo;assemblage SMD et THT manuelles et semi-automatiques.<\/p>\n<p>[\/vc_column_text][vc_single_image image=\u00a0\u00bb5679&Prime; img_size=\u00a0\u00bbfull\u00a0\u00bb alignment=\u00a0\u00bbcenter\u00a0\u00bb][vc_btn title=\u00a0\u00bbVeriSpector\u00a0\u00bb style=\u00a0\u00bbflat\u00a0\u00bb align=\u00a0\u00bbcenter\u00a0\u00bb el_class=\u00a0\u00bbmek-hme-btn\u00a0\u00bb link=\u00a0\u00bburl:https%3A%2F%2Fmarantz-electronics.com%2Fwp-content%2Fuploads%2FVeriSpector-R14-1.pdf|title:VeriSpector|target:_blank\u00a0\u00bb][\/vc_column][vc_column width=\u00a0\u00bb1\/4&Prime;][vc_column_text]<\/p>\n<h6 style=\"text-align: center;\"><a href=\"https:\/\/marantz-electronics.com\/fr\/ispector-jdz\/\">iSpector JD(z).<\/a><\/h6>\n<p style=\"text-align: center;\">Un AOI de table abordable pour une flexibilit\u00e9 optique, une programmation minimale et une inspection optimale.<\/p>\n<p>[\/vc_column_text][vc_single_image image=\u00a0\u00bb9745&Prime; img_size=\u00a0\u00bbfull\u00a0\u00bb alignment=\u00a0\u00bbcenter\u00a0\u00bb][vc_btn title=\u00a0\u00bbiSpector JDz\u00a0\u00bb style=\u00a0\u00bbflat\u00a0\u00bb align=\u00a0\u00bbcenter\u00a0\u00bb el_class=\u00a0\u00bbmek-hme-btn\u00a0\u00bb link=\u00a0\u00bburl:http%3A%2F%2Fmarantz-electronics.com%2Ffr%2Fispector-jdz%2F|title:iSpector%20JDz|\u00a0\u00bb][\/vc_column][vc_column width=\u00a0\u00bb1\/4&Prime;][vc_column_text]<\/p>\n<h6 style=\"text-align: center;\"><a href=\"https:\/\/marantz-electronics.com\/fr\/aoi-en-ligne-entree-de-gamme\/\">iSpector JD(z) inline.<\/a><\/h6>\n<p style=\"text-align: center;\">Un AOI inline abordable pour une flexibilit\u00e9 optique, une programmation minimale et une inspection optimale.<\/p>\n<p>[\/vc_column_text][vc_single_image image=\u00a0\u00bb8626&Prime; img_size=\u00a0\u00bbfull\u00a0\u00bb alignment=\u00a0\u00bbcenter\u00a0\u00bb][vc_btn title=\u00a0\u00bbiSpector JDz inline\u00a0\u00bb style=\u00a0\u00bbflat\u00a0\u00bb align=\u00a0\u00bbcenter\u00a0\u00bb el_class=\u00a0\u00bbmek-hme-btn\u00a0\u00bb link=\u00a0\u00bburl:https%3A%2F%2Fmarantz-electronics.com%2Ffr%2Faoi-en-ligne-entree-de-gamme%2F|title:iSpector%20JDz\u00a0\u00bb][\/vc_column][vc_column width=\u00a0\u00bb1\/4&Prime;][vc_column_text]<\/p>\n<h6 style=\"text-align: center;\"><a href=\"https:\/\/marantz-electronics.com\/fr\/aoi-de-table-multifonctionnel\/\">i22X AOI multifonctionnel.<\/a><\/h6>\n<p style=\"text-align: center;\">AOI multifonctionnel de paillasse pour l&rsquo;inspection visuelle et la tra\u00e7abilit\u00e9, en particulier pour les petites pi\u00e8ces.<\/p>\n<p>[\/vc_column_text][vc_single_image image=\u00a0\u00bb8354&Prime; img_size=\u00a0\u00bbfull\u00a0\u00bb alignment=\u00a0\u00bbcenter\u00a0\u00bb][vc_btn title=\u00a0\u00bbi22x\u00a0\u00bb style=\u00a0\u00bbflat\u00a0\u00bb align=\u00a0\u00bbcenter\u00a0\u00bb el_class=\u00a0\u00bbmek-hme-btn\u00a0\u00bb link=\u00a0\u00bburl:http%3A%2F%2Fmarantz-electronics.com%2Ffr%2Fispector-jdz%2F|title:iSpector%20JDz|\u00a0\u00bb][\/vc_column][\/vc_row][vc_row][vc_column][vc_empty_space][vc_separator][vc_column_text el_class=\u00a0\u00bbcenter big-heading\u00a0\u00bb]<\/p>\n<h4 style=\"text-align: center;\">Si Vous Avez Besoin D&rsquo;Aide Pour D\u00e9cider De La Bonne Solution AOI<\/h4>\n<p>[\/vc_column_text][vc_btn title=\u00a0\u00bbContactez nous\u00a0\u00bb style=\u00a0\u00bbflat\u00a0\u00bb align=\u00a0\u00bbcenter\u00a0\u00bb i_align=\u00a0\u00bbright\u00a0\u00bb i_icon_fontawesome=\u00a0\u00bbfas fa-arrow-alt-circle-right\u00a0\u00bb add_icon=\u00a0\u00bbtrue\u00a0\u00bb el_class=\u00a0\u00bbmek-hme-btn\u00a0\u00bb link=\u00a0\u00bburl:https%3A%2F%2Fmarantz-electronics.com%2Ffr%2Fcontact-mek%2F|title:Contactez%20nous\u00a0\u00bb][\/vc_column][\/vc_row]<\/p>\n<\/div>","protected":false},"excerpt":{"rendered":"<p>[vc_row full_width=\u00a0\u00bbstretch_row\u00a0\u00bb equal_height=\u00a0\u00bbyes\u00a0\u00bb content_placement=\u00a0\u00bbmiddle\u00a0\u00bb el_class=\u00a0\u00bbmek-page-banner border-limegreen\u00a0\u00bb css=\u00a0\u00bb.vc_custom_1663674246294{background-image: url(https:\/\/marantz-electronics.com\/wp-content\/uploads\/Entry-level-AOI-background.jpg?id=7567) !important;background-position: center !important;background-repeat: no-repeat !important;background-size: cover !important;}\u00a0\u00bb][vc_column width=\u00a0\u00bb1\/2&Prime;][vc_column_text] Mek AOI d&rsquo;Entr\u00e9e de Gamme AOI de Haute Qualit\u00e9 \u00e0 Bas Prix [\/vc_column_text][\/vc_column][vc_column width=\u00a0\u00bb1\/2&Prime;][vc_single_image image=\u00a0\u00bb8334&Prime; img_size=\u00a0\u00bbfull\u00a0\u00bb alignment=\u00a0\u00bbcenter\u00a0\u00bb el_class=\u00a0\u00bbbanner-img\u00a0\u00bb][\/vc_column][\/vc_row][vc_row][vc_column width=\u00a0\u00bb3\/4&Prime; css=\u00a0\u00bb.vc_custom_1663939114575{padding-right: 50px !important;}\u00a0\u00bb][vc_column_text] En tant que leader du secteur de l&rsquo;inspection optique automatis\u00e9e (AOI), nous affinons et d\u00e9veloppons constamment notre gamme de produits AOI en fonction des besoins de nos clients. La derni\u00e8re g\u00e9n\u00e9ration de syst\u00e8mes AOI d&rsquo;entr\u00e9e de gamme&#8230; <\/br><a class=\"moretag\" href=\"https:\/\/marantz-electronics.com\/fr\/aoi-entree-de-gamme\/\"> Read the full article&#8230;<\/a><\/p>\n","protected":false},"author":1,"featured_media":0,"parent":0,"menu_order":0,"comment_status":"closed","ping_status":"closed","template":"page-templates\/mek-fullwidth-v2.php","meta":{"footnotes":""},"class_list":["post-4801","page","type-page","status-publish","hentry"],"yoast_head":"<!-- This site is optimized with the Yoast SEO Premium plugin v21.6 (Yoast SEO v27.3) - https:\/\/yoast.com\/product\/yoast-seo-premium-wordpress\/ -->\n<title>AOI AOI d&#039;entr\u00e9e de gamme | syst\u00e8mes AOI \u00e0 bas prix | Mek<\/title>\n<meta name=\"description\" content=\"La derni\u00e8re g\u00e9n\u00e9ration de syst\u00e8mes AOI Mek iSpector d&#039;entr\u00e9e de gamme est con\u00e7ue pour les clients ayant un faible volume de production, une grande vari\u00e9t\u00e9 de produits et n\u00e9cessitant un syst\u00e8me AOI de haute qualit\u00e9 \u00e0 un prix abordable.\" \/>\n<meta name=\"robots\" content=\"index, follow, max-snippet:-1, max-image-preview:large, max-video-preview:-1\" \/>\n<link rel=\"canonical\" href=\"https:\/\/marantz-electronics.com\/fr\/aoi-entree-de-gamme\/\" \/>\n<meta property=\"og:locale\" content=\"fr_FR\" \/>\n<meta property=\"og:type\" content=\"article\" \/>\n<meta property=\"og:title\" content=\"AOI d&#039;entr\u00e9e de gamme\" \/>\n<meta property=\"og:description\" content=\"La derni\u00e8re g\u00e9n\u00e9ration de syst\u00e8mes AOI Mek iSpector d&#039;entr\u00e9e de gamme est con\u00e7ue pour les clients ayant un faible volume de production, une grande vari\u00e9t\u00e9 de produits et n\u00e9cessitant un syst\u00e8me AOI de haute qualit\u00e9 \u00e0 un prix abordable.\" \/>\n<meta property=\"og:url\" content=\"https:\/\/marantz-electronics.com\/fr\/aoi-entree-de-gamme\/\" \/>\n<meta property=\"og:site_name\" content=\"Mek, Automated Optical Inspection (AOI) and Solder Paste Inspection (SPI) systems specialist\" \/>\n<meta property=\"article:modified_time\" content=\"2023-07-18T08:54:31+00:00\" \/>\n<meta property=\"og:image\" content=\"https:\/\/marantz-electronics.com\/wp-content\/uploads\/2015\/06\/ispector-desktop-AOI-logo-black.png\" \/>\n<meta name=\"twitter:card\" content=\"summary_large_image\" \/>\n<meta name=\"twitter:label1\" content=\"Dur\u00e9e de lecture estim\u00e9e\" \/>\n\t<meta name=\"twitter:data1\" content=\"4 minutes\" \/>\n<script type=\"application\/ld+json\" class=\"yoast-schema-graph\">{\"@context\":\"https:\\\/\\\/schema.org\",\"@graph\":[{\"@type\":\"WebPage\",\"@id\":\"https:\\\/\\\/marantz-electronics.com\\\/fr\\\/aoi-entree-de-gamme\\\/\",\"url\":\"https:\\\/\\\/marantz-electronics.com\\\/fr\\\/aoi-entree-de-gamme\\\/\",\"name\":\"AOI AOI d'entr\u00e9e de gamme | syst\u00e8mes AOI \u00e0 bas prix | Mek\",\"isPartOf\":{\"@id\":\"https:\\\/\\\/marantz-electronics.com\\\/fr\\\/#website\"},\"primaryImageOfPage\":{\"@id\":\"https:\\\/\\\/marantz-electronics.com\\\/fr\\\/aoi-entree-de-gamme\\\/#primaryimage\"},\"image\":{\"@id\":\"https:\\\/\\\/marantz-electronics.com\\\/fr\\\/aoi-entree-de-gamme\\\/#primaryimage\"},\"thumbnailUrl\":\"https:\\\/\\\/marantz-electronics.com\\\/wp-content\\\/uploads\\\/2015\\\/06\\\/ispector-desktop-AOI-logo-black.png\",\"datePublished\":\"2021-03-15T14:21:45+00:00\",\"dateModified\":\"2023-07-18T08:54:31+00:00\",\"description\":\"La derni\u00e8re g\u00e9n\u00e9ration de syst\u00e8mes AOI Mek iSpector d'entr\u00e9e de gamme est con\u00e7ue pour les clients ayant un faible volume de production, une grande vari\u00e9t\u00e9 de produits et n\u00e9cessitant un syst\u00e8me AOI de haute qualit\u00e9 \u00e0 un prix abordable.\",\"breadcrumb\":{\"@id\":\"https:\\\/\\\/marantz-electronics.com\\\/fr\\\/aoi-entree-de-gamme\\\/#breadcrumb\"},\"inLanguage\":\"fr-FR\",\"potentialAction\":[{\"@type\":\"ReadAction\",\"target\":[\"https:\\\/\\\/marantz-electronics.com\\\/fr\\\/aoi-entree-de-gamme\\\/\"]}]},{\"@type\":\"ImageObject\",\"inLanguage\":\"fr-FR\",\"@id\":\"https:\\\/\\\/marantz-electronics.com\\\/fr\\\/aoi-entree-de-gamme\\\/#primaryimage\",\"url\":\"https:\\\/\\\/marantz-electronics.com\\\/wp-content\\\/uploads\\\/2015\\\/06\\\/ispector-desktop-AOI-logo-black.png\",\"contentUrl\":\"https:\\\/\\\/marantz-electronics.com\\\/wp-content\\\/uploads\\\/2015\\\/06\\\/ispector-desktop-AOI-logo-black.png\"},{\"@type\":\"BreadcrumbList\",\"@id\":\"https:\\\/\\\/marantz-electronics.com\\\/fr\\\/aoi-entree-de-gamme\\\/#breadcrumb\",\"itemListElement\":[{\"@type\":\"ListItem\",\"position\":1,\"name\":\"Home\",\"item\":\"https:\\\/\\\/marantz-electronics.com\\\/fr\\\/\"},{\"@type\":\"ListItem\",\"position\":2,\"name\":\"AOI d&#8217;entr\u00e9e de gamme\"}]},{\"@type\":\"WebSite\",\"@id\":\"https:\\\/\\\/marantz-electronics.com\\\/fr\\\/#website\",\"url\":\"https:\\\/\\\/marantz-electronics.com\\\/fr\\\/\",\"name\":\"Mek, Automated Optical Inspection (AOI) and Solder Paste Inspection (SPI) systems specialist\",\"description\":\"\",\"publisher\":{\"@id\":\"https:\\\/\\\/marantz-electronics.com\\\/fr\\\/#organization\"},\"potentialAction\":[{\"@type\":\"SearchAction\",\"target\":{\"@type\":\"EntryPoint\",\"urlTemplate\":\"https:\\\/\\\/marantz-electronics.com\\\/fr\\\/?s={search_term_string}\"},\"query-input\":{\"@type\":\"PropertyValueSpecification\",\"valueRequired\":true,\"valueName\":\"search_term_string\"}}],\"inLanguage\":\"fr-FR\"},{\"@type\":\"Organization\",\"@id\":\"https:\\\/\\\/marantz-electronics.com\\\/fr\\\/#organization\",\"name\":\"Mek, Automated Optical Inspection (AOI) and Solder Paste Inspection (SPI) systems specialist\",\"url\":\"https:\\\/\\\/marantz-electronics.com\\\/fr\\\/\",\"logo\":{\"@type\":\"ImageObject\",\"inLanguage\":\"fr-FR\",\"@id\":\"https:\\\/\\\/marantz-electronics.com\\\/fr\\\/#\\\/schema\\\/logo\\\/image\\\/\",\"url\":\"https:\\\/\\\/marantz-electronics.com\\\/wp-content\\\/uploads\\\/2015\\\/06\\\/mek-logo.png\",\"contentUrl\":\"https:\\\/\\\/marantz-electronics.com\\\/wp-content\\\/uploads\\\/2015\\\/06\\\/mek-logo.png\",\"width\":263,\"height\":60,\"caption\":\"Mek, Automated Optical Inspection (AOI) and Solder Paste Inspection (SPI) systems specialist\"},\"image\":{\"@id\":\"https:\\\/\\\/marantz-electronics.com\\\/fr\\\/#\\\/schema\\\/logo\\\/image\\\/\"}}]}<\/script>\n<!-- \/ Yoast SEO Premium plugin. -->","yoast_head_json":{"title":"AOI AOI d'entr\u00e9e de gamme | syst\u00e8mes AOI \u00e0 bas prix | Mek","description":"La derni\u00e8re g\u00e9n\u00e9ration de syst\u00e8mes AOI Mek iSpector d'entr\u00e9e de gamme est con\u00e7ue pour les clients ayant un faible volume de production, une grande vari\u00e9t\u00e9 de produits et n\u00e9cessitant un syst\u00e8me AOI de haute qualit\u00e9 \u00e0 un prix abordable.","robots":{"index":"index","follow":"follow","max-snippet":"max-snippet:-1","max-image-preview":"max-image-preview:large","max-video-preview":"max-video-preview:-1"},"canonical":"https:\/\/marantz-electronics.com\/fr\/aoi-entree-de-gamme\/","og_locale":"fr_FR","og_type":"article","og_title":"AOI d'entr\u00e9e de gamme","og_description":"La derni\u00e8re g\u00e9n\u00e9ration de syst\u00e8mes AOI Mek iSpector d'entr\u00e9e de gamme est con\u00e7ue pour les clients ayant un faible volume de production, une grande vari\u00e9t\u00e9 de produits et n\u00e9cessitant un syst\u00e8me AOI de haute qualit\u00e9 \u00e0 un prix abordable.","og_url":"https:\/\/marantz-electronics.com\/fr\/aoi-entree-de-gamme\/","og_site_name":"Mek, Automated Optical Inspection (AOI) and Solder Paste Inspection (SPI) systems specialist","article_modified_time":"2023-07-18T08:54:31+00:00","og_image":[{"url":"https:\/\/marantz-electronics.com\/wp-content\/uploads\/2015\/06\/ispector-desktop-AOI-logo-black.png","type":"","width":"","height":""}],"twitter_card":"summary_large_image","twitter_misc":{"Dur\u00e9e de lecture estim\u00e9e":"4 minutes"},"schema":{"@context":"https:\/\/schema.org","@graph":[{"@type":"WebPage","@id":"https:\/\/marantz-electronics.com\/fr\/aoi-entree-de-gamme\/","url":"https:\/\/marantz-electronics.com\/fr\/aoi-entree-de-gamme\/","name":"AOI AOI d'entr\u00e9e de gamme | syst\u00e8mes AOI \u00e0 bas prix | Mek","isPartOf":{"@id":"https:\/\/marantz-electronics.com\/fr\/#website"},"primaryImageOfPage":{"@id":"https:\/\/marantz-electronics.com\/fr\/aoi-entree-de-gamme\/#primaryimage"},"image":{"@id":"https:\/\/marantz-electronics.com\/fr\/aoi-entree-de-gamme\/#primaryimage"},"thumbnailUrl":"https:\/\/marantz-electronics.com\/wp-content\/uploads\/2015\/06\/ispector-desktop-AOI-logo-black.png","datePublished":"2021-03-15T14:21:45+00:00","dateModified":"2023-07-18T08:54:31+00:00","description":"La derni\u00e8re g\u00e9n\u00e9ration de syst\u00e8mes AOI Mek iSpector d'entr\u00e9e de gamme est con\u00e7ue pour les clients ayant un faible volume de production, une grande vari\u00e9t\u00e9 de produits et n\u00e9cessitant un syst\u00e8me AOI de haute qualit\u00e9 \u00e0 un prix abordable.","breadcrumb":{"@id":"https:\/\/marantz-electronics.com\/fr\/aoi-entree-de-gamme\/#breadcrumb"},"inLanguage":"fr-FR","potentialAction":[{"@type":"ReadAction","target":["https:\/\/marantz-electronics.com\/fr\/aoi-entree-de-gamme\/"]}]},{"@type":"ImageObject","inLanguage":"fr-FR","@id":"https:\/\/marantz-electronics.com\/fr\/aoi-entree-de-gamme\/#primaryimage","url":"https:\/\/marantz-electronics.com\/wp-content\/uploads\/2015\/06\/ispector-desktop-AOI-logo-black.png","contentUrl":"https:\/\/marantz-electronics.com\/wp-content\/uploads\/2015\/06\/ispector-desktop-AOI-logo-black.png"},{"@type":"BreadcrumbList","@id":"https:\/\/marantz-electronics.com\/fr\/aoi-entree-de-gamme\/#breadcrumb","itemListElement":[{"@type":"ListItem","position":1,"name":"Home","item":"https:\/\/marantz-electronics.com\/fr\/"},{"@type":"ListItem","position":2,"name":"AOI d&#8217;entr\u00e9e de gamme"}]},{"@type":"WebSite","@id":"https:\/\/marantz-electronics.com\/fr\/#website","url":"https:\/\/marantz-electronics.com\/fr\/","name":"Mek, Automated Optical Inspection (AOI) and Solder Paste Inspection (SPI) systems specialist","description":"","publisher":{"@id":"https:\/\/marantz-electronics.com\/fr\/#organization"},"potentialAction":[{"@type":"SearchAction","target":{"@type":"EntryPoint","urlTemplate":"https:\/\/marantz-electronics.com\/fr\/?s={search_term_string}"},"query-input":{"@type":"PropertyValueSpecification","valueRequired":true,"valueName":"search_term_string"}}],"inLanguage":"fr-FR"},{"@type":"Organization","@id":"https:\/\/marantz-electronics.com\/fr\/#organization","name":"Mek, Automated Optical Inspection (AOI) and Solder Paste Inspection (SPI) systems specialist","url":"https:\/\/marantz-electronics.com\/fr\/","logo":{"@type":"ImageObject","inLanguage":"fr-FR","@id":"https:\/\/marantz-electronics.com\/fr\/#\/schema\/logo\/image\/","url":"https:\/\/marantz-electronics.com\/wp-content\/uploads\/2015\/06\/mek-logo.png","contentUrl":"https:\/\/marantz-electronics.com\/wp-content\/uploads\/2015\/06\/mek-logo.png","width":263,"height":60,"caption":"Mek, Automated Optical Inspection (AOI) and Solder Paste Inspection (SPI) systems specialist"},"image":{"@id":"https:\/\/marantz-electronics.com\/fr\/#\/schema\/logo\/image\/"}}]}},"_links":{"self":[{"href":"https:\/\/marantz-electronics.com\/fr\/wp-json\/wp\/v2\/pages\/4801","targetHints":{"allow":["GET"]}}],"collection":[{"href":"https:\/\/marantz-electronics.com\/fr\/wp-json\/wp\/v2\/pages"}],"about":[{"href":"https:\/\/marantz-electronics.com\/fr\/wp-json\/wp\/v2\/types\/page"}],"author":[{"embeddable":true,"href":"https:\/\/marantz-electronics.com\/fr\/wp-json\/wp\/v2\/users\/1"}],"replies":[{"embeddable":true,"href":"https:\/\/marantz-electronics.com\/fr\/wp-json\/wp\/v2\/comments?post=4801"}],"version-history":[{"count":5,"href":"https:\/\/marantz-electronics.com\/fr\/wp-json\/wp\/v2\/pages\/4801\/revisions"}],"predecessor-version":[{"id":9751,"href":"https:\/\/marantz-electronics.com\/fr\/wp-json\/wp\/v2\/pages\/4801\/revisions\/9751"}],"wp:attachment":[{"href":"https:\/\/marantz-electronics.com\/fr\/wp-json\/wp\/v2\/media?parent=4801"}],"curies":[{"name":"wp","href":"https:\/\/api.w.org\/{rel}","templated":true}]}}