{"id":4809,"date":"2021-03-15T14:31:52","date_gmt":"2021-03-15T14:31:52","guid":{"rendered":"http:\/\/marantz-electronics.com\/systemes-aoi-dentree-de-gamme-ispector-jdz\/"},"modified":"2025-04-04T13:16:28","modified_gmt":"2025-04-04T12:16:28","slug":"ispector-jdz","status":"publish","type":"page","link":"https:\/\/marantz-electronics.com\/fr\/ispector-jdz\/","title":{"rendered":"Syst\u00e8mes AOI d&rsquo;entr\u00e9e de gamme iSpector JD(z)"},"content":{"rendered":"<div class=\"wpb-content-wrapper\"><p>[vc_row full_width=\u00a0\u00bbstretch_row\u00a0\u00bb equal_height=\u00a0\u00bbyes\u00a0\u00bb content_placement=\u00a0\u00bbmiddle\u00a0\u00bb el_class=\u00a0\u00bbmek-page-banner border-limegreen\u00a0\u00bb css=\u00a0\u00bb.vc_custom_1663674246294{background-image: url(https:\/\/marantz-electronics.com\/wp-content\/uploads\/Entry-level-AOI-background.jpg?id=7567) !important;background-position: center !important;background-repeat: no-repeat !important;background-size: cover !important;}\u00a0\u00bb][vc_column width=\u00a0\u00bb1\/2&Prime;][vc_column_text]<\/p>\n<h1>Mek iSpector JDz<\/h1>\n<h4>Syst\u00e8mes AOI de Table Avec Un Prix Attractif<\/h4>\n<p>[\/vc_column_text][\/vc_column][vc_column width=\u00a0\u00bb1\/2&Prime;][vc_single_image image=\u00a0\u00bb9737&Prime; img_size=\u00a0\u00bbfull\u00a0\u00bb alignment=\u00a0\u00bbcenter\u00a0\u00bb el_class=\u00a0\u00bbbanner-img\u00a0\u00bb][\/vc_column][\/vc_row][vc_row][vc_column width=\u00a0\u00bb3\/4&Prime; css=\u00a0\u00bb.vc_custom_1663939114575{padding-right: 50px !important;}\u00a0\u00bb][vc_column_text]<img loading=\"lazy\" decoding=\"async\" class=\"alignnone wp-image-775\" src=\"https:\/\/marantz-electronics.com\/wp-content\/uploads\/2015\/06\/ispector-desktop-AOI-logo-black.png\" alt=\"Mek iSpector desktop AOI logo\" width=\"206\" height=\"39\" srcset=\"https:\/\/marantz-electronics.com\/wp-content\/uploads\/2015\/06\/ispector-desktop-AOI-logo-black.png 190w, https:\/\/marantz-electronics.com\/wp-content\/uploads\/2015\/06\/ispector-desktop-AOI-logo-black-24x5.png 24w, https:\/\/marantz-electronics.com\/wp-content\/uploads\/2015\/06\/ispector-desktop-AOI-logo-black-36x7.png 36w, https:\/\/marantz-electronics.com\/wp-content\/uploads\/2015\/06\/ispector-desktop-AOI-logo-black-48x9.png 48w\" sizes=\"auto, (max-width: 206px) 100vw, 206px\" \/><\/p>\n<p>Nouveau syst\u00e8me AOI d&rsquo;entr\u00e9e de gamme, le Mek iSpector JDz offre le retour sur investissement le plus rapide pour les clients EMS qui recherchent la flexibilit\u00e9 optique, la facilit\u00e9 de programmation &amp;amp ; d&rsquo;utilisation et les garanties de performance d&rsquo;inspection les plus \u00e9lev\u00e9es.<\/p>\n<p><strong>Qu&rsquo;est-ce qui diff\u00e9rencie le plateforme AOI JDz des autres syst\u00e8mes AOI ?<\/strong><\/p>\n<p>Les syst\u00e8mes AOI JDz sont \u00e9quip\u00e9s d&rsquo;une cam\u00e9ra de 5 m\u00e9gapixels. En combinaison avec l&rsquo;\u00e9clairage coaxial et le profil m\u00e9nisque 3D, les machines peuvent inspecter si un PCB a une bonne soudure, pas de soudure, un manque de soudure ou un exc\u00e8s de soudure pour les joints de soudure SMT et THT.<\/p>\n<p>La JDz utilise un axe Z pour une flexibilit\u00e9 maximale dans l&rsquo;inspection des CMS en sandwich et THT. L&rsquo;axe Z permet d&rsquo;inspecter des objets \u00e0 diff\u00e9rents niveaux de hauteur tels que des circuits imprim\u00e9s en sandwich, des composants hauts ou la mesure de la position de broches de connecteurs hautes. L&rsquo;axe Z peut d\u00e9placer la t\u00eate d&rsquo;inspection compl\u00e8te \u00e9quip\u00e9e d&rsquo;une cam\u00e9ra de 5 m\u00e9gapixels, y compris le syst\u00e8me d&rsquo;\u00e9clairage coaxial, ce qui donne un grand champ de vision de 36,0 mm x 30,0 mm et une r\u00e9solution de 15 \u00b5.<\/p>\n<p>Cette flexibilit\u00e9, combin\u00e9e \u00e0 la rapidit\u00e9 de programmation du logiciel, en fait le syst\u00e8me AOI parfait pour les clients ayant des exigences de production \u00e0 faible volume et \u00e0 haut niveau de mixit\u00e9, et qui recherchent un syst\u00e8me AOI de haute qualit\u00e9 \u00e0 bas prix.<\/p>\n<p>L&rsquo;iSpector JDz dispose d&rsquo;un d\u00e9gagement \u00e9lev\u00e9 pour le THT et le SMT.<\/p>\n<ul>\n<li>D\u00e9gagement sur le syst\u00e8me iSpector JDz Desktop : +40mm (1,6&Prime;) -70mm (-2,2&Prime;) (+60\/-70 mm en option )<\/li>\n<\/ul>\n<p>La s\u00e9rie Mek iSpector est enti\u00e8rement compatible avec le syst\u00e8me de Catch pour une tra\u00e7abilit\u00e9 compl\u00e8te et une pr\u00e9paration \u00e0 l&rsquo;industrie 4.0. Il n&rsquo;y a aucun compromis sur la large gamme d&rsquo;algorithmes d&rsquo;inspection et de biblioth\u00e8ques de composants. Le <a href=\"https:\/\/marantz-electronics.com\/fr\/le-systeme-mek-catch\/\">syst\u00e8me Catch<\/a> est compos\u00e9 des modules suivants : Database CS Center, CS Repair, CS Analyser et CS Watch.\u00a0 Catch est une solution enti\u00e8rement \u00e9volutive, allant d&rsquo;une seule station AOI \u00e0 plusieurs machines.[\/vc_column_text][\/vc_column][vc_column width=\u00a0\u00bb1\/4&Prime; css=\u00a0\u00bb.vc_custom_1660909564312{border-left-width: 10px !important;border-left-color: #000000 !important;border-radius: 1px !important;}\u00a0\u00bb][vc_column_text el_class=\u00a0\u00bbside-head\u00a0\u00bb]<\/p>\n<h3><img loading=\"lazy\" decoding=\"async\" class=\"alignnone wp-image-3951 size-full\" src=\"https:\/\/marantz-electronics.com\/wp-content\/uploads\/2015\/06\/download-icon.jpg\" alt=\"\" width=\"60\" height=\"60\" \/>T\u00e9l\u00e9chargements<\/h3>\n<p>[\/vc_column_text][vc_column_text el_class=\u00a0\u00bbside-head\u00a0\u00bb]<a href=\"https:\/\/marantz-electronics.com\/wp-content\/uploads\/2020\/10\/Ispector-JDz-520_r5.pdf\" target=\"_blank\" rel=\"noopener\">Brochure: l\u2019AOI de table d\u2019entr\u00e9e de gamme iSpector JDz<\/a>[\/vc_column_text][vc_btn title=\u00a0\u00bbT\u00e9l\u00e9charger la brochure\u00a0\u00bb style=\u00a0\u00bbflat\u00a0\u00bb align=\u00a0\u00bbcenter\u00a0\u00bb el_class=\u00a0\u00bbmek-hme-btn\u00a0\u00bb link=\u00a0\u00bburl:https%3A%2F%2Fmarantz-electronics.com%2Fwp-content%2Fuploads%2F2020%2F10%2FIspector-JDz-520_r5.pdf|title:iSpector%20JDz%20brochure|target:_blank\u00a0\u00bb][vc_separator][vc_column_text css=\u00a0\u00bb\u00a0\u00bb el_class=\u00a0\u00bbside-head\u00a0\u00bb]<\/p>\n<h3><img loading=\"lazy\" decoding=\"async\" class=\"alignnone size-full wp-image-11525\" src=\"https:\/\/marantz-electronics.com\/wp-content\/uploads\/blogger.png\" alt=\"\" width=\"60\" height=\"60\" \/>Nouvelles<\/h3>\n<p>Lisez les derni\u00e8res nouvelles sur notre blog : Inspection Matters[\/vc_column_text][vc_btn title=\u00a0\u00bbAller au blog\u00a0\u00bb style=\u00a0\u00bbflat\u00a0\u00bb align=\u00a0\u00bbcenter\u00a0\u00bb css=\u00a0\u00bb\u00a0\u00bb el_class=\u00a0\u00bbmek-hme-btn\u00a0\u00bb link=\u00a0\u00bburl:%2Ffr%2Fblog%2F|title:Mek%20blog\u00a0\u00bb][\/vc_column][\/vc_row][vc_row][vc_column][vc_empty_space][vc_separator][vc_column_text el_class=\u00a0\u00bbcenter big-heading\u00a0\u00bb]<\/p>\n<h4 style=\"text-align: center;\">Si Vous Avez Besoin D&rsquo;Aide Pour D\u00e9cider De La Bonne Solution AOI<\/h4>\n<p>[\/vc_column_text][vc_btn title=\u00a0\u00bbContactez nous\u00a0\u00bb style=\u00a0\u00bbflat\u00a0\u00bb align=\u00a0\u00bbcenter\u00a0\u00bb i_align=\u00a0\u00bbright\u00a0\u00bb i_icon_fontawesome=\u00a0\u00bbfas fa-arrow-alt-circle-right\u00a0\u00bb add_icon=\u00a0\u00bbtrue\u00a0\u00bb el_class=\u00a0\u00bbmek-hme-btn\u00a0\u00bb link=\u00a0\u00bburl:https%3A%2F%2Fmarantz-electronics.com%2Ffr%2Fcontact-mek%2F|title:Contactez%20nous\u00a0\u00bb][\/vc_column][\/vc_row]<\/p>\n<\/div>","protected":false},"excerpt":{"rendered":"<p>[vc_row full_width=\u00a0\u00bbstretch_row\u00a0\u00bb equal_height=\u00a0\u00bbyes\u00a0\u00bb content_placement=\u00a0\u00bbmiddle\u00a0\u00bb el_class=\u00a0\u00bbmek-page-banner border-limegreen\u00a0\u00bb css=\u00a0\u00bb.vc_custom_1663674246294{background-image: url(https:\/\/marantz-electronics.com\/wp-content\/uploads\/Entry-level-AOI-background.jpg?id=7567) !important;background-position: center !important;background-repeat: no-repeat !important;background-size: cover !important;}\u00a0\u00bb][vc_column width=\u00a0\u00bb1\/2&Prime;][vc_column_text] Mek iSpector JDz Syst\u00e8mes AOI de Table Avec Un Prix Attractif [\/vc_column_text][\/vc_column][vc_column width=\u00a0\u00bb1\/2&Prime;][vc_single_image image=\u00a0\u00bb9737&Prime; img_size=\u00a0\u00bbfull\u00a0\u00bb alignment=\u00a0\u00bbcenter\u00a0\u00bb el_class=\u00a0\u00bbbanner-img\u00a0\u00bb][\/vc_column][\/vc_row][vc_row][vc_column width=\u00a0\u00bb3\/4&Prime; css=\u00a0\u00bb.vc_custom_1663939114575{padding-right: 50px !important;}\u00a0\u00bb][vc_column_text] Nouveau syst\u00e8me AOI d&rsquo;entr\u00e9e de gamme, le Mek iSpector JDz offre le retour sur investissement le plus rapide pour les clients EMS qui recherchent la flexibilit\u00e9 optique, la facilit\u00e9 de programmation &amp;amp ; d&rsquo;utilisation et les garanties de&#8230; <\/br><a class=\"moretag\" href=\"https:\/\/marantz-electronics.com\/fr\/ispector-jdz\/\"> Read the full article&#8230;<\/a><\/p>\n","protected":false},"author":1,"featured_media":0,"parent":0,"menu_order":0,"comment_status":"closed","ping_status":"closed","template":"page-templates\/mek-fullwidth-v2.php","meta":{"footnotes":""},"class_list":["post-4809","page","type-page","status-publish","hentry"],"yoast_head":"<!-- This site is optimized with the Yoast SEO Premium plugin v21.6 (Yoast SEO v27.3) - https:\/\/yoast.com\/product\/yoast-seo-premium-wordpress\/ -->\n<title>Syst\u00e8mes AOI d&#039;entr\u00e9e de gamme iSpector JDz | Mek<\/title>\n<meta name=\"description\" content=\"Les syst\u00e8mes AOI Mek iSpector JDz offrent un retour sur investissement rapide aux clients EMS qui recherchent la flexibilit\u00e9 optique, la facilit\u00e9 de programmation et d&#039;utilisation et les meilleures performances d&#039;inspection.\" \/>\n<meta name=\"robots\" content=\"index, follow, max-snippet:-1, max-image-preview:large, max-video-preview:-1\" \/>\n<link rel=\"canonical\" href=\"https:\/\/marantz-electronics.com\/fr\/ispector-jdz\/\" \/>\n<meta property=\"og:locale\" content=\"fr_FR\" \/>\n<meta property=\"og:type\" content=\"article\" \/>\n<meta property=\"og:title\" content=\"Syst\u00e8mes AOI d&#039;entr\u00e9e de gamme iSpector JD(z)\" \/>\n<meta property=\"og:description\" content=\"Les syst\u00e8mes AOI Mek iSpector JDz offrent un retour sur investissement rapide aux clients EMS qui recherchent la flexibilit\u00e9 optique, la facilit\u00e9 de programmation et d&#039;utilisation et les meilleures performances d&#039;inspection.\" \/>\n<meta property=\"og:url\" content=\"https:\/\/marantz-electronics.com\/fr\/ispector-jdz\/\" \/>\n<meta property=\"og:site_name\" content=\"Mek, Automated Optical Inspection (AOI) and Solder Paste Inspection (SPI) systems specialist\" \/>\n<meta property=\"article:modified_time\" content=\"2025-04-04T12:16:28+00:00\" \/>\n<meta property=\"og:image\" content=\"https:\/\/marantz-electronics.com\/wp-content\/uploads\/2015\/06\/ispector-desktop-AOI-logo-black.png\" \/>\n<meta name=\"twitter:card\" content=\"summary_large_image\" \/>\n<meta name=\"twitter:label1\" content=\"Dur\u00e9e de lecture estim\u00e9e\" \/>\n\t<meta name=\"twitter:data1\" content=\"3 minutes\" \/>\n<script type=\"application\/ld+json\" class=\"yoast-schema-graph\">{\"@context\":\"https:\\\/\\\/schema.org\",\"@graph\":[{\"@type\":\"WebPage\",\"@id\":\"https:\\\/\\\/marantz-electronics.com\\\/fr\\\/ispector-jdz\\\/\",\"url\":\"https:\\\/\\\/marantz-electronics.com\\\/fr\\\/ispector-jdz\\\/\",\"name\":\"Syst\u00e8mes AOI d'entr\u00e9e de gamme iSpector JDz | Mek\",\"isPartOf\":{\"@id\":\"https:\\\/\\\/marantz-electronics.com\\\/fr\\\/#website\"},\"primaryImageOfPage\":{\"@id\":\"https:\\\/\\\/marantz-electronics.com\\\/fr\\\/ispector-jdz\\\/#primaryimage\"},\"image\":{\"@id\":\"https:\\\/\\\/marantz-electronics.com\\\/fr\\\/ispector-jdz\\\/#primaryimage\"},\"thumbnailUrl\":\"https:\\\/\\\/marantz-electronics.com\\\/wp-content\\\/uploads\\\/2015\\\/06\\\/ispector-desktop-AOI-logo-black.png\",\"datePublished\":\"2021-03-15T14:31:52+00:00\",\"dateModified\":\"2025-04-04T12:16:28+00:00\",\"description\":\"Les syst\u00e8mes AOI Mek iSpector JDz offrent un retour sur investissement rapide aux clients EMS qui recherchent la flexibilit\u00e9 optique, la facilit\u00e9 de programmation et d'utilisation et les meilleures performances d'inspection.\",\"breadcrumb\":{\"@id\":\"https:\\\/\\\/marantz-electronics.com\\\/fr\\\/ispector-jdz\\\/#breadcrumb\"},\"inLanguage\":\"fr-FR\",\"potentialAction\":[{\"@type\":\"ReadAction\",\"target\":[\"https:\\\/\\\/marantz-electronics.com\\\/fr\\\/ispector-jdz\\\/\"]}]},{\"@type\":\"ImageObject\",\"inLanguage\":\"fr-FR\",\"@id\":\"https:\\\/\\\/marantz-electronics.com\\\/fr\\\/ispector-jdz\\\/#primaryimage\",\"url\":\"https:\\\/\\\/marantz-electronics.com\\\/wp-content\\\/uploads\\\/2015\\\/06\\\/ispector-desktop-AOI-logo-black.png\",\"contentUrl\":\"https:\\\/\\\/marantz-electronics.com\\\/wp-content\\\/uploads\\\/2015\\\/06\\\/ispector-desktop-AOI-logo-black.png\"},{\"@type\":\"BreadcrumbList\",\"@id\":\"https:\\\/\\\/marantz-electronics.com\\\/fr\\\/ispector-jdz\\\/#breadcrumb\",\"itemListElement\":[{\"@type\":\"ListItem\",\"position\":1,\"name\":\"Home\",\"item\":\"https:\\\/\\\/marantz-electronics.com\\\/fr\\\/\"},{\"@type\":\"ListItem\",\"position\":2,\"name\":\"Syst\u00e8mes AOI d&#8217;entr\u00e9e de gamme iSpector JD(z)\"}]},{\"@type\":\"WebSite\",\"@id\":\"https:\\\/\\\/marantz-electronics.com\\\/fr\\\/#website\",\"url\":\"https:\\\/\\\/marantz-electronics.com\\\/fr\\\/\",\"name\":\"Mek, Automated Optical Inspection (AOI) and Solder Paste Inspection (SPI) systems specialist\",\"description\":\"\",\"publisher\":{\"@id\":\"https:\\\/\\\/marantz-electronics.com\\\/fr\\\/#organization\"},\"potentialAction\":[{\"@type\":\"SearchAction\",\"target\":{\"@type\":\"EntryPoint\",\"urlTemplate\":\"https:\\\/\\\/marantz-electronics.com\\\/fr\\\/?s={search_term_string}\"},\"query-input\":{\"@type\":\"PropertyValueSpecification\",\"valueRequired\":true,\"valueName\":\"search_term_string\"}}],\"inLanguage\":\"fr-FR\"},{\"@type\":\"Organization\",\"@id\":\"https:\\\/\\\/marantz-electronics.com\\\/fr\\\/#organization\",\"name\":\"Mek, Automated Optical Inspection (AOI) and Solder Paste Inspection (SPI) systems specialist\",\"url\":\"https:\\\/\\\/marantz-electronics.com\\\/fr\\\/\",\"logo\":{\"@type\":\"ImageObject\",\"inLanguage\":\"fr-FR\",\"@id\":\"https:\\\/\\\/marantz-electronics.com\\\/fr\\\/#\\\/schema\\\/logo\\\/image\\\/\",\"url\":\"https:\\\/\\\/marantz-electronics.com\\\/wp-content\\\/uploads\\\/2015\\\/06\\\/mek-logo.png\",\"contentUrl\":\"https:\\\/\\\/marantz-electronics.com\\\/wp-content\\\/uploads\\\/2015\\\/06\\\/mek-logo.png\",\"width\":263,\"height\":60,\"caption\":\"Mek, Automated Optical Inspection (AOI) and Solder Paste Inspection (SPI) systems specialist\"},\"image\":{\"@id\":\"https:\\\/\\\/marantz-electronics.com\\\/fr\\\/#\\\/schema\\\/logo\\\/image\\\/\"}}]}<\/script>\n<!-- \/ Yoast SEO Premium plugin. -->","yoast_head_json":{"title":"Syst\u00e8mes AOI d'entr\u00e9e de gamme iSpector JDz | Mek","description":"Les syst\u00e8mes AOI Mek iSpector JDz offrent un retour sur investissement rapide aux clients EMS qui recherchent la flexibilit\u00e9 optique, la facilit\u00e9 de programmation et d'utilisation et les meilleures performances d'inspection.","robots":{"index":"index","follow":"follow","max-snippet":"max-snippet:-1","max-image-preview":"max-image-preview:large","max-video-preview":"max-video-preview:-1"},"canonical":"https:\/\/marantz-electronics.com\/fr\/ispector-jdz\/","og_locale":"fr_FR","og_type":"article","og_title":"Syst\u00e8mes AOI d'entr\u00e9e de gamme iSpector JD(z)","og_description":"Les syst\u00e8mes AOI Mek iSpector JDz offrent un retour sur investissement rapide aux clients EMS qui recherchent la flexibilit\u00e9 optique, la facilit\u00e9 de programmation et d'utilisation et les meilleures performances d'inspection.","og_url":"https:\/\/marantz-electronics.com\/fr\/ispector-jdz\/","og_site_name":"Mek, Automated Optical Inspection (AOI) and Solder Paste Inspection (SPI) systems specialist","article_modified_time":"2025-04-04T12:16:28+00:00","og_image":[{"url":"https:\/\/marantz-electronics.com\/wp-content\/uploads\/2015\/06\/ispector-desktop-AOI-logo-black.png","type":"","width":"","height":""}],"twitter_card":"summary_large_image","twitter_misc":{"Dur\u00e9e de lecture estim\u00e9e":"3 minutes"},"schema":{"@context":"https:\/\/schema.org","@graph":[{"@type":"WebPage","@id":"https:\/\/marantz-electronics.com\/fr\/ispector-jdz\/","url":"https:\/\/marantz-electronics.com\/fr\/ispector-jdz\/","name":"Syst\u00e8mes AOI d'entr\u00e9e de gamme iSpector JDz | Mek","isPartOf":{"@id":"https:\/\/marantz-electronics.com\/fr\/#website"},"primaryImageOfPage":{"@id":"https:\/\/marantz-electronics.com\/fr\/ispector-jdz\/#primaryimage"},"image":{"@id":"https:\/\/marantz-electronics.com\/fr\/ispector-jdz\/#primaryimage"},"thumbnailUrl":"https:\/\/marantz-electronics.com\/wp-content\/uploads\/2015\/06\/ispector-desktop-AOI-logo-black.png","datePublished":"2021-03-15T14:31:52+00:00","dateModified":"2025-04-04T12:16:28+00:00","description":"Les syst\u00e8mes AOI Mek iSpector JDz offrent un retour sur investissement rapide aux clients EMS qui recherchent la flexibilit\u00e9 optique, la facilit\u00e9 de programmation et d'utilisation et les meilleures performances d'inspection.","breadcrumb":{"@id":"https:\/\/marantz-electronics.com\/fr\/ispector-jdz\/#breadcrumb"},"inLanguage":"fr-FR","potentialAction":[{"@type":"ReadAction","target":["https:\/\/marantz-electronics.com\/fr\/ispector-jdz\/"]}]},{"@type":"ImageObject","inLanguage":"fr-FR","@id":"https:\/\/marantz-electronics.com\/fr\/ispector-jdz\/#primaryimage","url":"https:\/\/marantz-electronics.com\/wp-content\/uploads\/2015\/06\/ispector-desktop-AOI-logo-black.png","contentUrl":"https:\/\/marantz-electronics.com\/wp-content\/uploads\/2015\/06\/ispector-desktop-AOI-logo-black.png"},{"@type":"BreadcrumbList","@id":"https:\/\/marantz-electronics.com\/fr\/ispector-jdz\/#breadcrumb","itemListElement":[{"@type":"ListItem","position":1,"name":"Home","item":"https:\/\/marantz-electronics.com\/fr\/"},{"@type":"ListItem","position":2,"name":"Syst\u00e8mes AOI d&#8217;entr\u00e9e de gamme iSpector JD(z)"}]},{"@type":"WebSite","@id":"https:\/\/marantz-electronics.com\/fr\/#website","url":"https:\/\/marantz-electronics.com\/fr\/","name":"Mek, Automated Optical Inspection (AOI) and Solder Paste Inspection (SPI) systems specialist","description":"","publisher":{"@id":"https:\/\/marantz-electronics.com\/fr\/#organization"},"potentialAction":[{"@type":"SearchAction","target":{"@type":"EntryPoint","urlTemplate":"https:\/\/marantz-electronics.com\/fr\/?s={search_term_string}"},"query-input":{"@type":"PropertyValueSpecification","valueRequired":true,"valueName":"search_term_string"}}],"inLanguage":"fr-FR"},{"@type":"Organization","@id":"https:\/\/marantz-electronics.com\/fr\/#organization","name":"Mek, Automated Optical Inspection (AOI) and Solder Paste Inspection (SPI) systems specialist","url":"https:\/\/marantz-electronics.com\/fr\/","logo":{"@type":"ImageObject","inLanguage":"fr-FR","@id":"https:\/\/marantz-electronics.com\/fr\/#\/schema\/logo\/image\/","url":"https:\/\/marantz-electronics.com\/wp-content\/uploads\/2015\/06\/mek-logo.png","contentUrl":"https:\/\/marantz-electronics.com\/wp-content\/uploads\/2015\/06\/mek-logo.png","width":263,"height":60,"caption":"Mek, Automated Optical Inspection (AOI) and Solder Paste Inspection (SPI) systems specialist"},"image":{"@id":"https:\/\/marantz-electronics.com\/fr\/#\/schema\/logo\/image\/"}}]}},"_links":{"self":[{"href":"https:\/\/marantz-electronics.com\/fr\/wp-json\/wp\/v2\/pages\/4809","targetHints":{"allow":["GET"]}}],"collection":[{"href":"https:\/\/marantz-electronics.com\/fr\/wp-json\/wp\/v2\/pages"}],"about":[{"href":"https:\/\/marantz-electronics.com\/fr\/wp-json\/wp\/v2\/types\/page"}],"author":[{"embeddable":true,"href":"https:\/\/marantz-electronics.com\/fr\/wp-json\/wp\/v2\/users\/1"}],"replies":[{"embeddable":true,"href":"https:\/\/marantz-electronics.com\/fr\/wp-json\/wp\/v2\/comments?post=4809"}],"version-history":[{"count":6,"href":"https:\/\/marantz-electronics.com\/fr\/wp-json\/wp\/v2\/pages\/4809\/revisions"}],"predecessor-version":[{"id":11630,"href":"https:\/\/marantz-electronics.com\/fr\/wp-json\/wp\/v2\/pages\/4809\/revisions\/11630"}],"wp:attachment":[{"href":"https:\/\/marantz-electronics.com\/fr\/wp-json\/wp\/v2\/media?parent=4809"}],"curies":[{"name":"wp","href":"https:\/\/api.w.org\/{rel}","templated":true}]}}