{"id":4815,"date":"2021-03-15T14:44:35","date_gmt":"2021-03-15T14:44:35","guid":{"rendered":"http:\/\/marantz-electronics.com\/technologie-de-vision-industrielle-mek\/"},"modified":"2021-03-17T15:27:17","modified_gmt":"2021-03-17T15:27:17","slug":"technologie-de-vision-industrielle","status":"publish","type":"page","link":"https:\/\/marantz-electronics.com\/fr\/technologie-de-vision-industrielle\/","title":{"rendered":"Technologie de vision industrielle Mek"},"content":{"rendered":"<h6><strong>Le syst\u00e8me de vision industrielle Mek SpiderEye est un syst\u00e8me AOI statique pour l&rsquo;inspection et l&rsquo;identification automatis\u00e9es d&rsquo;objets mobiles.<\/strong><\/h6>\n<p>Id\u00e9al pour une utilisation dans d&rsquo;innombrables industries pour d\u00e9tecter les d\u00e9fauts et v\u00e9rifier les pi\u00e8ces pour l&rsquo;assemblage de produits, SpiderEye est totalement portable et peut \u00eatre rapidement mont\u00e9 pratiquement n&rsquo;importe o\u00f9 sur la ligne de production. Cette flexibilit\u00e9 \u00e9limine la n\u00e9cessit\u00e9 d&rsquo;investir dans de multiples machines statiques.<\/p>\n<p>Une fois fix\u00e9 en position par ses pieds magn\u00e9tiques int\u00e9gr\u00e9s, le syst\u00e8me est simple \u00e0 installer et exceptionnellement rapide et facile \u00e0 programmer, d\u00e8s sa sortie de l&#8217;emballage, sans avoir besoin d&rsquo;une assistance technique sur site. L&rsquo;outil de formation en ligne de Mek, iMentor, fournit une formation en ligne compl\u00e8te et actualis\u00e9e avec des images et des vid\u00e9os \u00e9tape par \u00e9tape.<\/p>\n<p>Il peut \u00eatre d\u00e9plac\u00e9 vers des t\u00e2ches d&rsquo;inspection enti\u00e8rement diff\u00e9rentes avec facilit\u00e9 et sans nouveau logiciel fourni par l&rsquo;usine. Les premiers lots courts peuvent b\u00e9n\u00e9ficier de la m\u00eame inspection que les lignes de production de masse \u00e0 plus long terme.<\/p>\n<p>Les syst\u00e8mes de vision industrielle SpiderEye sont d\u00e9riv\u00e9s de la technologie AOI avanc\u00e9e de Mek qui a \u00e9t\u00e9 d\u00e9velopp\u00e9e pour l&rsquo;inspection de composants micro-miniatures dans l&rsquo;assemblage de composants \u00e9lectroniques mont\u00e9s en surface. Dans d&rsquo;autres industries manufacturi\u00e8res, une grande partie des d\u00e9fauts sont beaucoup plus grands et peuvent donc \u00eatre d\u00e9tect\u00e9s tr\u00e8s facilement.<\/p>\n<p>SpiderEye comprend huit cam\u00e9ras d&rsquo;interface de vision USB3 \u00e0 haute r\u00e9solution et \u00e0 haute vitesse fonctionnant simultan\u00e9ment, chacune avec sa propre source de lumi\u00e8re LED contr\u00f4l\u00e9e. Tous les dispositifs de capture d&rsquo;images sont contr\u00f4l\u00e9s par une \u00e9lectronique propri\u00e9taire de pointe et programm\u00e9s par un seul ordinateur et contr\u00f4leur avec le m\u00eame puissant moteur logiciel 22X que les machines AOI Mek. Mek SpiderEye utilise une seule interface logicielle pour contr\u00f4ler et programmer les huit cam\u00e9ras &#8211; pas besoin de programmes d&rsquo;inspection multiples.<\/p>\n<p>Le logiciel de vision Mek fournit tous les algorithmes n\u00e9cessaires pour r\u00e9pondre \u00e0 toutes les exigences d&rsquo;inspection. Il s&rsquo;agit notamment de l&rsquo;imagerie en couleur, de l&rsquo;imagerie par comparaison de motifs complexes et d&rsquo;algorithmes de d\u00e9cision bas\u00e9s sur des conditions profondes, de la capacit\u00e9 \u00e0 d\u00e9coder tous les types de codes \u00e0 barres 1D et 2D, de la capacit\u00e9 de recherche avanc\u00e9e pour l&rsquo;inspection de points instables et du d\u00e9codage de texte via OCR ou de la v\u00e9rification via OCV.<\/p>\n<p>Les inspections peuvent \u00eatre effectu\u00e9es pendant que l&rsquo;objet est en mouvement, soit sur un convoyeur, soit plus couramment sur un bras robotis\u00e9, le moment de l&rsquo;inspection \u00e9tant d\u00e9clench\u00e9 par un capteur.<\/p>\n<p>Des biblioth\u00e8ques peuvent \u00eatre cr\u00e9\u00e9es pour minimiser encore le temps de programmation futur.<\/p>\n<p>SpiderEye est enti\u00e8rement compatible avec le <a href=\"https:\/\/marantz-electronics.com\/fr\/le-systeme-mek-catch\/\">Mek Catch System<\/a> pour la collecte des donn\u00e9es d&rsquo;inspection, la r\u00e9paration et le SPC.<\/p>\n","protected":false},"excerpt":{"rendered":"<p>Le syst\u00e8me de vision industrielle Mek SpiderEye est un syst\u00e8me AOI statique pour l&rsquo;inspection et l&rsquo;identification automatis\u00e9es d&rsquo;objets mobiles. Id\u00e9al pour une utilisation dans d&rsquo;innombrables industries pour d\u00e9tecter les d\u00e9fauts et v\u00e9rifier les pi\u00e8ces pour l&rsquo;assemblage de produits, SpiderEye est totalement portable et peut \u00eatre rapidement mont\u00e9 pratiquement n&rsquo;importe o\u00f9 sur la ligne de production. Cette flexibilit\u00e9 \u00e9limine la n\u00e9cessit\u00e9 d&rsquo;investir dans de multiples machines statiques. Une fois fix\u00e9 en position par ses pieds magn\u00e9tiques&#8230; <\/br><a class=\"moretag\" href=\"https:\/\/marantz-electronics.com\/fr\/technologie-de-vision-industrielle\/\"> Read the full article&#8230;<\/a><\/p>\n","protected":false},"author":1,"featured_media":0,"parent":0,"menu_order":0,"comment_status":"closed","ping_status":"closed","template":"","meta":{"footnotes":""},"class_list":["post-4815","page","type-page","status-publish","hentry"],"yoast_head":"<!-- This site is optimized with the Yoast SEO Premium plugin v21.6 (Yoast SEO v27.3) - https:\/\/yoast.com\/product\/yoast-seo-premium-wordpress\/ -->\n<title>Syst\u00e8mes de vision industrielle<\/title>\n<meta name=\"description\" content=\"Le syst\u00e8me de vision industrielle Mek SpiderEye est un syst\u00e8me AOI statique pour l&#039;inspection automatis\u00e9e d&#039;objets en mouvement.\" \/>\n<meta name=\"robots\" content=\"index, follow, max-snippet:-1, max-image-preview:large, max-video-preview:-1\" \/>\n<link rel=\"canonical\" href=\"https:\/\/marantz-electronics.com\/fr\/technologie-de-vision-industrielle\/\" \/>\n<meta property=\"og:locale\" content=\"fr_FR\" \/>\n<meta property=\"og:type\" content=\"article\" \/>\n<meta property=\"og:title\" content=\"Technologie de vision industrielle Mek\" \/>\n<meta property=\"og:description\" content=\"Le syst\u00e8me de vision industrielle Mek SpiderEye est un syst\u00e8me AOI statique pour l&#039;inspection automatis\u00e9e d&#039;objets en mouvement.\" \/>\n<meta property=\"og:url\" content=\"https:\/\/marantz-electronics.com\/fr\/technologie-de-vision-industrielle\/\" \/>\n<meta property=\"og:site_name\" content=\"Mek, Automated Optical Inspection (AOI) and Solder Paste Inspection (SPI) systems specialist\" \/>\n<meta property=\"article:modified_time\" content=\"2021-03-17T15:27:17+00:00\" \/>\n<meta name=\"twitter:card\" content=\"summary_large_image\" \/>\n<meta name=\"twitter:label1\" content=\"Dur\u00e9e de lecture estim\u00e9e\" \/>\n\t<meta name=\"twitter:data1\" content=\"2 minutes\" \/>\n<script type=\"application\/ld+json\" class=\"yoast-schema-graph\">{\"@context\":\"https:\\\/\\\/schema.org\",\"@graph\":[{\"@type\":\"WebPage\",\"@id\":\"https:\\\/\\\/marantz-electronics.com\\\/fr\\\/technologie-de-vision-industrielle\\\/\",\"url\":\"https:\\\/\\\/marantz-electronics.com\\\/fr\\\/technologie-de-vision-industrielle\\\/\",\"name\":\"Syst\u00e8mes de vision industrielle\",\"isPartOf\":{\"@id\":\"https:\\\/\\\/marantz-electronics.com\\\/fr\\\/#website\"},\"datePublished\":\"2021-03-15T14:44:35+00:00\",\"dateModified\":\"2021-03-17T15:27:17+00:00\",\"description\":\"Le syst\u00e8me de vision industrielle Mek SpiderEye est un syst\u00e8me AOI statique pour l'inspection automatis\u00e9e d'objets en mouvement.\",\"breadcrumb\":{\"@id\":\"https:\\\/\\\/marantz-electronics.com\\\/fr\\\/technologie-de-vision-industrielle\\\/#breadcrumb\"},\"inLanguage\":\"fr-FR\",\"potentialAction\":[{\"@type\":\"ReadAction\",\"target\":[\"https:\\\/\\\/marantz-electronics.com\\\/fr\\\/technologie-de-vision-industrielle\\\/\"]}]},{\"@type\":\"BreadcrumbList\",\"@id\":\"https:\\\/\\\/marantz-electronics.com\\\/fr\\\/technologie-de-vision-industrielle\\\/#breadcrumb\",\"itemListElement\":[{\"@type\":\"ListItem\",\"position\":1,\"name\":\"Home\",\"item\":\"https:\\\/\\\/marantz-electronics.com\\\/fr\\\/\"},{\"@type\":\"ListItem\",\"position\":2,\"name\":\"Technologie de vision industrielle Mek\"}]},{\"@type\":\"WebSite\",\"@id\":\"https:\\\/\\\/marantz-electronics.com\\\/fr\\\/#website\",\"url\":\"https:\\\/\\\/marantz-electronics.com\\\/fr\\\/\",\"name\":\"Mek, Automated Optical Inspection (AOI) and Solder Paste Inspection (SPI) systems specialist\",\"description\":\"\",\"publisher\":{\"@id\":\"https:\\\/\\\/marantz-electronics.com\\\/fr\\\/#organization\"},\"potentialAction\":[{\"@type\":\"SearchAction\",\"target\":{\"@type\":\"EntryPoint\",\"urlTemplate\":\"https:\\\/\\\/marantz-electronics.com\\\/fr\\\/?s={search_term_string}\"},\"query-input\":{\"@type\":\"PropertyValueSpecification\",\"valueRequired\":true,\"valueName\":\"search_term_string\"}}],\"inLanguage\":\"fr-FR\"},{\"@type\":\"Organization\",\"@id\":\"https:\\\/\\\/marantz-electronics.com\\\/fr\\\/#organization\",\"name\":\"Mek, Automated Optical Inspection (AOI) and Solder Paste Inspection (SPI) systems specialist\",\"url\":\"https:\\\/\\\/marantz-electronics.com\\\/fr\\\/\",\"logo\":{\"@type\":\"ImageObject\",\"inLanguage\":\"fr-FR\",\"@id\":\"https:\\\/\\\/marantz-electronics.com\\\/fr\\\/#\\\/schema\\\/logo\\\/image\\\/\",\"url\":\"https:\\\/\\\/marantz-electronics.com\\\/wp-content\\\/uploads\\\/2015\\\/06\\\/mek-logo.png\",\"contentUrl\":\"https:\\\/\\\/marantz-electronics.com\\\/wp-content\\\/uploads\\\/2015\\\/06\\\/mek-logo.png\",\"width\":263,\"height\":60,\"caption\":\"Mek, Automated Optical Inspection (AOI) and Solder Paste Inspection (SPI) systems specialist\"},\"image\":{\"@id\":\"https:\\\/\\\/marantz-electronics.com\\\/fr\\\/#\\\/schema\\\/logo\\\/image\\\/\"}}]}<\/script>\n<!-- \/ Yoast SEO Premium plugin. -->","yoast_head_json":{"title":"Syst\u00e8mes de vision industrielle","description":"Le syst\u00e8me de vision industrielle Mek SpiderEye est un syst\u00e8me AOI statique pour l'inspection automatis\u00e9e d'objets en mouvement.","robots":{"index":"index","follow":"follow","max-snippet":"max-snippet:-1","max-image-preview":"max-image-preview:large","max-video-preview":"max-video-preview:-1"},"canonical":"https:\/\/marantz-electronics.com\/fr\/technologie-de-vision-industrielle\/","og_locale":"fr_FR","og_type":"article","og_title":"Technologie de vision industrielle Mek","og_description":"Le syst\u00e8me de vision industrielle Mek SpiderEye est un syst\u00e8me AOI statique pour l'inspection automatis\u00e9e d'objets en mouvement.","og_url":"https:\/\/marantz-electronics.com\/fr\/technologie-de-vision-industrielle\/","og_site_name":"Mek, Automated Optical Inspection (AOI) and Solder Paste Inspection (SPI) systems specialist","article_modified_time":"2021-03-17T15:27:17+00:00","twitter_card":"summary_large_image","twitter_misc":{"Dur\u00e9e de lecture estim\u00e9e":"2 minutes"},"schema":{"@context":"https:\/\/schema.org","@graph":[{"@type":"WebPage","@id":"https:\/\/marantz-electronics.com\/fr\/technologie-de-vision-industrielle\/","url":"https:\/\/marantz-electronics.com\/fr\/technologie-de-vision-industrielle\/","name":"Syst\u00e8mes de vision industrielle","isPartOf":{"@id":"https:\/\/marantz-electronics.com\/fr\/#website"},"datePublished":"2021-03-15T14:44:35+00:00","dateModified":"2021-03-17T15:27:17+00:00","description":"Le syst\u00e8me de vision industrielle Mek SpiderEye est un syst\u00e8me AOI statique pour l'inspection automatis\u00e9e d'objets en mouvement.","breadcrumb":{"@id":"https:\/\/marantz-electronics.com\/fr\/technologie-de-vision-industrielle\/#breadcrumb"},"inLanguage":"fr-FR","potentialAction":[{"@type":"ReadAction","target":["https:\/\/marantz-electronics.com\/fr\/technologie-de-vision-industrielle\/"]}]},{"@type":"BreadcrumbList","@id":"https:\/\/marantz-electronics.com\/fr\/technologie-de-vision-industrielle\/#breadcrumb","itemListElement":[{"@type":"ListItem","position":1,"name":"Home","item":"https:\/\/marantz-electronics.com\/fr\/"},{"@type":"ListItem","position":2,"name":"Technologie de vision industrielle Mek"}]},{"@type":"WebSite","@id":"https:\/\/marantz-electronics.com\/fr\/#website","url":"https:\/\/marantz-electronics.com\/fr\/","name":"Mek, Automated Optical Inspection (AOI) and Solder Paste Inspection (SPI) systems specialist","description":"","publisher":{"@id":"https:\/\/marantz-electronics.com\/fr\/#organization"},"potentialAction":[{"@type":"SearchAction","target":{"@type":"EntryPoint","urlTemplate":"https:\/\/marantz-electronics.com\/fr\/?s={search_term_string}"},"query-input":{"@type":"PropertyValueSpecification","valueRequired":true,"valueName":"search_term_string"}}],"inLanguage":"fr-FR"},{"@type":"Organization","@id":"https:\/\/marantz-electronics.com\/fr\/#organization","name":"Mek, Automated Optical Inspection (AOI) and Solder Paste Inspection (SPI) systems specialist","url":"https:\/\/marantz-electronics.com\/fr\/","logo":{"@type":"ImageObject","inLanguage":"fr-FR","@id":"https:\/\/marantz-electronics.com\/fr\/#\/schema\/logo\/image\/","url":"https:\/\/marantz-electronics.com\/wp-content\/uploads\/2015\/06\/mek-logo.png","contentUrl":"https:\/\/marantz-electronics.com\/wp-content\/uploads\/2015\/06\/mek-logo.png","width":263,"height":60,"caption":"Mek, Automated Optical Inspection (AOI) and Solder Paste Inspection (SPI) systems specialist"},"image":{"@id":"https:\/\/marantz-electronics.com\/fr\/#\/schema\/logo\/image\/"}}]}},"_links":{"self":[{"href":"https:\/\/marantz-electronics.com\/fr\/wp-json\/wp\/v2\/pages\/4815","targetHints":{"allow":["GET"]}}],"collection":[{"href":"https:\/\/marantz-electronics.com\/fr\/wp-json\/wp\/v2\/pages"}],"about":[{"href":"https:\/\/marantz-electronics.com\/fr\/wp-json\/wp\/v2\/types\/page"}],"author":[{"embeddable":true,"href":"https:\/\/marantz-electronics.com\/fr\/wp-json\/wp\/v2\/users\/1"}],"replies":[{"embeddable":true,"href":"https:\/\/marantz-electronics.com\/fr\/wp-json\/wp\/v2\/comments?post=4815"}],"version-history":[{"count":2,"href":"https:\/\/marantz-electronics.com\/fr\/wp-json\/wp\/v2\/pages\/4815\/revisions"}],"predecessor-version":[{"id":5052,"href":"https:\/\/marantz-electronics.com\/fr\/wp-json\/wp\/v2\/pages\/4815\/revisions\/5052"}],"wp:attachment":[{"href":"https:\/\/marantz-electronics.com\/fr\/wp-json\/wp\/v2\/media?parent=4815"}],"curies":[{"name":"wp","href":"https:\/\/api.w.org\/{rel}","templated":true}]}}