{"id":4871,"date":"2021-03-15T17:28:31","date_gmt":"2021-03-15T17:28:31","guid":{"rendered":"http:\/\/marantz-electronics.com\/bienvenue-au-centre-de-ressources-mek\/"},"modified":"2021-03-15T17:30:56","modified_gmt":"2021-03-15T17:30:56","slug":"centre-de-ressources","status":"publish","type":"page","link":"https:\/\/marantz-electronics.com\/fr\/centre-de-ressources\/","title":{"rendered":"Bienvenue au Centre de ressources Mek"},"content":{"rendered":"<p>Chez Mek, nous trouvons constamment de nouvelles fa\u00e7ons d&rsquo;am\u00e9liorer le service que nous offrons. Des innovations techniques \u00e0 l&rsquo;assistance aux produits, c&rsquo;est ici que vous trouverez toutes nos derni\u00e8res nouvelles, nos d\u00e9veloppements et les \u00e9v\u00e9nements auxquels nous participerons.<\/p>\n<p>Vous pouvez \u00e9galement t\u00e9l\u00e9charger des documents et des articles couvrant les capacit\u00e9s \u00e9tendues de nos technologies d&rsquo;inspection optique automatis\u00e9e (AOI), de vision industrielle et d&rsquo;inspection de la p\u00e2te \u00e0 braser (SPI).<\/p>\n<p>Et sur notre blog, Inspection Matters, vous pourrez lire notre point de vue sur les march\u00e9s exigeants que nous servons. Nous sommes heureux de partager nos nouvelles et nos opinions.<\/p>\n<p>Veuillez choisir parmi les liens ci-dessous pour acc\u00e9der \u00e0 un large \u00e9ventail d&rsquo;informations sur les produits, les processus et la soci\u00e9t\u00e9.<\/p>\n<p style=\"padding-left: 30px;\"><a href=\"\/Forthcoming-events\/\">Forthcoming Events<\/a><\/p>\n<p style=\"padding-left: 30px;\"><a href=\"\/blog\/\">Lire les derni\u00e8res nouvelles sur notre Blog<\/a>.<\/p>\n<p style=\"padding-left: 30px;\"><a href=\"\/press-releases\/\">Communiqu\u00e9 de presse<\/a>.<\/p>\n<p style=\"padding-left: 30px;\"><a href=\"\/technical-articles-white-papers\" target=\"_self\" rel=\"noopener noreferrer\">Articles techniques &amp;amp ; white papers<\/a><\/p>\n<p style=\"padding-left: 30px;\"><a href=\"\/brochures\/\" target=\"_blank\" rel=\"noopener noreferrer\">Sp\u00e9cifications techniques\/brochures<\/a><\/p>\n<p style=\"padding-left: 30px;\"><a href=\"\/videos\/\" target=\"_blank\" rel=\"noopener noreferrer\">Videos<\/a><\/p>\n","protected":false},"excerpt":{"rendered":"<p>Chez Mek, nous trouvons constamment de nouvelles fa\u00e7ons d&rsquo;am\u00e9liorer le service que nous offrons. Des innovations techniques \u00e0 l&rsquo;assistance aux produits, c&rsquo;est ici que vous trouverez toutes nos derni\u00e8res nouvelles, nos d\u00e9veloppements et les \u00e9v\u00e9nements auxquels nous participerons. Vous pouvez \u00e9galement t\u00e9l\u00e9charger des documents et des articles couvrant les capacit\u00e9s \u00e9tendues de nos technologies d&rsquo;inspection optique automatis\u00e9e (AOI), de vision industrielle et d&rsquo;inspection de la p\u00e2te \u00e0 braser (SPI). Et sur notre blog, Inspection Matters,&#8230; <\/br><a class=\"moretag\" href=\"https:\/\/marantz-electronics.com\/fr\/centre-de-ressources\/\"> Read the full article&#8230;<\/a><\/p>\n","protected":false},"author":1,"featured_media":0,"parent":0,"menu_order":0,"comment_status":"closed","ping_status":"open","template":"page-templates\/mek-fullwidth.php","meta":{"footnotes":""},"class_list":["post-4871","page","type-page","status-publish","hentry"],"yoast_head":"<!-- This site is optimized with the Yoast SEO Premium plugin v21.6 (Yoast SEO v27.3) - https:\/\/yoast.com\/product\/yoast-seo-premium-wordpress\/ -->\n<title>Centre de ressources Mek<\/title>\n<meta name=\"description\" content=\"Bienvenue au centre de ressources Mek. D\u00e9couvrez nos technologies avanc\u00e9es d&#039;inspection optique automatis\u00e9e (AOI), de vision industrielle et d&#039;inspection de la p\u00e2te \u00e0 braser (SPI).\" \/>\n<meta name=\"robots\" content=\"index, follow, max-snippet:-1, max-image-preview:large, max-video-preview:-1\" \/>\n<link rel=\"canonical\" href=\"https:\/\/marantz-electronics.com\/fr\/centre-de-ressources\/\" \/>\n<meta property=\"og:locale\" content=\"fr_FR\" \/>\n<meta property=\"og:type\" content=\"article\" \/>\n<meta property=\"og:title\" content=\"Bienvenue au Centre de ressources Mek\" \/>\n<meta property=\"og:description\" content=\"Bienvenue au centre de ressources Mek. D\u00e9couvrez nos technologies avanc\u00e9es d&#039;inspection optique automatis\u00e9e (AOI), de vision industrielle et d&#039;inspection de la p\u00e2te \u00e0 braser (SPI).\" \/>\n<meta property=\"og:url\" content=\"https:\/\/marantz-electronics.com\/fr\/centre-de-ressources\/\" \/>\n<meta property=\"og:site_name\" content=\"Mek, Automated Optical Inspection (AOI) and Solder Paste Inspection (SPI) systems specialist\" \/>\n<meta property=\"article:modified_time\" content=\"2021-03-15T17:30:56+00:00\" \/>\n<meta name=\"twitter:card\" content=\"summary_large_image\" \/>\n<meta name=\"twitter:label1\" content=\"Dur\u00e9e de lecture estim\u00e9e\" \/>\n\t<meta name=\"twitter:data1\" content=\"1 minute\" \/>\n<script type=\"application\/ld+json\" class=\"yoast-schema-graph\">{\"@context\":\"https:\\\/\\\/schema.org\",\"@graph\":[{\"@type\":\"WebPage\",\"@id\":\"https:\\\/\\\/marantz-electronics.com\\\/fr\\\/centre-de-ressources\\\/\",\"url\":\"https:\\\/\\\/marantz-electronics.com\\\/fr\\\/centre-de-ressources\\\/\",\"name\":\"Centre de ressources Mek\",\"isPartOf\":{\"@id\":\"https:\\\/\\\/marantz-electronics.com\\\/fr\\\/#website\"},\"datePublished\":\"2021-03-15T17:28:31+00:00\",\"dateModified\":\"2021-03-15T17:30:56+00:00\",\"description\":\"Bienvenue au centre de ressources Mek. D\u00e9couvrez nos technologies avanc\u00e9es d'inspection optique automatis\u00e9e (AOI), de vision industrielle et d'inspection de la p\u00e2te \u00e0 braser (SPI).\",\"breadcrumb\":{\"@id\":\"https:\\\/\\\/marantz-electronics.com\\\/fr\\\/centre-de-ressources\\\/#breadcrumb\"},\"inLanguage\":\"fr-FR\",\"potentialAction\":[{\"@type\":\"ReadAction\",\"target\":[\"https:\\\/\\\/marantz-electronics.com\\\/fr\\\/centre-de-ressources\\\/\"]}]},{\"@type\":\"BreadcrumbList\",\"@id\":\"https:\\\/\\\/marantz-electronics.com\\\/fr\\\/centre-de-ressources\\\/#breadcrumb\",\"itemListElement\":[{\"@type\":\"ListItem\",\"position\":1,\"name\":\"Home\",\"item\":\"https:\\\/\\\/marantz-electronics.com\\\/fr\\\/\"},{\"@type\":\"ListItem\",\"position\":2,\"name\":\"Bienvenue au Centre de ressources Mek\"}]},{\"@type\":\"WebSite\",\"@id\":\"https:\\\/\\\/marantz-electronics.com\\\/fr\\\/#website\",\"url\":\"https:\\\/\\\/marantz-electronics.com\\\/fr\\\/\",\"name\":\"Mek, Automated Optical Inspection (AOI) and Solder Paste Inspection (SPI) systems specialist\",\"description\":\"\",\"publisher\":{\"@id\":\"https:\\\/\\\/marantz-electronics.com\\\/fr\\\/#organization\"},\"potentialAction\":[{\"@type\":\"SearchAction\",\"target\":{\"@type\":\"EntryPoint\",\"urlTemplate\":\"https:\\\/\\\/marantz-electronics.com\\\/fr\\\/?s={search_term_string}\"},\"query-input\":{\"@type\":\"PropertyValueSpecification\",\"valueRequired\":true,\"valueName\":\"search_term_string\"}}],\"inLanguage\":\"fr-FR\"},{\"@type\":\"Organization\",\"@id\":\"https:\\\/\\\/marantz-electronics.com\\\/fr\\\/#organization\",\"name\":\"Mek, Automated Optical Inspection (AOI) and Solder Paste Inspection (SPI) systems specialist\",\"url\":\"https:\\\/\\\/marantz-electronics.com\\\/fr\\\/\",\"logo\":{\"@type\":\"ImageObject\",\"inLanguage\":\"fr-FR\",\"@id\":\"https:\\\/\\\/marantz-electronics.com\\\/fr\\\/#\\\/schema\\\/logo\\\/image\\\/\",\"url\":\"https:\\\/\\\/marantz-electronics.com\\\/wp-content\\\/uploads\\\/2015\\\/06\\\/mek-logo.png\",\"contentUrl\":\"https:\\\/\\\/marantz-electronics.com\\\/wp-content\\\/uploads\\\/2015\\\/06\\\/mek-logo.png\",\"width\":263,\"height\":60,\"caption\":\"Mek, Automated Optical Inspection (AOI) and Solder Paste Inspection (SPI) systems specialist\"},\"image\":{\"@id\":\"https:\\\/\\\/marantz-electronics.com\\\/fr\\\/#\\\/schema\\\/logo\\\/image\\\/\"}}]}<\/script>\n<!-- \/ Yoast SEO Premium plugin. -->","yoast_head_json":{"title":"Centre de ressources Mek","description":"Bienvenue au centre de ressources Mek. D\u00e9couvrez nos technologies avanc\u00e9es d'inspection optique automatis\u00e9e (AOI), de vision industrielle et d'inspection de la p\u00e2te \u00e0 braser (SPI).","robots":{"index":"index","follow":"follow","max-snippet":"max-snippet:-1","max-image-preview":"max-image-preview:large","max-video-preview":"max-video-preview:-1"},"canonical":"https:\/\/marantz-electronics.com\/fr\/centre-de-ressources\/","og_locale":"fr_FR","og_type":"article","og_title":"Bienvenue au Centre de ressources Mek","og_description":"Bienvenue au centre de ressources Mek. D\u00e9couvrez nos technologies avanc\u00e9es d'inspection optique automatis\u00e9e (AOI), de vision industrielle et d'inspection de la p\u00e2te \u00e0 braser (SPI).","og_url":"https:\/\/marantz-electronics.com\/fr\/centre-de-ressources\/","og_site_name":"Mek, Automated Optical Inspection (AOI) and Solder Paste Inspection (SPI) systems specialist","article_modified_time":"2021-03-15T17:30:56+00:00","twitter_card":"summary_large_image","twitter_misc":{"Dur\u00e9e de lecture estim\u00e9e":"1 minute"},"schema":{"@context":"https:\/\/schema.org","@graph":[{"@type":"WebPage","@id":"https:\/\/marantz-electronics.com\/fr\/centre-de-ressources\/","url":"https:\/\/marantz-electronics.com\/fr\/centre-de-ressources\/","name":"Centre de ressources Mek","isPartOf":{"@id":"https:\/\/marantz-electronics.com\/fr\/#website"},"datePublished":"2021-03-15T17:28:31+00:00","dateModified":"2021-03-15T17:30:56+00:00","description":"Bienvenue au centre de ressources Mek. D\u00e9couvrez nos technologies avanc\u00e9es d'inspection optique automatis\u00e9e (AOI), de vision industrielle et d'inspection de la p\u00e2te \u00e0 braser (SPI).","breadcrumb":{"@id":"https:\/\/marantz-electronics.com\/fr\/centre-de-ressources\/#breadcrumb"},"inLanguage":"fr-FR","potentialAction":[{"@type":"ReadAction","target":["https:\/\/marantz-electronics.com\/fr\/centre-de-ressources\/"]}]},{"@type":"BreadcrumbList","@id":"https:\/\/marantz-electronics.com\/fr\/centre-de-ressources\/#breadcrumb","itemListElement":[{"@type":"ListItem","position":1,"name":"Home","item":"https:\/\/marantz-electronics.com\/fr\/"},{"@type":"ListItem","position":2,"name":"Bienvenue au Centre de ressources Mek"}]},{"@type":"WebSite","@id":"https:\/\/marantz-electronics.com\/fr\/#website","url":"https:\/\/marantz-electronics.com\/fr\/","name":"Mek, Automated Optical Inspection (AOI) and Solder Paste Inspection (SPI) systems specialist","description":"","publisher":{"@id":"https:\/\/marantz-electronics.com\/fr\/#organization"},"potentialAction":[{"@type":"SearchAction","target":{"@type":"EntryPoint","urlTemplate":"https:\/\/marantz-electronics.com\/fr\/?s={search_term_string}"},"query-input":{"@type":"PropertyValueSpecification","valueRequired":true,"valueName":"search_term_string"}}],"inLanguage":"fr-FR"},{"@type":"Organization","@id":"https:\/\/marantz-electronics.com\/fr\/#organization","name":"Mek, Automated Optical Inspection (AOI) and Solder Paste Inspection (SPI) systems specialist","url":"https:\/\/marantz-electronics.com\/fr\/","logo":{"@type":"ImageObject","inLanguage":"fr-FR","@id":"https:\/\/marantz-electronics.com\/fr\/#\/schema\/logo\/image\/","url":"https:\/\/marantz-electronics.com\/wp-content\/uploads\/2015\/06\/mek-logo.png","contentUrl":"https:\/\/marantz-electronics.com\/wp-content\/uploads\/2015\/06\/mek-logo.png","width":263,"height":60,"caption":"Mek, Automated Optical Inspection (AOI) and Solder Paste Inspection (SPI) systems specialist"},"image":{"@id":"https:\/\/marantz-electronics.com\/fr\/#\/schema\/logo\/image\/"}}]}},"_links":{"self":[{"href":"https:\/\/marantz-electronics.com\/fr\/wp-json\/wp\/v2\/pages\/4871","targetHints":{"allow":["GET"]}}],"collection":[{"href":"https:\/\/marantz-electronics.com\/fr\/wp-json\/wp\/v2\/pages"}],"about":[{"href":"https:\/\/marantz-electronics.com\/fr\/wp-json\/wp\/v2\/types\/page"}],"author":[{"embeddable":true,"href":"https:\/\/marantz-electronics.com\/fr\/wp-json\/wp\/v2\/users\/1"}],"replies":[{"embeddable":true,"href":"https:\/\/marantz-electronics.com\/fr\/wp-json\/wp\/v2\/comments?post=4871"}],"version-history":[{"count":1,"href":"https:\/\/marantz-electronics.com\/fr\/wp-json\/wp\/v2\/pages\/4871\/revisions"}],"predecessor-version":[{"id":4872,"href":"https:\/\/marantz-electronics.com\/fr\/wp-json\/wp\/v2\/pages\/4871\/revisions\/4872"}],"wp:attachment":[{"href":"https:\/\/marantz-electronics.com\/fr\/wp-json\/wp\/v2\/media?parent=4871"}],"curies":[{"name":"wp","href":"https:\/\/api.w.org\/{rel}","templated":true}]}}