{"id":4918,"date":"2021-03-16T10:48:57","date_gmt":"2021-03-16T10:48:57","guid":{"rendered":"http:\/\/marantz-electronics.com\/communiques-de-presse-de-mek\/"},"modified":"2023-06-29T11:10:09","modified_gmt":"2023-06-29T10:10:09","slug":"communiques-de-presse","status":"publish","type":"page","link":"https:\/\/marantz-electronics.com\/fr\/communiques-de-presse\/","title":{"rendered":"Communiqu\u00e9s de presse de Mek"},"content":{"rendered":"<div class=\"wpb-content-wrapper\"><p>[vc_row][vc_column][vc_column_text el_class=\u00a0\u00bbbig-heading\u00a0\u00bb]<\/p>\n<h1>Communiqu\u00e9s de Presse de Mek<\/h1>\n<p>[\/vc_column_text][vc_column_text]<\/p>\n<h2>Les derniers communiqu\u00e9s de presse de Mek et nos coordonn\u00e9es pour les m\u00e9dias.<\/h2>\n<p>[\/vc_column_text][\/vc_column][\/vc_row][vc_row][vc_column width=\u00a0\u00bb2\/3&Prime;][vc_column_text]June 2023<br \/>\n<a href=\"https:\/\/marantz-electronics.com\/wp-content\/uploads\/Mek-VeriSpector-Inline-PR.pdf\">Launch of VeriSpector Inline THT AOI<\/a><\/p>\n<p>January 2022<br \/>\n<a href=\"https:\/\/marantz-electronics.com\/wp-content\/uploads\/Mek-AOI-at-Yunex-Traffic.pdf\">Mek successfully delivers THT Automatic Optical Inspection equipment for Yunex Traffic<\/a><\/p>\n<p>Decembre 2021<br \/>\n<a href=\"http:\/\/marantz-electronics.com\/wp-content\/uploads\/Mek-at-IPC-Apex-2022.pdf\">Mek at IPC Apex 2022<\/a><\/p>\n<p>Octobre 2021<br \/>\n<a href=\"\/wp-content\/uploads\/Launch-of-ISO-Spector-M2-AI-AOI.pdf\">Launch of ISO-Spector M2 Inline Full 3D Artificial Intelligence AOI<\/a><\/p>\n<p>Septembre 2021<br \/>\n<a href=\"\/wp-content\/uploads\/VeriSpector-Manual-Assembly-Station-AOI.pdf\">New \u2018Manual Assembly Station AOI\u2019 from Mek<\/a><\/p>\n<p>Ao\u00fbt 2021<br \/>\n<a href=\"\/fr\/mek-marantz-electronics-nomme-austin-jones-au-poste-dingenieur-commercial\/\">Mek (Marantz Electronics) nomme Austin Jones au poste d&rsquo;ing\u00e9nieur commercial<\/a><\/p>\n<p>March 2021<br \/>\n<a href=\"http:\/\/marantz-electronics.com\/wp-content\/uploads\/MekCare-AOI-service-and-calibration-.pdf\">Launch of MekCare Service contracts<\/a><\/p>\n<p>November 2020<br \/>\n<a href=\"\/wp-content\/uploads\/Conformal-Coating-Inspection.pdf\" target=\"_blank\" rel=\"noopener noreferrer\">Launch of Conformal Coating Inspection System<\/a><\/p>\n<p>January 2020<br \/>\n<a href=\"\/wp-content\/uploads\/2019\/11\/Mek-at-IPC-Apex.pdf\">Mek at IPC Apex 2020<\/a><\/p>\n<p>October 2019<br \/>\n<a href=\"\/wp-content\/uploads\/Mek-at-Productronica-2019.pdf\">Mek at Productronica 2019<\/a><\/p>\n<p>April 2019<br \/>\n<a href=\"\/wp-content\/uploads\/2019\/05\/Mek-celebrates-25-years-in-business.pdf\">MEK celebrates 25 years in business!<\/a><\/p>\n<p>January 2019<br \/>\n<a href=\"\/wp-content\/uploads\/2019\/01\/Mek-at-IPC-Apex-2019.pdf\">Mek to Showcase latest range of AOI Technology at Apex 2019<\/a><\/p>\n<p>November 2018<br \/>\n<a href=\"\/wp-content\/uploads\/2018\/11\/Mek-americas-new-appointments.pdf\">Two new appointments to form next generation of leadership in the Americas<\/a><\/p>\n<p>July 2018<br \/>\n<a href=\"\/wp-content\/uploads\/2018\/07\/PowerSpector-BTL-bottom-top-inline-AOI.pdf\">Mek launches PowerSpector BTL for Simultaneous Bottom &amp; Top Inline AOI<\/a><\/p>\n<p>May 2018<br \/>\n<a href=\"\/wp-content\/uploads\/2018\/05\/ISO-Spector-M1A-AI-AOI.pdf\">ISO-Spector M1A Inline Full 3D Artificial Intelligence AOI<\/a><\/p>\n<p>September 2017<br \/>\n<a href=\"\/wp-content\/uploads\/2015\/06\/Mek-ISO-Spector-M1-Full-Metrological-3D-AOI-to-launch-at-Productronica.pdf\">Productronica 2017<\/a><\/p>\n<p>September 2017<br \/>\n<a href=\"\/wp-content\/uploads\/2015\/06\/Mek-launches-latest-automated-Solder-Paste-Inspection-system.pdf\">Launch of latest automated Solder Paste Inspection system\u00a0<\/a><\/p>\n<p>June 2017<br \/>\n<a href=\"http:\/\/marantz-electronics.com\/wp-content\/uploads\/2017\/07\/Mek-and-Haprotec-Team-Together-for-Fully-Automated-THT-Inspection.pdf\">Mek &amp; Haprotec Team Together for Fully Automated THT Inspection<\/a><\/p>\n<p>March 2017<br \/>\n<a href=\"\/wp-content\/uploads\/2017\/03\/PR-02-SMT-House-2017-Rev-2.pdf\">Mek expands sales network in Europe with addition of SMT House for\u00a0Germany, Switzerland and Austria<\/a><\/p>\n<p>November 2016<br \/>\n<a href=\"\/wp-content\/uploads\/2016\/11\/03-Mek-Launches-GTAz-Optical-Head_FINAL.docx\">GTAz AOI Range Provides the Perfect Combination of 3D &amp;\u00a02D Inspection<\/a><\/p>\n<p>January 2016<br \/>\n<a href=\"\/wp-content\/uploads\/2016\/01\/Introducing-ISO-Spector-Inline-3D-Topographical-Imaging-AOI.pdf\" target=\"_blank\" rel=\"noopener noreferrer\">ISO-Spector, Inline 3D Topographical\u00a0&amp; Imaging AOI<\/a><\/p>\n<p>December 2015<br \/>\n<a href=\"\/wp-content\/uploads\/2016\/01\/iSpectorDesktop-AOI-launch-2015.pdf\" target=\"_blank\" rel=\"noopener noreferrer\">New Entry-Level, Low Cost Desktop\u00a0AOI<\/a><\/p>\n<p>&nbsp;<\/p>\n<div id=\"elaboration_1\" class=\"elaboration\">\n<p>&nbsp;<\/p>\n<\/div>\n<p>[\/vc_column_text][\/vc_column][vc_column width=\u00a0\u00bb1\/3&Prime;][vc_column_text]<\/p>\n<h2>Contacts M\u00e9dias<\/h2>\n<p>[\/vc_column_text][vc_column_text]Agence de relations publiques<br \/>\nProtean Inbound<br \/>\nCourriel : Helena@proteaninbound.com<br \/>\nT\u00e9l : +44 1189 370 6015<\/p>\n<p>Mek Europe<br \/>\nHenk Biemans<br \/>\nCourriel : info@mek-europe.com<br \/>\nTel : +31 40 71 14 111[\/vc_column_text][\/vc_column][\/vc_row]<\/p>\n<\/div>","protected":false},"excerpt":{"rendered":"<p>[vc_row][vc_column][vc_column_text el_class=\u00a0\u00bbbig-heading\u00a0\u00bb] Communiqu\u00e9s de Presse de Mek [\/vc_column_text][vc_column_text] Les derniers communiqu\u00e9s de presse de Mek et nos coordonn\u00e9es pour les m\u00e9dias. [\/vc_column_text][\/vc_column][\/vc_row][vc_row][vc_column width=\u00a0\u00bb2\/3&Prime;][vc_column_text]June 2023 Launch of VeriSpector Inline THT AOI January 2022 Mek successfully delivers THT Automatic Optical Inspection equipment for Yunex Traffic Decembre 2021 Mek at IPC Apex 2022 Octobre 2021 Launch of ISO-Spector M2 Inline Full 3D Artificial Intelligence AOI Septembre 2021 New \u2018Manual Assembly Station AOI\u2019 from Mek Ao\u00fbt 2021 Mek (Marantz&#8230; <\/br><a class=\"moretag\" href=\"https:\/\/marantz-electronics.com\/fr\/communiques-de-presse\/\"> Read the full article&#8230;<\/a><\/p>\n","protected":false},"author":1,"featured_media":0,"parent":0,"menu_order":0,"comment_status":"closed","ping_status":"closed","template":"page-templates\/mek-fullwidth-no-heading.php","meta":{"footnotes":""},"class_list":["post-4918","page","type-page","status-publish","hentry"],"yoast_head":"<!-- This site is optimized with the Yoast SEO Premium plugin v21.6 (Yoast SEO v27.3) - https:\/\/yoast.com\/product\/yoast-seo-premium-wordpress\/ -->\n<title>Communiqu\u00e9s de presse de Mek<\/title>\n<meta name=\"description\" content=\"Communiqu\u00e9s de presse de Mek (Marantz Electronics) sp\u00e9cialiste des syst\u00e8mes d&#039;inspection optique automatis\u00e9e (AOI).\" \/>\n<meta name=\"robots\" content=\"index, follow, max-snippet:-1, max-image-preview:large, max-video-preview:-1\" \/>\n<link rel=\"canonical\" href=\"https:\/\/marantz-electronics.com\/fr\/communiques-de-presse\/\" \/>\n<meta property=\"og:locale\" content=\"fr_FR\" \/>\n<meta property=\"og:type\" content=\"article\" \/>\n<meta property=\"og:title\" content=\"Communiqu\u00e9s de presse de Mek\" \/>\n<meta property=\"og:description\" content=\"Communiqu\u00e9s de presse de Mek (Marantz Electronics) sp\u00e9cialiste des syst\u00e8mes d&#039;inspection optique automatis\u00e9e (AOI).\" \/>\n<meta property=\"og:url\" content=\"https:\/\/marantz-electronics.com\/fr\/communiques-de-presse\/\" \/>\n<meta property=\"og:site_name\" content=\"Mek, Automated Optical Inspection (AOI) and Solder Paste Inspection (SPI) systems specialist\" \/>\n<meta property=\"article:modified_time\" content=\"2023-06-29T10:10:09+00:00\" \/>\n<meta name=\"twitter:card\" content=\"summary_large_image\" \/>\n<meta name=\"twitter:label1\" content=\"Dur\u00e9e de lecture estim\u00e9e\" \/>\n\t<meta name=\"twitter:data1\" content=\"2 minutes\" \/>\n<script type=\"application\/ld+json\" class=\"yoast-schema-graph\">{\"@context\":\"https:\\\/\\\/schema.org\",\"@graph\":[{\"@type\":\"WebPage\",\"@id\":\"https:\\\/\\\/marantz-electronics.com\\\/fr\\\/communiques-de-presse\\\/\",\"url\":\"https:\\\/\\\/marantz-electronics.com\\\/fr\\\/communiques-de-presse\\\/\",\"name\":\"Communiqu\u00e9s de presse de Mek\",\"isPartOf\":{\"@id\":\"https:\\\/\\\/marantz-electronics.com\\\/fr\\\/#website\"},\"datePublished\":\"2021-03-16T10:48:57+00:00\",\"dateModified\":\"2023-06-29T10:10:09+00:00\",\"description\":\"Communiqu\u00e9s de presse de Mek (Marantz Electronics) sp\u00e9cialiste des syst\u00e8mes d'inspection optique automatis\u00e9e (AOI).\",\"breadcrumb\":{\"@id\":\"https:\\\/\\\/marantz-electronics.com\\\/fr\\\/communiques-de-presse\\\/#breadcrumb\"},\"inLanguage\":\"fr-FR\",\"potentialAction\":[{\"@type\":\"ReadAction\",\"target\":[\"https:\\\/\\\/marantz-electronics.com\\\/fr\\\/communiques-de-presse\\\/\"]}]},{\"@type\":\"BreadcrumbList\",\"@id\":\"https:\\\/\\\/marantz-electronics.com\\\/fr\\\/communiques-de-presse\\\/#breadcrumb\",\"itemListElement\":[{\"@type\":\"ListItem\",\"position\":1,\"name\":\"Home\",\"item\":\"https:\\\/\\\/marantz-electronics.com\\\/fr\\\/\"},{\"@type\":\"ListItem\",\"position\":2,\"name\":\"Communiqu\u00e9s de presse de Mek\"}]},{\"@type\":\"WebSite\",\"@id\":\"https:\\\/\\\/marantz-electronics.com\\\/fr\\\/#website\",\"url\":\"https:\\\/\\\/marantz-electronics.com\\\/fr\\\/\",\"name\":\"Mek, Automated Optical Inspection (AOI) and Solder Paste Inspection (SPI) systems specialist\",\"description\":\"\",\"publisher\":{\"@id\":\"https:\\\/\\\/marantz-electronics.com\\\/fr\\\/#organization\"},\"potentialAction\":[{\"@type\":\"SearchAction\",\"target\":{\"@type\":\"EntryPoint\",\"urlTemplate\":\"https:\\\/\\\/marantz-electronics.com\\\/fr\\\/?s={search_term_string}\"},\"query-input\":{\"@type\":\"PropertyValueSpecification\",\"valueRequired\":true,\"valueName\":\"search_term_string\"}}],\"inLanguage\":\"fr-FR\"},{\"@type\":\"Organization\",\"@id\":\"https:\\\/\\\/marantz-electronics.com\\\/fr\\\/#organization\",\"name\":\"Mek, Automated Optical Inspection (AOI) and Solder Paste Inspection (SPI) systems specialist\",\"url\":\"https:\\\/\\\/marantz-electronics.com\\\/fr\\\/\",\"logo\":{\"@type\":\"ImageObject\",\"inLanguage\":\"fr-FR\",\"@id\":\"https:\\\/\\\/marantz-electronics.com\\\/fr\\\/#\\\/schema\\\/logo\\\/image\\\/\",\"url\":\"https:\\\/\\\/marantz-electronics.com\\\/wp-content\\\/uploads\\\/2015\\\/06\\\/mek-logo.png\",\"contentUrl\":\"https:\\\/\\\/marantz-electronics.com\\\/wp-content\\\/uploads\\\/2015\\\/06\\\/mek-logo.png\",\"width\":263,\"height\":60,\"caption\":\"Mek, Automated Optical Inspection (AOI) and Solder Paste Inspection (SPI) systems specialist\"},\"image\":{\"@id\":\"https:\\\/\\\/marantz-electronics.com\\\/fr\\\/#\\\/schema\\\/logo\\\/image\\\/\"}}]}<\/script>\n<!-- \/ Yoast SEO Premium plugin. -->","yoast_head_json":{"title":"Communiqu\u00e9s de presse de Mek","description":"Communiqu\u00e9s de presse de Mek (Marantz Electronics) sp\u00e9cialiste des syst\u00e8mes d'inspection optique automatis\u00e9e (AOI).","robots":{"index":"index","follow":"follow","max-snippet":"max-snippet:-1","max-image-preview":"max-image-preview:large","max-video-preview":"max-video-preview:-1"},"canonical":"https:\/\/marantz-electronics.com\/fr\/communiques-de-presse\/","og_locale":"fr_FR","og_type":"article","og_title":"Communiqu\u00e9s de presse de Mek","og_description":"Communiqu\u00e9s de presse de Mek (Marantz Electronics) sp\u00e9cialiste des syst\u00e8mes d'inspection optique automatis\u00e9e (AOI).","og_url":"https:\/\/marantz-electronics.com\/fr\/communiques-de-presse\/","og_site_name":"Mek, Automated Optical Inspection (AOI) and Solder Paste Inspection (SPI) systems specialist","article_modified_time":"2023-06-29T10:10:09+00:00","twitter_card":"summary_large_image","twitter_misc":{"Dur\u00e9e de lecture estim\u00e9e":"2 minutes"},"schema":{"@context":"https:\/\/schema.org","@graph":[{"@type":"WebPage","@id":"https:\/\/marantz-electronics.com\/fr\/communiques-de-presse\/","url":"https:\/\/marantz-electronics.com\/fr\/communiques-de-presse\/","name":"Communiqu\u00e9s de presse de Mek","isPartOf":{"@id":"https:\/\/marantz-electronics.com\/fr\/#website"},"datePublished":"2021-03-16T10:48:57+00:00","dateModified":"2023-06-29T10:10:09+00:00","description":"Communiqu\u00e9s de presse de Mek (Marantz Electronics) sp\u00e9cialiste des syst\u00e8mes d'inspection optique automatis\u00e9e (AOI).","breadcrumb":{"@id":"https:\/\/marantz-electronics.com\/fr\/communiques-de-presse\/#breadcrumb"},"inLanguage":"fr-FR","potentialAction":[{"@type":"ReadAction","target":["https:\/\/marantz-electronics.com\/fr\/communiques-de-presse\/"]}]},{"@type":"BreadcrumbList","@id":"https:\/\/marantz-electronics.com\/fr\/communiques-de-presse\/#breadcrumb","itemListElement":[{"@type":"ListItem","position":1,"name":"Home","item":"https:\/\/marantz-electronics.com\/fr\/"},{"@type":"ListItem","position":2,"name":"Communiqu\u00e9s de presse de Mek"}]},{"@type":"WebSite","@id":"https:\/\/marantz-electronics.com\/fr\/#website","url":"https:\/\/marantz-electronics.com\/fr\/","name":"Mek, Automated Optical Inspection (AOI) and Solder Paste Inspection (SPI) systems specialist","description":"","publisher":{"@id":"https:\/\/marantz-electronics.com\/fr\/#organization"},"potentialAction":[{"@type":"SearchAction","target":{"@type":"EntryPoint","urlTemplate":"https:\/\/marantz-electronics.com\/fr\/?s={search_term_string}"},"query-input":{"@type":"PropertyValueSpecification","valueRequired":true,"valueName":"search_term_string"}}],"inLanguage":"fr-FR"},{"@type":"Organization","@id":"https:\/\/marantz-electronics.com\/fr\/#organization","name":"Mek, Automated Optical Inspection (AOI) and Solder Paste Inspection (SPI) systems specialist","url":"https:\/\/marantz-electronics.com\/fr\/","logo":{"@type":"ImageObject","inLanguage":"fr-FR","@id":"https:\/\/marantz-electronics.com\/fr\/#\/schema\/logo\/image\/","url":"https:\/\/marantz-electronics.com\/wp-content\/uploads\/2015\/06\/mek-logo.png","contentUrl":"https:\/\/marantz-electronics.com\/wp-content\/uploads\/2015\/06\/mek-logo.png","width":263,"height":60,"caption":"Mek, Automated Optical Inspection (AOI) and Solder Paste Inspection (SPI) systems specialist"},"image":{"@id":"https:\/\/marantz-electronics.com\/fr\/#\/schema\/logo\/image\/"}}]}},"_links":{"self":[{"href":"https:\/\/marantz-electronics.com\/fr\/wp-json\/wp\/v2\/pages\/4918","targetHints":{"allow":["GET"]}}],"collection":[{"href":"https:\/\/marantz-electronics.com\/fr\/wp-json\/wp\/v2\/pages"}],"about":[{"href":"https:\/\/marantz-electronics.com\/fr\/wp-json\/wp\/v2\/types\/page"}],"author":[{"embeddable":true,"href":"https:\/\/marantz-electronics.com\/fr\/wp-json\/wp\/v2\/users\/1"}],"replies":[{"embeddable":true,"href":"https:\/\/marantz-electronics.com\/fr\/wp-json\/wp\/v2\/comments?post=4918"}],"version-history":[{"count":5,"href":"https:\/\/marantz-electronics.com\/fr\/wp-json\/wp\/v2\/pages\/4918\/revisions"}],"predecessor-version":[{"id":9673,"href":"https:\/\/marantz-electronics.com\/fr\/wp-json\/wp\/v2\/pages\/4918\/revisions\/9673"}],"wp:attachment":[{"href":"https:\/\/marantz-electronics.com\/fr\/wp-json\/wp\/v2\/media?parent=4918"}],"curies":[{"name":"wp","href":"https:\/\/api.w.org\/{rel}","templated":true}]}}