{"id":4928,"date":"2021-03-16T11:07:09","date_gmt":"2021-03-16T11:07:09","guid":{"rendered":"http:\/\/marantz-electronics.com\/videos\/"},"modified":"2025-04-04T10:47:01","modified_gmt":"2025-04-04T09:47:01","slug":"videos","status":"publish","type":"page","link":"https:\/\/marantz-electronics.com\/fr\/videos\/","title":{"rendered":"Vid\u00e9os"},"content":{"rendered":"<div class=\"wpb-content-wrapper\"><p>[vc_row][vc_column width=\u00a0\u00bb2\/3&Prime;][vc_column_text el_class=\u00a0\u00bbbig-heading\u00a0\u00bb]<\/p>\n<h1>Vid\u00e9os Mek<\/h1>\n<p>[\/vc_column_text][vc_column_text]<\/p>\n<h2>Vid\u00e9os, interviews, visites de produits et plus encore<\/h2>\n<p>[\/vc_column_text][\/vc_column][vc_column width=\u00a0\u00bb1\/3&Prime;][\/vc_column][\/vc_row][vc_row content_placement=\u00a0\u00bbtop\u00a0\u00bb][vc_column width=\u00a0\u00bb1\/2&Prime;][vc_video link=\u00a0\u00bbhttps:\/\/youtu.be\/jFg8izhZFVk\u00a0\u00bb][vc_column_text]<strong>Produits Mek AOI pour l&rsquo;industrie \u00e9lectronique. <\/strong>L&rsquo;histoire de Mek (Marantz-Electronics) et un aper\u00e7u de leur gamme de syst\u00e8mes AOI 3D et de syst\u00e8mes SPI.[\/vc_column_text][\/vc_column][vc_column width=\u00a0\u00bb1\/2&Prime;][vc_video link=\u00a0\u00bbhttps:\/\/youtu.be\/XatRTXqU7GM\u00a0\u00bb][vc_column_text]<strong>Vid\u00e9o promotionnelle de Mek AOI<\/strong>[\/vc_column_text][\/vc_column][\/vc_row][vc_row][vc_column][vc_separator css=\u00a0\u00bb\u00a0\u00bb][\/vc_column][\/vc_row][vc_row][vc_column width=\u00a0\u00bb1\/2&Prime;][vc_video link=\u00a0\u00bbhttps:\/\/youtu.be\/boVPnaoaK7E\u00a0\u00bb css=\u00a0\u00bb\u00a0\u00bb][vc_column_text css=\u00a0\u00bb\u00a0\u00bb]<strong>SpectorBOX X1 &#8211; AOI 3D THT.<\/strong> Le SpectorBOX X1 de Mek est un AOI 3D modulaire con\u00e7u pour l&rsquo;inspection THT des cartes soud\u00e9es \u00e0 la vague, de mani\u00e8re s\u00e9lective, robotis\u00e9e, au laser et \u00e0 la main. D\u00e9couvrez le processus d&rsquo;inspection.[\/vc_column_text][\/vc_column][vc_column width=\u00a0\u00bb1\/2&Prime;][vc_video link=\u00a0\u00bbhttps:\/\/youtu.be\/IPjZUAhNZwU?list=PLv0gzcyjZYKeGpSe5BNbDNtgDAN5g0EnC\u00a0\u00bb][vc_column_text]<b>S\u00e9rie AOI <\/b> de Mek. Inspection optique automatis\u00e9e pour chaque inspection pour SMT ainsi que l&rsquo;inspection ascendante pour THT.<br \/>\n[\/vc_column_text][\/vc_column][\/vc_row][vc_row][vc_column][vc_separator css=\u00a0\u00bb\u00a0\u00bb][\/vc_column][\/vc_row][vc_row][vc_column width=\u00a0\u00bb1\/2&Prime;][vc_video link=\u00a0\u00bbhttps:\/\/youtu.be\/lR0DwIEJj8k\u00a0\u00bb css=\u00a0\u00bb\u00a0\u00bb][vc_column_text css=\u00a0\u00bb\u00a0\u00bb]<strong>Mek VeriSpector Inline AOI<\/strong> est un syst\u00e8me AOI en ligne \u00e0 faible co\u00fbt pour l&rsquo;inspection des composants THT avant qu&rsquo;ils n&rsquo;entrent dans la machine \u00e0 souder \u00e0 la vague ou s\u00e9lective. Une courte d\u00e9monstration.[\/vc_column_text][\/vc_column][vc_column width=\u00a0\u00bb1\/2&Prime;][vc_video link=\u00a0\u00bbhttps:\/\/youtu.be\/m-szAJ9Tj2Q\u00a0\u00bb css=\u00a0\u00bb\u00a0\u00bb][vc_column_text css=\u00a0\u00bb.vc_custom_1727963432405{margin-top: -20px !important;}\u00a0\u00bb]<strong>Inspection THT automatis\u00e9e avec int\u00e9gration HaproTec. <\/strong>La plateforme AOI modulaire Mek SpectorBOX est optimis\u00e9e pour l&rsquo;inspection de la soudure \u00e0 la vague et s\u00e9lective des composants \u00e0 trous traversants et mont\u00e9s en surface. Ici, elle est int\u00e9gr\u00e9e dans un syst\u00e8me sp\u00e9cial de manipulation de cartes con\u00e7u par Haprotec GmbH.[\/vc_column_text][\/vc_column][\/vc_row][vc_row][vc_column][vc_separator css=\u00a0\u00bb\u00a0\u00bb][\/vc_column][\/vc_row][vc_row][vc_column width=\u00a0\u00bb1\/2&Prime;][vc_video link=\u00a0\u00bbhttps:\/\/youtu.be\/K_vwsKl-wyY\u00a0\u00bb css=\u00a0\u00bb\u00a0\u00bb][vc_column_text css=\u00a0\u00bb\u00a0\u00bb]<strong>PowerSpector JSAz 550, syst\u00e8me AOI s\u00e9lectif 3D de bureau<\/strong>. D\u00e9monstration de la machine AOI JSAz 550 au salon IPC Apex 2025.[\/vc_column_text][\/vc_column][vc_column width=\u00a0\u00bb1\/2&Prime;][vc_video link=\u00a0\u00bbhttps:\/\/youtu.be\/3dJYXk-hjQk\u00a0\u00bb css=\u00a0\u00bb\u00a0\u00bb][vc_column_text css=\u00a0\u00bb\u00a0\u00bb]<strong>EZ Pro de Mek.<\/strong> Programmation automatique des machines AOI avec la puissance de l&rsquo;intelligence artificielle (IA).[\/vc_column_text][\/vc_column][\/vc_row][vc_row][vc_column][vc_separator css=\u00a0\u00bb\u00a0\u00bb][\/vc_column][\/vc_row][vc_row][vc_column width=\u00a0\u00bb1\/2&Prime;][vc_video link=\u00a0\u00bbhttps:\/\/youtu.be\/13bTL_WOk88&Prime; css=\u00a0\u00bb\u00a0\u00bb][vc_column_text css=\u00a0\u00bb\u00a0\u00bb]<strong>Mek SpectorDECK i22X<\/strong>. Cet AOI multifonctionnel de table est un outil puissant pour l&rsquo;inspection visuelle et la tra\u00e7abilit\u00e9, en particulier pour les petites pi\u00e8ces de pr\u00e9cision.[\/vc_column_text][\/vc_column][vc_column width=\u00a0\u00bb1\/2&Prime;][\/vc_column][\/vc_row][vc_row][vc_column][vc_separator css=\u00a0\u00bb\u00a0\u00bb][\/vc_column][\/vc_row][vc_row][vc_column width=\u00a0\u00bb1\/2&Prime;][vc_video link=\u00a0\u00bbhttps:\/\/youtu.be\/OSZF9CUXyLs\u00a0\u00bb css=\u00a0\u00bb\u00a0\u00bb][vc_column_text css=\u00a0\u00bb\u00a0\u00bb]<strong>Interview: <\/strong>Le directeur des ventes Shoich Rashed s&rsquo;entretient avec Global SMT lors de Productronica India 2024 au sujet de l&rsquo;inspection AOI 2D et 3D de Mek pour les applications THT.[\/vc_column_text][\/vc_column][vc_column width=\u00a0\u00bb1\/2&Prime;][vc_video link=\u00a0\u00bbhttps:\/\/youtu.be\/BjOn5MqEq_g\u00a0\u00bb][vc_column_text css=\u00a0\u00bb\u00a0\u00bb]<strong>Interview:<\/strong> Henk Biemans de Mek s&rsquo;entretient avec What&rsquo;s New In Electronics lors de Productronica 2021, le premier \u00e9v\u00e9nement \u00e9lectronique en direct depuis les fermetures de Covid-19.[\/vc_column_text][\/vc_column][\/vc_row][vc_row][vc_column][vc_separator css=\u00a0\u00bb\u00a0\u00bb][\/vc_column][\/vc_row][vc_row][vc_column width=\u00a0\u00bb1\/2&Prime;][vc_video link=\u00a0\u00bbhttps:\/\/youtu.be\/d97qQsJLreU\u00a0\u00bb][vc_column_text]<strong>Interview:<\/strong>\u00a0Henk Biemans de Mek discute avec I-Connect 007 \u00e0 l&rsquo;Apex 2018 des d\u00e9fis actuels de l&rsquo;AOI et du march\u00e9 croissant de l&rsquo;AOI THT.[\/vc_column_text][\/vc_column][vc_column width=\u00a0\u00bb1\/2&Prime;][vc_video link=\u00a0\u00bbhttps:\/\/youtu.be\/qzfEFP-Xg1c\u00a0\u00bb][vc_column_text]<strong>Interview:\u00a0<\/strong>MEK \u00e0 Productronica 2017. Inspection flexible pour la technologie des trous traversants et des CMS.[\/vc_column_text][\/vc_column][\/vc_row][vc_row][vc_column][vc_separator css=\u00a0\u00bb\u00a0\u00bb][\/vc_column][\/vc_row][vc_row][vc_column width=\u00a0\u00bb1\/2&Prime;][vc_video link=\u00a0\u00bbhttps:\/\/youtu.be\/aRUrwKRWrA0&Prime;][vc_column_text]<strong>Interview.<\/strong> Henk Biemans discute avec I-Connect007 des derniers d\u00e9veloppements en mati\u00e8re d&rsquo;AOI 3D et des efforts d\u00e9ploy\u00e9s pour sensibiliser les clients \u00e0 ce march\u00e9 en pleine croissance.[\/vc_column_text][\/vc_column][vc_column width=\u00a0\u00bb1\/2&Prime;][vc_video link=\u00a0\u00bbhttps:\/\/youtu.be\/rvjOd1raCYY\u00a0\u00bb][vc_column_text]<strong>Interview.<\/strong>\u00a0Evertiq parle \u00e0 Mek du syst\u00e8me d&rsquo;inspection \u00ab\u00a0SpiderEye\u00a0\u00bb pour l&rsquo;assemblage final.[\/vc_column_text][\/vc_column][\/vc_row][vc_row][vc_column][vc_separator css=\u00a0\u00bb\u00a0\u00bb][\/vc_column][\/vc_row][vc_row][vc_column width=\u00a0\u00bb1\/2&Prime;][vc_video link=\u00a0\u00bbhttps:\/\/youtu.be\/ZnJXhWpwd54&Prime;][vc_column_text]<strong>Interview.<\/strong>\u00a0MEK passe en revue les derni\u00e8res demandes de solutions d&rsquo;inspection Productronica 2015[\/vc_column_text][\/vc_column][vc_column width=\u00a0\u00bb1\/2&Prime;][vc_video link=\u00a0\u00bbhttps:\/\/youtu.be\/MAyY1wbD4JM\u00a0\u00bb][vc_column_text]<strong>Interview.<\/strong>\u00a0Henk Biemans, directeur g\u00e9n\u00e9ral de MEK, s&rsquo;entretient avec EMSNow \u00e0 Apex 2015 au sujet des plans d&rsquo;expansion de Mek.[\/vc_column_text][\/vc_column][\/vc_row][vc_row][vc_column][vc_separator css=\u00a0\u00bb\u00a0\u00bb][\/vc_column][\/vc_row][vc_row][vc_column width=\u00a0\u00bb1\/2&Prime;][vc_video link=\u00a0\u00bbhttps:\/\/youtu.be\/umSkKqgQEG0&Prime;][vc_column_text]<strong>Interview.<\/strong>\u00a0Henk Biemans de Mek (Marantz Electronics) parle \u00e0 EMS<br \/>\n\u00e0 propos de l&rsquo;ouverture de l&rsquo;op\u00e9ration am\u00e9ricaine et du lancement am\u00e9ricain du syst\u00e8me AOI ascendant SpectorBOX.[\/vc_column_text][\/vc_column][vc_column width=\u00a0\u00bb1\/2&Prime;][vc_video link=\u00a0\u00bbhttps:\/\/youtu.be\/ap0AQCWNvnE\u00a0\u00bb][vc_column_text]<strong>Interview.<\/strong>\u00a0Mek apporte 5D SPI aux Am\u00e9riques.[\/vc_column_text][\/vc_column][\/vc_row]<\/p>\n<\/div>","protected":false},"excerpt":{"rendered":"<p>[vc_row][vc_column width=\u00a0\u00bb2\/3&Prime;][vc_column_text el_class=\u00a0\u00bbbig-heading\u00a0\u00bb] Vid\u00e9os Mek [\/vc_column_text][vc_column_text] Vid\u00e9os, interviews, visites de produits et plus encore [\/vc_column_text][\/vc_column][vc_column width=\u00a0\u00bb1\/3&Prime;][\/vc_column][\/vc_row][vc_row content_placement=\u00a0\u00bbtop\u00a0\u00bb][vc_column width=\u00a0\u00bb1\/2&Prime;][vc_video link=\u00a0\u00bbhttps:\/\/youtu.be\/jFg8izhZFVk\u00a0\u00bb][vc_column_text]Produits Mek AOI pour l&rsquo;industrie \u00e9lectronique. L&rsquo;histoire de Mek (Marantz-Electronics) et un aper\u00e7u de leur gamme de syst\u00e8mes AOI 3D et de syst\u00e8mes SPI.[\/vc_column_text][\/vc_column][vc_column width=\u00a0\u00bb1\/2&Prime;][vc_video link=\u00a0\u00bbhttps:\/\/youtu.be\/XatRTXqU7GM\u00a0\u00bb][vc_column_text]Vid\u00e9o promotionnelle de Mek AOI[\/vc_column_text][\/vc_column][\/vc_row][vc_row][vc_column][vc_separator css=\u00a0\u00bb\u00a0\u00bb][\/vc_column][\/vc_row][vc_row][vc_column width=\u00a0\u00bb1\/2&Prime;][vc_video link=\u00a0\u00bbhttps:\/\/youtu.be\/boVPnaoaK7E\u00a0\u00bb css=\u00a0\u00bb\u00a0\u00bb][vc_column_text css=\u00a0\u00bb\u00a0\u00bb]SpectorBOX X1 &#8211; AOI 3D THT. Le SpectorBOX X1 de Mek est un AOI 3D modulaire con\u00e7u pour l&rsquo;inspection THT des cartes soud\u00e9es&#8230; <\/br><a class=\"moretag\" href=\"https:\/\/marantz-electronics.com\/fr\/videos\/\"> Read the full article&#8230;<\/a><\/p>\n","protected":false},"author":1,"featured_media":0,"parent":0,"menu_order":0,"comment_status":"closed","ping_status":"open","template":"page-templates\/mek-fullwidth-no-heading.php","meta":{"footnotes":""},"class_list":["post-4928","page","type-page","status-publish","hentry"],"yoast_head":"<!-- This site is optimized with the Yoast SEO Premium plugin v21.6 (Yoast SEO v27.3) - https:\/\/yoast.com\/product\/yoast-seo-premium-wordpress\/ -->\n<title>Vid\u00e9os Mek<\/title>\n<meta name=\"description\" content=\"Vid\u00e9os, interviews et d\u00e9monstrations de produits de Mek (Marantz Electronics).\" \/>\n<meta name=\"robots\" content=\"index, follow, max-snippet:-1, max-image-preview:large, max-video-preview:-1\" \/>\n<link rel=\"canonical\" href=\"https:\/\/marantz-electronics.com\/fr\/videos\/\" \/>\n<meta property=\"og:locale\" content=\"fr_FR\" \/>\n<meta property=\"og:type\" content=\"article\" \/>\n<meta property=\"og:title\" content=\"Vid\u00e9os\" \/>\n<meta property=\"og:description\" content=\"Vid\u00e9os, interviews et d\u00e9monstrations de produits de Mek (Marantz Electronics).\" \/>\n<meta property=\"og:url\" content=\"https:\/\/marantz-electronics.com\/fr\/videos\/\" \/>\n<meta property=\"og:site_name\" content=\"Mek, Automated Optical Inspection (AOI) and Solder Paste Inspection (SPI) systems specialist\" \/>\n<meta property=\"article:modified_time\" content=\"2025-04-04T09:47:01+00:00\" \/>\n<meta name=\"twitter:card\" content=\"summary_large_image\" \/>\n<meta name=\"twitter:label1\" content=\"Dur\u00e9e de lecture estim\u00e9e\" \/>\n\t<meta name=\"twitter:data1\" content=\"3 minutes\" \/>\n<script type=\"application\/ld+json\" class=\"yoast-schema-graph\">{\"@context\":\"https:\\\/\\\/schema.org\",\"@graph\":[{\"@type\":\"WebPage\",\"@id\":\"https:\\\/\\\/marantz-electronics.com\\\/fr\\\/videos\\\/\",\"url\":\"https:\\\/\\\/marantz-electronics.com\\\/fr\\\/videos\\\/\",\"name\":\"Vid\u00e9os Mek\",\"isPartOf\":{\"@id\":\"https:\\\/\\\/marantz-electronics.com\\\/fr\\\/#website\"},\"datePublished\":\"2021-03-16T11:07:09+00:00\",\"dateModified\":\"2025-04-04T09:47:01+00:00\",\"description\":\"Vid\u00e9os, interviews et d\u00e9monstrations de produits de Mek (Marantz Electronics).\",\"breadcrumb\":{\"@id\":\"https:\\\/\\\/marantz-electronics.com\\\/fr\\\/videos\\\/#breadcrumb\"},\"inLanguage\":\"fr-FR\",\"potentialAction\":[{\"@type\":\"ReadAction\",\"target\":[\"https:\\\/\\\/marantz-electronics.com\\\/fr\\\/videos\\\/\"]}]},{\"@type\":\"BreadcrumbList\",\"@id\":\"https:\\\/\\\/marantz-electronics.com\\\/fr\\\/videos\\\/#breadcrumb\",\"itemListElement\":[{\"@type\":\"ListItem\",\"position\":1,\"name\":\"Home\",\"item\":\"https:\\\/\\\/marantz-electronics.com\\\/fr\\\/\"},{\"@type\":\"ListItem\",\"position\":2,\"name\":\"Vid\u00e9os\"}]},{\"@type\":\"WebSite\",\"@id\":\"https:\\\/\\\/marantz-electronics.com\\\/fr\\\/#website\",\"url\":\"https:\\\/\\\/marantz-electronics.com\\\/fr\\\/\",\"name\":\"Mek, Automated Optical Inspection (AOI) and Solder Paste Inspection (SPI) systems specialist\",\"description\":\"\",\"publisher\":{\"@id\":\"https:\\\/\\\/marantz-electronics.com\\\/fr\\\/#organization\"},\"potentialAction\":[{\"@type\":\"SearchAction\",\"target\":{\"@type\":\"EntryPoint\",\"urlTemplate\":\"https:\\\/\\\/marantz-electronics.com\\\/fr\\\/?s={search_term_string}\"},\"query-input\":{\"@type\":\"PropertyValueSpecification\",\"valueRequired\":true,\"valueName\":\"search_term_string\"}}],\"inLanguage\":\"fr-FR\"},{\"@type\":\"Organization\",\"@id\":\"https:\\\/\\\/marantz-electronics.com\\\/fr\\\/#organization\",\"name\":\"Mek, Automated Optical Inspection (AOI) and Solder Paste Inspection (SPI) systems specialist\",\"url\":\"https:\\\/\\\/marantz-electronics.com\\\/fr\\\/\",\"logo\":{\"@type\":\"ImageObject\",\"inLanguage\":\"fr-FR\",\"@id\":\"https:\\\/\\\/marantz-electronics.com\\\/fr\\\/#\\\/schema\\\/logo\\\/image\\\/\",\"url\":\"https:\\\/\\\/marantz-electronics.com\\\/wp-content\\\/uploads\\\/2015\\\/06\\\/mek-logo.png\",\"contentUrl\":\"https:\\\/\\\/marantz-electronics.com\\\/wp-content\\\/uploads\\\/2015\\\/06\\\/mek-logo.png\",\"width\":263,\"height\":60,\"caption\":\"Mek, Automated Optical Inspection (AOI) and Solder Paste Inspection (SPI) systems specialist\"},\"image\":{\"@id\":\"https:\\\/\\\/marantz-electronics.com\\\/fr\\\/#\\\/schema\\\/logo\\\/image\\\/\"}}]}<\/script>\n<!-- \/ Yoast SEO Premium plugin. -->","yoast_head_json":{"title":"Vid\u00e9os Mek","description":"Vid\u00e9os, interviews et d\u00e9monstrations de produits de Mek (Marantz Electronics).","robots":{"index":"index","follow":"follow","max-snippet":"max-snippet:-1","max-image-preview":"max-image-preview:large","max-video-preview":"max-video-preview:-1"},"canonical":"https:\/\/marantz-electronics.com\/fr\/videos\/","og_locale":"fr_FR","og_type":"article","og_title":"Vid\u00e9os","og_description":"Vid\u00e9os, interviews et d\u00e9monstrations de produits de Mek (Marantz Electronics).","og_url":"https:\/\/marantz-electronics.com\/fr\/videos\/","og_site_name":"Mek, Automated Optical Inspection (AOI) and Solder Paste Inspection (SPI) systems specialist","article_modified_time":"2025-04-04T09:47:01+00:00","twitter_card":"summary_large_image","twitter_misc":{"Dur\u00e9e de lecture estim\u00e9e":"3 minutes"},"schema":{"@context":"https:\/\/schema.org","@graph":[{"@type":"WebPage","@id":"https:\/\/marantz-electronics.com\/fr\/videos\/","url":"https:\/\/marantz-electronics.com\/fr\/videos\/","name":"Vid\u00e9os Mek","isPartOf":{"@id":"https:\/\/marantz-electronics.com\/fr\/#website"},"datePublished":"2021-03-16T11:07:09+00:00","dateModified":"2025-04-04T09:47:01+00:00","description":"Vid\u00e9os, interviews et d\u00e9monstrations de produits de Mek (Marantz Electronics).","breadcrumb":{"@id":"https:\/\/marantz-electronics.com\/fr\/videos\/#breadcrumb"},"inLanguage":"fr-FR","potentialAction":[{"@type":"ReadAction","target":["https:\/\/marantz-electronics.com\/fr\/videos\/"]}]},{"@type":"BreadcrumbList","@id":"https:\/\/marantz-electronics.com\/fr\/videos\/#breadcrumb","itemListElement":[{"@type":"ListItem","position":1,"name":"Home","item":"https:\/\/marantz-electronics.com\/fr\/"},{"@type":"ListItem","position":2,"name":"Vid\u00e9os"}]},{"@type":"WebSite","@id":"https:\/\/marantz-electronics.com\/fr\/#website","url":"https:\/\/marantz-electronics.com\/fr\/","name":"Mek, Automated Optical Inspection (AOI) and Solder Paste Inspection (SPI) systems specialist","description":"","publisher":{"@id":"https:\/\/marantz-electronics.com\/fr\/#organization"},"potentialAction":[{"@type":"SearchAction","target":{"@type":"EntryPoint","urlTemplate":"https:\/\/marantz-electronics.com\/fr\/?s={search_term_string}"},"query-input":{"@type":"PropertyValueSpecification","valueRequired":true,"valueName":"search_term_string"}}],"inLanguage":"fr-FR"},{"@type":"Organization","@id":"https:\/\/marantz-electronics.com\/fr\/#organization","name":"Mek, Automated Optical Inspection (AOI) and Solder Paste Inspection (SPI) systems specialist","url":"https:\/\/marantz-electronics.com\/fr\/","logo":{"@type":"ImageObject","inLanguage":"fr-FR","@id":"https:\/\/marantz-electronics.com\/fr\/#\/schema\/logo\/image\/","url":"https:\/\/marantz-electronics.com\/wp-content\/uploads\/2015\/06\/mek-logo.png","contentUrl":"https:\/\/marantz-electronics.com\/wp-content\/uploads\/2015\/06\/mek-logo.png","width":263,"height":60,"caption":"Mek, Automated Optical Inspection (AOI) and Solder Paste Inspection (SPI) systems specialist"},"image":{"@id":"https:\/\/marantz-electronics.com\/fr\/#\/schema\/logo\/image\/"}}]}},"_links":{"self":[{"href":"https:\/\/marantz-electronics.com\/fr\/wp-json\/wp\/v2\/pages\/4928","targetHints":{"allow":["GET"]}}],"collection":[{"href":"https:\/\/marantz-electronics.com\/fr\/wp-json\/wp\/v2\/pages"}],"about":[{"href":"https:\/\/marantz-electronics.com\/fr\/wp-json\/wp\/v2\/types\/page"}],"author":[{"embeddable":true,"href":"https:\/\/marantz-electronics.com\/fr\/wp-json\/wp\/v2\/users\/1"}],"replies":[{"embeddable":true,"href":"https:\/\/marantz-electronics.com\/fr\/wp-json\/wp\/v2\/comments?post=4928"}],"version-history":[{"count":7,"href":"https:\/\/marantz-electronics.com\/fr\/wp-json\/wp\/v2\/pages\/4928\/revisions"}],"predecessor-version":[{"id":11590,"href":"https:\/\/marantz-electronics.com\/fr\/wp-json\/wp\/v2\/pages\/4928\/revisions\/11590"}],"wp:attachment":[{"href":"https:\/\/marantz-electronics.com\/fr\/wp-json\/wp\/v2\/media?parent=4928"}],"curies":[{"name":"wp","href":"https:\/\/api.w.org\/{rel}","templated":true}]}}