{"id":8513,"date":"2023-02-16T16:24:52","date_gmt":"2023-02-16T16:24:52","guid":{"rendered":"https:\/\/marantz-electronics.com\/?page_id=8513"},"modified":"2025-04-04T13:10:53","modified_gmt":"2025-04-04T12:10:53","slug":"aoi-en-ligne-entree-de-gamme","status":"publish","type":"page","link":"https:\/\/marantz-electronics.com\/fr\/aoi-en-ligne-entree-de-gamme\/","title":{"rendered":"iSpector JD(z). Syst\u00e8mes AOI en ligne d&rsquo;entr\u00e9e de gamme"},"content":{"rendered":"<div class=\"wpb-content-wrapper\"><p>[vc_row full_width=\u00a0\u00bbstretch_row\u00a0\u00bb equal_height=\u00a0\u00bbyes\u00a0\u00bb content_placement=\u00a0\u00bbmiddle\u00a0\u00bb el_class=\u00a0\u00bbmek-page-banner border-limegreen\u00a0\u00bb css=\u00a0\u00bb.vc_custom_1663674246294{background-image: url(https:\/\/marantz-electronics.com\/wp-content\/uploads\/Entry-level-AOI-background.jpg?id=7567) !important;background-position: center !important;background-repeat: no-repeat !important;background-size: cover !important;}\u00a0\u00bb][vc_column width=\u00a0\u00bb1\/2&Prime;][vc_column_text]<\/p>\n<h1>MEK iSpector JDz<\/h1>\n<h4>Syst\u00e8mes AOI En Ligne Abordables<\/h4>\n<p>[\/vc_column_text][\/vc_column][vc_column width=\u00a0\u00bb1\/2&Prime;][vc_single_image image=\u00a0\u00bb10140&Prime; img_size=\u00a0\u00bb800 x 1258&Prime; alignment=\u00a0\u00bbcenter\u00a0\u00bb el_class=\u00a0\u00bbbanner-img\u00a0\u00bb][\/vc_column][\/vc_row][vc_row][vc_column width=\u00a0\u00bb3\/4&Prime; css=\u00a0\u00bb.vc_custom_1663939114575{padding-right: 50px !important;}\u00a0\u00bb][vc_column_text]<\/p>\n<h6><\/h6>\n<p><img loading=\"lazy\" decoding=\"async\" class=\"alignnone wp-image-775\" src=\"https:\/\/marantz-electronics.com\/wp-content\/uploads\/2015\/06\/ispector-desktop-AOI-logo-black.png\" alt=\"Mek iSpector desktop AOI logo\" width=\"206\" height=\"39\" srcset=\"https:\/\/marantz-electronics.com\/wp-content\/uploads\/2015\/06\/ispector-desktop-AOI-logo-black.png 190w, https:\/\/marantz-electronics.com\/wp-content\/uploads\/2015\/06\/ispector-desktop-AOI-logo-black-24x5.png 24w, https:\/\/marantz-electronics.com\/wp-content\/uploads\/2015\/06\/ispector-desktop-AOI-logo-black-36x7.png 36w, https:\/\/marantz-electronics.com\/wp-content\/uploads\/2015\/06\/ispector-desktop-AOI-logo-black-48x9.png 48w\" sizes=\"auto, (max-width: 206px) 100vw, 206px\" \/><\/p>\n<p>Le syst\u00e8me d&rsquo;inspection optique automatique en ligne Mek iSpector de derni\u00e8re g\u00e9n\u00e9ration est con\u00e7u comme un syst\u00e8me d&rsquo;entr\u00e9e de gamme pour les clients ayant un faible volume de production, une grande vari\u00e9t\u00e9 de produits et n\u00e9cessitant un syst\u00e8me AOI de haute qualit\u00e9 \u00e0 un prix abordable.<\/p>\n<p>iSpector est capable d&rsquo;inspecter les corps de composants et les joints de soudure en utilisant des sources lumineuses DOAL, principales et lat\u00e9rales \u00e0 LED sous trois angles diff\u00e9rents, cr\u00e9ant ainsi un mod\u00e8le lumineux de profilage m\u00e9nisque.<\/p>\n<p>L&rsquo;utilisation de notre analyse d&rsquo;histogramme de couleur fournit des r\u00e9sultats d&rsquo;inspection pr\u00e9cis et fiables, avec peu de faux appels.[\/vc_column_text][vc_row_inner][vc_column_inner width=\u00a0\u00bb1\/2&Prime;][vc_single_image image=\u00a0\u00bb8555&Prime; img_size=\u00a0\u00bblarge\u00a0\u00bb add_caption=\u00a0\u00bbyes\u00a0\u00bb alignment=\u00a0\u00bbcenter\u00a0\u00bb onclick=\u00a0\u00bbimg_link_large\u00a0\u00bb img_link_target=\u00a0\u00bb_blank\u00a0\u00bb][\/vc_column_inner][vc_column_inner width=\u00a0\u00bb1\/2&Prime;][vc_single_image image=\u00a0\u00bb8559&Prime; img_size=\u00a0\u00bblarge\u00a0\u00bb add_caption=\u00a0\u00bbyes\u00a0\u00bb alignment=\u00a0\u00bbcenter\u00a0\u00bb onclick=\u00a0\u00bbimg_link_large\u00a0\u00bb img_link_target=\u00a0\u00bb_blank\u00a0\u00bb][\/vc_column_inner][\/vc_row_inner][vc_row_inner][vc_column_inner width=\u00a0\u00bb1\/2&Prime;][vc_single_image image=\u00a0\u00bb8563&Prime; img_size=\u00a0\u00bblarge\u00a0\u00bb add_caption=\u00a0\u00bbyes\u00a0\u00bb alignment=\u00a0\u00bbcenter\u00a0\u00bb onclick=\u00a0\u00bbimg_link_large\u00a0\u00bb img_link_target=\u00a0\u00bb_blank\u00a0\u00bb][\/vc_column_inner][vc_column_inner width=\u00a0\u00bb1\/2&Prime;][vc_single_image image=\u00a0\u00bb8567&Prime; img_size=\u00a0\u00bblarge\u00a0\u00bb add_caption=\u00a0\u00bbyes\u00a0\u00bb alignment=\u00a0\u00bbcenter\u00a0\u00bb onclick=\u00a0\u00bbimg_link_large\u00a0\u00bb img_link_target=\u00a0\u00bb_blank\u00a0\u00bb][\/vc_column_inner][\/vc_row_inner][vc_column_text]Fournissant un processus d&rsquo;inspection rapide et reproductible, \u00e0 un co\u00fbt abordable, le syst\u00e8me AOI d&rsquo;entr\u00e9e de gamme combine haute performance et co\u00fbt de propri\u00e9t\u00e9 le plus bas. Il est rapide \u00e0 installer avec l&rsquo;aide de la formation en ligne iMentor et est exceptionnellement facile \u00e0 programmer.<\/p>\n<p>iSpector est un syst\u00e8me AOI \u00e0 vis-m\u00e8re et \u00e0 servomoteur.<\/p>\n<p>Con\u00e7u pour \u00eatre le meilleur rapport qualit\u00e9-prix, l&rsquo;AOI utilise un logiciel qui a \u00e9t\u00e9 continuellement d\u00e9velopp\u00e9 et \u00e9prouv\u00e9 depuis plus de 20 ans.<\/p>\n<ul>\n<li>Interface simple et claire avec des fonctions puissantes<\/li>\n<li>Capacit\u00e9s de programmation compl\u00e8tes<\/li>\n<li>Inspection des soudures, pr\u00e9sence\/absence de composants, polarit\u00e9 et valeur.<\/li>\n<li>L&rsquo;axe Z permet l&rsquo;inspection de composants plus hauts et de PCB hybrides.<\/li>\n<li>Importation de donn\u00e9es CN \u00e0 partir de votre syst\u00e8me de pr\u00e9l\u00e8vement et de placement ou des logiciels de CAO\/FAO les plus courants.<\/li>\n<li>Utilisez nos vastes biblioth\u00e8ques personnalis\u00e9es pour obtenir des temps de programmation rapides et des r\u00e9sultats fiables avec un faible taux de faux d\u00e9fauts.<\/li>\n<\/ul>\n<p>La s\u00e9rie Mek iSpector est enti\u00e8rement compatible avec <a href=\"https:\/\/marantz-electronics.com\/fr\/le-systeme-mek-catch\/\">le syst\u00e8me Catch de Mek<\/a> pour une tra\u00e7abilit\u00e9 compl\u00e8te et une pr\u00e9paration \u00e0 l&rsquo;industrie 4.0. Il n&rsquo;y a aucun compromis sur la large gamme d&rsquo;algorithmes d&rsquo;inspection et de biblioth\u00e8ques de composants. Le syst\u00e8me Catch comprend les modules suivants : Base de donn\u00e9es CS Center, CS Repair, CS Analyser et CS Watch.\u00a0 Catch est une solution enti\u00e8rement \u00e9volutive, allant d&rsquo;une seule station AOI \u00e0 plusieurs machines.[\/vc_column_text][\/vc_column][vc_column width=\u00a0\u00bb1\/4&Prime; css=\u00a0\u00bb.vc_custom_1660909564312{border-left-width: 10px !important;border-left-color: #000000 !important;border-radius: 1px !important;}\u00a0\u00bb][vc_column_text css=\u00a0\u00bb\u00a0\u00bb el_class=\u00a0\u00bbside-head\u00a0\u00bb]<\/p>\n<h3><img loading=\"lazy\" decoding=\"async\" class=\"alignnone size-full wp-image-11369\" src=\"https:\/\/marantz-electronics.com\/wp-content\/uploads\/roi-3.png\" alt=\"\" width=\"60\" height=\"60\" \/>Calculer le ROI<\/h3>\n<p>[\/vc_column_text][vc_column_text css=\u00a0\u00bb\u00a0\u00bb]Calculez en secondes le retour sur investissement de votre AOI et sa pertinence pour votre entreprise.[\/vc_column_text][vc_btn title=\u00a0\u00bbCalculer Maintenant!\u00a0\u00bb style=\u00a0\u00bbflat\u00a0\u00bb align=\u00a0\u00bbcenter\u00a0\u00bb css=\u00a0\u00bb\u00a0\u00bb el_class=\u00a0\u00bbmek-hme-btn\u00a0\u00bb link=\u00a0\u00bburl:%2Faoi-calculator%2F|title:AOI%20ROI%20Calculator|target:_blank\u00a0\u00bb][vc_separator][vc_column_text el_class=\u00a0\u00bbside-head\u00a0\u00bb]<\/p>\n<h3><img loading=\"lazy\" decoding=\"async\" class=\"alignnone wp-image-8145\" src=\"https:\/\/marantz-electronics.com\/wp-content\/uploads\/contact-us.png\" alt=\"contact-us icon\" width=\"60\" height=\"60\" srcset=\"https:\/\/marantz-electronics.com\/wp-content\/uploads\/contact-us.png 256w, https:\/\/marantz-electronics.com\/wp-content\/uploads\/contact-us-150x150.png 150w, https:\/\/marantz-electronics.com\/wp-content\/uploads\/contact-us-230x230.png 230w\" sizes=\"auto, (max-width: 60px) 100vw, 60px\" \/>En Savoir Plus<\/h3>\n<p>[\/vc_column_text][vc_btn title=\u00a0\u00bbContactez Mek \u00e0 propos de ce produit\u00a0\u00bb style=\u00a0\u00bbflat\u00a0\u00bb align=\u00a0\u00bbcenter\u00a0\u00bb el_class=\u00a0\u00bbmek-hme-btn\u00a0\u00bb link=\u00a0\u00bburl:mailto%3Ainfo%40mek-europe.com|title:Contactez%20Mek%20au%20sujet%20des%20syst%C3%A8mes%20en%20ligne%20iSpector%20JDz.|target:_blank|\u00a0\u00bb][vc_separator][vc_column_text el_class=\u00a0\u00bbside-head\u00a0\u00bb]<\/p>\n<h3><img loading=\"lazy\" decoding=\"async\" class=\"alignnone wp-image-3951 size-full\" src=\"https:\/\/marantz-electronics.com\/wp-content\/uploads\/2015\/06\/download-icon.jpg\" alt=\"\" width=\"60\" height=\"60\" \/>T\u00e9l\u00e9chargements<\/h3>\n<p>[\/vc_column_text][vc_column_text el_class=\u00a0\u00bbside-head\u00a0\u00bb]<a href=\"https:\/\/marantz-electronics.com\/wp-content\/uploads\/Ispector-JDz-inline-brochure.pdf\">Brochure sur le syst\u00e8me AOI en ligne iSpector JDz<\/a>[\/vc_column_text][vc_btn title=\u00a0\u00bbT\u00e9l\u00e9charger la Brochure\u00a0\u00bb style=\u00a0\u00bbflat\u00a0\u00bb align=\u00a0\u00bbcenter\u00a0\u00bb el_class=\u00a0\u00bbmek-hme-btn\u00a0\u00bb link=\u00a0\u00bburl:https%3A%2F%2Fmarantz-electronics.com%2Fwp-content%2Fuploads%2FIspector-JDz-inline-brochure.pdf|title:iSpector%20JDz%20brochure|target:_blank|\u00a0\u00bb][vc_separator][vc_column_text css=\u00a0\u00bb\u00a0\u00bb el_class=\u00a0\u00bbside-head\u00a0\u00bb]<\/p>\n<h3><img loading=\"lazy\" decoding=\"async\" class=\"alignnone size-full wp-image-11525\" src=\"https:\/\/marantz-electronics.com\/wp-content\/uploads\/blogger.png\" alt=\"\" width=\"60\" height=\"60\" \/>Nouvelles<\/h3>\n<p>Lisez les derni\u00e8res nouvelles sur notre blog : Inspection Matters[\/vc_column_text][vc_btn title=\u00a0\u00bbAller au blog\u00a0\u00bb style=\u00a0\u00bbflat\u00a0\u00bb align=\u00a0\u00bbcenter\u00a0\u00bb css=\u00a0\u00bb\u00a0\u00bb el_class=\u00a0\u00bbmek-hme-btn\u00a0\u00bb link=\u00a0\u00bburl:%2Ffr%2Fblog%2F|title:Mek%20blog\u00a0\u00bb][\/vc_column][\/vc_row][vc_row][vc_column][vc_empty_space][vc_separator][vc_column_text el_class=\u00a0\u00bbcenter big-heading\u00a0\u00bb]<\/p>\n<h4 style=\"text-align: center;\">Si Vous Avez Besoin D\u2019Aide Pour D\u00e9cider De La Bonne Solution AOI<\/h4>\n<p>[\/vc_column_text][vc_btn title=\u00a0\u00bbContactez Nous\u00a0\u00bb style=\u00a0\u00bbflat\u00a0\u00bb align=\u00a0\u00bbcenter\u00a0\u00bb i_align=\u00a0\u00bbright\u00a0\u00bb i_icon_fontawesome=\u00a0\u00bbfas fa-arrow-alt-circle-right\u00a0\u00bb add_icon=\u00a0\u00bbtrue\u00a0\u00bb el_class=\u00a0\u00bbmek-hme-btn\u00a0\u00bb link=\u00a0\u00bburl:https%3A%2F%2Fmarantz-electronics.com%2Ffr%2Fcontact-mek%2F|title:Contactez%20Nous|\u00a0\u00bb][\/vc_column][\/vc_row]<\/p>\n<\/div>","protected":false},"excerpt":{"rendered":"<p>[vc_row full_width=\u00a0\u00bbstretch_row\u00a0\u00bb equal_height=\u00a0\u00bbyes\u00a0\u00bb content_placement=\u00a0\u00bbmiddle\u00a0\u00bb el_class=\u00a0\u00bbmek-page-banner border-limegreen\u00a0\u00bb css=\u00a0\u00bb.vc_custom_1663674246294{background-image: url(https:\/\/marantz-electronics.com\/wp-content\/uploads\/Entry-level-AOI-background.jpg?id=7567) !important;background-position: center !important;background-repeat: no-repeat !important;background-size: cover !important;}\u00a0\u00bb][vc_column width=\u00a0\u00bb1\/2&Prime;][vc_column_text] MEK iSpector JDz Syst\u00e8mes AOI En Ligne Abordables [\/vc_column_text][\/vc_column][vc_column width=\u00a0\u00bb1\/2&Prime;][vc_single_image image=\u00a0\u00bb10140&Prime; img_size=\u00a0\u00bb800 x 1258&Prime; alignment=\u00a0\u00bbcenter\u00a0\u00bb el_class=\u00a0\u00bbbanner-img\u00a0\u00bb][\/vc_column][\/vc_row][vc_row][vc_column width=\u00a0\u00bb3\/4&Prime; css=\u00a0\u00bb.vc_custom_1663939114575{padding-right: 50px !important;}\u00a0\u00bb][vc_column_text] Le syst\u00e8me d&rsquo;inspection optique automatique en ligne Mek iSpector de derni\u00e8re g\u00e9n\u00e9ration est con\u00e7u comme un syst\u00e8me d&rsquo;entr\u00e9e de gamme pour les clients ayant un faible volume de production, une grande vari\u00e9t\u00e9 de produits et n\u00e9cessitant un syst\u00e8me AOI&#8230; <\/br><a class=\"moretag\" href=\"https:\/\/marantz-electronics.com\/fr\/aoi-en-ligne-entree-de-gamme\/\"> Read the full article&#8230;<\/a><\/p>\n","protected":false},"author":1,"featured_media":0,"parent":0,"menu_order":0,"comment_status":"closed","ping_status":"closed","template":"page-templates\/mek-fullwidth-v2.php","meta":{"footnotes":""},"class_list":["post-8513","page","type-page","status-publish","hentry"],"yoast_head":"<!-- This site is optimized with the Yoast SEO Premium plugin v21.6 (Yoast SEO v27.3) - https:\/\/yoast.com\/product\/yoast-seo-premium-wordpress\/ -->\n<title>Syst\u00e8mes AOI en ligne d&#039;entr\u00e9e de gamme | Mek (Marantz Electronics)<\/title>\n<meta name=\"description\" content=\"Les syst\u00e8mes AOI en ligne iSpector JDz de Mek sont des syst\u00e8mes d&#039;entr\u00e9e de gamme pour les productions \u00e0 faible volume et \u00e0 forte mixit\u00e9. Une AOI de haute qualit\u00e9 \u00e0 bas prix.\" \/>\n<meta name=\"robots\" content=\"index, follow, max-snippet:-1, max-image-preview:large, max-video-preview:-1\" \/>\n<link rel=\"canonical\" href=\"https:\/\/marantz-electronics.com\/fr\/aoi-en-ligne-entree-de-gamme\/\" \/>\n<meta property=\"og:locale\" content=\"fr_FR\" \/>\n<meta property=\"og:type\" content=\"article\" \/>\n<meta property=\"og:title\" content=\"iSpector JD(z). Syst\u00e8mes AOI en ligne d&#039;entr\u00e9e de gamme\" \/>\n<meta property=\"og:description\" content=\"Les syst\u00e8mes AOI en ligne iSpector JDz de Mek sont des syst\u00e8mes d&#039;entr\u00e9e de gamme pour les productions \u00e0 faible volume et \u00e0 forte mixit\u00e9. Une AOI de haute qualit\u00e9 \u00e0 bas prix.\" \/>\n<meta property=\"og:url\" content=\"https:\/\/marantz-electronics.com\/fr\/aoi-en-ligne-entree-de-gamme\/\" \/>\n<meta property=\"og:site_name\" content=\"Mek, Automated Optical Inspection (AOI) and Solder Paste Inspection (SPI) systems specialist\" \/>\n<meta property=\"article:modified_time\" content=\"2025-04-04T12:10:53+00:00\" \/>\n<meta property=\"og:image\" content=\"https:\/\/marantz-electronics.com\/wp-content\/uploads\/2015\/06\/ispector-desktop-AOI-logo-black.png\" \/>\n<meta name=\"twitter:card\" content=\"summary_large_image\" \/>\n<meta name=\"twitter:label1\" content=\"Dur\u00e9e de lecture estim\u00e9e\" \/>\n\t<meta name=\"twitter:data1\" content=\"5 minutes\" \/>\n<script type=\"application\/ld+json\" class=\"yoast-schema-graph\">{\"@context\":\"https:\\\/\\\/schema.org\",\"@graph\":[{\"@type\":\"WebPage\",\"@id\":\"https:\\\/\\\/marantz-electronics.com\\\/fr\\\/aoi-en-ligne-entree-de-gamme\\\/\",\"url\":\"https:\\\/\\\/marantz-electronics.com\\\/fr\\\/aoi-en-ligne-entree-de-gamme\\\/\",\"name\":\"Syst\u00e8mes AOI en ligne d'entr\u00e9e de gamme | Mek (Marantz Electronics)\",\"isPartOf\":{\"@id\":\"https:\\\/\\\/marantz-electronics.com\\\/fr\\\/#website\"},\"primaryImageOfPage\":{\"@id\":\"https:\\\/\\\/marantz-electronics.com\\\/fr\\\/aoi-en-ligne-entree-de-gamme\\\/#primaryimage\"},\"image\":{\"@id\":\"https:\\\/\\\/marantz-electronics.com\\\/fr\\\/aoi-en-ligne-entree-de-gamme\\\/#primaryimage\"},\"thumbnailUrl\":\"https:\\\/\\\/marantz-electronics.com\\\/wp-content\\\/uploads\\\/2015\\\/06\\\/ispector-desktop-AOI-logo-black.png\",\"datePublished\":\"2023-02-16T16:24:52+00:00\",\"dateModified\":\"2025-04-04T12:10:53+00:00\",\"description\":\"Les syst\u00e8mes AOI en ligne iSpector JDz de Mek sont des syst\u00e8mes d'entr\u00e9e de gamme pour les productions \u00e0 faible volume et \u00e0 forte mixit\u00e9. Une AOI de haute qualit\u00e9 \u00e0 bas prix.\",\"breadcrumb\":{\"@id\":\"https:\\\/\\\/marantz-electronics.com\\\/fr\\\/aoi-en-ligne-entree-de-gamme\\\/#breadcrumb\"},\"inLanguage\":\"fr-FR\",\"potentialAction\":[{\"@type\":\"ReadAction\",\"target\":[\"https:\\\/\\\/marantz-electronics.com\\\/fr\\\/aoi-en-ligne-entree-de-gamme\\\/\"]}]},{\"@type\":\"ImageObject\",\"inLanguage\":\"fr-FR\",\"@id\":\"https:\\\/\\\/marantz-electronics.com\\\/fr\\\/aoi-en-ligne-entree-de-gamme\\\/#primaryimage\",\"url\":\"https:\\\/\\\/marantz-electronics.com\\\/wp-content\\\/uploads\\\/2015\\\/06\\\/ispector-desktop-AOI-logo-black.png\",\"contentUrl\":\"https:\\\/\\\/marantz-electronics.com\\\/wp-content\\\/uploads\\\/2015\\\/06\\\/ispector-desktop-AOI-logo-black.png\"},{\"@type\":\"BreadcrumbList\",\"@id\":\"https:\\\/\\\/marantz-electronics.com\\\/fr\\\/aoi-en-ligne-entree-de-gamme\\\/#breadcrumb\",\"itemListElement\":[{\"@type\":\"ListItem\",\"position\":1,\"name\":\"Home\",\"item\":\"https:\\\/\\\/marantz-electronics.com\\\/fr\\\/\"},{\"@type\":\"ListItem\",\"position\":2,\"name\":\"iSpector JD(z). Syst\u00e8mes AOI en ligne d&#8217;entr\u00e9e de gamme\"}]},{\"@type\":\"WebSite\",\"@id\":\"https:\\\/\\\/marantz-electronics.com\\\/fr\\\/#website\",\"url\":\"https:\\\/\\\/marantz-electronics.com\\\/fr\\\/\",\"name\":\"Mek, Automated Optical Inspection (AOI) and Solder Paste Inspection (SPI) systems specialist\",\"description\":\"\",\"publisher\":{\"@id\":\"https:\\\/\\\/marantz-electronics.com\\\/fr\\\/#organization\"},\"potentialAction\":[{\"@type\":\"SearchAction\",\"target\":{\"@type\":\"EntryPoint\",\"urlTemplate\":\"https:\\\/\\\/marantz-electronics.com\\\/fr\\\/?s={search_term_string}\"},\"query-input\":{\"@type\":\"PropertyValueSpecification\",\"valueRequired\":true,\"valueName\":\"search_term_string\"}}],\"inLanguage\":\"fr-FR\"},{\"@type\":\"Organization\",\"@id\":\"https:\\\/\\\/marantz-electronics.com\\\/fr\\\/#organization\",\"name\":\"Mek, Automated Optical Inspection (AOI) and Solder Paste Inspection (SPI) systems specialist\",\"url\":\"https:\\\/\\\/marantz-electronics.com\\\/fr\\\/\",\"logo\":{\"@type\":\"ImageObject\",\"inLanguage\":\"fr-FR\",\"@id\":\"https:\\\/\\\/marantz-electronics.com\\\/fr\\\/#\\\/schema\\\/logo\\\/image\\\/\",\"url\":\"https:\\\/\\\/marantz-electronics.com\\\/wp-content\\\/uploads\\\/2015\\\/06\\\/mek-logo.png\",\"contentUrl\":\"https:\\\/\\\/marantz-electronics.com\\\/wp-content\\\/uploads\\\/2015\\\/06\\\/mek-logo.png\",\"width\":263,\"height\":60,\"caption\":\"Mek, Automated Optical Inspection (AOI) and Solder Paste Inspection (SPI) systems specialist\"},\"image\":{\"@id\":\"https:\\\/\\\/marantz-electronics.com\\\/fr\\\/#\\\/schema\\\/logo\\\/image\\\/\"}}]}<\/script>\n<!-- \/ Yoast SEO Premium plugin. -->","yoast_head_json":{"title":"Syst\u00e8mes AOI en ligne d'entr\u00e9e de gamme | Mek (Marantz Electronics)","description":"Les syst\u00e8mes AOI en ligne iSpector JDz de Mek sont des syst\u00e8mes d'entr\u00e9e de gamme pour les productions \u00e0 faible volume et \u00e0 forte mixit\u00e9. Une AOI de haute qualit\u00e9 \u00e0 bas prix.","robots":{"index":"index","follow":"follow","max-snippet":"max-snippet:-1","max-image-preview":"max-image-preview:large","max-video-preview":"max-video-preview:-1"},"canonical":"https:\/\/marantz-electronics.com\/fr\/aoi-en-ligne-entree-de-gamme\/","og_locale":"fr_FR","og_type":"article","og_title":"iSpector JD(z). Syst\u00e8mes AOI en ligne d'entr\u00e9e de gamme","og_description":"Les syst\u00e8mes AOI en ligne iSpector JDz de Mek sont des syst\u00e8mes d'entr\u00e9e de gamme pour les productions \u00e0 faible volume et \u00e0 forte mixit\u00e9. Une AOI de haute qualit\u00e9 \u00e0 bas prix.","og_url":"https:\/\/marantz-electronics.com\/fr\/aoi-en-ligne-entree-de-gamme\/","og_site_name":"Mek, Automated Optical Inspection (AOI) and Solder Paste Inspection (SPI) systems specialist","article_modified_time":"2025-04-04T12:10:53+00:00","og_image":[{"url":"https:\/\/marantz-electronics.com\/wp-content\/uploads\/2015\/06\/ispector-desktop-AOI-logo-black.png","type":"","width":"","height":""}],"twitter_card":"summary_large_image","twitter_misc":{"Dur\u00e9e de lecture estim\u00e9e":"5 minutes"},"schema":{"@context":"https:\/\/schema.org","@graph":[{"@type":"WebPage","@id":"https:\/\/marantz-electronics.com\/fr\/aoi-en-ligne-entree-de-gamme\/","url":"https:\/\/marantz-electronics.com\/fr\/aoi-en-ligne-entree-de-gamme\/","name":"Syst\u00e8mes AOI en ligne d'entr\u00e9e de gamme | Mek (Marantz Electronics)","isPartOf":{"@id":"https:\/\/marantz-electronics.com\/fr\/#website"},"primaryImageOfPage":{"@id":"https:\/\/marantz-electronics.com\/fr\/aoi-en-ligne-entree-de-gamme\/#primaryimage"},"image":{"@id":"https:\/\/marantz-electronics.com\/fr\/aoi-en-ligne-entree-de-gamme\/#primaryimage"},"thumbnailUrl":"https:\/\/marantz-electronics.com\/wp-content\/uploads\/2015\/06\/ispector-desktop-AOI-logo-black.png","datePublished":"2023-02-16T16:24:52+00:00","dateModified":"2025-04-04T12:10:53+00:00","description":"Les syst\u00e8mes AOI en ligne iSpector JDz de Mek sont des syst\u00e8mes d'entr\u00e9e de gamme pour les productions \u00e0 faible volume et \u00e0 forte mixit\u00e9. Une AOI de haute qualit\u00e9 \u00e0 bas prix.","breadcrumb":{"@id":"https:\/\/marantz-electronics.com\/fr\/aoi-en-ligne-entree-de-gamme\/#breadcrumb"},"inLanguage":"fr-FR","potentialAction":[{"@type":"ReadAction","target":["https:\/\/marantz-electronics.com\/fr\/aoi-en-ligne-entree-de-gamme\/"]}]},{"@type":"ImageObject","inLanguage":"fr-FR","@id":"https:\/\/marantz-electronics.com\/fr\/aoi-en-ligne-entree-de-gamme\/#primaryimage","url":"https:\/\/marantz-electronics.com\/wp-content\/uploads\/2015\/06\/ispector-desktop-AOI-logo-black.png","contentUrl":"https:\/\/marantz-electronics.com\/wp-content\/uploads\/2015\/06\/ispector-desktop-AOI-logo-black.png"},{"@type":"BreadcrumbList","@id":"https:\/\/marantz-electronics.com\/fr\/aoi-en-ligne-entree-de-gamme\/#breadcrumb","itemListElement":[{"@type":"ListItem","position":1,"name":"Home","item":"https:\/\/marantz-electronics.com\/fr\/"},{"@type":"ListItem","position":2,"name":"iSpector JD(z). Syst\u00e8mes AOI en ligne d&#8217;entr\u00e9e de gamme"}]},{"@type":"WebSite","@id":"https:\/\/marantz-electronics.com\/fr\/#website","url":"https:\/\/marantz-electronics.com\/fr\/","name":"Mek, Automated Optical Inspection (AOI) and Solder Paste Inspection (SPI) systems specialist","description":"","publisher":{"@id":"https:\/\/marantz-electronics.com\/fr\/#organization"},"potentialAction":[{"@type":"SearchAction","target":{"@type":"EntryPoint","urlTemplate":"https:\/\/marantz-electronics.com\/fr\/?s={search_term_string}"},"query-input":{"@type":"PropertyValueSpecification","valueRequired":true,"valueName":"search_term_string"}}],"inLanguage":"fr-FR"},{"@type":"Organization","@id":"https:\/\/marantz-electronics.com\/fr\/#organization","name":"Mek, Automated Optical Inspection (AOI) and Solder Paste Inspection (SPI) systems specialist","url":"https:\/\/marantz-electronics.com\/fr\/","logo":{"@type":"ImageObject","inLanguage":"fr-FR","@id":"https:\/\/marantz-electronics.com\/fr\/#\/schema\/logo\/image\/","url":"https:\/\/marantz-electronics.com\/wp-content\/uploads\/2015\/06\/mek-logo.png","contentUrl":"https:\/\/marantz-electronics.com\/wp-content\/uploads\/2015\/06\/mek-logo.png","width":263,"height":60,"caption":"Mek, Automated Optical Inspection (AOI) and Solder Paste Inspection (SPI) systems specialist"},"image":{"@id":"https:\/\/marantz-electronics.com\/fr\/#\/schema\/logo\/image\/"}}]}},"_links":{"self":[{"href":"https:\/\/marantz-electronics.com\/fr\/wp-json\/wp\/v2\/pages\/8513","targetHints":{"allow":["GET"]}}],"collection":[{"href":"https:\/\/marantz-electronics.com\/fr\/wp-json\/wp\/v2\/pages"}],"about":[{"href":"https:\/\/marantz-electronics.com\/fr\/wp-json\/wp\/v2\/types\/page"}],"author":[{"embeddable":true,"href":"https:\/\/marantz-electronics.com\/fr\/wp-json\/wp\/v2\/users\/1"}],"replies":[{"embeddable":true,"href":"https:\/\/marantz-electronics.com\/fr\/wp-json\/wp\/v2\/comments?post=8513"}],"version-history":[{"count":8,"href":"https:\/\/marantz-electronics.com\/fr\/wp-json\/wp\/v2\/pages\/8513\/revisions"}],"predecessor-version":[{"id":11627,"href":"https:\/\/marantz-electronics.com\/fr\/wp-json\/wp\/v2\/pages\/8513\/revisions\/11627"}],"wp:attachment":[{"href":"https:\/\/marantz-electronics.com\/fr\/wp-json\/wp\/v2\/media?parent=8513"}],"curies":[{"name":"wp","href":"https:\/\/api.w.org\/{rel}","templated":true}]}}